{"id":5144,"date":"2011-07-24T13:58:21","date_gmt":"2011-07-24T18:58:21","guid":{"rendered":"https:\/\/www.parrinst.com\/?page_id=5144"},"modified":"2020-06-29T16:46:23","modified_gmt":"2020-06-29T21:46:23","slug":"gage-block-assemblies","status":"publish","type":"page","link":"https:\/\/www.parrinst.com\/es\/products\/non-stirred-pressure-vessels\/gage-block-assemblies\/","title":{"rendered":"Ensambles de Bloque de Man\u00f3metro"},"content":{"rendered":"<figure id=\"attachment_5145\" aria-describedby=\"caption-attachment-5145\" style=\"width: 223px\" class=\"wp-caption alignright\"><a href=\"https:\/\/i0.wp.com\/www.parrinst.com\/es\/wp-content\/uploads\/2011\/07\/gage-block-assem.jpg?ssl=1\"><img data-recalc-dims=\"1\" loading=\"lazy\" decoding=\"async\" class=\"size-medium wp-image-5145 \" src=\"https:\/\/i0.wp.com\/www.parrinst.com\/wp-content\/uploads\/2011\/07\/gage-block-assem-279x300.jpg?resize=223%2C240&#038;ssl=1\" alt=\"Ensambles de Bloque de Man\u00f3metro 4316 y 4317\" width=\"223\" height=\"240\" srcset=\"https:\/\/i0.wp.com\/www.parrinst.com\/es\/wp-content\/uploads\/sites\/7\/2011\/07\/gage-block-assem.jpg?resize=279%2C300&amp;ssl=1 279w, https:\/\/i0.wp.com\/www.parrinst.com\/es\/wp-content\/uploads\/sites\/7\/2011\/07\/gage-block-assem.jpg?w=600&amp;ssl=1 600w\" sizes=\"auto, (max-width: 223px) 100vw, 223px\" \/><\/a><figcaption id=\"caption-attachment-5145\" class=\"wp-caption-text\">Ensambles de Bloque de Man\u00f3metro 4310A y 4310B<\/figcaption><\/figure>\n<p>Los ensambles de bloque de man\u00f3metro Parr combinan la funci\u00f3n de:<\/p>\n<ul>\n<li>V\u00e1lvula de Entrada\/Salida<\/li>\n<li>Man\u00f3metro<\/li>\n<li>Disco de Ruptura de Seguridad<\/li>\n<\/ul>\n<p>a un ensamble compacto que se puede unir a la cabeza de cualquier recipiente peque\u00f1o con espacio limitado de cabeza usando un tubo de conexi\u00f3n. Hay una boquilla roscada en el bloque para una conexi\u00f3n de gas con una manguera de presi\u00f3n o tuber\u00eda usando un accesorio de presi\u00f3n c\u00f3nico tipo &#8220;A&#8221;. Los accesorios c\u00f3nicos se usan tambi\u00e9n en el tubo de pared gruesa que conecta el bloque al recipiente a presi\u00f3n. La v\u00e1lvula en este ensamble controla el flujo de gas hacia el recipiente y el man\u00f3metro muestra la presi\u00f3n en el recipiente cuando la v\u00e1lvula est\u00e1 cerrada. Un disco de ruptura con un rango de estallido que coincide con el man\u00f3metro est\u00e1 instalado en el bloque. [<a href=\"https:\/\/www.parrinst.com\/es\/products\/non-stirred-pressure-vessels\/coned-pressure-fittings\/\">Ver Accesorios de presi\u00f3n c\u00f3nicos<\/a>]\n<p><strong>Dos Tama\u00f1os<br \/>\n<\/strong><strong>Estos ensambles de bloque de man\u00f3metro se hacen en dos estilos\u00a0<\/strong>que difieren s\u00f3lo en el tama\u00f1o del man\u00f3metro y el tama\u00f1o de la conexi\u00f3n del tubo al recipiente a presi\u00f3n. El bloque de man\u00f3metro 4310A m\u00e1s peque\u00f1o suele equiparse con una man\u00f3metro de 3-1\/2 pulgadas de di\u00e1metro e incluye un tubo de conexi\u00f3n de 3 pulgadas con accesorio c\u00f3nico tipo \u201cA\u201d. Este ensamble normalmente se instala en recipientes a presi\u00f3n de hasta 600 ml. El Ensamble de Bloque de Man\u00f3metro 4310B cuenta con un medidor de 4-1\/2 pulgadas de di\u00e1metro y un accesorio c\u00f3nico tipo \u201cB\u201d en un tubo de conexi\u00f3n largo de 3 pulgadas. Este ensamble normalmente se instala en los recipientes de 1000 ml y m\u00e1s grandes. El bloque de man\u00f3metro, tubo de conexi\u00f3n y man\u00f3metro de estos ensambles normalmente se hacen en Acero Inoxidable Tipo 316, pero tambi\u00e9n pueden estar hechos de Aleaci\u00f3n 400 bajo pedido. Se pueden suministrar tubos m\u00e1s largos bajo pedido especial.<\/p>\n<table class=\"GeneralTable\">\n<tbody>\n<tr>\n<td class=\"GeneralTable-DarkBlue\" colspan=\"2\">Informaci\u00f3n para Pedidos<\/td>\n<\/tr>\n<tr>\n<td><strong>N\u00b0 Parte<\/strong><\/td>\n<td><strong>Descripci\u00f3n<\/strong><\/td>\n<\/tr>\n<tr class=\"GeneralTable-LightBlue\">\n<td>4310A<\/td>\n<td>con Conector Tipo \u2018A\u2019<\/td>\n<\/tr>\n<tr>\n<td>4310B<\/td>\n<td>con Conector Tipo \u2018B\u2019<\/td>\n<\/tr>\n<\/tbody>\n<\/table>\n<p><strong>Medidores Disponibles<\/strong><br \/>\nLos medidores mostrados en la tabla siguiente se pueden instalar en cualquiera de los ensambles de bloque de man\u00f3metro.<\/p>\n<table class=\"GeneralTable\">\n<tbody>\n<tr>\n<td class=\"GeneralTable-DarkBlue\" colspan=\"4\">Los Man\u00f3metros para recipientes a presi\u00f3n Parr<\/td>\n<\/tr>\n<tr>\n<td colspan=\"2\"><strong>Rango de Presi\u00f3n<\/strong><\/td>\n<td><strong>Di\u00e1metro 4-1\/2&#8243; <\/strong><\/td>\n<td><strong>Di\u00e1metro 3-1\/2&#8243; <\/strong><\/td>\n<\/tr>\n<tr>\n<td><em><strong>psi<\/strong><\/em><\/td>\n<td><em><strong>bar<\/strong><\/em><\/td>\n<td><em><strong>N\u00famero de Medidor<\/strong><\/em><\/td>\n<td><em><strong>N\u00famero de Medidor<\/strong><\/em><\/td>\n<\/tr>\n<tr class=\"GeneralTable-LightBlue\">\n<td>0-100<\/td>\n<td>0-7<\/td>\n<td>56HCPA<\/td>\n<td>593HCP1AD<\/td>\n<\/tr>\n<tr>\n<td>0-200<\/td>\n<td>0-14<\/td>\n<td>56HCPB<\/td>\n<td>593HCP2AD<\/td>\n<\/tr>\n<tr class=\"GeneralTable-LightBlue\">\n<td>0-600<\/td>\n<td>0-40<\/td>\n<td>56HCPC<\/td>\n<td>593HCP6AD<\/td>\n<\/tr>\n<tr>\n<td>0-1000<\/td>\n<td>0-69<\/td>\n<td>56HCPD<\/td>\n<td>593HCPD<\/td>\n<\/tr>\n<tr class=\"GeneralTable-LightBlue\">\n<td>0-2000<\/td>\n<td>0-138<\/td>\n<td>56HCPF<\/td>\n<td>593HCPF<\/td>\n<\/tr>\n<tr>\n<td>0-3000<\/td>\n<td>0-207<\/td>\n<td>56HCPG<\/td>\n<td>593HCPG<\/td>\n<\/tr>\n<tr class=\"GeneralTable-LightBlue\">\n<td>0-5000<\/td>\n<td>0-345<\/td>\n<td>56HCPH<\/td>\n<td>593HCP50AD<\/td>\n<\/tr>\n<tr>\n<td>0-7500<\/td>\n<td>0-517<\/td>\n<td>56HCP75AD<\/td>\n<td>NA<\/td>\n<\/tr>\n<tr class=\"GeneralTable-LightBlue\">\n<td>0-10000<\/td>\n<td>0-690<\/td>\n<td>56HCPK<\/td>\n<td>NA<\/td>\n<\/tr>\n<tr>\n<td colspan=\"4\"><em>Cuando haga su pedido, especifique el n\u00famero de cat\u00e1logo, di\u00e1metro de man\u00f3metro, y rango.<\/em><\/td>\n<\/tr>\n<\/tbody>\n<\/table>\n<p>&nbsp;<\/p>\n","protected":false},"excerpt":{"rendered":"<p>Los ensambles de bloque de man\u00f3metro Parr combinan la funci\u00f3n de: V\u00e1lvula de Entrada\/Salida Man\u00f3metro Disco de Ruptura de Seguridad a un ensamble compacto que se puede unir a la cabeza de cualquier recipiente peque\u00f1o con espacio limitado de cabeza usando un tubo de conexi\u00f3n. Hay una boquilla roscada en el bloque para una conexi\u00f3n [&hellip;]<\/p>\n","protected":false},"author":1,"featured_media":37721,"parent":77,"menu_order":0,"comment_status":"closed","ping_status":"closed","template":"product-narrow.php","meta":{"_acf_changed":false,"footnotes":"","_links_to":"","_links_to_target":""},"class_list":["post-5144","page","type-page","status-publish","has-post-thumbnail","hentry"],"acf":[],"yoast_head":"<!-- This site is optimized with the Yoast SEO plugin v27.4 - https:\/\/yoast.com\/product\/yoast-seo-wordpress\/ -->\n<title>Ensambles de Bloque de Man\u00f3metro - Parr Instrument (Espa\u00f1ol)<\/title>\n<meta name=\"robots\" content=\"index, follow, max-snippet:-1, max-image-preview:large, max-video-preview:-1\" \/>\n<link rel=\"canonical\" href=\"https:\/\/www.parrinst.com\/es\/products\/non-stirred-pressure-vessels\/gage-block-assemblies\/\" \/>\n<meta property=\"og:locale\" content=\"en_US\" \/>\n<meta property=\"og:type\" content=\"article\" \/>\n<meta property=\"og:title\" content=\"Ensambles de Bloque de Man\u00f3metro - Parr Instrument (Espa\u00f1ol)\" \/>\n<meta property=\"og:description\" content=\"Los ensambles de bloque de man\u00f3metro Parr combinan la funci\u00f3n de: V\u00e1lvula de Entrada\/Salida Man\u00f3metro Disco de Ruptura de Seguridad a un ensamble compacto que se puede unir a la cabeza de cualquier recipiente peque\u00f1o con espacio limitado de cabeza usando un tubo de conexi\u00f3n. Hay una boquilla roscada en el bloque para una conexi\u00f3n [&hellip;]\" \/>\n<meta property=\"og:url\" content=\"https:\/\/www.parrinst.com\/es\/products\/non-stirred-pressure-vessels\/gage-block-assemblies\/\" \/>\n<meta property=\"og:site_name\" content=\"Parr Instrument (Espa\u00f1ol)\" \/>\n<meta property=\"article:modified_time\" content=\"2020-06-29T21:46:23+00:00\" \/>\n<meta property=\"og:image\" content=\"https:\/\/www.parrinst.com\/es\/files\/2018\/01\/parr_banner_non-stirred_secondary.jpg\" \/>\n\t<meta property=\"og:image:width\" content=\"2200\" \/>\n\t<meta property=\"og:image:height\" content=\"399\" \/>\n\t<meta property=\"og:image:type\" content=\"image\/jpeg\" \/>\n<meta name=\"twitter:card\" content=\"summary_large_image\" \/>\n<meta name=\"twitter:label1\" content=\"Est. reading time\" \/>\n\t<meta name=\"twitter:data1\" content=\"2 minutes\" \/>\n<script type=\"application\/ld+json\" class=\"yoast-schema-graph\">{\"@context\":\"https:\\\/\\\/schema.org\",\"@graph\":[{\"@type\":\"WebPage\",\"@id\":\"https:\\\/\\\/www.parrinst.com\\\/es\\\/products\\\/non-stirred-pressure-vessels\\\/gage-block-assemblies\\\/\",\"url\":\"https:\\\/\\\/www.parrinst.com\\\/es\\\/products\\\/non-stirred-pressure-vessels\\\/gage-block-assemblies\\\/\",\"name\":\"Ensambles de Bloque de Man\u00f3metro - Parr Instrument (Espa\u00f1ol)\",\"isPartOf\":{\"@id\":\"https:\\\/\\\/www.parrinst.com\\\/es\\\/#website\"},\"primaryImageOfPage\":{\"@id\":\"https:\\\/\\\/www.parrinst.com\\\/es\\\/products\\\/non-stirred-pressure-vessels\\\/gage-block-assemblies\\\/#primaryimage\"},\"image\":{\"@id\":\"https:\\\/\\\/www.parrinst.com\\\/es\\\/products\\\/non-stirred-pressure-vessels\\\/gage-block-assemblies\\\/#primaryimage\"},\"thumbnailUrl\":\"https:\\\/\\\/i0.wp.com\\\/www.parrinst.com\\\/es\\\/wp-content\\\/uploads\\\/sites\\\/7\\\/2018\\\/01\\\/parr_banner_non-stirred_secondary.jpg?fit=2200%2C399&ssl=1\",\"datePublished\":\"2011-07-24T18:58:21+00:00\",\"dateModified\":\"2020-06-29T21:46:23+00:00\",\"breadcrumb\":{\"@id\":\"https:\\\/\\\/www.parrinst.com\\\/es\\\/products\\\/non-stirred-pressure-vessels\\\/gage-block-assemblies\\\/#breadcrumb\"},\"inLanguage\":\"en-US\",\"potentialAction\":[{\"@type\":\"ReadAction\",\"target\":[\"https:\\\/\\\/www.parrinst.com\\\/es\\\/products\\\/non-stirred-pressure-vessels\\\/gage-block-assemblies\\\/\"]}]},{\"@type\":\"ImageObject\",\"inLanguage\":\"en-US\",\"@id\":\"https:\\\/\\\/www.parrinst.com\\\/es\\\/products\\\/non-stirred-pressure-vessels\\\/gage-block-assemblies\\\/#primaryimage\",\"url\":\"https:\\\/\\\/i0.wp.com\\\/www.parrinst.com\\\/es\\\/wp-content\\\/uploads\\\/sites\\\/7\\\/2018\\\/01\\\/parr_banner_non-stirred_secondary.jpg?fit=2200%2C399&ssl=1\",\"contentUrl\":\"https:\\\/\\\/i0.wp.com\\\/www.parrinst.com\\\/es\\\/wp-content\\\/uploads\\\/sites\\\/7\\\/2018\\\/01\\\/parr_banner_non-stirred_secondary.jpg?fit=2200%2C399&ssl=1\",\"width\":2200,\"height\":399},{\"@type\":\"BreadcrumbList\",\"@id\":\"https:\\\/\\\/www.parrinst.com\\\/es\\\/products\\\/non-stirred-pressure-vessels\\\/gage-block-assemblies\\\/#breadcrumb\",\"itemListElement\":[{\"@type\":\"ListItem\",\"position\":1,\"name\":\"Home\",\"item\":\"https:\\\/\\\/www.parrinst.com\\\/es\\\/\"},{\"@type\":\"ListItem\",\"position\":2,\"name\":\"Products\",\"item\":\"https:\\\/\\\/www.parrinst.com\\\/es\\\/products\\\/\"},{\"@type\":\"ListItem\",\"position\":3,\"name\":\"Recipientes a Presi\u00f3n Sin Agitaci\u00f3n\",\"item\":\"https:\\\/\\\/www.parrinst.com\\\/es\\\/products\\\/non-stirred-pressure-vessels\\\/\"},{\"@type\":\"ListItem\",\"position\":4,\"name\":\"Ensambles de Bloque de Man\u00f3metro\"}]},{\"@type\":\"WebSite\",\"@id\":\"https:\\\/\\\/www.parrinst.com\\\/es\\\/#website\",\"url\":\"https:\\\/\\\/www.parrinst.com\\\/es\\\/\",\"name\":\"Parr Instrument (Espa\u00f1ol)\",\"description\":\"\",\"potentialAction\":[{\"@type\":\"SearchAction\",\"target\":{\"@type\":\"EntryPoint\",\"urlTemplate\":\"https:\\\/\\\/www.parrinst.com\\\/es\\\/?s={search_term_string}\"},\"query-input\":{\"@type\":\"PropertyValueSpecification\",\"valueRequired\":true,\"valueName\":\"search_term_string\"}}],\"inLanguage\":\"en-US\"}]}<\/script>\n<!-- \/ Yoast SEO plugin. -->","yoast_head_json":{"title":"Ensambles de Bloque de Man\u00f3metro - Parr Instrument (Espa\u00f1ol)","robots":{"index":"index","follow":"follow","max-snippet":"max-snippet:-1","max-image-preview":"max-image-preview:large","max-video-preview":"max-video-preview:-1"},"canonical":"https:\/\/www.parrinst.com\/es\/products\/non-stirred-pressure-vessels\/gage-block-assemblies\/","og_locale":"en_US","og_type":"article","og_title":"Ensambles de Bloque de Man\u00f3metro - Parr Instrument (Espa\u00f1ol)","og_description":"Los ensambles de bloque de man\u00f3metro Parr combinan la funci\u00f3n de: V\u00e1lvula de Entrada\/Salida Man\u00f3metro Disco de Ruptura de Seguridad a un ensamble compacto que se puede unir a la cabeza de cualquier recipiente peque\u00f1o con espacio limitado de cabeza usando un tubo de conexi\u00f3n. Hay una boquilla roscada en el bloque para una conexi\u00f3n [&hellip;]","og_url":"https:\/\/www.parrinst.com\/es\/products\/non-stirred-pressure-vessels\/gage-block-assemblies\/","og_site_name":"Parr Instrument (Espa\u00f1ol)","article_modified_time":"2020-06-29T21:46:23+00:00","og_image":[{"width":2200,"height":399,"url":"https:\/\/www.parrinst.com\/es\/files\/2018\/01\/parr_banner_non-stirred_secondary.jpg","type":"image\/jpeg"}],"twitter_card":"summary_large_image","twitter_misc":{"Est. reading time":"2 minutes"},"schema":{"@context":"https:\/\/schema.org","@graph":[{"@type":"WebPage","@id":"https:\/\/www.parrinst.com\/es\/products\/non-stirred-pressure-vessels\/gage-block-assemblies\/","url":"https:\/\/www.parrinst.com\/es\/products\/non-stirred-pressure-vessels\/gage-block-assemblies\/","name":"Ensambles de Bloque de Man\u00f3metro - Parr Instrument (Espa\u00f1ol)","isPartOf":{"@id":"https:\/\/www.parrinst.com\/es\/#website"},"primaryImageOfPage":{"@id":"https:\/\/www.parrinst.com\/es\/products\/non-stirred-pressure-vessels\/gage-block-assemblies\/#primaryimage"},"image":{"@id":"https:\/\/www.parrinst.com\/es\/products\/non-stirred-pressure-vessels\/gage-block-assemblies\/#primaryimage"},"thumbnailUrl":"https:\/\/i0.wp.com\/www.parrinst.com\/es\/wp-content\/uploads\/sites\/7\/2018\/01\/parr_banner_non-stirred_secondary.jpg?fit=2200%2C399&ssl=1","datePublished":"2011-07-24T18:58:21+00:00","dateModified":"2020-06-29T21:46:23+00:00","breadcrumb":{"@id":"https:\/\/www.parrinst.com\/es\/products\/non-stirred-pressure-vessels\/gage-block-assemblies\/#breadcrumb"},"inLanguage":"en-US","potentialAction":[{"@type":"ReadAction","target":["https:\/\/www.parrinst.com\/es\/products\/non-stirred-pressure-vessels\/gage-block-assemblies\/"]}]},{"@type":"ImageObject","inLanguage":"en-US","@id":"https:\/\/www.parrinst.com\/es\/products\/non-stirred-pressure-vessels\/gage-block-assemblies\/#primaryimage","url":"https:\/\/i0.wp.com\/www.parrinst.com\/es\/wp-content\/uploads\/sites\/7\/2018\/01\/parr_banner_non-stirred_secondary.jpg?fit=2200%2C399&ssl=1","contentUrl":"https:\/\/i0.wp.com\/www.parrinst.com\/es\/wp-content\/uploads\/sites\/7\/2018\/01\/parr_banner_non-stirred_secondary.jpg?fit=2200%2C399&ssl=1","width":2200,"height":399},{"@type":"BreadcrumbList","@id":"https:\/\/www.parrinst.com\/es\/products\/non-stirred-pressure-vessels\/gage-block-assemblies\/#breadcrumb","itemListElement":[{"@type":"ListItem","position":1,"name":"Home","item":"https:\/\/www.parrinst.com\/es\/"},{"@type":"ListItem","position":2,"name":"Products","item":"https:\/\/www.parrinst.com\/es\/products\/"},{"@type":"ListItem","position":3,"name":"Recipientes a Presi\u00f3n Sin Agitaci\u00f3n","item":"https:\/\/www.parrinst.com\/es\/products\/non-stirred-pressure-vessels\/"},{"@type":"ListItem","position":4,"name":"Ensambles de Bloque de Man\u00f3metro"}]},{"@type":"WebSite","@id":"https:\/\/www.parrinst.com\/es\/#website","url":"https:\/\/www.parrinst.com\/es\/","name":"Parr Instrument (Espa\u00f1ol)","description":"","potentialAction":[{"@type":"SearchAction","target":{"@type":"EntryPoint","urlTemplate":"https:\/\/www.parrinst.com\/es\/?s={search_term_string}"},"query-input":{"@type":"PropertyValueSpecification","valueRequired":true,"valueName":"search_term_string"}}],"inLanguage":"en-US"}]}},"jetpack_sharing_enabled":true,"_links":{"self":[{"href":"https:\/\/www.parrinst.com\/es\/wp-json\/wp\/v2\/pages\/5144","targetHints":{"allow":["GET"]}}],"collection":[{"href":"https:\/\/www.parrinst.com\/es\/wp-json\/wp\/v2\/pages"}],"about":[{"href":"https:\/\/www.parrinst.com\/es\/wp-json\/wp\/v2\/types\/page"}],"author":[{"embeddable":true,"href":"https:\/\/www.parrinst.com\/es\/wp-json\/wp\/v2\/users\/1"}],"replies":[{"embeddable":true,"href":"https:\/\/www.parrinst.com\/es\/wp-json\/wp\/v2\/comments?post=5144"}],"version-history":[{"count":3,"href":"https:\/\/www.parrinst.com\/es\/wp-json\/wp\/v2\/pages\/5144\/revisions"}],"predecessor-version":[{"id":39911,"href":"https:\/\/www.parrinst.com\/es\/wp-json\/wp\/v2\/pages\/5144\/revisions\/39911"}],"up":[{"embeddable":true,"href":"https:\/\/www.parrinst.com\/es\/wp-json\/wp\/v2\/pages\/77"}],"wp:featuredmedia":[{"embeddable":true,"href":"https:\/\/www.parrinst.com\/es\/wp-json\/wp\/v2\/media\/37721"}],"wp:attachment":[{"href":"https:\/\/www.parrinst.com\/es\/wp-json\/wp\/v2\/media?parent=5144"}],"curies":[{"name":"wp","href":"https:\/\/api.w.org\/{rel}","templated":true}]}}