{"id":5165,"date":"2011-07-24T14:54:01","date_gmt":"2011-07-24T19:54:01","guid":{"rendered":"https:\/\/www.parrinst.com\/?page_id=5165"},"modified":"2013-02-21T09:47:57","modified_gmt":"2013-02-21T15:47:57","slug":"valves-and-fittings","status":"publish","type":"page","link":"https:\/\/www.parrinst.com\/es\/products\/non-stirred-pressure-vessels\/valves-and-fittings\/","title":{"rendered":"V\u00e1lvulas y Conexiones"},"content":{"rendered":"<p>Parr puede instalar una amplia variedad de v\u00e1lvulas y accesorios para usarse con reactores y recipientes a presi\u00f3n. Estos incluyen:<\/p>\n<ul>\n<li><a title=\"Bottom Drain Valves\" href=\"https:\/\/www.parrinst.com\/es\/products\/non-stirred-pressure-vessels\/bottom-drain-valves\/\">V\u00e1lvulas de Drenaje Inferior<\/a><\/li>\n<li>V\u00e1lvulas de Control Manual para Tanques de Gas Comprimido<\/li>\n<li><a title=\"Relief Valves\" href=\"https:\/\/www.parrinst.com\/es\/products\/non-stirred-pressure-vessels\/relief-valves\/\">V\u00e1lvulas de Alivio de Presi\u00f3n<\/a><\/li>\n<li><a title=\"Safety Check Valves\" href=\"https:\/\/www.parrinst.com\/es\/products\/non-stirred-pressure-vessels\/safety-check-valves\/\">V\u00e1lvulas de Retenci\u00f3n de Seguridad<\/a><\/li>\n<\/ul>\n<p>Parr tambi\u00e9n ofrece las siguientes v\u00e1lvulas y accesorios.<\/p>\n<ul>\n<li>V\u00e1lvulas de aguja con rosca NPT o conexi\u00f3n de tubo.<\/li>\n<li>V\u00e1lvulas Reguladoras con rosca NPT o conexi\u00f3n de tubo.<\/li>\n<li>V\u00e1lvulas de bola con rosca NPT o conexi\u00f3n de tubo.<\/li>\n<li>V\u00e1lvulas de Alta Presi\u00f3n<\/li>\n<li>V\u00e1lvulas para Servicio Severo<\/li>\n<li>V\u00e1lvulas de Operaci\u00f3n Remota<\/li>\n<li>Conectores de Tubo<\/li>\n<li>Conectores de Tuber\u00eda<\/li>\n<li>Tapones<\/li>\n<li>Adaptadores de Uni\u00f3n de Acoplamiento<\/li>\n<\/ul>\n<p>P\u00f3ngase en contacto con nuestro departamento de servicio para m\u00e1s detalles de estas opciones.<\/p>\n","protected":false},"excerpt":{"rendered":"<p>Parr puede instalar una amplia variedad de v\u00e1lvulas y accesorios para usarse con reactores y recipientes a presi\u00f3n. Estos incluyen: V\u00e1lvulas de Drenaje Inferior V\u00e1lvulas de Control Manual para Tanques de Gas Comprimido V\u00e1lvulas de Alivio de Presi\u00f3n V\u00e1lvulas de Retenci\u00f3n de Seguridad Parr tambi\u00e9n ofrece las siguientes v\u00e1lvulas y accesorios. V\u00e1lvulas de aguja con [&hellip;]<\/p>\n","protected":false},"author":1,"featured_media":37721,"parent":77,"menu_order":0,"comment_status":"closed","ping_status":"closed","template":"product-narrow.php","meta":{"_acf_changed":false,"footnotes":"","_links_to":"","_links_to_target":""},"class_list":["post-5165","page","type-page","status-publish","has-post-thumbnail","hentry"],"acf":[],"yoast_head":"<!-- This site is optimized with the Yoast SEO plugin v27.4 - https:\/\/yoast.com\/product\/yoast-seo-wordpress\/ -->\n<title>V\u00e1lvulas y Conexiones - Parr Instrument (Espa\u00f1ol)<\/title>\n<meta name=\"robots\" content=\"index, follow, max-snippet:-1, max-image-preview:large, max-video-preview:-1\" \/>\n<link rel=\"canonical\" href=\"https:\/\/www.parrinst.com\/es\/products\/non-stirred-pressure-vessels\/valves-and-fittings\/\" \/>\n<meta property=\"og:locale\" content=\"en_US\" \/>\n<meta property=\"og:type\" content=\"article\" \/>\n<meta property=\"og:title\" content=\"V\u00e1lvulas y Conexiones - Parr Instrument (Espa\u00f1ol)\" \/>\n<meta property=\"og:description\" content=\"Parr puede instalar una amplia variedad de v\u00e1lvulas y accesorios para usarse con reactores y recipientes a presi\u00f3n. Estos incluyen: V\u00e1lvulas de Drenaje Inferior V\u00e1lvulas de Control Manual para Tanques de Gas Comprimido V\u00e1lvulas de Alivio de Presi\u00f3n V\u00e1lvulas de Retenci\u00f3n de Seguridad Parr tambi\u00e9n ofrece las siguientes v\u00e1lvulas y accesorios. V\u00e1lvulas de aguja con [&hellip;]\" \/>\n<meta property=\"og:url\" content=\"https:\/\/www.parrinst.com\/es\/products\/non-stirred-pressure-vessels\/valves-and-fittings\/\" \/>\n<meta property=\"og:site_name\" content=\"Parr Instrument (Espa\u00f1ol)\" \/>\n<meta property=\"article:modified_time\" content=\"2013-02-21T15:47:57+00:00\" \/>\n<meta property=\"og:image\" content=\"https:\/\/www.parrinst.com\/es\/files\/2018\/01\/parr_banner_non-stirred_secondary.jpg\" \/>\n\t<meta property=\"og:image:width\" content=\"2200\" \/>\n\t<meta property=\"og:image:height\" content=\"399\" \/>\n\t<meta property=\"og:image:type\" content=\"image\/jpeg\" \/>\n<meta name=\"twitter:card\" content=\"summary_large_image\" \/>\n<meta name=\"twitter:label1\" content=\"Est. reading time\" \/>\n\t<meta name=\"twitter:data1\" content=\"1 minute\" \/>\n<script type=\"application\/ld+json\" class=\"yoast-schema-graph\">{\"@context\":\"https:\\\/\\\/schema.org\",\"@graph\":[{\"@type\":\"WebPage\",\"@id\":\"https:\\\/\\\/www.parrinst.com\\\/es\\\/products\\\/non-stirred-pressure-vessels\\\/valves-and-fittings\\\/\",\"url\":\"https:\\\/\\\/www.parrinst.com\\\/es\\\/products\\\/non-stirred-pressure-vessels\\\/valves-and-fittings\\\/\",\"name\":\"V\u00e1lvulas y Conexiones - Parr Instrument (Espa\u00f1ol)\",\"isPartOf\":{\"@id\":\"https:\\\/\\\/www.parrinst.com\\\/es\\\/#website\"},\"primaryImageOfPage\":{\"@id\":\"https:\\\/\\\/www.parrinst.com\\\/es\\\/products\\\/non-stirred-pressure-vessels\\\/valves-and-fittings\\\/#primaryimage\"},\"image\":{\"@id\":\"https:\\\/\\\/www.parrinst.com\\\/es\\\/products\\\/non-stirred-pressure-vessels\\\/valves-and-fittings\\\/#primaryimage\"},\"thumbnailUrl\":\"https:\\\/\\\/i0.wp.com\\\/www.parrinst.com\\\/es\\\/wp-content\\\/uploads\\\/sites\\\/7\\\/2018\\\/01\\\/parr_banner_non-stirred_secondary.jpg?fit=2200%2C399&ssl=1\",\"datePublished\":\"2011-07-24T19:54:01+00:00\",\"dateModified\":\"2013-02-21T15:47:57+00:00\",\"breadcrumb\":{\"@id\":\"https:\\\/\\\/www.parrinst.com\\\/es\\\/products\\\/non-stirred-pressure-vessels\\\/valves-and-fittings\\\/#breadcrumb\"},\"inLanguage\":\"en-US\",\"potentialAction\":[{\"@type\":\"ReadAction\",\"target\":[\"https:\\\/\\\/www.parrinst.com\\\/es\\\/products\\\/non-stirred-pressure-vessels\\\/valves-and-fittings\\\/\"]}]},{\"@type\":\"ImageObject\",\"inLanguage\":\"en-US\",\"@id\":\"https:\\\/\\\/www.parrinst.com\\\/es\\\/products\\\/non-stirred-pressure-vessels\\\/valves-and-fittings\\\/#primaryimage\",\"url\":\"https:\\\/\\\/i0.wp.com\\\/www.parrinst.com\\\/es\\\/wp-content\\\/uploads\\\/sites\\\/7\\\/2018\\\/01\\\/parr_banner_non-stirred_secondary.jpg?fit=2200%2C399&ssl=1\",\"contentUrl\":\"https:\\\/\\\/i0.wp.com\\\/www.parrinst.com\\\/es\\\/wp-content\\\/uploads\\\/sites\\\/7\\\/2018\\\/01\\\/parr_banner_non-stirred_secondary.jpg?fit=2200%2C399&ssl=1\",\"width\":2200,\"height\":399},{\"@type\":\"BreadcrumbList\",\"@id\":\"https:\\\/\\\/www.parrinst.com\\\/es\\\/products\\\/non-stirred-pressure-vessels\\\/valves-and-fittings\\\/#breadcrumb\",\"itemListElement\":[{\"@type\":\"ListItem\",\"position\":1,\"name\":\"Home\",\"item\":\"https:\\\/\\\/www.parrinst.com\\\/es\\\/\"},{\"@type\":\"ListItem\",\"position\":2,\"name\":\"Products\",\"item\":\"https:\\\/\\\/www.parrinst.com\\\/es\\\/products\\\/\"},{\"@type\":\"ListItem\",\"position\":3,\"name\":\"Recipientes a Presi\u00f3n Sin Agitaci\u00f3n\",\"item\":\"https:\\\/\\\/www.parrinst.com\\\/es\\\/products\\\/non-stirred-pressure-vessels\\\/\"},{\"@type\":\"ListItem\",\"position\":4,\"name\":\"V\u00e1lvulas y Conexiones\"}]},{\"@type\":\"WebSite\",\"@id\":\"https:\\\/\\\/www.parrinst.com\\\/es\\\/#website\",\"url\":\"https:\\\/\\\/www.parrinst.com\\\/es\\\/\",\"name\":\"Parr Instrument (Espa\u00f1ol)\",\"description\":\"\",\"potentialAction\":[{\"@type\":\"SearchAction\",\"target\":{\"@type\":\"EntryPoint\",\"urlTemplate\":\"https:\\\/\\\/www.parrinst.com\\\/es\\\/?s={search_term_string}\"},\"query-input\":{\"@type\":\"PropertyValueSpecification\",\"valueRequired\":true,\"valueName\":\"search_term_string\"}}],\"inLanguage\":\"en-US\"}]}<\/script>\n<!-- \/ Yoast SEO plugin. -->","yoast_head_json":{"title":"V\u00e1lvulas y Conexiones - Parr Instrument (Espa\u00f1ol)","robots":{"index":"index","follow":"follow","max-snippet":"max-snippet:-1","max-image-preview":"max-image-preview:large","max-video-preview":"max-video-preview:-1"},"canonical":"https:\/\/www.parrinst.com\/es\/products\/non-stirred-pressure-vessels\/valves-and-fittings\/","og_locale":"en_US","og_type":"article","og_title":"V\u00e1lvulas y Conexiones - Parr Instrument (Espa\u00f1ol)","og_description":"Parr puede instalar una amplia variedad de v\u00e1lvulas y accesorios para usarse con reactores y recipientes a presi\u00f3n. Estos incluyen: V\u00e1lvulas de Drenaje Inferior V\u00e1lvulas de Control Manual para Tanques de Gas Comprimido V\u00e1lvulas de Alivio de Presi\u00f3n V\u00e1lvulas de Retenci\u00f3n de Seguridad Parr tambi\u00e9n ofrece las siguientes v\u00e1lvulas y accesorios. V\u00e1lvulas de aguja con [&hellip;]","og_url":"https:\/\/www.parrinst.com\/es\/products\/non-stirred-pressure-vessels\/valves-and-fittings\/","og_site_name":"Parr Instrument (Espa\u00f1ol)","article_modified_time":"2013-02-21T15:47:57+00:00","og_image":[{"width":2200,"height":399,"url":"https:\/\/www.parrinst.com\/es\/files\/2018\/01\/parr_banner_non-stirred_secondary.jpg","type":"image\/jpeg"}],"twitter_card":"summary_large_image","twitter_misc":{"Est. reading time":"1 minute"},"schema":{"@context":"https:\/\/schema.org","@graph":[{"@type":"WebPage","@id":"https:\/\/www.parrinst.com\/es\/products\/non-stirred-pressure-vessels\/valves-and-fittings\/","url":"https:\/\/www.parrinst.com\/es\/products\/non-stirred-pressure-vessels\/valves-and-fittings\/","name":"V\u00e1lvulas y Conexiones - Parr Instrument (Espa\u00f1ol)","isPartOf":{"@id":"https:\/\/www.parrinst.com\/es\/#website"},"primaryImageOfPage":{"@id":"https:\/\/www.parrinst.com\/es\/products\/non-stirred-pressure-vessels\/valves-and-fittings\/#primaryimage"},"image":{"@id":"https:\/\/www.parrinst.com\/es\/products\/non-stirred-pressure-vessels\/valves-and-fittings\/#primaryimage"},"thumbnailUrl":"https:\/\/i0.wp.com\/www.parrinst.com\/es\/wp-content\/uploads\/sites\/7\/2018\/01\/parr_banner_non-stirred_secondary.jpg?fit=2200%2C399&ssl=1","datePublished":"2011-07-24T19:54:01+00:00","dateModified":"2013-02-21T15:47:57+00:00","breadcrumb":{"@id":"https:\/\/www.parrinst.com\/es\/products\/non-stirred-pressure-vessels\/valves-and-fittings\/#breadcrumb"},"inLanguage":"en-US","potentialAction":[{"@type":"ReadAction","target":["https:\/\/www.parrinst.com\/es\/products\/non-stirred-pressure-vessels\/valves-and-fittings\/"]}]},{"@type":"ImageObject","inLanguage":"en-US","@id":"https:\/\/www.parrinst.com\/es\/products\/non-stirred-pressure-vessels\/valves-and-fittings\/#primaryimage","url":"https:\/\/i0.wp.com\/www.parrinst.com\/es\/wp-content\/uploads\/sites\/7\/2018\/01\/parr_banner_non-stirred_secondary.jpg?fit=2200%2C399&ssl=1","contentUrl":"https:\/\/i0.wp.com\/www.parrinst.com\/es\/wp-content\/uploads\/sites\/7\/2018\/01\/parr_banner_non-stirred_secondary.jpg?fit=2200%2C399&ssl=1","width":2200,"height":399},{"@type":"BreadcrumbList","@id":"https:\/\/www.parrinst.com\/es\/products\/non-stirred-pressure-vessels\/valves-and-fittings\/#breadcrumb","itemListElement":[{"@type":"ListItem","position":1,"name":"Home","item":"https:\/\/www.parrinst.com\/es\/"},{"@type":"ListItem","position":2,"name":"Products","item":"https:\/\/www.parrinst.com\/es\/products\/"},{"@type":"ListItem","position":3,"name":"Recipientes a Presi\u00f3n Sin Agitaci\u00f3n","item":"https:\/\/www.parrinst.com\/es\/products\/non-stirred-pressure-vessels\/"},{"@type":"ListItem","position":4,"name":"V\u00e1lvulas y Conexiones"}]},{"@type":"WebSite","@id":"https:\/\/www.parrinst.com\/es\/#website","url":"https:\/\/www.parrinst.com\/es\/","name":"Parr Instrument (Espa\u00f1ol)","description":"","potentialAction":[{"@type":"SearchAction","target":{"@type":"EntryPoint","urlTemplate":"https:\/\/www.parrinst.com\/es\/?s={search_term_string}"},"query-input":{"@type":"PropertyValueSpecification","valueRequired":true,"valueName":"search_term_string"}}],"inLanguage":"en-US"}]}},"jetpack_sharing_enabled":true,"_links":{"self":[{"href":"https:\/\/www.parrinst.com\/es\/wp-json\/wp\/v2\/pages\/5165","targetHints":{"allow":["GET"]}}],"collection":[{"href":"https:\/\/www.parrinst.com\/es\/wp-json\/wp\/v2\/pages"}],"about":[{"href":"https:\/\/www.parrinst.com\/es\/wp-json\/wp\/v2\/types\/page"}],"author":[{"embeddable":true,"href":"https:\/\/www.parrinst.com\/es\/wp-json\/wp\/v2\/users\/1"}],"replies":[{"embeddable":true,"href":"https:\/\/www.parrinst.com\/es\/wp-json\/wp\/v2\/comments?post=5165"}],"version-history":[{"count":0,"href":"https:\/\/www.parrinst.com\/es\/wp-json\/wp\/v2\/pages\/5165\/revisions"}],"up":[{"embeddable":true,"href":"https:\/\/www.parrinst.com\/es\/wp-json\/wp\/v2\/pages\/77"}],"wp:featuredmedia":[{"embeddable":true,"href":"https:\/\/www.parrinst.com\/es\/wp-json\/wp\/v2\/media\/37721"}],"wp:attachment":[{"href":"https:\/\/www.parrinst.com\/es\/wp-json\/wp\/v2\/media?parent=5165"}],"curies":[{"name":"wp","href":"https:\/\/api.w.org\/{rel}","templated":true}]}}