{"id":5193,"date":"2011-07-24T16:24:24","date_gmt":"2011-07-24T21:24:24","guid":{"rendered":"https:\/\/www.parrinst.com\/?page_id=5193"},"modified":"2018-03-06T11:22:36","modified_gmt":"2018-03-06T17:22:36","slug":"relief-valves","status":"publish","type":"page","link":"https:\/\/www.parrinst.com\/es\/products\/non-stirred-pressure-vessels\/relief-valves\/","title":{"rendered":"V\u00e1lvulas de Alivio"},"content":{"rendered":"<figure id=\"attachment_3653\" aria-describedby=\"caption-attachment-3653\" style=\"width: 214px\" class=\"wp-caption alignright\"><a href=\"https:\/\/i0.wp.com\/www.parrinst.com\/es\/wp-content\/uploads\/sites\/7\/2011\/06\/A175VB_Relief_valves.jpg?ssl=1\"><img data-recalc-dims=\"1\" loading=\"lazy\" decoding=\"async\" class=\"wp-image-3653\" src=\"https:\/\/i0.wp.com\/www.parrinst.com\/es\/wp-content\/uploads\/sites\/7\/2011\/06\/A175VB_Relief_valves.jpg?resize=214%2C250&#038;ssl=1\" alt=\"V\u00e1lvula de Alivio A175VB\" width=\"214\" height=\"250\" srcset=\"https:\/\/i0.wp.com\/www.parrinst.com\/es\/wp-content\/uploads\/sites\/7\/2011\/06\/A175VB_Relief_valves.jpg?resize=257%2C300&amp;ssl=1 257w, https:\/\/i0.wp.com\/www.parrinst.com\/es\/wp-content\/uploads\/sites\/7\/2011\/06\/A175VB_Relief_valves.jpg?resize=129%2C150&amp;ssl=1 129w, https:\/\/i0.wp.com\/www.parrinst.com\/es\/wp-content\/uploads\/sites\/7\/2011\/06\/A175VB_Relief_valves.jpg?w=600&amp;ssl=1 600w\" sizes=\"auto, (max-width: 214px) 100vw, 214px\" \/><\/a><figcaption id=\"caption-attachment-3653\" class=\"wp-caption-text\">V\u00e1lvula de Alivio A175VB<\/figcaption><\/figure>\n<p><strong>Las v\u00e1lvulas de alivio accionadas por resorte<\/strong> deben ser vistas como suplementos y no sustitutos de un disco de ruptura de seguridad como el principal medio de protecci\u00f3n del recipiente y el operador en caso de accidente por exceso de presi\u00f3n. Las v\u00e1lvulas de alivio accionadas por resorte se pueden a\u00f1adir a un reactor o recipiente para:<\/p>\n<ul>\n<li><strong>Aliviar<\/strong> presiones cercanas a la presi\u00f3n m\u00e1xima de operaci\u00f3n.<\/li>\n<li><strong>Resellar <\/strong>la presi\u00f3n una vez que el exceso se ha liberado.<\/li>\n<li><strong>Proteger <\/strong>los componentes de baja presi\u00f3n a presiones inferiores a los rangos de los discos de ruptura disponibles.<\/li>\n<\/ul>\n<p>Las v\u00e1lvulas de seguridad mencionados a continuaci\u00f3n se puede instalar en cualquier recipiente Parr. Estas v\u00e1lvulas de alivio son de acero inoxidable y tienen Juntas t\u00f3ricas FKM. Otras v\u00e1lvulas y junta t\u00f3rica de otros materiales est\u00e1n disponibles bajo pedido especial.<\/p>\n<table class=\"GeneralTable\">\n<tbody>\n<tr>\n<td class=\"GeneralTable-DarkBlue\" colspan=\"3\">V\u00e1lvulas de Alivio<\/td>\n<\/tr>\n<tr>\n<td><strong>N\u00b0 Parte<\/strong><\/td>\n<td><strong>Rango de Presi\u00f3n de Alivio psi<\/strong><\/td>\n<td><strong>Conexi\u00f3n de Descarga<\/strong><\/td>\n<\/tr>\n<tr class=\"GeneralTable-LightBlue\">\n<td>A140VB2PA<\/td>\n<td>50-150<\/td>\n<td>1\/4\u2033 NPT (M)<\/td>\n<\/tr>\n<tr>\n<td>A140VB2P1<\/td>\n<td>\u00a050-150<\/td>\n<td>1\/4\u2033 NPT (M)<\/td>\n<\/tr>\n<tr class=\"GeneralTable-LightBlue\">\n<td>A140VB2PB<\/td>\n<td>150-350<\/td>\n<td>1\/4\u2033 NPT (M)<\/td>\n<\/tr>\n<tr>\n<td>A140VB2PC<\/td>\n<td>350-600<\/td>\n<td>1\/4\u2033 NPT (M)<\/td>\n<\/tr>\n<tr class=\"GeneralTable-LightBlue\">\n<td>A140VB2PD<\/td>\n<td>150-350<\/td>\n<td>1\/4\u2033 NPT (M)<\/td>\n<\/tr>\n<tr>\n<td>A175VB<\/td>\n<td>750-1500<\/td>\n<td>1\/4\u2033 NPT (F)<\/td>\n<\/tr>\n<tr class=\"GeneralTable-LightBlue\">\n<td>A175VB2<\/td>\n<td>1500-2250<\/td>\n<td>1\/4\u2033 NPT (F)<\/td>\n<\/tr>\n<tr>\n<td>A175VB3<\/td>\n<td>2250-3000<\/td>\n<td>1\/4\u2033 NPT (F)<\/td>\n<\/tr>\n<tr class=\"GeneralTable-LightBlue\">\n<td>A175VB4<\/td>\n<td>3000-4000<\/td>\n<td>1\/4\u2033 NPT (F)<\/td>\n<\/tr>\n<tr>\n<td>A175VB5<\/td>\n<td>4000-5000<\/td>\n<td>1\/4\u2033 NPT (F)<\/td>\n<\/tr>\n<tr class=\"GeneralTable-LightBlue\">\n<td>A175VB7<\/td>\n<td>350-750<\/td>\n<td>1\/4\u2033 NPT (F)<\/td>\n<\/tr>\n<tr>\n<td>A175VB8<\/td>\n<td>50-350<\/td>\n<td>1\/4\u2033 NPT (F)<\/td>\n<\/tr>\n<\/tbody>\n<\/table>\n","protected":false},"excerpt":{"rendered":"<p>Las v\u00e1lvulas de alivio accionadas por resorte deben ser vistas como suplementos y no sustitutos de un disco de ruptura de seguridad como el principal medio de protecci\u00f3n del recipiente y el operador en caso de accidente por exceso de presi\u00f3n. Las v\u00e1lvulas de alivio accionadas por resorte se pueden a\u00f1adir a un reactor o [&hellip;]<\/p>\n","protected":false},"author":1,"featured_media":37721,"parent":77,"menu_order":0,"comment_status":"closed","ping_status":"closed","template":"product-narrow.php","meta":{"_acf_changed":false,"footnotes":"","_links_to":"","_links_to_target":""},"class_list":["post-5193","page","type-page","status-publish","has-post-thumbnail","hentry"],"acf":[],"yoast_head":"<!-- This site is optimized with the Yoast SEO plugin v27.4 - https:\/\/yoast.com\/product\/yoast-seo-wordpress\/ -->\n<title>V\u00e1lvulas de Alivio - Parr Instrument (Espa\u00f1ol)<\/title>\n<meta name=\"robots\" content=\"index, follow, max-snippet:-1, max-image-preview:large, max-video-preview:-1\" \/>\n<link rel=\"canonical\" href=\"https:\/\/www.parrinst.com\/es\/products\/non-stirred-pressure-vessels\/relief-valves\/\" \/>\n<meta property=\"og:locale\" content=\"en_US\" \/>\n<meta property=\"og:type\" content=\"article\" \/>\n<meta property=\"og:title\" content=\"V\u00e1lvulas de Alivio - Parr Instrument (Espa\u00f1ol)\" \/>\n<meta property=\"og:description\" content=\"Las v\u00e1lvulas de alivio accionadas por resorte deben ser vistas como suplementos y no sustitutos de un disco de ruptura de seguridad como el principal medio de protecci\u00f3n del recipiente y el operador en caso de accidente por exceso de presi\u00f3n. Las v\u00e1lvulas de alivio accionadas por resorte se pueden a\u00f1adir a un reactor o [&hellip;]\" \/>\n<meta property=\"og:url\" content=\"https:\/\/www.parrinst.com\/es\/products\/non-stirred-pressure-vessels\/relief-valves\/\" \/>\n<meta property=\"og:site_name\" content=\"Parr Instrument (Espa\u00f1ol)\" \/>\n<meta property=\"article:modified_time\" content=\"2018-03-06T17:22:36+00:00\" \/>\n<meta property=\"og:image\" content=\"https:\/\/www.parrinst.com\/es\/files\/2018\/01\/parr_banner_non-stirred_secondary.jpg\" \/>\n\t<meta property=\"og:image:width\" content=\"2200\" \/>\n\t<meta property=\"og:image:height\" content=\"399\" \/>\n\t<meta property=\"og:image:type\" content=\"image\/jpeg\" \/>\n<meta name=\"twitter:card\" content=\"summary_large_image\" \/>\n<meta name=\"twitter:label1\" content=\"Est. reading time\" \/>\n\t<meta name=\"twitter:data1\" content=\"1 minute\" \/>\n<script type=\"application\/ld+json\" class=\"yoast-schema-graph\">{\"@context\":\"https:\\\/\\\/schema.org\",\"@graph\":[{\"@type\":\"WebPage\",\"@id\":\"https:\\\/\\\/www.parrinst.com\\\/es\\\/products\\\/non-stirred-pressure-vessels\\\/relief-valves\\\/\",\"url\":\"https:\\\/\\\/www.parrinst.com\\\/es\\\/products\\\/non-stirred-pressure-vessels\\\/relief-valves\\\/\",\"name\":\"V\u00e1lvulas de Alivio - Parr Instrument (Espa\u00f1ol)\",\"isPartOf\":{\"@id\":\"https:\\\/\\\/www.parrinst.com\\\/es\\\/#website\"},\"primaryImageOfPage\":{\"@id\":\"https:\\\/\\\/www.parrinst.com\\\/es\\\/products\\\/non-stirred-pressure-vessels\\\/relief-valves\\\/#primaryimage\"},\"image\":{\"@id\":\"https:\\\/\\\/www.parrinst.com\\\/es\\\/products\\\/non-stirred-pressure-vessels\\\/relief-valves\\\/#primaryimage\"},\"thumbnailUrl\":\"https:\\\/\\\/i0.wp.com\\\/www.parrinst.com\\\/es\\\/wp-content\\\/uploads\\\/sites\\\/7\\\/2018\\\/01\\\/parr_banner_non-stirred_secondary.jpg?fit=2200%2C399&ssl=1\",\"datePublished\":\"2011-07-24T21:24:24+00:00\",\"dateModified\":\"2018-03-06T17:22:36+00:00\",\"breadcrumb\":{\"@id\":\"https:\\\/\\\/www.parrinst.com\\\/es\\\/products\\\/non-stirred-pressure-vessels\\\/relief-valves\\\/#breadcrumb\"},\"inLanguage\":\"en-US\",\"potentialAction\":[{\"@type\":\"ReadAction\",\"target\":[\"https:\\\/\\\/www.parrinst.com\\\/es\\\/products\\\/non-stirred-pressure-vessels\\\/relief-valves\\\/\"]}]},{\"@type\":\"ImageObject\",\"inLanguage\":\"en-US\",\"@id\":\"https:\\\/\\\/www.parrinst.com\\\/es\\\/products\\\/non-stirred-pressure-vessels\\\/relief-valves\\\/#primaryimage\",\"url\":\"https:\\\/\\\/i0.wp.com\\\/www.parrinst.com\\\/es\\\/wp-content\\\/uploads\\\/sites\\\/7\\\/2018\\\/01\\\/parr_banner_non-stirred_secondary.jpg?fit=2200%2C399&ssl=1\",\"contentUrl\":\"https:\\\/\\\/i0.wp.com\\\/www.parrinst.com\\\/es\\\/wp-content\\\/uploads\\\/sites\\\/7\\\/2018\\\/01\\\/parr_banner_non-stirred_secondary.jpg?fit=2200%2C399&ssl=1\",\"width\":2200,\"height\":399},{\"@type\":\"BreadcrumbList\",\"@id\":\"https:\\\/\\\/www.parrinst.com\\\/es\\\/products\\\/non-stirred-pressure-vessels\\\/relief-valves\\\/#breadcrumb\",\"itemListElement\":[{\"@type\":\"ListItem\",\"position\":1,\"name\":\"Home\",\"item\":\"https:\\\/\\\/www.parrinst.com\\\/es\\\/\"},{\"@type\":\"ListItem\",\"position\":2,\"name\":\"Products\",\"item\":\"https:\\\/\\\/www.parrinst.com\\\/es\\\/products\\\/\"},{\"@type\":\"ListItem\",\"position\":3,\"name\":\"Recipientes a Presi\u00f3n Sin Agitaci\u00f3n\",\"item\":\"https:\\\/\\\/www.parrinst.com\\\/es\\\/products\\\/non-stirred-pressure-vessels\\\/\"},{\"@type\":\"ListItem\",\"position\":4,\"name\":\"V\u00e1lvulas de Alivio\"}]},{\"@type\":\"WebSite\",\"@id\":\"https:\\\/\\\/www.parrinst.com\\\/es\\\/#website\",\"url\":\"https:\\\/\\\/www.parrinst.com\\\/es\\\/\",\"name\":\"Parr Instrument (Espa\u00f1ol)\",\"description\":\"\",\"potentialAction\":[{\"@type\":\"SearchAction\",\"target\":{\"@type\":\"EntryPoint\",\"urlTemplate\":\"https:\\\/\\\/www.parrinst.com\\\/es\\\/?s={search_term_string}\"},\"query-input\":{\"@type\":\"PropertyValueSpecification\",\"valueRequired\":true,\"valueName\":\"search_term_string\"}}],\"inLanguage\":\"en-US\"}]}<\/script>\n<!-- \/ Yoast SEO plugin. -->","yoast_head_json":{"title":"V\u00e1lvulas de Alivio - Parr Instrument (Espa\u00f1ol)","robots":{"index":"index","follow":"follow","max-snippet":"max-snippet:-1","max-image-preview":"max-image-preview:large","max-video-preview":"max-video-preview:-1"},"canonical":"https:\/\/www.parrinst.com\/es\/products\/non-stirred-pressure-vessels\/relief-valves\/","og_locale":"en_US","og_type":"article","og_title":"V\u00e1lvulas de Alivio - Parr Instrument (Espa\u00f1ol)","og_description":"Las v\u00e1lvulas de alivio accionadas por resorte deben ser vistas como suplementos y no sustitutos de un disco de ruptura de seguridad como el principal medio de protecci\u00f3n del recipiente y el operador en caso de accidente por exceso de presi\u00f3n. Las v\u00e1lvulas de alivio accionadas por resorte se pueden a\u00f1adir a un reactor o [&hellip;]","og_url":"https:\/\/www.parrinst.com\/es\/products\/non-stirred-pressure-vessels\/relief-valves\/","og_site_name":"Parr Instrument (Espa\u00f1ol)","article_modified_time":"2018-03-06T17:22:36+00:00","og_image":[{"width":2200,"height":399,"url":"https:\/\/www.parrinst.com\/es\/files\/2018\/01\/parr_banner_non-stirred_secondary.jpg","type":"image\/jpeg"}],"twitter_card":"summary_large_image","twitter_misc":{"Est. reading time":"1 minute"},"schema":{"@context":"https:\/\/schema.org","@graph":[{"@type":"WebPage","@id":"https:\/\/www.parrinst.com\/es\/products\/non-stirred-pressure-vessels\/relief-valves\/","url":"https:\/\/www.parrinst.com\/es\/products\/non-stirred-pressure-vessels\/relief-valves\/","name":"V\u00e1lvulas de Alivio - Parr Instrument (Espa\u00f1ol)","isPartOf":{"@id":"https:\/\/www.parrinst.com\/es\/#website"},"primaryImageOfPage":{"@id":"https:\/\/www.parrinst.com\/es\/products\/non-stirred-pressure-vessels\/relief-valves\/#primaryimage"},"image":{"@id":"https:\/\/www.parrinst.com\/es\/products\/non-stirred-pressure-vessels\/relief-valves\/#primaryimage"},"thumbnailUrl":"https:\/\/i0.wp.com\/www.parrinst.com\/es\/wp-content\/uploads\/sites\/7\/2018\/01\/parr_banner_non-stirred_secondary.jpg?fit=2200%2C399&ssl=1","datePublished":"2011-07-24T21:24:24+00:00","dateModified":"2018-03-06T17:22:36+00:00","breadcrumb":{"@id":"https:\/\/www.parrinst.com\/es\/products\/non-stirred-pressure-vessels\/relief-valves\/#breadcrumb"},"inLanguage":"en-US","potentialAction":[{"@type":"ReadAction","target":["https:\/\/www.parrinst.com\/es\/products\/non-stirred-pressure-vessels\/relief-valves\/"]}]},{"@type":"ImageObject","inLanguage":"en-US","@id":"https:\/\/www.parrinst.com\/es\/products\/non-stirred-pressure-vessels\/relief-valves\/#primaryimage","url":"https:\/\/i0.wp.com\/www.parrinst.com\/es\/wp-content\/uploads\/sites\/7\/2018\/01\/parr_banner_non-stirred_secondary.jpg?fit=2200%2C399&ssl=1","contentUrl":"https:\/\/i0.wp.com\/www.parrinst.com\/es\/wp-content\/uploads\/sites\/7\/2018\/01\/parr_banner_non-stirred_secondary.jpg?fit=2200%2C399&ssl=1","width":2200,"height":399},{"@type":"BreadcrumbList","@id":"https:\/\/www.parrinst.com\/es\/products\/non-stirred-pressure-vessels\/relief-valves\/#breadcrumb","itemListElement":[{"@type":"ListItem","position":1,"name":"Home","item":"https:\/\/www.parrinst.com\/es\/"},{"@type":"ListItem","position":2,"name":"Products","item":"https:\/\/www.parrinst.com\/es\/products\/"},{"@type":"ListItem","position":3,"name":"Recipientes a Presi\u00f3n Sin Agitaci\u00f3n","item":"https:\/\/www.parrinst.com\/es\/products\/non-stirred-pressure-vessels\/"},{"@type":"ListItem","position":4,"name":"V\u00e1lvulas de Alivio"}]},{"@type":"WebSite","@id":"https:\/\/www.parrinst.com\/es\/#website","url":"https:\/\/www.parrinst.com\/es\/","name":"Parr Instrument (Espa\u00f1ol)","description":"","potentialAction":[{"@type":"SearchAction","target":{"@type":"EntryPoint","urlTemplate":"https:\/\/www.parrinst.com\/es\/?s={search_term_string}"},"query-input":{"@type":"PropertyValueSpecification","valueRequired":true,"valueName":"search_term_string"}}],"inLanguage":"en-US"}]}},"jetpack_sharing_enabled":true,"_links":{"self":[{"href":"https:\/\/www.parrinst.com\/es\/wp-json\/wp\/v2\/pages\/5193","targetHints":{"allow":["GET"]}}],"collection":[{"href":"https:\/\/www.parrinst.com\/es\/wp-json\/wp\/v2\/pages"}],"about":[{"href":"https:\/\/www.parrinst.com\/es\/wp-json\/wp\/v2\/types\/page"}],"author":[{"embeddable":true,"href":"https:\/\/www.parrinst.com\/es\/wp-json\/wp\/v2\/users\/1"}],"replies":[{"embeddable":true,"href":"https:\/\/www.parrinst.com\/es\/wp-json\/wp\/v2\/comments?post=5193"}],"version-history":[{"count":4,"href":"https:\/\/www.parrinst.com\/es\/wp-json\/wp\/v2\/pages\/5193\/revisions"}],"predecessor-version":[{"id":38163,"href":"https:\/\/www.parrinst.com\/es\/wp-json\/wp\/v2\/pages\/5193\/revisions\/38163"}],"up":[{"embeddable":true,"href":"https:\/\/www.parrinst.com\/es\/wp-json\/wp\/v2\/pages\/77"}],"wp:featuredmedia":[{"embeddable":true,"href":"https:\/\/www.parrinst.com\/es\/wp-json\/wp\/v2\/media\/37721"}],"wp:attachment":[{"href":"https:\/\/www.parrinst.com\/es\/wp-json\/wp\/v2\/media?parent=5193"}],"curies":[{"name":"wp","href":"https:\/\/api.w.org\/{rel}","templated":true}]}}