{"id":5206,"date":"2011-07-24T16:38:24","date_gmt":"2011-07-24T21:38:24","guid":{"rendered":"https:\/\/www.parrinst.com\/?page_id=5206"},"modified":"2024-09-09T11:20:36","modified_gmt":"2024-09-09T16:20:36","slug":"gaskets-seals","status":"publish","type":"page","link":"https:\/\/www.parrinst.com\/es\/products\/non-stirred-pressure-vessels\/gaskets-seals\/","title":{"rendered":"Juntas y Sellos"},"content":{"rendered":"<p><strong>Hay cuatro tipos diferentes de materiales de junta<\/strong> para el sello de la cabeza principal de los reactores Parr y recipientes a presi\u00f3n, cada uno con sus propias ventajas y limitaciones. Adiciones recientes que han ampliado las opciones del usuario al seleccionar un cierre y el material de la junta para las condiciones de funcionamiento previstas.<\/p>\n<hr \/>\n<figure id=\"attachment_3759\" aria-describedby=\"caption-attachment-3759\" style=\"width: 150px\" class=\"wp-caption alignright\"><a href=\"https:\/\/i0.wp.com\/www.parrinst.com\/es\/wp-content\/uploads\/2011\/06\/Gasket_flat_Teflon.jpg?ssl=1\"><img data-recalc-dims=\"1\" loading=\"lazy\" decoding=\"async\" class=\"size-thumbnail wp-image-3759 \" src=\"https:\/\/i0.wp.com\/www.parrinst.com\/wp-content\/uploads\/2011\/06\/Gasket_flat_Teflon-150x150.jpg?resize=150%2C150&#038;ssl=1\" alt=\"Junta Plana\" width=\"150\" height=\"150\" srcset=\"https:\/\/i0.wp.com\/www.parrinst.com\/es\/wp-content\/uploads\/sites\/7\/2011\/06\/Gasket_flat_Teflon.jpg?resize=150%2C150&amp;ssl=1 150w, https:\/\/i0.wp.com\/www.parrinst.com\/es\/wp-content\/uploads\/sites\/7\/2011\/06\/Gasket_flat_Teflon.jpg?resize=300%2C300&amp;ssl=1 300w, https:\/\/i0.wp.com\/www.parrinst.com\/es\/wp-content\/uploads\/sites\/7\/2011\/06\/Gasket_flat_Teflon.jpg?w=600&amp;ssl=1 600w\" sizes=\"auto, (max-width: 150px) 100vw, 150px\" \/><\/a><figcaption id=\"caption-attachment-3759\" class=\"wp-caption-text\">Junta Plana<\/figcaption><\/figure>\n<h3>Juntas Planas de PTFE confinadas y contenidas para temperaturas hasta 350 \u00b0C<\/h3>\n<p>La tradicional y mas popular junta de cabeza principal de los recipientes Parr es una junta plana hecha de un fl\u00faoro pol\u00edmero PTFE. En los cierres de junta plana Parr, la junta se mantiene en un receso en la tapa del recipiente. El borde de acoplamiento en el cilindro cierra el receso, dejando la junta totalmente confinada con s\u00f3lo un peque\u00f1o borde interior expuesto a los reactivos del recipiente. Esta combinaci\u00f3n de contenci\u00f3n completa de junta y las propiedades excepcionales de los materiales PTFE producen un cierre confiable para trabajar a temperaturas hasta 350 \u00b0C.<\/p>\n<p>Las juntas planas contenidas requieren una presi\u00f3n de carga inicial para desarrollar y mantener un sello herm\u00e9tico. En los dise\u00f1os de Parr, se produce al apretar un anillo con tornillos en una tapa de abrazadera de anillo partido. Afortunadamente el PTFE es ligeramente &#8220;pl\u00e1stico&#8221; y fluir\u00e1 bajo presi\u00f3n, produciendo un sello que mejora con cada uso cuando la junta es forzada a las caras de la cabeza y cilindro. Tambi\u00e9n es un sello muy tolerante que no requiere atenci\u00f3n especial para lograr una carga uniforme, lo cual es esencial cuando se trabaja con un metal o cualquier otro material no pl\u00e1stico de junta.<\/p>\n<p>Una ventaja igualmente importante de las juntas PTFE es su resistencia qu\u00edmica esencialmente universal.<\/p>\n<hr \/>\n<figure id=\"attachment_3768\" aria-describedby=\"caption-attachment-3768\" style=\"width: 150px\" class=\"wp-caption alignright\"><a href=\"https:\/\/i0.wp.com\/www.parrinst.com\/es\/wp-content\/uploads\/2011\/06\/O-Ring-Seal_FKM.jpg?ssl=1\"><img data-recalc-dims=\"1\" loading=\"lazy\" decoding=\"async\" class=\"size-thumbnail wp-image-3768 \" src=\"https:\/\/i0.wp.com\/www.parrinst.com\/wp-content\/uploads\/2011\/06\/O-Ring-Seal_FKM-150x150.jpg?resize=150%2C150&#038;ssl=1\" alt=\"junta t\u00f3rica Autosellado\" width=\"150\" height=\"150\" srcset=\"https:\/\/i0.wp.com\/www.parrinst.com\/es\/wp-content\/uploads\/sites\/7\/2011\/06\/O-Ring-Seal_FKM.jpg?resize=150%2C150&amp;ssl=1 150w, https:\/\/i0.wp.com\/www.parrinst.com\/es\/wp-content\/uploads\/sites\/7\/2011\/06\/O-Ring-Seal_FKM.jpg?resize=300%2C300&amp;ssl=1 300w, https:\/\/i0.wp.com\/www.parrinst.com\/es\/wp-content\/uploads\/sites\/7\/2011\/06\/O-Ring-Seal_FKM.jpg?w=600&amp;ssl=1 600w\" sizes=\"auto, (max-width: 150px) 100vw, 150px\" \/><\/a><figcaption id=\"caption-attachment-3768\" class=\"wp-caption-text\">junta t\u00f3rica Autosellado<\/figcaption><\/figure>\n<h3>Junta T\u00f3rica de Autosellado<\/h3>\n<p>Parr ha ampliado su oferta de reactores y recipientes con cierres de junta t\u00f3rica auto-sellado. En estos dise\u00f1os la fuerza de sellado en la junta es desarrollada a partir de la presi\u00f3n dentro del propio recipiente, eliminando la necesidad de tornillos en el anillo partido para pre-cargar la junta. En estos cierres de auto-sellado las secciones de anillos partidos, simplemente bloquean la cabeza y cilindro juntos.<\/p>\n<p>Los usuarios que seleccionen el dise\u00f1o de junta t\u00f3rica auto-sellado deben tener en cuenta dos caracter\u00edsticas importantes de los materiales elastom\u00e9ricos. En primer lugar, no van a soportar temperaturas de operaci\u00f3n tan altas como las juntas PTFE. En segundo lugar, ninguno de estos materiales ofrece la resistencia qu\u00edmica universal de pol\u00edmeros PTFE. La resistencia qu\u00edmica es especialmente importante ya que las juntas t\u00f3ricas est\u00e1n directamente expuestos a los contenidos del recipiente. Aunque hay muchos materiales disponibles de junta t\u00f3ricas , las opciones reales se reducen a dos: Junta t\u00f3rica de Fluoroelast\u00f3mero (FKM), como Viton, son la primera opci\u00f3n para los cierres auto-sellados Parr, tienen buena resistencia qu\u00edmica y una temperatura de trabajo hasta 225 \u00b0C. Juntas t\u00f3ricas de Perfluoroelast\u00f3mero (FFKM), tales como Kalrez, tienen una resistencia qu\u00edmica extremadamente amplia y pueden ser usados a temperaturas de trabajo hasta 275 \u00b0C. Desafortunadamente, este material deber\u00eda ser considerado como &#8220;ex\u00f3tico&#8221;, ya que cuesta aproximadamente 80 veces m\u00e1s que una junta t\u00f3rica de FKM. Y aunque elevar\u00e1 la temperatura de trabajo permisible a 275 \u00b0C, como una cuesti\u00f3n pr\u00e1ctica, para los usuarios que deseen trabajar en este nivel de temperatura ser\u00eda aconsejable elegir un cierre con una junta plana de PTFE y un l\u00edmite de 350 \u00b0C de temperatura. Otras Juntas t\u00f3ricas de materiales ex\u00f3ticos est\u00e1n disponibles y hay materiales a precio econ\u00f3mico, como etileno-propileno que tienen resistencia a algunos materiales que causan falla al FKM, con s\u00f3lo peque\u00f1os sacrificios en las temperaturas de operaci\u00f3n.<\/p>\n<hr \/>\n<figure id=\"attachment_3758\" aria-describedby=\"caption-attachment-3758\" style=\"width: 150px\" class=\"wp-caption alignright\"><a href=\"https:\/\/i0.wp.com\/www.parrinst.com\/es\/wp-content\/uploads\/2011\/06\/Gasket_contained-flat_Grafoil.jpg?ssl=1\"><img data-recalc-dims=\"1\" loading=\"lazy\" decoding=\"async\" class=\"size-thumbnail wp-image-3758 \" src=\"https:\/\/i0.wp.com\/www.parrinst.com\/wp-content\/uploads\/2011\/06\/Gasket_contained-flat_Grafoil-150x150.jpg?resize=150%2C150&#038;ssl=1\" alt=\"Junta Plana, Contenida de Grafoil\" width=\"150\" height=\"150\" srcset=\"https:\/\/i0.wp.com\/www.parrinst.com\/es\/wp-content\/uploads\/sites\/7\/2011\/06\/Gasket_contained-flat_Grafoil.jpg?resize=150%2C150&amp;ssl=1 150w, https:\/\/i0.wp.com\/www.parrinst.com\/es\/wp-content\/uploads\/sites\/7\/2011\/06\/Gasket_contained-flat_Grafoil.jpg?resize=300%2C300&amp;ssl=1 300w, https:\/\/i0.wp.com\/www.parrinst.com\/es\/wp-content\/uploads\/sites\/7\/2011\/06\/Gasket_contained-flat_Grafoil.jpg?w=600&amp;ssl=1 600w\" sizes=\"auto, (max-width: 150px) 100vw, 150px\" \/><\/a><figcaption id=\"caption-attachment-3758\" class=\"wp-caption-text\">Junta Plana, Contenida de Grafoil<\/figcaption><\/figure>\n<p>&nbsp;<\/p>\n<h3>Juntas Planas de Grafito Flexible Contenidas para Temperaturas hasta 600 \u00b0C<\/h3>\n<p>Para temperaturas de funcionamiento superiores a 350 \u00b0C, Parr utiliza una forma flexible de grafito, llamada Grafoil<sup>\u00ae<\/sup>, que ha demostrado ser un excelente material de sellado a alta temperatura. Se compone de capas flexibles de grafito unidas para producir una junta que es casi tan f\u00e1cil de sellar como una junta plana PTFE, pero con un intervalo de temperatura casi ilimitado y una excelente resistencia qu\u00edmica.<\/p>\n<p>Parr ha modificado todos sus dise\u00f1os est\u00e1ndar para aceptar una junta plana Grafoil siempre que se requieran temperaturas de operaci\u00f3n superiores a 350 \u00b0C, remplazando a las juntas de metal usadas anteriormente para altas temperaturas. Estas juntas de grafito flexible se mantienen en ranuras iguales a las utilizadas por las juntas PTFE y selladas con los mismos cierres de anillo partido. Esto hace que sea posible sustituir por una junta PTFE cada vez que el recipiente se use a temperaturas por debajo de 350 \u00b0C. Las juntas Grafoil son reutilizables, pero su vida \u00fatil es m\u00e1s corta que la de una junta PTFE.<\/p>\n<hr \/>\n<figure id=\"attachment_3760\" aria-describedby=\"caption-attachment-3760\" style=\"width: 150px\" class=\"wp-caption alignright\"><a href=\"https:\/\/i0.wp.com\/www.parrinst.com\/es\/wp-content\/uploads\/2011\/06\/Gasket_high-pressure_metal.jpg?ssl=1\"><img data-recalc-dims=\"1\" loading=\"lazy\" decoding=\"async\" class=\"wp-image-3760 size-thumbnail\" src=\"https:\/\/i0.wp.com\/www.parrinst.com\/es\/wp-content\/uploads\/sites\/7\/2011\/06\/Gasket_high-pressure_metal.jpg?resize=150%2C150&#038;ssl=1\" alt=\"Junta Met\u00e1lica para Alta Temperatura\" width=\"150\" height=\"150\" srcset=\"https:\/\/i0.wp.com\/www.parrinst.com\/es\/wp-content\/uploads\/sites\/7\/2011\/06\/Gasket_high-pressure_metal.jpg?resize=150%2C150&amp;ssl=1 150w, https:\/\/i0.wp.com\/www.parrinst.com\/es\/wp-content\/uploads\/sites\/7\/2011\/06\/Gasket_high-pressure_metal.jpg?resize=300%2C300&amp;ssl=1 300w, https:\/\/i0.wp.com\/www.parrinst.com\/es\/wp-content\/uploads\/sites\/7\/2011\/06\/Gasket_high-pressure_metal.jpg?w=600&amp;ssl=1 600w\" sizes=\"auto, (max-width: 150px) 100vw, 150px\" \/><\/a><figcaption id=\"caption-attachment-3760\" class=\"wp-caption-text\">Junta Met\u00e1lica para Alta Temperatura<\/figcaption><\/figure>\n<h3>Juntas Met\u00e1licas<\/h3>\n<p>Las juntas met\u00e1licas han sido tradicionalmente las \u00fanicas juntas disponibles para usarse a temperaturas superiores a 350 \u00b0C. Parr tiene dise\u00f1os para juntas de diamante de metal de secci\u00f3n transversal que pueden ser equipadas para aplicaciones especiales, pero le recomendamos las juntas de grafito flexibles descritas anteriormente para la mayor\u00eda de las aplicaciones.<\/p>\n<p>&nbsp;<\/p>\n<p>&nbsp;<\/p>\n<p>&nbsp;<\/p>\n<hr \/>\n<table class=\"nostyle\">\n<tbody>\n<tr>\n<td>\n<h3>Marcas Comerciales de Materiales de Sellado<\/h3>\n<p>Una serie de materiales de junta han dominado tanto las categor\u00edas de sus productos, que sus nombres comerciales se han convertido en m\u00e1s comunes que la designaci\u00f3n del material en s\u00ed. En un intento de respetar el valor de estos nombres comerciales y su uso adecuado y reducir al m\u00ednimo nuestras descripciones, hemos adoptado las siguientes descripciones gen\u00e9ricas de materiales y denominaciones para su uso en este cat\u00e1logo. Cuando est\u00e1 disponible, seleccionamos la designaci\u00f3n ASTM del material.<\/p>\n<table class=\"GeneralTable\">\n<tbody>\n<tr class=\"GeneralTable-DarkBlue\">\n<td>Nombre Com\u00fan o Comercial<\/td>\n<td>Material<\/td>\n<td>Designaci\u00f3n<\/td>\n<\/tr>\n<tr>\n<td>Viton<sup>\u00ae<\/sup><\/td>\n<td>fluoroelast\u00f3mero<\/td>\n<td>FKM<\/td>\n<\/tr>\n<tr class=\"GeneralTable-LightBlue\">\n<td>Kalrez<sup>\u00ae<\/sup><\/td>\n<td>perfluoroelast\u00f3mero<\/td>\n<td>FFKM<\/td>\n<\/tr>\n<tr>\n<td>Teflon<sup>\u00ae<\/sup><\/td>\n<td>pol\u00edmero de tetrafluoroetileno<\/td>\n<td>PTFE<\/td>\n<\/tr>\n<tr class=\"GeneralTable-LightBlue\">\n<td>Grafoil<sup>\u00ae<\/sup><\/td>\n<td>grafito flexible<\/td>\n<td>FG<\/td>\n<\/tr>\n<\/tbody>\n<\/table>\n<\/td>\n<\/tr>\n<\/tbody>\n<\/table>\n<p>Viton<sup>\u00ae<\/sup>, Kalrez<sup>\u00ae<\/sup>, y Teflon<sup>\u00ae<\/sup> son marcas registradas de DuPont Dow Elastomers.<br \/>\nGrafoil<sup>\u00ae<\/sup> es una marca registrada de UCAR Carbon Co.Inc.<\/p>\n","protected":false},"excerpt":{"rendered":"<p>Hay cuatro tipos diferentes de materiales de junta para el sello de la cabeza principal de los reactores Parr y recipientes a presi\u00f3n, cada uno con sus propias ventajas y limitaciones. Adiciones recientes que han ampliado las opciones del usuario al seleccionar un cierre y el material de la junta para las condiciones de funcionamiento [&hellip;]<\/p>\n","protected":false},"author":1,"featured_media":37721,"parent":77,"menu_order":0,"comment_status":"closed","ping_status":"closed","template":"product-narrow.php","meta":{"_acf_changed":false,"footnotes":"","_links_to":"","_links_to_target":""},"class_list":["post-5206","page","type-page","status-publish","has-post-thumbnail","hentry"],"acf":[],"yoast_head":"<!-- This site is optimized with the Yoast SEO plugin v27.4 - https:\/\/yoast.com\/product\/yoast-seo-wordpress\/ -->\n<title>Juntas y Sellos - Parr Instrument (Espa\u00f1ol)<\/title>\n<meta name=\"robots\" content=\"index, follow, max-snippet:-1, max-image-preview:large, max-video-preview:-1\" \/>\n<link rel=\"canonical\" href=\"https:\/\/www.parrinst.com\/es\/products\/non-stirred-pressure-vessels\/gaskets-seals\/\" \/>\n<meta property=\"og:locale\" content=\"en_US\" \/>\n<meta property=\"og:type\" content=\"article\" \/>\n<meta property=\"og:title\" content=\"Juntas y Sellos - Parr Instrument (Espa\u00f1ol)\" \/>\n<meta property=\"og:description\" content=\"Hay cuatro tipos diferentes de materiales de junta para el sello de la cabeza principal de los reactores Parr y recipientes a presi\u00f3n, cada uno con sus propias ventajas y limitaciones. Adiciones recientes que han ampliado las opciones del usuario al seleccionar un cierre y el material de la junta para las condiciones de funcionamiento [&hellip;]\" \/>\n<meta property=\"og:url\" content=\"https:\/\/www.parrinst.com\/es\/products\/non-stirred-pressure-vessels\/gaskets-seals\/\" \/>\n<meta property=\"og:site_name\" content=\"Parr Instrument (Espa\u00f1ol)\" \/>\n<meta property=\"article:modified_time\" content=\"2024-09-09T16:20:36+00:00\" \/>\n<meta property=\"og:image\" content=\"https:\/\/www.parrinst.com\/es\/files\/2018\/01\/parr_banner_non-stirred_secondary.jpg\" \/>\n\t<meta property=\"og:image:width\" content=\"2200\" \/>\n\t<meta property=\"og:image:height\" content=\"399\" \/>\n\t<meta property=\"og:image:type\" content=\"image\/jpeg\" \/>\n<meta name=\"twitter:card\" content=\"summary_large_image\" \/>\n<meta name=\"twitter:label1\" content=\"Est. reading time\" \/>\n\t<meta name=\"twitter:data1\" content=\"6 minutes\" \/>\n<script type=\"application\/ld+json\" class=\"yoast-schema-graph\">{\"@context\":\"https:\\\/\\\/schema.org\",\"@graph\":[{\"@type\":\"WebPage\",\"@id\":\"https:\\\/\\\/www.parrinst.com\\\/es\\\/products\\\/non-stirred-pressure-vessels\\\/gaskets-seals\\\/\",\"url\":\"https:\\\/\\\/www.parrinst.com\\\/es\\\/products\\\/non-stirred-pressure-vessels\\\/gaskets-seals\\\/\",\"name\":\"Juntas y Sellos - Parr Instrument (Espa\u00f1ol)\",\"isPartOf\":{\"@id\":\"https:\\\/\\\/www.parrinst.com\\\/es\\\/#website\"},\"primaryImageOfPage\":{\"@id\":\"https:\\\/\\\/www.parrinst.com\\\/es\\\/products\\\/non-stirred-pressure-vessels\\\/gaskets-seals\\\/#primaryimage\"},\"image\":{\"@id\":\"https:\\\/\\\/www.parrinst.com\\\/es\\\/products\\\/non-stirred-pressure-vessels\\\/gaskets-seals\\\/#primaryimage\"},\"thumbnailUrl\":\"https:\\\/\\\/i0.wp.com\\\/www.parrinst.com\\\/es\\\/wp-content\\\/uploads\\\/sites\\\/7\\\/2018\\\/01\\\/parr_banner_non-stirred_secondary.jpg?fit=2200%2C399&ssl=1\",\"datePublished\":\"2011-07-24T21:38:24+00:00\",\"dateModified\":\"2024-09-09T16:20:36+00:00\",\"breadcrumb\":{\"@id\":\"https:\\\/\\\/www.parrinst.com\\\/es\\\/products\\\/non-stirred-pressure-vessels\\\/gaskets-seals\\\/#breadcrumb\"},\"inLanguage\":\"en-US\",\"potentialAction\":[{\"@type\":\"ReadAction\",\"target\":[\"https:\\\/\\\/www.parrinst.com\\\/es\\\/products\\\/non-stirred-pressure-vessels\\\/gaskets-seals\\\/\"]}]},{\"@type\":\"ImageObject\",\"inLanguage\":\"en-US\",\"@id\":\"https:\\\/\\\/www.parrinst.com\\\/es\\\/products\\\/non-stirred-pressure-vessels\\\/gaskets-seals\\\/#primaryimage\",\"url\":\"https:\\\/\\\/i0.wp.com\\\/www.parrinst.com\\\/es\\\/wp-content\\\/uploads\\\/sites\\\/7\\\/2018\\\/01\\\/parr_banner_non-stirred_secondary.jpg?fit=2200%2C399&ssl=1\",\"contentUrl\":\"https:\\\/\\\/i0.wp.com\\\/www.parrinst.com\\\/es\\\/wp-content\\\/uploads\\\/sites\\\/7\\\/2018\\\/01\\\/parr_banner_non-stirred_secondary.jpg?fit=2200%2C399&ssl=1\",\"width\":2200,\"height\":399},{\"@type\":\"BreadcrumbList\",\"@id\":\"https:\\\/\\\/www.parrinst.com\\\/es\\\/products\\\/non-stirred-pressure-vessels\\\/gaskets-seals\\\/#breadcrumb\",\"itemListElement\":[{\"@type\":\"ListItem\",\"position\":1,\"name\":\"Home\",\"item\":\"https:\\\/\\\/www.parrinst.com\\\/es\\\/\"},{\"@type\":\"ListItem\",\"position\":2,\"name\":\"Products\",\"item\":\"https:\\\/\\\/www.parrinst.com\\\/es\\\/products\\\/\"},{\"@type\":\"ListItem\",\"position\":3,\"name\":\"Recipientes a Presi\u00f3n Sin Agitaci\u00f3n\",\"item\":\"https:\\\/\\\/www.parrinst.com\\\/es\\\/products\\\/non-stirred-pressure-vessels\\\/\"},{\"@type\":\"ListItem\",\"position\":4,\"name\":\"Juntas y Sellos\"}]},{\"@type\":\"WebSite\",\"@id\":\"https:\\\/\\\/www.parrinst.com\\\/es\\\/#website\",\"url\":\"https:\\\/\\\/www.parrinst.com\\\/es\\\/\",\"name\":\"Parr Instrument (Espa\u00f1ol)\",\"description\":\"\",\"potentialAction\":[{\"@type\":\"SearchAction\",\"target\":{\"@type\":\"EntryPoint\",\"urlTemplate\":\"https:\\\/\\\/www.parrinst.com\\\/es\\\/?s={search_term_string}\"},\"query-input\":{\"@type\":\"PropertyValueSpecification\",\"valueRequired\":true,\"valueName\":\"search_term_string\"}}],\"inLanguage\":\"en-US\"}]}<\/script>\n<!-- \/ Yoast SEO plugin. -->","yoast_head_json":{"title":"Juntas y Sellos - Parr Instrument (Espa\u00f1ol)","robots":{"index":"index","follow":"follow","max-snippet":"max-snippet:-1","max-image-preview":"max-image-preview:large","max-video-preview":"max-video-preview:-1"},"canonical":"https:\/\/www.parrinst.com\/es\/products\/non-stirred-pressure-vessels\/gaskets-seals\/","og_locale":"en_US","og_type":"article","og_title":"Juntas y Sellos - Parr Instrument (Espa\u00f1ol)","og_description":"Hay cuatro tipos diferentes de materiales de junta para el sello de la cabeza principal de los reactores Parr y recipientes a presi\u00f3n, cada uno con sus propias ventajas y limitaciones. Adiciones recientes que han ampliado las opciones del usuario al seleccionar un cierre y el material de la junta para las condiciones de funcionamiento [&hellip;]","og_url":"https:\/\/www.parrinst.com\/es\/products\/non-stirred-pressure-vessels\/gaskets-seals\/","og_site_name":"Parr Instrument (Espa\u00f1ol)","article_modified_time":"2024-09-09T16:20:36+00:00","og_image":[{"width":2200,"height":399,"url":"https:\/\/www.parrinst.com\/es\/files\/2018\/01\/parr_banner_non-stirred_secondary.jpg","type":"image\/jpeg"}],"twitter_card":"summary_large_image","twitter_misc":{"Est. reading time":"6 minutes"},"schema":{"@context":"https:\/\/schema.org","@graph":[{"@type":"WebPage","@id":"https:\/\/www.parrinst.com\/es\/products\/non-stirred-pressure-vessels\/gaskets-seals\/","url":"https:\/\/www.parrinst.com\/es\/products\/non-stirred-pressure-vessels\/gaskets-seals\/","name":"Juntas y Sellos - Parr Instrument (Espa\u00f1ol)","isPartOf":{"@id":"https:\/\/www.parrinst.com\/es\/#website"},"primaryImageOfPage":{"@id":"https:\/\/www.parrinst.com\/es\/products\/non-stirred-pressure-vessels\/gaskets-seals\/#primaryimage"},"image":{"@id":"https:\/\/www.parrinst.com\/es\/products\/non-stirred-pressure-vessels\/gaskets-seals\/#primaryimage"},"thumbnailUrl":"https:\/\/i0.wp.com\/www.parrinst.com\/es\/wp-content\/uploads\/sites\/7\/2018\/01\/parr_banner_non-stirred_secondary.jpg?fit=2200%2C399&ssl=1","datePublished":"2011-07-24T21:38:24+00:00","dateModified":"2024-09-09T16:20:36+00:00","breadcrumb":{"@id":"https:\/\/www.parrinst.com\/es\/products\/non-stirred-pressure-vessels\/gaskets-seals\/#breadcrumb"},"inLanguage":"en-US","potentialAction":[{"@type":"ReadAction","target":["https:\/\/www.parrinst.com\/es\/products\/non-stirred-pressure-vessels\/gaskets-seals\/"]}]},{"@type":"ImageObject","inLanguage":"en-US","@id":"https:\/\/www.parrinst.com\/es\/products\/non-stirred-pressure-vessels\/gaskets-seals\/#primaryimage","url":"https:\/\/i0.wp.com\/www.parrinst.com\/es\/wp-content\/uploads\/sites\/7\/2018\/01\/parr_banner_non-stirred_secondary.jpg?fit=2200%2C399&ssl=1","contentUrl":"https:\/\/i0.wp.com\/www.parrinst.com\/es\/wp-content\/uploads\/sites\/7\/2018\/01\/parr_banner_non-stirred_secondary.jpg?fit=2200%2C399&ssl=1","width":2200,"height":399},{"@type":"BreadcrumbList","@id":"https:\/\/www.parrinst.com\/es\/products\/non-stirred-pressure-vessels\/gaskets-seals\/#breadcrumb","itemListElement":[{"@type":"ListItem","position":1,"name":"Home","item":"https:\/\/www.parrinst.com\/es\/"},{"@type":"ListItem","position":2,"name":"Products","item":"https:\/\/www.parrinst.com\/es\/products\/"},{"@type":"ListItem","position":3,"name":"Recipientes a Presi\u00f3n Sin Agitaci\u00f3n","item":"https:\/\/www.parrinst.com\/es\/products\/non-stirred-pressure-vessels\/"},{"@type":"ListItem","position":4,"name":"Juntas y Sellos"}]},{"@type":"WebSite","@id":"https:\/\/www.parrinst.com\/es\/#website","url":"https:\/\/www.parrinst.com\/es\/","name":"Parr Instrument (Espa\u00f1ol)","description":"","potentialAction":[{"@type":"SearchAction","target":{"@type":"EntryPoint","urlTemplate":"https:\/\/www.parrinst.com\/es\/?s={search_term_string}"},"query-input":{"@type":"PropertyValueSpecification","valueRequired":true,"valueName":"search_term_string"}}],"inLanguage":"en-US"}]}},"jetpack_sharing_enabled":true,"_links":{"self":[{"href":"https:\/\/www.parrinst.com\/es\/wp-json\/wp\/v2\/pages\/5206","targetHints":{"allow":["GET"]}}],"collection":[{"href":"https:\/\/www.parrinst.com\/es\/wp-json\/wp\/v2\/pages"}],"about":[{"href":"https:\/\/www.parrinst.com\/es\/wp-json\/wp\/v2\/types\/page"}],"author":[{"embeddable":true,"href":"https:\/\/www.parrinst.com\/es\/wp-json\/wp\/v2\/users\/1"}],"replies":[{"embeddable":true,"href":"https:\/\/www.parrinst.com\/es\/wp-json\/wp\/v2\/comments?post=5206"}],"version-history":[{"count":1,"href":"https:\/\/www.parrinst.com\/es\/wp-json\/wp\/v2\/pages\/5206\/revisions"}],"predecessor-version":[{"id":40987,"href":"https:\/\/www.parrinst.com\/es\/wp-json\/wp\/v2\/pages\/5206\/revisions\/40987"}],"up":[{"embeddable":true,"href":"https:\/\/www.parrinst.com\/es\/wp-json\/wp\/v2\/pages\/77"}],"wp:featuredmedia":[{"embeddable":true,"href":"https:\/\/www.parrinst.com\/es\/wp-json\/wp\/v2\/media\/37721"}],"wp:attachment":[{"href":"https:\/\/www.parrinst.com\/es\/wp-json\/wp\/v2\/media?parent=5206"}],"curies":[{"name":"wp","href":"https:\/\/api.w.org\/{rel}","templated":true}]}}