{"id":5220,"date":"2011-07-24T16:45:27","date_gmt":"2011-07-24T21:45:27","guid":{"rendered":"https:\/\/www.parrinst.com\/?page_id=5220"},"modified":"2019-04-23T11:20:53","modified_gmt":"2019-04-23T16:20:53","slug":"pressure-gages","status":"publish","type":"page","link":"https:\/\/www.parrinst.com\/es\/products\/non-stirred-pressure-vessels\/pressure-gages\/","title":{"rendered":"Pressure Gages"},"content":{"rendered":"\n\t\t\t<div id='5220-1' class='gallery gallery-5220 gallery-columns-3 gallery-size-medium' itemscope itemtype='http:\/\/schema.org\/ImageGallery'>\n\t\t\t\t<div class='gallery-row gallery-col-3 gallery-clear'>\n\t\t\t\t\t<figure class='gallery-item col-3' itemprop='associatedMedia' itemscope itemtype='http:\/\/schema.org\/ImageObject'>\n\t\t\t\t\t\t<div class='gallery-icon landscape'><a href=\"https:\/\/i0.wp.com\/www.parrinst.com\/es\/wp-content\/uploads\/sites\/7\/2011\/06\/56HCPF_gage-1.jpg?ssl=1\" itemprop=\"contentURL\"><img loading=\"lazy\" decoding=\"async\" width=\"300\" height=\"300\" src=\"https:\/\/i0.wp.com\/www.parrinst.com\/es\/wp-content\/uploads\/sites\/7\/2011\/06\/56HCPF_gage-1.jpg?fit=300%2C300&amp;ssl=1\" class=\"attachment-medium size-medium\" alt=\"56HCPF Gage, 4-1\/2&quot; Dia.\" srcset=\"https:\/\/i0.wp.com\/www.parrinst.com\/es\/wp-content\/uploads\/sites\/7\/2011\/06\/56HCPF_gage-1.jpg?w=600&amp;ssl=1 600w, https:\/\/i0.wp.com\/www.parrinst.com\/es\/wp-content\/uploads\/sites\/7\/2011\/06\/56HCPF_gage-1.jpg?resize=150%2C150&amp;ssl=1 150w, https:\/\/i0.wp.com\/www.parrinst.com\/es\/wp-content\/uploads\/sites\/7\/2011\/06\/56HCPF_gage-1.jpg?resize=300%2C300&amp;ssl=1 300w\" sizes=\"auto, (max-width: 300px) 100vw, 300px\" itemprop=\"thumbnail\" \/><\/a><\/div>\n\t\t\t\t\t<\/figure>\n\t\t\t\t\t<figure class='gallery-item col-3' itemprop='associatedMedia' itemscope itemtype='http:\/\/schema.org\/ImageObject'>\n\t\t\t\t\t\t<div class='gallery-icon landscape'><a href=\"https:\/\/i0.wp.com\/www.parrinst.com\/es\/wp-content\/uploads\/sites\/7\/2011\/07\/593HCPF_Gage.jpg?ssl=1\" itemprop=\"contentURL\"><img loading=\"lazy\" decoding=\"async\" width=\"300\" height=\"300\" src=\"https:\/\/i0.wp.com\/www.parrinst.com\/es\/wp-content\/uploads\/sites\/7\/2011\/07\/593HCPF_Gage.jpg?fit=300%2C300&amp;ssl=1\" class=\"attachment-medium size-medium\" alt=\"593HCPF 3-1\/2 inch Gage\" srcset=\"https:\/\/i0.wp.com\/www.parrinst.com\/es\/wp-content\/uploads\/sites\/7\/2011\/07\/593HCPF_Gage.jpg?w=600&amp;ssl=1 600w, https:\/\/i0.wp.com\/www.parrinst.com\/es\/wp-content\/uploads\/sites\/7\/2011\/07\/593HCPF_Gage.jpg?resize=150%2C150&amp;ssl=1 150w, https:\/\/i0.wp.com\/www.parrinst.com\/es\/wp-content\/uploads\/sites\/7\/2011\/07\/593HCPF_Gage.jpg?resize=300%2C300&amp;ssl=1 300w\" sizes=\"auto, (max-width: 300px) 100vw, 300px\" itemprop=\"thumbnail\" \/><\/a><\/div>\n\t\t\t\t\t<\/figure>\n\t\t\t\t\t<figure class='gallery-item col-3' itemprop='associatedMedia' itemscope itemtype='http:\/\/schema.org\/ImageObject'>\n\t\t\t\t\t\t<div class='gallery-icon landscape'><a href=\"https:\/\/i0.wp.com\/www.parrinst.com\/es\/wp-content\/uploads\/sites\/7\/2011\/07\/2633HCP10AD_back-mount-gage.jpg?ssl=1\" itemprop=\"contentURL\"><img loading=\"lazy\" decoding=\"async\" width=\"300\" height=\"300\" src=\"https:\/\/i0.wp.com\/www.parrinst.com\/es\/wp-content\/uploads\/sites\/7\/2011\/07\/2633HCP10AD_back-mount-gage.jpg?fit=300%2C300&amp;ssl=1\" class=\"attachment-medium size-medium\" alt=\"2633HCP10AD Gage Back Mount\" srcset=\"https:\/\/i0.wp.com\/www.parrinst.com\/es\/wp-content\/uploads\/sites\/7\/2011\/07\/2633HCP10AD_back-mount-gage.jpg?w=600&amp;ssl=1 600w, https:\/\/i0.wp.com\/www.parrinst.com\/es\/wp-content\/uploads\/sites\/7\/2011\/07\/2633HCP10AD_back-mount-gage.jpg?resize=150%2C150&amp;ssl=1 150w, https:\/\/i0.wp.com\/www.parrinst.com\/es\/wp-content\/uploads\/sites\/7\/2011\/07\/2633HCP10AD_back-mount-gage.jpg?resize=300%2C300&amp;ssl=1 300w\" sizes=\"auto, (max-width: 300px) 100vw, 300px\" itemprop=\"thumbnail\" \/><\/a><\/div>\n\t\t\t\t\t<\/figure>\n\t\t\t\t<\/div>\n\t\t\t<\/div><!-- .gallery -->\n\n<p><strong>Los Man\u00f3metros para recipientes a presi\u00f3n Parr<\/strong> se pueden suministrar con diales, ya sea, con 3-1\/2 \u00f3 4-1\/2 pulgadas en cualquiera de los rangos mostrados en la siguiente tabla. Todos cuentan con tubo de acero inoxidable Bourdon y conexiones macho 1\/4 pulg. NPT. Los man\u00f3metros de Aleaci\u00f3n 400 est\u00e1n disponibles bajo pedido especial. La precisi\u00f3n es de 0.5% de la escala completa para el tama\u00f1o de 4-1\/2 pulg. y 1% para los medidores de 3-1\/2 pulg.\u00a0Todos los man\u00f3metros est\u00e1ndares incluyen escala dual: con graduaci\u00f3n en psi y bares. Los man\u00f3metros en Pascal est\u00e1n disponibles bajo pedido especial. Man\u00f3metros compuestos, que muestran vac\u00edo a 30 pulg. de Mercurio y presiones positivas a 300 psi\/20 bar est\u00e1n tambi\u00e9n disponibles.<\/p>\n<p>Todos los man\u00f3metros est\u00e1ndares incluyen escala dual: con graduaci\u00f3n en psi y bares<\/p>\n<p>Al ordenar un man\u00f3metro especial, especifique el di\u00e1metro del man\u00f3metro, escala de unidades y rango deseados.<\/p>\n<p>El man\u00f3metro de un recipiente a presi\u00f3n debe ser el 150 por ciento de la presi\u00f3n m\u00e1xima de operaci\u00f3n. Esto permite que el man\u00f3metro opere en el intervalo de presi\u00f3n m\u00e1s preciso y evita que sea llevado a su rango completo, lo cual afectar\u00eda la calibraci\u00f3n.<\/p>\n<table class=\"GeneralTable\">\n<tbody>\n<tr>\n<td class=\"GeneralTable-DarkBlue\" colspan=\"5\">Man\u00f3metros<\/td>\n<\/tr>\n<tr>\n<td><strong>Presi\u00f3n Rango psi<\/strong><\/td>\n<td><strong>Presi\u00f3n Rango bar<\/strong><\/td>\n<td><strong>4-1\/2\u2033 Dia. Man\u00f3metro N\u00b0<\/strong><\/td>\n<td><strong>3-1\/2<strong>\u2033<\/strong> Dia. Man\u00f3metro N\u00b0<\/strong><\/td>\n<td><strong>3-1\/2<strong>\u2033<\/strong> Dia. Mont. Trasero Man\u00f3metro N\u00b0<\/strong><\/td>\n<\/tr>\n<tr class=\"GeneralTable-LightBlue\">\n<td>0-100<\/td>\n<td>0-14<\/td>\n<td>56HCPA<\/td>\n<td>593HCP1AD<\/td>\n<td>2633HCP1AD<\/td>\n<\/tr>\n<tr>\n<td>0-200<\/td>\n<td>0-28<\/td>\n<td>56HCPB<\/td>\n<td>593HCP2AD<\/td>\n<td>2633HCP2AD<\/td>\n<\/tr>\n<tr class=\"GeneralTable-LightBlue\">\n<td>0-600<\/td>\n<td>0-40<\/td>\n<td>56HCPC<\/td>\n<td>593HCP6AD<\/td>\n<td>2633HCP6AD<\/td>\n<\/tr>\n<tr>\n<td>0-1000<\/td>\n<td>0-70<\/td>\n<td>56HCPD<\/td>\n<td>593HCPD<\/td>\n<td>2633HCP10AD<\/td>\n<\/tr>\n<tr class=\"GeneralTable-LightBlue\">\n<td>0-2000<\/td>\n<td>0-140<\/td>\n<td>56HCPF<\/td>\n<td>593HCPF<\/td>\n<td>2633HCP20AD<\/td>\n<\/tr>\n<tr>\n<td>0-3000<\/td>\n<td>0-210<\/td>\n<td>56HCG<\/td>\n<td>593HCPG<\/td>\n<td>2633HCP30AD<\/td>\n<\/tr>\n<tr class=\"GeneralTable-LightBlue\">\n<td>0-4000<\/td>\n<td>0-280<\/td>\n<td>NA<\/td>\n<td>593HCP40AD<\/td>\n<td>\u2013<\/td>\n<\/tr>\n<tr>\n<td>0-5000<\/td>\n<td>0-350<\/td>\n<td>56HCPH<\/td>\n<td>593HC50AD<\/td>\n<td>\u2013<\/td>\n<\/tr>\n<tr class=\"GeneralTable-LightBlue\">\n<td>0-7500<\/td>\n<td>0-517<\/td>\n<td>56HCP75AD<\/td>\n<td>NA<\/td>\n<td>\u2013<\/td>\n<\/tr>\n<tr>\n<td>0-10000<\/td>\n<td>0-700<\/td>\n<td>56HCPK<\/td>\n<td>NA<\/td>\n<td>\u2013<\/td>\n<\/tr>\n<tr class=\"GeneralTable-LightBlue\">\n<td colspan=\"2\">30\u2033 Hg Vac\/300 psi<\/td>\n<td>56HCP3YB<\/td>\n<td>593HCP3YB<\/td>\n<td>2633HCP3YB<\/td>\n<\/tr>\n<\/tbody>\n<\/table>\n","protected":false},"excerpt":{"rendered":"<p>Los Man\u00f3metros para recipientes a presi\u00f3n Parr se pueden suministrar con diales, ya sea, con 3-1\/2 \u00f3 4-1\/2 pulgadas en cualquiera de los rangos mostrados en la siguiente tabla. Todos cuentan con tubo de acero inoxidable Bourdon y conexiones macho 1\/4 pulg. NPT. Los man\u00f3metros de Aleaci\u00f3n 400 est\u00e1n disponibles bajo pedido especial. La precisi\u00f3n [&hellip;]<\/p>\n","protected":false},"author":1,"featured_media":37721,"parent":77,"menu_order":0,"comment_status":"closed","ping_status":"closed","template":"product-narrow.php","meta":{"_acf_changed":false,"footnotes":"","_links_to":"","_links_to_target":""},"class_list":["post-5220","page","type-page","status-publish","has-post-thumbnail","hentry"],"acf":[],"yoast_head":"<!-- This site is optimized with the Yoast SEO plugin v27.5 - https:\/\/yoast.com\/product\/yoast-seo-wordpress\/ -->\n<title>Pressure Gages - Parr Instrument (Espa\u00f1ol)<\/title>\n<meta name=\"robots\" content=\"index, follow, max-snippet:-1, max-image-preview:large, max-video-preview:-1\" \/>\n<link rel=\"canonical\" href=\"https:\/\/www.parrinst.com\/es\/products\/non-stirred-pressure-vessels\/pressure-gages\/\" \/>\n<meta property=\"og:locale\" content=\"en_US\" \/>\n<meta property=\"og:type\" content=\"article\" \/>\n<meta property=\"og:title\" content=\"Pressure Gages - Parr Instrument (Espa\u00f1ol)\" \/>\n<meta property=\"og:description\" content=\"Los Man\u00f3metros para recipientes a presi\u00f3n Parr se pueden suministrar con diales, ya sea, con 3-1\/2 \u00f3 4-1\/2 pulgadas en cualquiera de los rangos mostrados en la siguiente tabla. Todos cuentan con tubo de acero inoxidable Bourdon y conexiones macho 1\/4 pulg. NPT. Los man\u00f3metros de Aleaci\u00f3n 400 est\u00e1n disponibles bajo pedido especial. La precisi\u00f3n [&hellip;]\" \/>\n<meta property=\"og:url\" content=\"https:\/\/www.parrinst.com\/es\/products\/non-stirred-pressure-vessels\/pressure-gages\/\" \/>\n<meta property=\"og:site_name\" content=\"Parr Instrument (Espa\u00f1ol)\" \/>\n<meta property=\"article:modified_time\" content=\"2019-04-23T16:20:53+00:00\" \/>\n<meta property=\"og:image\" content=\"https:\/\/www.parrinst.com\/es\/files\/2018\/01\/parr_banner_non-stirred_secondary.jpg\" \/>\n\t<meta property=\"og:image:width\" content=\"2200\" \/>\n\t<meta property=\"og:image:height\" content=\"399\" \/>\n\t<meta property=\"og:image:type\" content=\"image\/jpeg\" \/>\n<meta name=\"twitter:card\" content=\"summary_large_image\" \/>\n<meta name=\"twitter:label1\" content=\"Est. reading time\" \/>\n\t<meta name=\"twitter:data1\" content=\"2 minutes\" \/>\n<script type=\"application\/ld+json\" class=\"yoast-schema-graph\">{\"@context\":\"https:\\\/\\\/schema.org\",\"@graph\":[{\"@type\":\"WebPage\",\"@id\":\"https:\\\/\\\/www.parrinst.com\\\/es\\\/products\\\/non-stirred-pressure-vessels\\\/pressure-gages\\\/\",\"url\":\"https:\\\/\\\/www.parrinst.com\\\/es\\\/products\\\/non-stirred-pressure-vessels\\\/pressure-gages\\\/\",\"name\":\"Pressure Gages - Parr Instrument (Espa\u00f1ol)\",\"isPartOf\":{\"@id\":\"https:\\\/\\\/www.parrinst.com\\\/es\\\/#website\"},\"primaryImageOfPage\":{\"@id\":\"https:\\\/\\\/www.parrinst.com\\\/es\\\/products\\\/non-stirred-pressure-vessels\\\/pressure-gages\\\/#primaryimage\"},\"image\":{\"@id\":\"https:\\\/\\\/www.parrinst.com\\\/es\\\/products\\\/non-stirred-pressure-vessels\\\/pressure-gages\\\/#primaryimage\"},\"thumbnailUrl\":\"https:\\\/\\\/i0.wp.com\\\/www.parrinst.com\\\/es\\\/wp-content\\\/uploads\\\/sites\\\/7\\\/2018\\\/01\\\/parr_banner_non-stirred_secondary.jpg?fit=2200%2C399&ssl=1\",\"datePublished\":\"2011-07-24T21:45:27+00:00\",\"dateModified\":\"2019-04-23T16:20:53+00:00\",\"breadcrumb\":{\"@id\":\"https:\\\/\\\/www.parrinst.com\\\/es\\\/products\\\/non-stirred-pressure-vessels\\\/pressure-gages\\\/#breadcrumb\"},\"inLanguage\":\"en-US\",\"potentialAction\":[{\"@type\":\"ReadAction\",\"target\":[\"https:\\\/\\\/www.parrinst.com\\\/es\\\/products\\\/non-stirred-pressure-vessels\\\/pressure-gages\\\/\"]}]},{\"@type\":\"ImageObject\",\"inLanguage\":\"en-US\",\"@id\":\"https:\\\/\\\/www.parrinst.com\\\/es\\\/products\\\/non-stirred-pressure-vessels\\\/pressure-gages\\\/#primaryimage\",\"url\":\"https:\\\/\\\/i0.wp.com\\\/www.parrinst.com\\\/es\\\/wp-content\\\/uploads\\\/sites\\\/7\\\/2018\\\/01\\\/parr_banner_non-stirred_secondary.jpg?fit=2200%2C399&ssl=1\",\"contentUrl\":\"https:\\\/\\\/i0.wp.com\\\/www.parrinst.com\\\/es\\\/wp-content\\\/uploads\\\/sites\\\/7\\\/2018\\\/01\\\/parr_banner_non-stirred_secondary.jpg?fit=2200%2C399&ssl=1\",\"width\":2200,\"height\":399},{\"@type\":\"BreadcrumbList\",\"@id\":\"https:\\\/\\\/www.parrinst.com\\\/es\\\/products\\\/non-stirred-pressure-vessels\\\/pressure-gages\\\/#breadcrumb\",\"itemListElement\":[{\"@type\":\"ListItem\",\"position\":1,\"name\":\"Home\",\"item\":\"https:\\\/\\\/www.parrinst.com\\\/es\\\/\"},{\"@type\":\"ListItem\",\"position\":2,\"name\":\"Products\",\"item\":\"https:\\\/\\\/www.parrinst.com\\\/es\\\/products\\\/\"},{\"@type\":\"ListItem\",\"position\":3,\"name\":\"Recipientes a Presi\u00f3n Sin Agitaci\u00f3n\",\"item\":\"https:\\\/\\\/www.parrinst.com\\\/es\\\/products\\\/non-stirred-pressure-vessels\\\/\"},{\"@type\":\"ListItem\",\"position\":4,\"name\":\"Pressure Gages\"}]},{\"@type\":\"WebSite\",\"@id\":\"https:\\\/\\\/www.parrinst.com\\\/es\\\/#website\",\"url\":\"https:\\\/\\\/www.parrinst.com\\\/es\\\/\",\"name\":\"Parr Instrument (Espa\u00f1ol)\",\"description\":\"\",\"potentialAction\":[{\"@type\":\"SearchAction\",\"target\":{\"@type\":\"EntryPoint\",\"urlTemplate\":\"https:\\\/\\\/www.parrinst.com\\\/es\\\/?s={search_term_string}\"},\"query-input\":{\"@type\":\"PropertyValueSpecification\",\"valueRequired\":true,\"valueName\":\"search_term_string\"}}],\"inLanguage\":\"en-US\"}]}<\/script>\n<!-- \/ Yoast SEO plugin. -->","yoast_head_json":{"title":"Pressure Gages - Parr Instrument (Espa\u00f1ol)","robots":{"index":"index","follow":"follow","max-snippet":"max-snippet:-1","max-image-preview":"max-image-preview:large","max-video-preview":"max-video-preview:-1"},"canonical":"https:\/\/www.parrinst.com\/es\/products\/non-stirred-pressure-vessels\/pressure-gages\/","og_locale":"en_US","og_type":"article","og_title":"Pressure Gages - Parr Instrument (Espa\u00f1ol)","og_description":"Los Man\u00f3metros para recipientes a presi\u00f3n Parr se pueden suministrar con diales, ya sea, con 3-1\/2 \u00f3 4-1\/2 pulgadas en cualquiera de los rangos mostrados en la siguiente tabla. Todos cuentan con tubo de acero inoxidable Bourdon y conexiones macho 1\/4 pulg. NPT. Los man\u00f3metros de Aleaci\u00f3n 400 est\u00e1n disponibles bajo pedido especial. La precisi\u00f3n [&hellip;]","og_url":"https:\/\/www.parrinst.com\/es\/products\/non-stirred-pressure-vessels\/pressure-gages\/","og_site_name":"Parr Instrument (Espa\u00f1ol)","article_modified_time":"2019-04-23T16:20:53+00:00","og_image":[{"width":2200,"height":399,"url":"https:\/\/www.parrinst.com\/es\/files\/2018\/01\/parr_banner_non-stirred_secondary.jpg","type":"image\/jpeg"}],"twitter_card":"summary_large_image","twitter_misc":{"Est. reading time":"2 minutes"},"schema":{"@context":"https:\/\/schema.org","@graph":[{"@type":"WebPage","@id":"https:\/\/www.parrinst.com\/es\/products\/non-stirred-pressure-vessels\/pressure-gages\/","url":"https:\/\/www.parrinst.com\/es\/products\/non-stirred-pressure-vessels\/pressure-gages\/","name":"Pressure Gages - Parr Instrument (Espa\u00f1ol)","isPartOf":{"@id":"https:\/\/www.parrinst.com\/es\/#website"},"primaryImageOfPage":{"@id":"https:\/\/www.parrinst.com\/es\/products\/non-stirred-pressure-vessels\/pressure-gages\/#primaryimage"},"image":{"@id":"https:\/\/www.parrinst.com\/es\/products\/non-stirred-pressure-vessels\/pressure-gages\/#primaryimage"},"thumbnailUrl":"https:\/\/i0.wp.com\/www.parrinst.com\/es\/wp-content\/uploads\/sites\/7\/2018\/01\/parr_banner_non-stirred_secondary.jpg?fit=2200%2C399&ssl=1","datePublished":"2011-07-24T21:45:27+00:00","dateModified":"2019-04-23T16:20:53+00:00","breadcrumb":{"@id":"https:\/\/www.parrinst.com\/es\/products\/non-stirred-pressure-vessels\/pressure-gages\/#breadcrumb"},"inLanguage":"en-US","potentialAction":[{"@type":"ReadAction","target":["https:\/\/www.parrinst.com\/es\/products\/non-stirred-pressure-vessels\/pressure-gages\/"]}]},{"@type":"ImageObject","inLanguage":"en-US","@id":"https:\/\/www.parrinst.com\/es\/products\/non-stirred-pressure-vessels\/pressure-gages\/#primaryimage","url":"https:\/\/i0.wp.com\/www.parrinst.com\/es\/wp-content\/uploads\/sites\/7\/2018\/01\/parr_banner_non-stirred_secondary.jpg?fit=2200%2C399&ssl=1","contentUrl":"https:\/\/i0.wp.com\/www.parrinst.com\/es\/wp-content\/uploads\/sites\/7\/2018\/01\/parr_banner_non-stirred_secondary.jpg?fit=2200%2C399&ssl=1","width":2200,"height":399},{"@type":"BreadcrumbList","@id":"https:\/\/www.parrinst.com\/es\/products\/non-stirred-pressure-vessels\/pressure-gages\/#breadcrumb","itemListElement":[{"@type":"ListItem","position":1,"name":"Home","item":"https:\/\/www.parrinst.com\/es\/"},{"@type":"ListItem","position":2,"name":"Products","item":"https:\/\/www.parrinst.com\/es\/products\/"},{"@type":"ListItem","position":3,"name":"Recipientes a Presi\u00f3n Sin Agitaci\u00f3n","item":"https:\/\/www.parrinst.com\/es\/products\/non-stirred-pressure-vessels\/"},{"@type":"ListItem","position":4,"name":"Pressure Gages"}]},{"@type":"WebSite","@id":"https:\/\/www.parrinst.com\/es\/#website","url":"https:\/\/www.parrinst.com\/es\/","name":"Parr Instrument (Espa\u00f1ol)","description":"","potentialAction":[{"@type":"SearchAction","target":{"@type":"EntryPoint","urlTemplate":"https:\/\/www.parrinst.com\/es\/?s={search_term_string}"},"query-input":{"@type":"PropertyValueSpecification","valueRequired":true,"valueName":"search_term_string"}}],"inLanguage":"en-US"}]}},"jetpack_sharing_enabled":true,"_links":{"self":[{"href":"https:\/\/www.parrinst.com\/es\/wp-json\/wp\/v2\/pages\/5220","targetHints":{"allow":["GET"]}}],"collection":[{"href":"https:\/\/www.parrinst.com\/es\/wp-json\/wp\/v2\/pages"}],"about":[{"href":"https:\/\/www.parrinst.com\/es\/wp-json\/wp\/v2\/types\/page"}],"author":[{"embeddable":true,"href":"https:\/\/www.parrinst.com\/es\/wp-json\/wp\/v2\/users\/1"}],"replies":[{"embeddable":true,"href":"https:\/\/www.parrinst.com\/es\/wp-json\/wp\/v2\/comments?post=5220"}],"version-history":[{"count":3,"href":"https:\/\/www.parrinst.com\/es\/wp-json\/wp\/v2\/pages\/5220\/revisions"}],"predecessor-version":[{"id":39252,"href":"https:\/\/www.parrinst.com\/es\/wp-json\/wp\/v2\/pages\/5220\/revisions\/39252"}],"up":[{"embeddable":true,"href":"https:\/\/www.parrinst.com\/es\/wp-json\/wp\/v2\/pages\/77"}],"wp:featuredmedia":[{"embeddable":true,"href":"https:\/\/www.parrinst.com\/es\/wp-json\/wp\/v2\/media\/37721"}],"wp:attachment":[{"href":"https:\/\/www.parrinst.com\/es\/wp-json\/wp\/v2\/media?parent=5220"}],"curies":[{"name":"wp","href":"https:\/\/api.w.org\/{rel}","templated":true}]}}