{"id":5240,"date":"2011-07-24T17:08:54","date_gmt":"2011-07-24T22:08:54","guid":{"rendered":"https:\/\/www.parrinst.com\/?page_id=5240"},"modified":"2018-03-07T10:10:13","modified_gmt":"2018-03-07T16:10:13","slug":"pressure-hose","status":"publish","type":"page","link":"https:\/\/www.parrinst.com\/es\/products\/non-stirred-pressure-vessels\/pressure-hose\/","title":{"rendered":"Manguera de Presi\u00f3n"},"content":{"rendered":"<p><strong>Tres ensambles diferentes de manguera de presi\u00f3n <\/strong>est\u00e1n disponibles para conexiones de alta presi\u00f3n de gas a reactores con o sin agitaci\u00f3n. La manguera est\u00e1ndar tiene una longitud de 6 pies con un macho, un &#8220;A&#8221; conector enchufe en un lado y una boquilla NPT (M) de 1\/8 pulg. con un buje NPT (M) de 1\/4 pulg. en el otro extremo. El lado enchufe &#8220;A&#8221; de la manguera se conecta a los acoplamientos instalados en la v\u00e1lvula de entrada de todos los reactores con agitaci\u00f3n, as\u00ed como a un puerto lateral del ensamble de m\u00faltiple de man\u00f3metro de los recipientes sin agitaci\u00f3n. La opci\u00f3n de 1\/8 pulg.NPT \u00f3 1\/4 NPT de pulg. en el extremo opuesto de la manguera permite el acoplamiento a la mayor\u00eda de las v\u00e1lvulas de tanques de gas, reguladores de presi\u00f3n o de otras fuentes de suministro de gas.<\/p>\n<table class=\"nostyle\">\n<tbody>\n<tr>\n<td width=\"20%\">\n<figure id=\"attachment_3656\" aria-describedby=\"caption-attachment-3656\" style=\"width: 200px\" class=\"wp-caption aligncenter\"><a href=\"https:\/\/i0.wp.com\/www.parrinst.com\/es\/wp-content\/uploads\/sites\/7\/2011\/06\/A495HC-Hose.jpg?ssl=1\"><img data-recalc-dims=\"1\" loading=\"lazy\" decoding=\"async\" class=\"wp-image-3656\" src=\"https:\/\/i0.wp.com\/www.parrinst.com\/es\/wp-content\/uploads\/sites\/7\/2011\/06\/A495HC-Hose.jpg?resize=200%2C177&#038;ssl=1\" alt=\"A495HC Pressure Hose\" width=\"200\" height=\"177\" srcset=\"https:\/\/i0.wp.com\/www.parrinst.com\/es\/wp-content\/uploads\/sites\/7\/2011\/06\/A495HC-Hose.jpg?resize=170%2C150&amp;ssl=1 170w, https:\/\/i0.wp.com\/www.parrinst.com\/es\/wp-content\/uploads\/sites\/7\/2011\/06\/A495HC-Hose.jpg?resize=300%2C265&amp;ssl=1 300w, https:\/\/i0.wp.com\/www.parrinst.com\/es\/wp-content\/uploads\/sites\/7\/2011\/06\/A495HC-Hose.jpg?w=600&amp;ssl=1 600w\" sizes=\"auto, (max-width: 200px) 100vw, 200px\" \/><\/a><figcaption id=\"caption-attachment-3656\" class=\"wp-caption-text\">A495HC Pressure Hose<\/figcaption><\/figure><\/td>\n<td width=\"2%\"><\/td>\n<td><strong>El Ensamble de Manguera A495HC<\/strong>est\u00e1 hecho de nil\u00f3n. Est\u00e1 clasificado para 2500 psi y es muy flexible y f\u00e1cil de usar con gases secos, no corrosivos (nitr\u00f3geno, hidr\u00f3geno y ox\u00edgeno). Se debe tener cuidado para que la manguera de nil\u00f3n no entre en contacto directo con las superficies calientes del recipiente o calefactor. Una manguera est\u00e1 incluida en cada Aparato de Reacci\u00f3n a Presi\u00f3n con Agitaci\u00f3n Serie 4500, 5100 y 5500 de Parr.<\/td>\n<\/tr>\n<tr>\n<td>\n<figure id=\"attachment_3655\" aria-describedby=\"caption-attachment-3655\" style=\"width: 200px\" class=\"wp-caption aligncenter\"><a href=\"https:\/\/i0.wp.com\/www.parrinst.com\/es\/wp-content\/uploads\/sites\/7\/2011\/06\/A490HC-Hose.jpg?ssl=1\"><img data-recalc-dims=\"1\" loading=\"lazy\" decoding=\"async\" class=\"wp-image-3655\" src=\"https:\/\/i0.wp.com\/www.parrinst.com\/es\/wp-content\/uploads\/sites\/7\/2011\/06\/A490HC-Hose.jpg?resize=200%2C138&#038;ssl=1\" alt=\"A490HC Hose\" width=\"200\" height=\"138\" srcset=\"https:\/\/i0.wp.com\/www.parrinst.com\/es\/wp-content\/uploads\/sites\/7\/2011\/06\/A490HC-Hose.jpg?resize=217%2C150&amp;ssl=1 217w, https:\/\/i0.wp.com\/www.parrinst.com\/es\/wp-content\/uploads\/sites\/7\/2011\/06\/A490HC-Hose.jpg?resize=300%2C208&amp;ssl=1 300w, https:\/\/i0.wp.com\/www.parrinst.com\/es\/wp-content\/uploads\/sites\/7\/2011\/06\/A490HC-Hose.jpg?w=600&amp;ssl=1 600w\" sizes=\"auto, (max-width: 200px) 100vw, 200px\" \/><\/a><figcaption id=\"caption-attachment-3655\" class=\"wp-caption-text\">A490HC Hose<\/figcaption><\/figure><\/td>\n<td>\n<div class=\"mceTemp\"><\/div>\n<\/td>\n<td><strong>El Ensamble de Manguera A490HC\u00a0<\/strong>es una manguera trenzada de acero inoxidable con un revestimiento PTFE, clasificado para 2500 psi. Es razonablemente flexible y recomendado para usarse con gases y l\u00edquidos corrosivos, y para aplicaciones que requieren resistencia a la abrasi\u00f3n adicional, pero no est\u00e1 destinada para l\u00edquidos de alta temperatura o gases.<\/td>\n<\/tr>\n<tr>\n<td>\n<figure id=\"attachment_3657\" aria-describedby=\"caption-attachment-3657\" style=\"width: 200px\" class=\"wp-caption aligncenter\"><a href=\"https:\/\/i0.wp.com\/www.parrinst.com\/es\/wp-content\/uploads\/sites\/7\/2011\/06\/A506HC-Hose.jpg?ssl=1\"><img data-recalc-dims=\"1\" loading=\"lazy\" decoding=\"async\" class=\"wp-image-3657\" src=\"https:\/\/i0.wp.com\/www.parrinst.com\/es\/wp-content\/uploads\/sites\/7\/2011\/06\/A506HC-Hose.jpg?resize=200%2C135&#038;ssl=1\" alt=\"A506HC Hose\" width=\"200\" height=\"135\" srcset=\"https:\/\/i0.wp.com\/www.parrinst.com\/es\/wp-content\/uploads\/sites\/7\/2011\/06\/A506HC-Hose.jpg?resize=223%2C150&amp;ssl=1 223w, https:\/\/i0.wp.com\/www.parrinst.com\/es\/wp-content\/uploads\/sites\/7\/2011\/06\/A506HC-Hose.jpg?resize=300%2C202&amp;ssl=1 300w, https:\/\/i0.wp.com\/www.parrinst.com\/es\/wp-content\/uploads\/sites\/7\/2011\/06\/A506HC-Hose.jpg?w=600&amp;ssl=1 600w\" sizes=\"auto, (max-width: 200px) 100vw, 200px\" \/><\/a><figcaption id=\"caption-attachment-3657\" class=\"wp-caption-text\">A506HC Hose<\/figcaption><\/figure><\/td>\n<td>\n<div class=\"mceTemp\"><\/div>\n<\/td>\n<td><strong>El Ensamble A506HC\u00a0<\/strong>tiene una longitud de 6 pies de tuber\u00eda de acero inoxidable de 1\/8 pulgadas OD, clasificado para 7500 psi. Esta tuber\u00eda de di\u00e1metro peque\u00f1o es &#8220;flexible&#8221;, pero no tan flexible como las otras mangueras. Se recomienda para gases corrosivos, transferencias de alta temperatura y otras aplicaciones de alta presi\u00f3n. Versiones especiales de este ensamble se pueden hacer con otros materiales resistentes a la corrosi\u00f3n. Se pueden usar tuber\u00edas m\u00e1s grandes, pero son m\u00e1s r\u00edgidas<\/p>\n<p>Mangueras especiales de otras longitudes o con conectores terminales pueden ensamblarse para requerimientos especiales.<\/td>\n<\/tr>\n<\/tbody>\n<\/table>\n<table class=\"GeneralTable\">\n<tbody>\n<tr>\n<td class=\"GeneralTable-DarkBlue\" colspan=\"2\">Manguera de Presi\u00f3n<\/td>\n<\/tr>\n<tr class=\"GeneralTable-LightBlue\">\n<td><strong>A495HC<\/strong><\/td>\n<td>Ensamble de manguera de presi\u00f3n de 6 pies, nil\u00f3n reforzado<\/td>\n<\/tr>\n<tr>\n<td><strong>A495HC5<\/strong><\/td>\n<td>Ensamble de manguera de presi\u00f3n de 6 pies, nil\u00f3n reforzado, con v\u00e1lvula de no-retorno<\/td>\n<\/tr>\n<tr class=\"GeneralTable-LightBlue\">\n<td><strong>A495HC7<\/strong><\/td>\n<td>Ensamble de manguera de Presi\u00f3n de 10-pies, Nil\u00f3n reforzado<\/td>\n<\/tr>\n<tr>\n<td><strong>A490HC<\/strong><\/td>\n<td>Ensamble de Manguera de Presi\u00f3n de 6 pies, Forro PTFE, acero inoxidable trenzado<\/td>\n<\/tr>\n<tr class=\"GeneralTable-LightBlue\">\n<td><strong>A490HC5<\/strong><\/td>\n<td>Ensamble de Manguera de Presi\u00f3n de 6 pies, Forro PTFE, acero inoxidable trenzado, con v\u00e1lvula de no-retorno<\/td>\n<\/tr>\n<tr>\n<td><strong>A506HC<\/strong><\/td>\n<td>Ensamble de tubo de Gas de 6 pies, 1\/8-in OD, T316SS<\/td>\n<\/tr>\n<\/tbody>\n<\/table>\n","protected":false},"excerpt":{"rendered":"<p>Tres ensambles diferentes de manguera de presi\u00f3n est\u00e1n disponibles para conexiones de alta presi\u00f3n de gas a reactores con o sin agitaci\u00f3n. La manguera est\u00e1ndar tiene una longitud de 6 pies con un macho, un &#8220;A&#8221; conector enchufe en un lado y una boquilla NPT (M) de 1\/8 pulg. con un buje NPT (M) de [&hellip;]<\/p>\n","protected":false},"author":1,"featured_media":37721,"parent":77,"menu_order":0,"comment_status":"closed","ping_status":"closed","template":"product-narrow.php","meta":{"_acf_changed":false,"footnotes":"","_links_to":"","_links_to_target":""},"class_list":["post-5240","page","type-page","status-publish","has-post-thumbnail","hentry"],"acf":[],"yoast_head":"<!-- This site is optimized with the Yoast SEO plugin v27.4 - https:\/\/yoast.com\/product\/yoast-seo-wordpress\/ -->\n<title>Manguera de Presi\u00f3n - Parr Instrument (Espa\u00f1ol)<\/title>\n<meta name=\"robots\" content=\"index, follow, max-snippet:-1, max-image-preview:large, max-video-preview:-1\" \/>\n<link rel=\"canonical\" href=\"https:\/\/www.parrinst.com\/es\/products\/non-stirred-pressure-vessels\/pressure-hose\/\" \/>\n<meta property=\"og:locale\" content=\"en_US\" \/>\n<meta property=\"og:type\" content=\"article\" \/>\n<meta property=\"og:title\" content=\"Manguera de Presi\u00f3n - Parr Instrument (Espa\u00f1ol)\" \/>\n<meta property=\"og:description\" content=\"Tres ensambles diferentes de manguera de presi\u00f3n est\u00e1n disponibles para conexiones de alta presi\u00f3n de gas a reactores con o sin agitaci\u00f3n. La manguera est\u00e1ndar tiene una longitud de 6 pies con un macho, un &#8220;A&#8221; conector enchufe en un lado y una boquilla NPT (M) de 1\/8 pulg. con un buje NPT (M) de [&hellip;]\" \/>\n<meta property=\"og:url\" content=\"https:\/\/www.parrinst.com\/es\/products\/non-stirred-pressure-vessels\/pressure-hose\/\" \/>\n<meta property=\"og:site_name\" content=\"Parr Instrument (Espa\u00f1ol)\" \/>\n<meta property=\"article:modified_time\" content=\"2018-03-07T16:10:13+00:00\" \/>\n<meta property=\"og:image\" content=\"https:\/\/www.parrinst.com\/es\/files\/2018\/01\/parr_banner_non-stirred_secondary.jpg\" \/>\n\t<meta property=\"og:image:width\" content=\"2200\" \/>\n\t<meta property=\"og:image:height\" content=\"399\" \/>\n\t<meta property=\"og:image:type\" content=\"image\/jpeg\" \/>\n<meta name=\"twitter:card\" content=\"summary_large_image\" \/>\n<meta name=\"twitter:label1\" content=\"Est. reading time\" \/>\n\t<meta name=\"twitter:data1\" content=\"3 minutes\" \/>\n<script type=\"application\/ld+json\" class=\"yoast-schema-graph\">{\"@context\":\"https:\\\/\\\/schema.org\",\"@graph\":[{\"@type\":\"WebPage\",\"@id\":\"https:\\\/\\\/www.parrinst.com\\\/es\\\/products\\\/non-stirred-pressure-vessels\\\/pressure-hose\\\/\",\"url\":\"https:\\\/\\\/www.parrinst.com\\\/es\\\/products\\\/non-stirred-pressure-vessels\\\/pressure-hose\\\/\",\"name\":\"Manguera de Presi\u00f3n - Parr Instrument (Espa\u00f1ol)\",\"isPartOf\":{\"@id\":\"https:\\\/\\\/www.parrinst.com\\\/es\\\/#website\"},\"primaryImageOfPage\":{\"@id\":\"https:\\\/\\\/www.parrinst.com\\\/es\\\/products\\\/non-stirred-pressure-vessels\\\/pressure-hose\\\/#primaryimage\"},\"image\":{\"@id\":\"https:\\\/\\\/www.parrinst.com\\\/es\\\/products\\\/non-stirred-pressure-vessels\\\/pressure-hose\\\/#primaryimage\"},\"thumbnailUrl\":\"https:\\\/\\\/i0.wp.com\\\/www.parrinst.com\\\/es\\\/wp-content\\\/uploads\\\/sites\\\/7\\\/2018\\\/01\\\/parr_banner_non-stirred_secondary.jpg?fit=2200%2C399&ssl=1\",\"datePublished\":\"2011-07-24T22:08:54+00:00\",\"dateModified\":\"2018-03-07T16:10:13+00:00\",\"breadcrumb\":{\"@id\":\"https:\\\/\\\/www.parrinst.com\\\/es\\\/products\\\/non-stirred-pressure-vessels\\\/pressure-hose\\\/#breadcrumb\"},\"inLanguage\":\"en-US\",\"potentialAction\":[{\"@type\":\"ReadAction\",\"target\":[\"https:\\\/\\\/www.parrinst.com\\\/es\\\/products\\\/non-stirred-pressure-vessels\\\/pressure-hose\\\/\"]}]},{\"@type\":\"ImageObject\",\"inLanguage\":\"en-US\",\"@id\":\"https:\\\/\\\/www.parrinst.com\\\/es\\\/products\\\/non-stirred-pressure-vessels\\\/pressure-hose\\\/#primaryimage\",\"url\":\"https:\\\/\\\/i0.wp.com\\\/www.parrinst.com\\\/es\\\/wp-content\\\/uploads\\\/sites\\\/7\\\/2018\\\/01\\\/parr_banner_non-stirred_secondary.jpg?fit=2200%2C399&ssl=1\",\"contentUrl\":\"https:\\\/\\\/i0.wp.com\\\/www.parrinst.com\\\/es\\\/wp-content\\\/uploads\\\/sites\\\/7\\\/2018\\\/01\\\/parr_banner_non-stirred_secondary.jpg?fit=2200%2C399&ssl=1\",\"width\":2200,\"height\":399},{\"@type\":\"BreadcrumbList\",\"@id\":\"https:\\\/\\\/www.parrinst.com\\\/es\\\/products\\\/non-stirred-pressure-vessels\\\/pressure-hose\\\/#breadcrumb\",\"itemListElement\":[{\"@type\":\"ListItem\",\"position\":1,\"name\":\"Home\",\"item\":\"https:\\\/\\\/www.parrinst.com\\\/es\\\/\"},{\"@type\":\"ListItem\",\"position\":2,\"name\":\"Products\",\"item\":\"https:\\\/\\\/www.parrinst.com\\\/es\\\/products\\\/\"},{\"@type\":\"ListItem\",\"position\":3,\"name\":\"Recipientes a Presi\u00f3n Sin Agitaci\u00f3n\",\"item\":\"https:\\\/\\\/www.parrinst.com\\\/es\\\/products\\\/non-stirred-pressure-vessels\\\/\"},{\"@type\":\"ListItem\",\"position\":4,\"name\":\"Manguera de Presi\u00f3n\"}]},{\"@type\":\"WebSite\",\"@id\":\"https:\\\/\\\/www.parrinst.com\\\/es\\\/#website\",\"url\":\"https:\\\/\\\/www.parrinst.com\\\/es\\\/\",\"name\":\"Parr Instrument (Espa\u00f1ol)\",\"description\":\"\",\"potentialAction\":[{\"@type\":\"SearchAction\",\"target\":{\"@type\":\"EntryPoint\",\"urlTemplate\":\"https:\\\/\\\/www.parrinst.com\\\/es\\\/?s={search_term_string}\"},\"query-input\":{\"@type\":\"PropertyValueSpecification\",\"valueRequired\":true,\"valueName\":\"search_term_string\"}}],\"inLanguage\":\"en-US\"}]}<\/script>\n<!-- \/ Yoast SEO plugin. -->","yoast_head_json":{"title":"Manguera de Presi\u00f3n - Parr Instrument (Espa\u00f1ol)","robots":{"index":"index","follow":"follow","max-snippet":"max-snippet:-1","max-image-preview":"max-image-preview:large","max-video-preview":"max-video-preview:-1"},"canonical":"https:\/\/www.parrinst.com\/es\/products\/non-stirred-pressure-vessels\/pressure-hose\/","og_locale":"en_US","og_type":"article","og_title":"Manguera de Presi\u00f3n - Parr Instrument (Espa\u00f1ol)","og_description":"Tres ensambles diferentes de manguera de presi\u00f3n est\u00e1n disponibles para conexiones de alta presi\u00f3n de gas a reactores con o sin agitaci\u00f3n. La manguera est\u00e1ndar tiene una longitud de 6 pies con un macho, un &#8220;A&#8221; conector enchufe en un lado y una boquilla NPT (M) de 1\/8 pulg. con un buje NPT (M) de [&hellip;]","og_url":"https:\/\/www.parrinst.com\/es\/products\/non-stirred-pressure-vessels\/pressure-hose\/","og_site_name":"Parr Instrument (Espa\u00f1ol)","article_modified_time":"2018-03-07T16:10:13+00:00","og_image":[{"width":2200,"height":399,"url":"https:\/\/www.parrinst.com\/es\/files\/2018\/01\/parr_banner_non-stirred_secondary.jpg","type":"image\/jpeg"}],"twitter_card":"summary_large_image","twitter_misc":{"Est. reading time":"3 minutes"},"schema":{"@context":"https:\/\/schema.org","@graph":[{"@type":"WebPage","@id":"https:\/\/www.parrinst.com\/es\/products\/non-stirred-pressure-vessels\/pressure-hose\/","url":"https:\/\/www.parrinst.com\/es\/products\/non-stirred-pressure-vessels\/pressure-hose\/","name":"Manguera de Presi\u00f3n - Parr Instrument (Espa\u00f1ol)","isPartOf":{"@id":"https:\/\/www.parrinst.com\/es\/#website"},"primaryImageOfPage":{"@id":"https:\/\/www.parrinst.com\/es\/products\/non-stirred-pressure-vessels\/pressure-hose\/#primaryimage"},"image":{"@id":"https:\/\/www.parrinst.com\/es\/products\/non-stirred-pressure-vessels\/pressure-hose\/#primaryimage"},"thumbnailUrl":"https:\/\/i0.wp.com\/www.parrinst.com\/es\/wp-content\/uploads\/sites\/7\/2018\/01\/parr_banner_non-stirred_secondary.jpg?fit=2200%2C399&ssl=1","datePublished":"2011-07-24T22:08:54+00:00","dateModified":"2018-03-07T16:10:13+00:00","breadcrumb":{"@id":"https:\/\/www.parrinst.com\/es\/products\/non-stirred-pressure-vessels\/pressure-hose\/#breadcrumb"},"inLanguage":"en-US","potentialAction":[{"@type":"ReadAction","target":["https:\/\/www.parrinst.com\/es\/products\/non-stirred-pressure-vessels\/pressure-hose\/"]}]},{"@type":"ImageObject","inLanguage":"en-US","@id":"https:\/\/www.parrinst.com\/es\/products\/non-stirred-pressure-vessels\/pressure-hose\/#primaryimage","url":"https:\/\/i0.wp.com\/www.parrinst.com\/es\/wp-content\/uploads\/sites\/7\/2018\/01\/parr_banner_non-stirred_secondary.jpg?fit=2200%2C399&ssl=1","contentUrl":"https:\/\/i0.wp.com\/www.parrinst.com\/es\/wp-content\/uploads\/sites\/7\/2018\/01\/parr_banner_non-stirred_secondary.jpg?fit=2200%2C399&ssl=1","width":2200,"height":399},{"@type":"BreadcrumbList","@id":"https:\/\/www.parrinst.com\/es\/products\/non-stirred-pressure-vessels\/pressure-hose\/#breadcrumb","itemListElement":[{"@type":"ListItem","position":1,"name":"Home","item":"https:\/\/www.parrinst.com\/es\/"},{"@type":"ListItem","position":2,"name":"Products","item":"https:\/\/www.parrinst.com\/es\/products\/"},{"@type":"ListItem","position":3,"name":"Recipientes a Presi\u00f3n Sin Agitaci\u00f3n","item":"https:\/\/www.parrinst.com\/es\/products\/non-stirred-pressure-vessels\/"},{"@type":"ListItem","position":4,"name":"Manguera de Presi\u00f3n"}]},{"@type":"WebSite","@id":"https:\/\/www.parrinst.com\/es\/#website","url":"https:\/\/www.parrinst.com\/es\/","name":"Parr Instrument (Espa\u00f1ol)","description":"","potentialAction":[{"@type":"SearchAction","target":{"@type":"EntryPoint","urlTemplate":"https:\/\/www.parrinst.com\/es\/?s={search_term_string}"},"query-input":{"@type":"PropertyValueSpecification","valueRequired":true,"valueName":"search_term_string"}}],"inLanguage":"en-US"}]}},"jetpack_sharing_enabled":true,"_links":{"self":[{"href":"https:\/\/www.parrinst.com\/es\/wp-json\/wp\/v2\/pages\/5240","targetHints":{"allow":["GET"]}}],"collection":[{"href":"https:\/\/www.parrinst.com\/es\/wp-json\/wp\/v2\/pages"}],"about":[{"href":"https:\/\/www.parrinst.com\/es\/wp-json\/wp\/v2\/types\/page"}],"author":[{"embeddable":true,"href":"https:\/\/www.parrinst.com\/es\/wp-json\/wp\/v2\/users\/1"}],"replies":[{"embeddable":true,"href":"https:\/\/www.parrinst.com\/es\/wp-json\/wp\/v2\/comments?post=5240"}],"version-history":[{"count":5,"href":"https:\/\/www.parrinst.com\/es\/wp-json\/wp\/v2\/pages\/5240\/revisions"}],"predecessor-version":[{"id":38180,"href":"https:\/\/www.parrinst.com\/es\/wp-json\/wp\/v2\/pages\/5240\/revisions\/38180"}],"up":[{"embeddable":true,"href":"https:\/\/www.parrinst.com\/es\/wp-json\/wp\/v2\/pages\/77"}],"wp:featuredmedia":[{"embeddable":true,"href":"https:\/\/www.parrinst.com\/es\/wp-json\/wp\/v2\/media\/37721"}],"wp:attachment":[{"href":"https:\/\/www.parrinst.com\/es\/wp-json\/wp\/v2\/media?parent=5240"}],"curies":[{"name":"wp","href":"https:\/\/api.w.org\/{rel}","templated":true}]}}