{"id":5279,"date":"2011-07-24T18:00:26","date_gmt":"2011-07-24T23:00:26","guid":{"rendered":"https:\/\/www.parrinst.com\/?page_id=5279"},"modified":"2018-03-07T10:44:08","modified_gmt":"2018-03-07T16:44:08","slug":"gas-charging-systems","status":"publish","type":"page","link":"https:\/\/www.parrinst.com\/es\/products\/non-stirred-pressure-vessels\/gas-charging-systems\/","title":{"rendered":"Sistemas de Llenado de Gas"},"content":{"rendered":"<figure id=\"attachment_3662\" aria-describedby=\"caption-attachment-3662\" style=\"width: 214px\" class=\"wp-caption alignright\"><a href=\"https:\/\/i0.wp.com\/www.parrinst.com\/es\/wp-content\/uploads\/sites\/7\/2011\/06\/A2283HC_HP-gas-burette.jpg?ssl=1\"><img data-recalc-dims=\"1\" loading=\"lazy\" decoding=\"async\" class=\"wp-image-3662 size-medium\" src=\"https:\/\/i0.wp.com\/www.parrinst.com\/es\/wp-content\/uploads\/sites\/7\/2011\/06\/A2283HC_HP-gas-burette.jpg?resize=214%2C300&#038;ssl=1\" alt=\"Bureta de Gas de Alta Presi\u00f3n A2283HC\" width=\"214\" height=\"300\" srcset=\"https:\/\/i0.wp.com\/www.parrinst.com\/es\/wp-content\/uploads\/sites\/7\/2011\/06\/A2283HC_HP-gas-burette.jpg?resize=214%2C300&amp;ssl=1 214w, https:\/\/i0.wp.com\/www.parrinst.com\/es\/wp-content\/uploads\/sites\/7\/2011\/06\/A2283HC_HP-gas-burette.jpg?resize=107%2C150&amp;ssl=1 107w, https:\/\/i0.wp.com\/www.parrinst.com\/es\/wp-content\/uploads\/sites\/7\/2011\/06\/A2283HC_HP-gas-burette.jpg?w=600&amp;ssl=1 600w\" sizes=\"auto, (max-width: 214px) 100vw, 214px\" \/><\/a><figcaption id=\"caption-attachment-3662\" class=\"wp-caption-text\">Bureta de Gas de Alta Presi\u00f3n A2283HC<\/figcaption><\/figure>\n<p><strong>Parr ofrece una serie de buretas de alta presi\u00f3n<\/strong> para introducir el gas (com\u00fanmente hidr\u00f3geno) a un reactor a unpresi\u00f3n constante. Las buretas consisten en un dep\u00f3sito a alta presi\u00f3nequipado con una v\u00e1lvula de entrada, un man\u00f3metro y una v\u00e1lvula de alivio. Un regulador de presi\u00f3n constante con un v\u00e1lvula de retenci\u00f3n, una manguera de conexi\u00f3n y una base de soporte se incluyen con cada pipeta. La cantidad de gas que se consume en una reacci\u00f3n puede determinarse si se conoce el volumen de alta presi\u00f3n del dep\u00f3sito y observando la ca\u00edda de presi\u00f3n en el dep\u00f3sito durante una reacci\u00f3n. Las Buretas de alta presi\u00f3n Parr pueden ser suministradas en varios tama\u00f1os, como se muestra en la tabla adjunta, cada una con un regulador para entregar gas al reactor en el rango de presi\u00f3n designado. Los moles de gas mostrados en la tabla representan la cantidad de hidr\u00f3geno que habr\u00e1 en la bureta a la presi\u00f3n m\u00e1xima. El volumen entregable ser\u00e1 una funci\u00f3n de la diferencia de presi\u00f3n entre la pipeta y el reactor. El tama\u00f1o de la bureta debe ser seleccionado lo suficientemente grande para poder proporcionar gas suficiente para completar la reacci\u00f3n mientras se mantiene suficiente presi\u00f3n en la bureta para forzar el gas hacia el reactor.<\/p>\n<p><strong>Dep\u00f3sitos con mayores vol\u00famenes est\u00e1n disponibles <\/strong>como son reguladores con diferentes rangos de entrega. Se pueden hacer modificaciones a estos sistemas b\u00e1sicos para a\u00f1adir un termopar interno al dep\u00f3sito y\/o un transductor de presi\u00f3n para lectura digital y\/o registro.<\/p>\n<table class=\"GeneralTable\">\n<tbody>\n<tr>\n<td class=\"GeneralTable-DarkBlue\" colspan=\"6\" valign=\"top\">Buretas de Gas de Alta Presi\u00f3n<\/td>\n<\/tr>\n<tr>\n<td colspan=\"3\" valign=\"top\"><em><strong>Bureta<\/strong><\/em><\/td>\n<td colspan=\"3\" valign=\"top\"><em><strong>Rango de Presi\u00f3n de Entrega<\/strong><\/em><\/td>\n<\/tr>\n<tr class=\"GeneralTable-LightBlue\" valign=\"middle\">\n<td width=\"100\"><strong>Volumen, ml<\/strong><\/td>\n<td width=\"100\"><strong>Presi\u00f3n M\u00e1xima, psi<\/strong><\/td>\n<td width=\"79\"><strong>H Total<\/strong><strong>2<\/strong><strong>Vol., Moles<\/strong><\/td>\n<td width=\"137\"><strong>0-1800 psi<\/strong><\/td>\n<td width=\"83\"><strong>0-1200 psi<\/strong><\/td>\n<td width=\"87\"><strong>0-700 psi<\/strong><\/td>\n<\/tr>\n<tr>\n<td valign=\"top\" width=\"100\">150<\/td>\n<td valign=\"top\" width=\"100\">1800<\/td>\n<td valign=\"top\" width=\"79\">0.8<\/td>\n<td valign=\"top\" width=\"137\">A2280HC<\/td>\n<td valign=\"top\" width=\"83\">A2280HC2<\/td>\n<td valign=\"top\" width=\"87\">A2280HC3<\/td>\n<\/tr>\n<tr class=\"GeneralTable-LightBlue\">\n<td valign=\"top\" width=\"100\">300<\/td>\n<td valign=\"top\" width=\"100\">1800<\/td>\n<td valign=\"top\" width=\"79\">1.5<\/td>\n<td valign=\"top\" width=\"137\">A2281HC<\/td>\n<td valign=\"top\" width=\"83\">A2281HC2<\/td>\n<td valign=\"top\" width=\"87\">A2281HC3<\/td>\n<\/tr>\n<tr>\n<td valign=\"top\" width=\"100\">500<\/td>\n<td valign=\"top\" width=\"100\">1800<\/td>\n<td valign=\"top\" width=\"79\">2.6<\/td>\n<td valign=\"top\" width=\"137\">A2282HC<\/td>\n<td valign=\"top\" width=\"83\">A2282HC2<\/td>\n<td valign=\"top\" width=\"87\">A2282HC3<\/td>\n<\/tr>\n<tr class=\"GeneralTable-LightBlue\">\n<td valign=\"top\" width=\"100\">1000<\/td>\n<td valign=\"top\" width=\"100\">1800<\/td>\n<td valign=\"top\" width=\"79\">5.1<\/td>\n<td valign=\"top\" width=\"137\">A2283HC<\/td>\n<td valign=\"top\" width=\"83\">A2283HC2<\/td>\n<td valign=\"top\" width=\"87\">A2283HC3<\/td>\n<\/tr>\n<tr>\n<td valign=\"top\" width=\"100\">2250<\/td>\n<td valign=\"top\" width=\"100\">1800<\/td>\n<td valign=\"top\" width=\"79\">11.5<\/td>\n<td valign=\"top\" width=\"137\">A2284HC<\/td>\n<td valign=\"top\" width=\"83\">A2284HC2<\/td>\n<td valign=\"top\" width=\"87\">A2284HC3<\/td>\n<\/tr>\n<tr class=\"GeneralTable-LightBlue\">\n<td valign=\"top\" width=\"100\">500<\/td>\n<td valign=\"top\" width=\"100\">5000<\/td>\n<td valign=\"top\" width=\"79\">7.1<\/td>\n<td valign=\"top\" width=\"137\">A2285HC<\/td>\n<td valign=\"top\" width=\"83\">A2285HC2<\/td>\n<td valign=\"top\" width=\"87\">A2285HC3<\/td>\n<\/tr>\n<\/tbody>\n<\/table>\n","protected":false},"excerpt":{"rendered":"<p>Parr ofrece una serie de buretas de alta presi\u00f3n para introducir el gas (com\u00fanmente hidr\u00f3geno) a un reactor a unpresi\u00f3n constante. Las buretas consisten en un dep\u00f3sito a alta presi\u00f3nequipado con una v\u00e1lvula de entrada, un man\u00f3metro y una v\u00e1lvula de alivio. Un regulador de presi\u00f3n constante con un v\u00e1lvula de retenci\u00f3n, una manguera de [&hellip;]<\/p>\n","protected":false},"author":1,"featured_media":37721,"parent":77,"menu_order":0,"comment_status":"closed","ping_status":"closed","template":"product-narrow.php","meta":{"_acf_changed":false,"footnotes":"","_links_to":"","_links_to_target":""},"class_list":["post-5279","page","type-page","status-publish","has-post-thumbnail","hentry"],"acf":[],"yoast_head":"<!-- This site is optimized with the Yoast SEO plugin v27.4 - https:\/\/yoast.com\/product\/yoast-seo-wordpress\/ -->\n<title>Sistemas de Llenado de Gas - Parr Instrument (Espa\u00f1ol)<\/title>\n<meta name=\"robots\" content=\"index, follow, max-snippet:-1, max-image-preview:large, max-video-preview:-1\" \/>\n<link rel=\"canonical\" href=\"https:\/\/www.parrinst.com\/es\/products\/non-stirred-pressure-vessels\/gas-charging-systems\/\" \/>\n<meta property=\"og:locale\" content=\"en_US\" \/>\n<meta property=\"og:type\" content=\"article\" \/>\n<meta property=\"og:title\" content=\"Sistemas de Llenado de Gas - Parr Instrument (Espa\u00f1ol)\" \/>\n<meta property=\"og:description\" content=\"Parr ofrece una serie de buretas de alta presi\u00f3n para introducir el gas (com\u00fanmente hidr\u00f3geno) a un reactor a unpresi\u00f3n constante. Las buretas consisten en un dep\u00f3sito a alta presi\u00f3nequipado con una v\u00e1lvula de entrada, un man\u00f3metro y una v\u00e1lvula de alivio. Un regulador de presi\u00f3n constante con un v\u00e1lvula de retenci\u00f3n, una manguera de [&hellip;]\" \/>\n<meta property=\"og:url\" content=\"https:\/\/www.parrinst.com\/es\/products\/non-stirred-pressure-vessels\/gas-charging-systems\/\" \/>\n<meta property=\"og:site_name\" content=\"Parr Instrument (Espa\u00f1ol)\" \/>\n<meta property=\"article:modified_time\" content=\"2018-03-07T16:44:08+00:00\" \/>\n<meta property=\"og:image\" content=\"https:\/\/www.parrinst.com\/es\/files\/2018\/01\/parr_banner_non-stirred_secondary.jpg\" \/>\n\t<meta property=\"og:image:width\" content=\"2200\" \/>\n\t<meta property=\"og:image:height\" content=\"399\" \/>\n\t<meta property=\"og:image:type\" content=\"image\/jpeg\" \/>\n<meta name=\"twitter:card\" content=\"summary_large_image\" \/>\n<meta name=\"twitter:label1\" content=\"Est. reading time\" \/>\n\t<meta name=\"twitter:data1\" content=\"2 minutes\" \/>\n<script type=\"application\/ld+json\" class=\"yoast-schema-graph\">{\"@context\":\"https:\\\/\\\/schema.org\",\"@graph\":[{\"@type\":\"WebPage\",\"@id\":\"https:\\\/\\\/www.parrinst.com\\\/es\\\/products\\\/non-stirred-pressure-vessels\\\/gas-charging-systems\\\/\",\"url\":\"https:\\\/\\\/www.parrinst.com\\\/es\\\/products\\\/non-stirred-pressure-vessels\\\/gas-charging-systems\\\/\",\"name\":\"Sistemas de Llenado de Gas - Parr Instrument (Espa\u00f1ol)\",\"isPartOf\":{\"@id\":\"https:\\\/\\\/www.parrinst.com\\\/es\\\/#website\"},\"primaryImageOfPage\":{\"@id\":\"https:\\\/\\\/www.parrinst.com\\\/es\\\/products\\\/non-stirred-pressure-vessels\\\/gas-charging-systems\\\/#primaryimage\"},\"image\":{\"@id\":\"https:\\\/\\\/www.parrinst.com\\\/es\\\/products\\\/non-stirred-pressure-vessels\\\/gas-charging-systems\\\/#primaryimage\"},\"thumbnailUrl\":\"https:\\\/\\\/i0.wp.com\\\/www.parrinst.com\\\/es\\\/wp-content\\\/uploads\\\/sites\\\/7\\\/2018\\\/01\\\/parr_banner_non-stirred_secondary.jpg?fit=2200%2C399&ssl=1\",\"datePublished\":\"2011-07-24T23:00:26+00:00\",\"dateModified\":\"2018-03-07T16:44:08+00:00\",\"breadcrumb\":{\"@id\":\"https:\\\/\\\/www.parrinst.com\\\/es\\\/products\\\/non-stirred-pressure-vessels\\\/gas-charging-systems\\\/#breadcrumb\"},\"inLanguage\":\"en-US\",\"potentialAction\":[{\"@type\":\"ReadAction\",\"target\":[\"https:\\\/\\\/www.parrinst.com\\\/es\\\/products\\\/non-stirred-pressure-vessels\\\/gas-charging-systems\\\/\"]}]},{\"@type\":\"ImageObject\",\"inLanguage\":\"en-US\",\"@id\":\"https:\\\/\\\/www.parrinst.com\\\/es\\\/products\\\/non-stirred-pressure-vessels\\\/gas-charging-systems\\\/#primaryimage\",\"url\":\"https:\\\/\\\/i0.wp.com\\\/www.parrinst.com\\\/es\\\/wp-content\\\/uploads\\\/sites\\\/7\\\/2018\\\/01\\\/parr_banner_non-stirred_secondary.jpg?fit=2200%2C399&ssl=1\",\"contentUrl\":\"https:\\\/\\\/i0.wp.com\\\/www.parrinst.com\\\/es\\\/wp-content\\\/uploads\\\/sites\\\/7\\\/2018\\\/01\\\/parr_banner_non-stirred_secondary.jpg?fit=2200%2C399&ssl=1\",\"width\":2200,\"height\":399},{\"@type\":\"BreadcrumbList\",\"@id\":\"https:\\\/\\\/www.parrinst.com\\\/es\\\/products\\\/non-stirred-pressure-vessels\\\/gas-charging-systems\\\/#breadcrumb\",\"itemListElement\":[{\"@type\":\"ListItem\",\"position\":1,\"name\":\"Home\",\"item\":\"https:\\\/\\\/www.parrinst.com\\\/es\\\/\"},{\"@type\":\"ListItem\",\"position\":2,\"name\":\"Products\",\"item\":\"https:\\\/\\\/www.parrinst.com\\\/es\\\/products\\\/\"},{\"@type\":\"ListItem\",\"position\":3,\"name\":\"Recipientes a Presi\u00f3n Sin Agitaci\u00f3n\",\"item\":\"https:\\\/\\\/www.parrinst.com\\\/es\\\/products\\\/non-stirred-pressure-vessels\\\/\"},{\"@type\":\"ListItem\",\"position\":4,\"name\":\"Sistemas de Llenado de Gas\"}]},{\"@type\":\"WebSite\",\"@id\":\"https:\\\/\\\/www.parrinst.com\\\/es\\\/#website\",\"url\":\"https:\\\/\\\/www.parrinst.com\\\/es\\\/\",\"name\":\"Parr Instrument (Espa\u00f1ol)\",\"description\":\"\",\"potentialAction\":[{\"@type\":\"SearchAction\",\"target\":{\"@type\":\"EntryPoint\",\"urlTemplate\":\"https:\\\/\\\/www.parrinst.com\\\/es\\\/?s={search_term_string}\"},\"query-input\":{\"@type\":\"PropertyValueSpecification\",\"valueRequired\":true,\"valueName\":\"search_term_string\"}}],\"inLanguage\":\"en-US\"}]}<\/script>\n<!-- \/ Yoast SEO plugin. -->","yoast_head_json":{"title":"Sistemas de Llenado de Gas - Parr Instrument (Espa\u00f1ol)","robots":{"index":"index","follow":"follow","max-snippet":"max-snippet:-1","max-image-preview":"max-image-preview:large","max-video-preview":"max-video-preview:-1"},"canonical":"https:\/\/www.parrinst.com\/es\/products\/non-stirred-pressure-vessels\/gas-charging-systems\/","og_locale":"en_US","og_type":"article","og_title":"Sistemas de Llenado de Gas - Parr Instrument (Espa\u00f1ol)","og_description":"Parr ofrece una serie de buretas de alta presi\u00f3n para introducir el gas (com\u00fanmente hidr\u00f3geno) a un reactor a unpresi\u00f3n constante. Las buretas consisten en un dep\u00f3sito a alta presi\u00f3nequipado con una v\u00e1lvula de entrada, un man\u00f3metro y una v\u00e1lvula de alivio. Un regulador de presi\u00f3n constante con un v\u00e1lvula de retenci\u00f3n, una manguera de [&hellip;]","og_url":"https:\/\/www.parrinst.com\/es\/products\/non-stirred-pressure-vessels\/gas-charging-systems\/","og_site_name":"Parr Instrument (Espa\u00f1ol)","article_modified_time":"2018-03-07T16:44:08+00:00","og_image":[{"width":2200,"height":399,"url":"https:\/\/www.parrinst.com\/es\/files\/2018\/01\/parr_banner_non-stirred_secondary.jpg","type":"image\/jpeg"}],"twitter_card":"summary_large_image","twitter_misc":{"Est. reading time":"2 minutes"},"schema":{"@context":"https:\/\/schema.org","@graph":[{"@type":"WebPage","@id":"https:\/\/www.parrinst.com\/es\/products\/non-stirred-pressure-vessels\/gas-charging-systems\/","url":"https:\/\/www.parrinst.com\/es\/products\/non-stirred-pressure-vessels\/gas-charging-systems\/","name":"Sistemas de Llenado de Gas - Parr Instrument (Espa\u00f1ol)","isPartOf":{"@id":"https:\/\/www.parrinst.com\/es\/#website"},"primaryImageOfPage":{"@id":"https:\/\/www.parrinst.com\/es\/products\/non-stirred-pressure-vessels\/gas-charging-systems\/#primaryimage"},"image":{"@id":"https:\/\/www.parrinst.com\/es\/products\/non-stirred-pressure-vessels\/gas-charging-systems\/#primaryimage"},"thumbnailUrl":"https:\/\/i0.wp.com\/www.parrinst.com\/es\/wp-content\/uploads\/sites\/7\/2018\/01\/parr_banner_non-stirred_secondary.jpg?fit=2200%2C399&ssl=1","datePublished":"2011-07-24T23:00:26+00:00","dateModified":"2018-03-07T16:44:08+00:00","breadcrumb":{"@id":"https:\/\/www.parrinst.com\/es\/products\/non-stirred-pressure-vessels\/gas-charging-systems\/#breadcrumb"},"inLanguage":"en-US","potentialAction":[{"@type":"ReadAction","target":["https:\/\/www.parrinst.com\/es\/products\/non-stirred-pressure-vessels\/gas-charging-systems\/"]}]},{"@type":"ImageObject","inLanguage":"en-US","@id":"https:\/\/www.parrinst.com\/es\/products\/non-stirred-pressure-vessels\/gas-charging-systems\/#primaryimage","url":"https:\/\/i0.wp.com\/www.parrinst.com\/es\/wp-content\/uploads\/sites\/7\/2018\/01\/parr_banner_non-stirred_secondary.jpg?fit=2200%2C399&ssl=1","contentUrl":"https:\/\/i0.wp.com\/www.parrinst.com\/es\/wp-content\/uploads\/sites\/7\/2018\/01\/parr_banner_non-stirred_secondary.jpg?fit=2200%2C399&ssl=1","width":2200,"height":399},{"@type":"BreadcrumbList","@id":"https:\/\/www.parrinst.com\/es\/products\/non-stirred-pressure-vessels\/gas-charging-systems\/#breadcrumb","itemListElement":[{"@type":"ListItem","position":1,"name":"Home","item":"https:\/\/www.parrinst.com\/es\/"},{"@type":"ListItem","position":2,"name":"Products","item":"https:\/\/www.parrinst.com\/es\/products\/"},{"@type":"ListItem","position":3,"name":"Recipientes a Presi\u00f3n Sin Agitaci\u00f3n","item":"https:\/\/www.parrinst.com\/es\/products\/non-stirred-pressure-vessels\/"},{"@type":"ListItem","position":4,"name":"Sistemas de Llenado de Gas"}]},{"@type":"WebSite","@id":"https:\/\/www.parrinst.com\/es\/#website","url":"https:\/\/www.parrinst.com\/es\/","name":"Parr Instrument (Espa\u00f1ol)","description":"","potentialAction":[{"@type":"SearchAction","target":{"@type":"EntryPoint","urlTemplate":"https:\/\/www.parrinst.com\/es\/?s={search_term_string}"},"query-input":{"@type":"PropertyValueSpecification","valueRequired":true,"valueName":"search_term_string"}}],"inLanguage":"en-US"}]}},"jetpack_sharing_enabled":true,"_links":{"self":[{"href":"https:\/\/www.parrinst.com\/es\/wp-json\/wp\/v2\/pages\/5279","targetHints":{"allow":["GET"]}}],"collection":[{"href":"https:\/\/www.parrinst.com\/es\/wp-json\/wp\/v2\/pages"}],"about":[{"href":"https:\/\/www.parrinst.com\/es\/wp-json\/wp\/v2\/types\/page"}],"author":[{"embeddable":true,"href":"https:\/\/www.parrinst.com\/es\/wp-json\/wp\/v2\/users\/1"}],"replies":[{"embeddable":true,"href":"https:\/\/www.parrinst.com\/es\/wp-json\/wp\/v2\/comments?post=5279"}],"version-history":[{"count":2,"href":"https:\/\/www.parrinst.com\/es\/wp-json\/wp\/v2\/pages\/5279\/revisions"}],"predecessor-version":[{"id":38184,"href":"https:\/\/www.parrinst.com\/es\/wp-json\/wp\/v2\/pages\/5279\/revisions\/38184"}],"up":[{"embeddable":true,"href":"https:\/\/www.parrinst.com\/es\/wp-json\/wp\/v2\/pages\/77"}],"wp:featuredmedia":[{"embeddable":true,"href":"https:\/\/www.parrinst.com\/es\/wp-json\/wp\/v2\/media\/37721"}],"wp:attachment":[{"href":"https:\/\/www.parrinst.com\/es\/wp-json\/wp\/v2\/media?parent=5279"}],"curies":[{"name":"wp","href":"https:\/\/api.w.org\/{rel}","templated":true}]}}