{"id":5988,"date":"2011-08-09T10:08:52","date_gmt":"2011-08-09T15:08:52","guid":{"rendered":"https:\/\/www.parrinst.com\/?page_id=5988"},"modified":"2025-04-28T16:02:00","modified_gmt":"2025-04-28T21:02:00","slug":"specifications","status":"publish","type":"page","link":"https:\/\/www.parrinst.com\/es\/products\/tubular-reactor-systems\/fluidized-bed-reactors\/specifications\/","title":{"rendered":"Especificaciones"},"content":{"rendered":"\n\t\t\t<div id='5988-1' class='gallery gallery-5988 gallery-columns-2 gallery-size-medium' itemscope itemtype='http:\/\/schema.org\/ImageGallery'>\n\t\t\t\t<div class='gallery-row gallery-col-2 gallery-clear'>\n\t\t\t\t\t<figure class='gallery-item col-2' itemprop='associatedMedia' itemscope itemtype='http:\/\/schema.org\/ImageObject'>\n\t\t\t\t\t\t<div class='gallery-icon portrait'><a href=\"https:\/\/i0.wp.com\/www.parrinst.com\/es\/wp-content\/uploads\/sites\/7\/2019\/08\/Fluidized-Bed-open-without-cyclone-heater_918083PI2_39765x7.jpg?ssl=1\" itemprop=\"contentURL\"><img loading=\"lazy\" decoding=\"async\" width=\"214\" height=\"300\" src=\"https:\/\/i0.wp.com\/www.parrinst.com\/es\/wp-content\/uploads\/sites\/7\/2019\/08\/Fluidized-Bed-open-without-cyclone-heater_918083PI2_39765x7.jpg?fit=214%2C300&amp;ssl=1\" class=\"attachment-medium size-medium\" alt=\"Reactor de lecho fluidizado con mantilla tipo cer\u00e1mica de 3 zonas, separador cicl\u00f3nico, condensador para enfriamiento, y recipiente de producto.\" srcset=\"https:\/\/i0.wp.com\/www.parrinst.com\/es\/wp-content\/uploads\/sites\/7\/2019\/08\/Fluidized-Bed-open-without-cyclone-heater_918083PI2_39765x7.jpg?w=1500&amp;ssl=1 1500w, https:\/\/i0.wp.com\/www.parrinst.com\/es\/wp-content\/uploads\/sites\/7\/2019\/08\/Fluidized-Bed-open-without-cyclone-heater_918083PI2_39765x7.jpg?resize=107%2C150&amp;ssl=1 107w, https:\/\/i0.wp.com\/www.parrinst.com\/es\/wp-content\/uploads\/sites\/7\/2019\/08\/Fluidized-Bed-open-without-cyclone-heater_918083PI2_39765x7.jpg?resize=214%2C300&amp;ssl=1 214w, https:\/\/i0.wp.com\/www.parrinst.com\/es\/wp-content\/uploads\/sites\/7\/2019\/08\/Fluidized-Bed-open-without-cyclone-heater_918083PI2_39765x7.jpg?resize=731%2C1024&amp;ssl=1 731w, https:\/\/i0.wp.com\/www.parrinst.com\/es\/wp-content\/uploads\/sites\/7\/2019\/08\/Fluidized-Bed-open-without-cyclone-heater_918083PI2_39765x7.jpg?w=1280&amp;ssl=1 1280w\" sizes=\"auto, (max-width: 214px) 100vw, 214px\" itemprop=\"thumbnail\" \/><\/a><\/div>\n\t\t\t\t\t<\/figure>\n\t\t\t\t\t<figure class='gallery-item col-2' itemprop='associatedMedia' itemscope itemtype='http:\/\/schema.org\/ImageObject'>\n\t\t\t\t\t\t<div class='gallery-icon portrait'><a href=\"https:\/\/i0.wp.com\/www.parrinst.com\/es\/wp-content\/uploads\/sites\/7\/2025\/04\/Fluidized-Bed_Cutawayp11.png?ssl=1\" itemprop=\"contentURL\"><img loading=\"lazy\" decoding=\"async\" width=\"121\" height=\"300\" src=\"https:\/\/i0.wp.com\/www.parrinst.com\/es\/wp-content\/uploads\/sites\/7\/2025\/04\/Fluidized-Bed_Cutawayp11.png?fit=121%2C300&amp;ssl=1\" class=\"attachment-medium size-medium\" alt=\"Corte del reactor de lecho fluidizado\" srcset=\"https:\/\/i0.wp.com\/www.parrinst.com\/es\/wp-content\/uploads\/sites\/7\/2025\/04\/Fluidized-Bed_Cutawayp11.png?w=785&amp;ssl=1 785w, https:\/\/i0.wp.com\/www.parrinst.com\/es\/wp-content\/uploads\/sites\/7\/2025\/04\/Fluidized-Bed_Cutawayp11.png?resize=121%2C300&amp;ssl=1 121w, https:\/\/i0.wp.com\/www.parrinst.com\/es\/wp-content\/uploads\/sites\/7\/2025\/04\/Fluidized-Bed_Cutawayp11.png?resize=411%2C1024&amp;ssl=1 411w, https:\/\/i0.wp.com\/www.parrinst.com\/es\/wp-content\/uploads\/sites\/7\/2025\/04\/Fluidized-Bed_Cutawayp11.png?resize=60%2C150&amp;ssl=1 60w, https:\/\/i0.wp.com\/www.parrinst.com\/es\/wp-content\/uploads\/sites\/7\/2025\/04\/Fluidized-Bed_Cutawayp11.png?resize=617%2C1536&amp;ssl=1 617w\" sizes=\"auto, (max-width: 121px) 100vw, 121px\" itemprop=\"thumbnail\" \/><\/a><\/div>\n\t\t\t\t\t<\/figure>\n\t\t\t\t<\/div>\n\t\t\t\t<div class='gallery-row gallery-col-2 gallery-clear'>\n\t\t\t\t\t<figure class='gallery-item col-2' itemprop='associatedMedia' itemscope itemtype='http:\/\/schema.org\/ImageObject'>\n\t\t\t\t\t\t<div class='gallery-icon portrait'><a href=\"https:\/\/i0.wp.com\/www.parrinst.com\/es\/wp-content\/uploads\/sites\/7\/2019\/08\/Cyclonic-Cutaway5400-pg10.png?ssl=1\" itemprop=\"contentURL\"><img loading=\"lazy\" decoding=\"async\" width=\"180\" height=\"300\" src=\"https:\/\/i0.wp.com\/www.parrinst.com\/es\/wp-content\/uploads\/sites\/7\/2019\/08\/Cyclonic-Cutaway5400-pg10.png?fit=180%2C300&amp;ssl=1\" class=\"attachment-medium size-medium\" alt=\"Corte del separador cicl\u00f3nico\" srcset=\"https:\/\/i0.wp.com\/www.parrinst.com\/es\/wp-content\/uploads\/sites\/7\/2019\/08\/Cyclonic-Cutaway5400-pg10.png?w=1066&amp;ssl=1 1066w, https:\/\/i0.wp.com\/www.parrinst.com\/es\/wp-content\/uploads\/sites\/7\/2019\/08\/Cyclonic-Cutaway5400-pg10.png?resize=90%2C150&amp;ssl=1 90w, https:\/\/i0.wp.com\/www.parrinst.com\/es\/wp-content\/uploads\/sites\/7\/2019\/08\/Cyclonic-Cutaway5400-pg10.png?resize=180%2C300&amp;ssl=1 180w, https:\/\/i0.wp.com\/www.parrinst.com\/es\/wp-content\/uploads\/sites\/7\/2019\/08\/Cyclonic-Cutaway5400-pg10.png?resize=614%2C1024&amp;ssl=1 614w\" sizes=\"auto, (max-width: 180px) 100vw, 180px\" itemprop=\"thumbnail\" \/><\/a><\/div>\n\t\t\t\t\t<\/figure>\n\t\t\t<\/div>\n\t\t\t<\/div><!-- .gallery -->\n\n<p>El sistema de reactor que se muestra a la derecha incluye los siguientes componentes clave:<\/p>\n<ul>\n<li style=\"list-style-type: none;\">\n<ul>\n<li>Un subsistema de mezcla y manipulaci\u00f3n de gases utilizado para mezclar y regular el flujo de gas reactivo hacia el fondo del reactor.<\/li>\n<li>La parte inferior del reactor de lecho fluidizado incorpora una placa met\u00e1lica porosa de difusi\u00f3n de gases f\u00e1cilmente extra\u00edble, y la parte superior del reactor ampl\u00eda su di\u00e1metro para formar una zona de desprendimiento para los s\u00f3lidos fluidizados.<\/li>\n<li>Se proporciona un termopar m\u00f3vil en un termopozo para controlar la distribuci\u00f3n de temperatura interna del reactor.<\/li>\n<li>Se puede incluir opcionalmente un deflector interno.<\/li>\n<li>Un transductor de presi\u00f3n diferencial capaz de medir la ca\u00edda de presi\u00f3n a trav\u00e9s o dentro del lecho.<\/li>\n<li>La parte inferior del reactor de lecho fluidizado incorpora una placa met\u00e1lica porosa de difusi\u00f3n de gases f\u00e1cilmente extra\u00edble, y la parte superior del reactor ampl\u00eda su di\u00e1metro para formar una zona de desprendimiento para los s\u00f3lidos fluidizados.<\/li>\n<li>Los gases de reacci\u00f3n se enfr\u00edan mediante un condensador y se recogen en un recipiente de recogida.<\/li>\n<li>La presi\u00f3n del sistema se puede mantener mediante un regulador de contrapresi\u00f3n autom\u00e1tico opcional.<\/li>\n<li>Todas las funciones y par\u00e1metros del sistema son monitoreados y mantenidos por el c<a href=\"https:\/\/www.parrinst.com\/es\/products\/controllers\/4871-process-controller\/\">ontrolador de proceso Parr 4871<\/a> (no se muestra).<\/li>\n<\/ul>\n<\/li>\n<\/ul>\n","protected":false},"excerpt":{"rendered":"<p>El sistema de reactor que se muestra a la derecha incluye los siguientes componentes clave: Un subsistema de mezcla y manipulaci\u00f3n de gases utilizado para mezclar y regular el flujo de gas reactivo hacia el fondo del reactor. La parte inferior del reactor de lecho fluidizado incorpora una placa met\u00e1lica porosa de difusi\u00f3n de gases [&hellip;]<\/p>\n","protected":false},"author":1,"featured_media":37724,"parent":242,"menu_order":2,"comment_status":"closed","ping_status":"closed","template":"product-narrow.php","meta":{"_acf_changed":false,"footnotes":"","_links_to":"","_links_to_target":""},"class_list":["post-5988","page","type-page","status-publish","has-post-thumbnail","hentry"],"acf":[],"yoast_head":"<!-- This site is optimized with the Yoast SEO plugin v27.5 - https:\/\/yoast.com\/product\/yoast-seo-wordpress\/ -->\n<title>Especificaciones - Parr Instrument (Espa\u00f1ol)<\/title>\n<meta name=\"robots\" content=\"index, follow, max-snippet:-1, max-image-preview:large, max-video-preview:-1\" \/>\n<link rel=\"canonical\" href=\"https:\/\/www.parrinst.com\/es\/products\/tubular-reactor-systems\/fluidized-bed-reactors\/specifications\/\" \/>\n<meta property=\"og:locale\" content=\"en_US\" \/>\n<meta property=\"og:type\" content=\"article\" \/>\n<meta property=\"og:title\" content=\"Especificaciones - Parr Instrument (Espa\u00f1ol)\" \/>\n<meta property=\"og:description\" content=\"El sistema de reactor que se muestra a la derecha incluye los siguientes componentes clave: Un subsistema de mezcla y manipulaci\u00f3n de gases utilizado para mezclar y regular el flujo de gas reactivo hacia el fondo del reactor. La parte inferior del reactor de lecho fluidizado incorpora una placa met\u00e1lica porosa de difusi\u00f3n de gases [&hellip;]\" \/>\n<meta property=\"og:url\" content=\"https:\/\/www.parrinst.com\/es\/products\/tubular-reactor-systems\/fluidized-bed-reactors\/specifications\/\" \/>\n<meta property=\"og:site_name\" content=\"Parr Instrument (Espa\u00f1ol)\" \/>\n<meta property=\"article:modified_time\" content=\"2025-04-28T21:02:00+00:00\" \/>\n<meta property=\"og:image\" content=\"https:\/\/www.parrinst.com\/es\/files\/2018\/01\/parr_banner_tubular_secondary.jpg\" \/>\n\t<meta property=\"og:image:width\" content=\"2200\" \/>\n\t<meta property=\"og:image:height\" content=\"399\" \/>\n\t<meta property=\"og:image:type\" content=\"image\/jpeg\" \/>\n<meta name=\"twitter:card\" content=\"summary_large_image\" \/>\n<meta name=\"twitter:label1\" content=\"Est. reading time\" \/>\n\t<meta name=\"twitter:data1\" content=\"2 minutes\" \/>\n<script type=\"application\/ld+json\" class=\"yoast-schema-graph\">{\"@context\":\"https:\\\/\\\/schema.org\",\"@graph\":[{\"@type\":\"WebPage\",\"@id\":\"https:\\\/\\\/www.parrinst.com\\\/es\\\/products\\\/tubular-reactor-systems\\\/fluidized-bed-reactors\\\/specifications\\\/\",\"url\":\"https:\\\/\\\/www.parrinst.com\\\/es\\\/products\\\/tubular-reactor-systems\\\/fluidized-bed-reactors\\\/specifications\\\/\",\"name\":\"Especificaciones - Parr Instrument (Espa\u00f1ol)\",\"isPartOf\":{\"@id\":\"https:\\\/\\\/www.parrinst.com\\\/es\\\/#website\"},\"primaryImageOfPage\":{\"@id\":\"https:\\\/\\\/www.parrinst.com\\\/es\\\/products\\\/tubular-reactor-systems\\\/fluidized-bed-reactors\\\/specifications\\\/#primaryimage\"},\"image\":{\"@id\":\"https:\\\/\\\/www.parrinst.com\\\/es\\\/products\\\/tubular-reactor-systems\\\/fluidized-bed-reactors\\\/specifications\\\/#primaryimage\"},\"thumbnailUrl\":\"https:\\\/\\\/i0.wp.com\\\/www.parrinst.com\\\/es\\\/wp-content\\\/uploads\\\/sites\\\/7\\\/2018\\\/01\\\/parr_banner_tubular_secondary.jpg?fit=2200%2C399&ssl=1\",\"datePublished\":\"2011-08-09T15:08:52+00:00\",\"dateModified\":\"2025-04-28T21:02:00+00:00\",\"breadcrumb\":{\"@id\":\"https:\\\/\\\/www.parrinst.com\\\/es\\\/products\\\/tubular-reactor-systems\\\/fluidized-bed-reactors\\\/specifications\\\/#breadcrumb\"},\"inLanguage\":\"en-US\",\"potentialAction\":[{\"@type\":\"ReadAction\",\"target\":[\"https:\\\/\\\/www.parrinst.com\\\/es\\\/products\\\/tubular-reactor-systems\\\/fluidized-bed-reactors\\\/specifications\\\/\"]}]},{\"@type\":\"ImageObject\",\"inLanguage\":\"en-US\",\"@id\":\"https:\\\/\\\/www.parrinst.com\\\/es\\\/products\\\/tubular-reactor-systems\\\/fluidized-bed-reactors\\\/specifications\\\/#primaryimage\",\"url\":\"https:\\\/\\\/i0.wp.com\\\/www.parrinst.com\\\/es\\\/wp-content\\\/uploads\\\/sites\\\/7\\\/2018\\\/01\\\/parr_banner_tubular_secondary.jpg?fit=2200%2C399&ssl=1\",\"contentUrl\":\"https:\\\/\\\/i0.wp.com\\\/www.parrinst.com\\\/es\\\/wp-content\\\/uploads\\\/sites\\\/7\\\/2018\\\/01\\\/parr_banner_tubular_secondary.jpg?fit=2200%2C399&ssl=1\",\"width\":2200,\"height\":399},{\"@type\":\"BreadcrumbList\",\"@id\":\"https:\\\/\\\/www.parrinst.com\\\/es\\\/products\\\/tubular-reactor-systems\\\/fluidized-bed-reactors\\\/specifications\\\/#breadcrumb\",\"itemListElement\":[{\"@type\":\"ListItem\",\"position\":1,\"name\":\"Home\",\"item\":\"https:\\\/\\\/www.parrinst.com\\\/es\\\/\"},{\"@type\":\"ListItem\",\"position\":2,\"name\":\"Products\",\"item\":\"https:\\\/\\\/www.parrinst.com\\\/es\\\/products\\\/\"},{\"@type\":\"ListItem\",\"position\":3,\"name\":\"Sistemas de Reactor Tubular\",\"item\":\"https:\\\/\\\/www.parrinst.com\\\/es\\\/products\\\/tubular-reactor-systems\\\/\"},{\"@type\":\"ListItem\",\"position\":4,\"name\":\"5410 Reactores de Lecho Fluidizado\",\"item\":\"https:\\\/\\\/www.parrinst.com\\\/es\\\/products\\\/tubular-reactor-systems\\\/fluidized-bed-reactors\\\/\"},{\"@type\":\"ListItem\",\"position\":5,\"name\":\"Especificaciones\"}]},{\"@type\":\"WebSite\",\"@id\":\"https:\\\/\\\/www.parrinst.com\\\/es\\\/#website\",\"url\":\"https:\\\/\\\/www.parrinst.com\\\/es\\\/\",\"name\":\"Parr Instrument (Espa\u00f1ol)\",\"description\":\"\",\"potentialAction\":[{\"@type\":\"SearchAction\",\"target\":{\"@type\":\"EntryPoint\",\"urlTemplate\":\"https:\\\/\\\/www.parrinst.com\\\/es\\\/?s={search_term_string}\"},\"query-input\":{\"@type\":\"PropertyValueSpecification\",\"valueRequired\":true,\"valueName\":\"search_term_string\"}}],\"inLanguage\":\"en-US\"}]}<\/script>\n<!-- \/ Yoast SEO plugin. -->","yoast_head_json":{"title":"Especificaciones - Parr Instrument (Espa\u00f1ol)","robots":{"index":"index","follow":"follow","max-snippet":"max-snippet:-1","max-image-preview":"max-image-preview:large","max-video-preview":"max-video-preview:-1"},"canonical":"https:\/\/www.parrinst.com\/es\/products\/tubular-reactor-systems\/fluidized-bed-reactors\/specifications\/","og_locale":"en_US","og_type":"article","og_title":"Especificaciones - Parr Instrument (Espa\u00f1ol)","og_description":"El sistema de reactor que se muestra a la derecha incluye los siguientes componentes clave: Un subsistema de mezcla y manipulaci\u00f3n de gases utilizado para mezclar y regular el flujo de gas reactivo hacia el fondo del reactor. La parte inferior del reactor de lecho fluidizado incorpora una placa met\u00e1lica porosa de difusi\u00f3n de gases [&hellip;]","og_url":"https:\/\/www.parrinst.com\/es\/products\/tubular-reactor-systems\/fluidized-bed-reactors\/specifications\/","og_site_name":"Parr Instrument (Espa\u00f1ol)","article_modified_time":"2025-04-28T21:02:00+00:00","og_image":[{"width":2200,"height":399,"url":"https:\/\/www.parrinst.com\/es\/files\/2018\/01\/parr_banner_tubular_secondary.jpg","type":"image\/jpeg"}],"twitter_card":"summary_large_image","twitter_misc":{"Est. reading time":"2 minutes"},"schema":{"@context":"https:\/\/schema.org","@graph":[{"@type":"WebPage","@id":"https:\/\/www.parrinst.com\/es\/products\/tubular-reactor-systems\/fluidized-bed-reactors\/specifications\/","url":"https:\/\/www.parrinst.com\/es\/products\/tubular-reactor-systems\/fluidized-bed-reactors\/specifications\/","name":"Especificaciones - Parr Instrument (Espa\u00f1ol)","isPartOf":{"@id":"https:\/\/www.parrinst.com\/es\/#website"},"primaryImageOfPage":{"@id":"https:\/\/www.parrinst.com\/es\/products\/tubular-reactor-systems\/fluidized-bed-reactors\/specifications\/#primaryimage"},"image":{"@id":"https:\/\/www.parrinst.com\/es\/products\/tubular-reactor-systems\/fluidized-bed-reactors\/specifications\/#primaryimage"},"thumbnailUrl":"https:\/\/i0.wp.com\/www.parrinst.com\/es\/wp-content\/uploads\/sites\/7\/2018\/01\/parr_banner_tubular_secondary.jpg?fit=2200%2C399&ssl=1","datePublished":"2011-08-09T15:08:52+00:00","dateModified":"2025-04-28T21:02:00+00:00","breadcrumb":{"@id":"https:\/\/www.parrinst.com\/es\/products\/tubular-reactor-systems\/fluidized-bed-reactors\/specifications\/#breadcrumb"},"inLanguage":"en-US","potentialAction":[{"@type":"ReadAction","target":["https:\/\/www.parrinst.com\/es\/products\/tubular-reactor-systems\/fluidized-bed-reactors\/specifications\/"]}]},{"@type":"ImageObject","inLanguage":"en-US","@id":"https:\/\/www.parrinst.com\/es\/products\/tubular-reactor-systems\/fluidized-bed-reactors\/specifications\/#primaryimage","url":"https:\/\/i0.wp.com\/www.parrinst.com\/es\/wp-content\/uploads\/sites\/7\/2018\/01\/parr_banner_tubular_secondary.jpg?fit=2200%2C399&ssl=1","contentUrl":"https:\/\/i0.wp.com\/www.parrinst.com\/es\/wp-content\/uploads\/sites\/7\/2018\/01\/parr_banner_tubular_secondary.jpg?fit=2200%2C399&ssl=1","width":2200,"height":399},{"@type":"BreadcrumbList","@id":"https:\/\/www.parrinst.com\/es\/products\/tubular-reactor-systems\/fluidized-bed-reactors\/specifications\/#breadcrumb","itemListElement":[{"@type":"ListItem","position":1,"name":"Home","item":"https:\/\/www.parrinst.com\/es\/"},{"@type":"ListItem","position":2,"name":"Products","item":"https:\/\/www.parrinst.com\/es\/products\/"},{"@type":"ListItem","position":3,"name":"Sistemas de Reactor Tubular","item":"https:\/\/www.parrinst.com\/es\/products\/tubular-reactor-systems\/"},{"@type":"ListItem","position":4,"name":"5410 Reactores de Lecho Fluidizado","item":"https:\/\/www.parrinst.com\/es\/products\/tubular-reactor-systems\/fluidized-bed-reactors\/"},{"@type":"ListItem","position":5,"name":"Especificaciones"}]},{"@type":"WebSite","@id":"https:\/\/www.parrinst.com\/es\/#website","url":"https:\/\/www.parrinst.com\/es\/","name":"Parr Instrument (Espa\u00f1ol)","description":"","potentialAction":[{"@type":"SearchAction","target":{"@type":"EntryPoint","urlTemplate":"https:\/\/www.parrinst.com\/es\/?s={search_term_string}"},"query-input":{"@type":"PropertyValueSpecification","valueRequired":true,"valueName":"search_term_string"}}],"inLanguage":"en-US"}]}},"jetpack_sharing_enabled":true,"_links":{"self":[{"href":"https:\/\/www.parrinst.com\/es\/wp-json\/wp\/v2\/pages\/5988","targetHints":{"allow":["GET"]}}],"collection":[{"href":"https:\/\/www.parrinst.com\/es\/wp-json\/wp\/v2\/pages"}],"about":[{"href":"https:\/\/www.parrinst.com\/es\/wp-json\/wp\/v2\/types\/page"}],"author":[{"embeddable":true,"href":"https:\/\/www.parrinst.com\/es\/wp-json\/wp\/v2\/users\/1"}],"replies":[{"embeddable":true,"href":"https:\/\/www.parrinst.com\/es\/wp-json\/wp\/v2\/comments?post=5988"}],"version-history":[{"count":11,"href":"https:\/\/www.parrinst.com\/es\/wp-json\/wp\/v2\/pages\/5988\/revisions"}],"predecessor-version":[{"id":41074,"href":"https:\/\/www.parrinst.com\/es\/wp-json\/wp\/v2\/pages\/5988\/revisions\/41074"}],"up":[{"embeddable":true,"href":"https:\/\/www.parrinst.com\/es\/wp-json\/wp\/v2\/pages\/242"}],"wp:featuredmedia":[{"embeddable":true,"href":"https:\/\/www.parrinst.com\/es\/wp-json\/wp\/v2\/media\/37724"}],"wp:attachment":[{"href":"https:\/\/www.parrinst.com\/es\/wp-json\/wp\/v2\/media?parent=5988"}],"curies":[{"name":"wp","href":"https:\/\/api.w.org\/{rel}","templated":true}]}}