{"id":6255,"date":"2011-08-12T08:48:16","date_gmt":"2011-08-12T13:48:16","guid":{"rendered":"https:\/\/www.parrinst.com\/?page_id=6255"},"modified":"2013-03-26T10:26:54","modified_gmt":"2013-03-26T16:26:54","slug":"product-support","status":"publish","type":"page","link":"https:\/\/www.parrinst.com\/es\/support\/product-support\/","title":{"rendered":"Soporte de Productos"},"content":{"rendered":"<p><img data-recalc-dims=\"1\" loading=\"lazy\" decoding=\"async\" class=\"NakedImage alignnone\" alt=\"\" src=\"https:\/\/i0.wp.com\/www.parrinst.com\/es\/wp-content\/uploads\/sites\/7\/2011\/08\/Downloads_Main-Art.jpg?resize=547%2C244&#038;ssl=1\" width=\"547\" height=\"244\" \/><\/p>\n<p>Parr Instrument Company cuenta con personal de soporte y t\u00e9cnicos de ventas, con un promedio de m\u00e1s de 20 a\u00f1os de experiencia en este campo especializado. Hemos &#8220;estado all\u00ed y lo hemos hecho&#8221;, y estamos deseando a ayudarle a resolver sus necesidades.<\/p>\n<p>Encuentre aqu\u00ed soluciones para los problemas m\u00e1s comunes u obtenga ayuda de nuestro personal t\u00e9cnico.<\/p>\n<h2>Reactores con Agitaci\u00f3n y Recipientes a Presi\u00f3n<\/h2>\n<p>P\u00f3ngase en contacto con el <a title=\"Parr USA\" href=\"https:\/\/www.parrinst.com\/es\/contact\/parr-usa\/\">Departamento de Servicio T\u00e9cnico<\/a> para obtener ayuda con sus Reactores con Agitaci\u00f3n o Recipientes a Presi\u00f3n.<\/p>\n<p>Ver <a title=\"The User\u2019s Responsibility\" href=\"https:\/\/www.parrinst.com\/es\/support\/product-support\/the-users-responsibility\/\">la responsabilidad del Usuario <\/a>al utilizar reactores Parr y recipientes a presi\u00f3n.<\/p>\n<h2>Calor\u00edmetros<\/h2>\n<p>Nuestros <a title=\"Calorimeter Support Documents\" href=\"https:\/\/www.parrinst.com\/es\/support\/product-support\/installation-documents\/\">Documentos de Soporte<\/a> contienen instrucciones y consejos sobre Equipos Calor\u00edmetros anteriores y actuales.<\/p>\n<h2>Controladores<\/h2>\n<p>Visite nuestra secci\u00f3n de <a title=\"Controller FAQ\u2019s\" href=\"https:\/\/www.parrinst.com\/es\/support\/48484838-controller-support\/controller-faq\/\">Controladores FAQ<\/a> para encontrar respuestas sobre nuestros Controladores Serie 4848 y 4838.<\/p>\n","protected":false},"excerpt":{"rendered":"<p>Parr Instrument Company cuenta con personal de soporte y t\u00e9cnicos de ventas, con un promedio de m\u00e1s de 20 a\u00f1os de experiencia en este campo especializado. Hemos &#8220;estado all\u00ed y lo hemos hecho&#8221;, y estamos deseando a ayudarle a resolver sus necesidades. Encuentre aqu\u00ed soluciones para los problemas m\u00e1s comunes u obtenga ayuda de nuestro [&hellip;]<\/p>\n","protected":false},"author":1,"featured_media":0,"parent":24,"menu_order":0,"comment_status":"closed","ping_status":"closed","template":"","meta":{"_acf_changed":false,"footnotes":"","_links_to":"","_links_to_target":""},"class_list":["post-6255","page","type-page","status-publish","hentry"],"acf":[],"yoast_head":"<!-- This site is optimized with the Yoast SEO plugin v27.5 - https:\/\/yoast.com\/product\/yoast-seo-wordpress\/ -->\n<title>Soporte de Productos - Parr Instrument (Espa\u00f1ol)<\/title>\n<meta name=\"robots\" content=\"index, follow, max-snippet:-1, max-image-preview:large, max-video-preview:-1\" \/>\n<link rel=\"canonical\" href=\"https:\/\/www.parrinst.com\/es\/support\/product-support\/\" \/>\n<meta property=\"og:locale\" content=\"en_US\" \/>\n<meta property=\"og:type\" content=\"article\" \/>\n<meta property=\"og:title\" content=\"Soporte de Productos - Parr Instrument (Espa\u00f1ol)\" \/>\n<meta property=\"og:description\" content=\"Parr Instrument Company cuenta con personal de soporte y t\u00e9cnicos de ventas, con un promedio de m\u00e1s de 20 a\u00f1os de experiencia en este campo especializado. Hemos &#8220;estado all\u00ed y lo hemos hecho&#8221;, y estamos deseando a ayudarle a resolver sus necesidades. Encuentre aqu\u00ed soluciones para los problemas m\u00e1s comunes u obtenga ayuda de nuestro [&hellip;]\" \/>\n<meta property=\"og:url\" content=\"https:\/\/www.parrinst.com\/es\/support\/product-support\/\" \/>\n<meta property=\"og:site_name\" content=\"Parr Instrument (Espa\u00f1ol)\" \/>\n<meta property=\"article:modified_time\" content=\"2013-03-26T16:26:54+00:00\" \/>\n<meta property=\"og:image\" content=\"https:\/\/www.parrinst.com\/es\/files\/2011\/08\/Downloads_Main-Art.jpg\" \/>\n<meta name=\"twitter:card\" content=\"summary_large_image\" \/>\n<meta name=\"twitter:label1\" content=\"Est. reading time\" \/>\n\t<meta name=\"twitter:data1\" content=\"1 minute\" \/>\n<script type=\"application\/ld+json\" class=\"yoast-schema-graph\">{\"@context\":\"https:\\\/\\\/schema.org\",\"@graph\":[{\"@type\":\"WebPage\",\"@id\":\"https:\\\/\\\/www.parrinst.com\\\/es\\\/support\\\/product-support\\\/\",\"url\":\"https:\\\/\\\/www.parrinst.com\\\/es\\\/support\\\/product-support\\\/\",\"name\":\"Soporte de Productos - Parr Instrument (Espa\u00f1ol)\",\"isPartOf\":{\"@id\":\"https:\\\/\\\/www.parrinst.com\\\/es\\\/#website\"},\"primaryImageOfPage\":{\"@id\":\"https:\\\/\\\/www.parrinst.com\\\/es\\\/support\\\/product-support\\\/#primaryimage\"},\"image\":{\"@id\":\"https:\\\/\\\/www.parrinst.com\\\/es\\\/support\\\/product-support\\\/#primaryimage\"},\"thumbnailUrl\":\"https:\\\/\\\/www.parrinst.com\\\/es\\\/wp-content\\\/uploads\\\/sites\\\/7\\\/2011\\\/08\\\/Downloads_Main-Art.jpg\",\"datePublished\":\"2011-08-12T13:48:16+00:00\",\"dateModified\":\"2013-03-26T16:26:54+00:00\",\"breadcrumb\":{\"@id\":\"https:\\\/\\\/www.parrinst.com\\\/es\\\/support\\\/product-support\\\/#breadcrumb\"},\"inLanguage\":\"en-US\",\"potentialAction\":[{\"@type\":\"ReadAction\",\"target\":[\"https:\\\/\\\/www.parrinst.com\\\/es\\\/support\\\/product-support\\\/\"]}]},{\"@type\":\"ImageObject\",\"inLanguage\":\"en-US\",\"@id\":\"https:\\\/\\\/www.parrinst.com\\\/es\\\/support\\\/product-support\\\/#primaryimage\",\"url\":\"https:\\\/\\\/i0.wp.com\\\/www.parrinst.com\\\/es\\\/wp-content\\\/uploads\\\/sites\\\/7\\\/2011\\\/08\\\/Downloads_Main-Art.jpg?fit=560%2C250&ssl=1\",\"contentUrl\":\"https:\\\/\\\/i0.wp.com\\\/www.parrinst.com\\\/es\\\/wp-content\\\/uploads\\\/sites\\\/7\\\/2011\\\/08\\\/Downloads_Main-Art.jpg?fit=560%2C250&ssl=1\",\"width\":\"560\",\"height\":\"250\"},{\"@type\":\"BreadcrumbList\",\"@id\":\"https:\\\/\\\/www.parrinst.com\\\/es\\\/support\\\/product-support\\\/#breadcrumb\",\"itemListElement\":[{\"@type\":\"ListItem\",\"position\":1,\"name\":\"Home\",\"item\":\"https:\\\/\\\/www.parrinst.com\\\/es\\\/\"},{\"@type\":\"ListItem\",\"position\":2,\"name\":\"Support\",\"item\":\"https:\\\/\\\/www.parrinst.com\\\/support\\\/product-support\\\/\"},{\"@type\":\"ListItem\",\"position\":3,\"name\":\"Soporte de Productos\"}]},{\"@type\":\"WebSite\",\"@id\":\"https:\\\/\\\/www.parrinst.com\\\/es\\\/#website\",\"url\":\"https:\\\/\\\/www.parrinst.com\\\/es\\\/\",\"name\":\"Parr Instrument (Espa\u00f1ol)\",\"description\":\"\",\"potentialAction\":[{\"@type\":\"SearchAction\",\"target\":{\"@type\":\"EntryPoint\",\"urlTemplate\":\"https:\\\/\\\/www.parrinst.com\\\/es\\\/?s={search_term_string}\"},\"query-input\":{\"@type\":\"PropertyValueSpecification\",\"valueRequired\":true,\"valueName\":\"search_term_string\"}}],\"inLanguage\":\"en-US\"}]}<\/script>\n<!-- \/ Yoast SEO plugin. -->","yoast_head_json":{"title":"Soporte de Productos - Parr Instrument (Espa\u00f1ol)","robots":{"index":"index","follow":"follow","max-snippet":"max-snippet:-1","max-image-preview":"max-image-preview:large","max-video-preview":"max-video-preview:-1"},"canonical":"https:\/\/www.parrinst.com\/es\/support\/product-support\/","og_locale":"en_US","og_type":"article","og_title":"Soporte de Productos - Parr Instrument (Espa\u00f1ol)","og_description":"Parr Instrument Company cuenta con personal de soporte y t\u00e9cnicos de ventas, con un promedio de m\u00e1s de 20 a\u00f1os de experiencia en este campo especializado. Hemos &#8220;estado all\u00ed y lo hemos hecho&#8221;, y estamos deseando a ayudarle a resolver sus necesidades. Encuentre aqu\u00ed soluciones para los problemas m\u00e1s comunes u obtenga ayuda de nuestro [&hellip;]","og_url":"https:\/\/www.parrinst.com\/es\/support\/product-support\/","og_site_name":"Parr Instrument (Espa\u00f1ol)","article_modified_time":"2013-03-26T16:26:54+00:00","og_image":[{"url":"https:\/\/www.parrinst.com\/es\/files\/2011\/08\/Downloads_Main-Art.jpg","type":"","width":"","height":""}],"twitter_card":"summary_large_image","twitter_misc":{"Est. reading time":"1 minute"},"schema":{"@context":"https:\/\/schema.org","@graph":[{"@type":"WebPage","@id":"https:\/\/www.parrinst.com\/es\/support\/product-support\/","url":"https:\/\/www.parrinst.com\/es\/support\/product-support\/","name":"Soporte de Productos - Parr Instrument (Espa\u00f1ol)","isPartOf":{"@id":"https:\/\/www.parrinst.com\/es\/#website"},"primaryImageOfPage":{"@id":"https:\/\/www.parrinst.com\/es\/support\/product-support\/#primaryimage"},"image":{"@id":"https:\/\/www.parrinst.com\/es\/support\/product-support\/#primaryimage"},"thumbnailUrl":"https:\/\/www.parrinst.com\/es\/wp-content\/uploads\/sites\/7\/2011\/08\/Downloads_Main-Art.jpg","datePublished":"2011-08-12T13:48:16+00:00","dateModified":"2013-03-26T16:26:54+00:00","breadcrumb":{"@id":"https:\/\/www.parrinst.com\/es\/support\/product-support\/#breadcrumb"},"inLanguage":"en-US","potentialAction":[{"@type":"ReadAction","target":["https:\/\/www.parrinst.com\/es\/support\/product-support\/"]}]},{"@type":"ImageObject","inLanguage":"en-US","@id":"https:\/\/www.parrinst.com\/es\/support\/product-support\/#primaryimage","url":"https:\/\/i0.wp.com\/www.parrinst.com\/es\/wp-content\/uploads\/sites\/7\/2011\/08\/Downloads_Main-Art.jpg?fit=560%2C250&ssl=1","contentUrl":"https:\/\/i0.wp.com\/www.parrinst.com\/es\/wp-content\/uploads\/sites\/7\/2011\/08\/Downloads_Main-Art.jpg?fit=560%2C250&ssl=1","width":"560","height":"250"},{"@type":"BreadcrumbList","@id":"https:\/\/www.parrinst.com\/es\/support\/product-support\/#breadcrumb","itemListElement":[{"@type":"ListItem","position":1,"name":"Home","item":"https:\/\/www.parrinst.com\/es\/"},{"@type":"ListItem","position":2,"name":"Support","item":"https:\/\/www.parrinst.com\/support\/product-support\/"},{"@type":"ListItem","position":3,"name":"Soporte de Productos"}]},{"@type":"WebSite","@id":"https:\/\/www.parrinst.com\/es\/#website","url":"https:\/\/www.parrinst.com\/es\/","name":"Parr Instrument (Espa\u00f1ol)","description":"","potentialAction":[{"@type":"SearchAction","target":{"@type":"EntryPoint","urlTemplate":"https:\/\/www.parrinst.com\/es\/?s={search_term_string}"},"query-input":{"@type":"PropertyValueSpecification","valueRequired":true,"valueName":"search_term_string"}}],"inLanguage":"en-US"}]}},"jetpack_sharing_enabled":true,"_links":{"self":[{"href":"https:\/\/www.parrinst.com\/es\/wp-json\/wp\/v2\/pages\/6255","targetHints":{"allow":["GET"]}}],"collection":[{"href":"https:\/\/www.parrinst.com\/es\/wp-json\/wp\/v2\/pages"}],"about":[{"href":"https:\/\/www.parrinst.com\/es\/wp-json\/wp\/v2\/types\/page"}],"author":[{"embeddable":true,"href":"https:\/\/www.parrinst.com\/es\/wp-json\/wp\/v2\/users\/1"}],"replies":[{"embeddable":true,"href":"https:\/\/www.parrinst.com\/es\/wp-json\/wp\/v2\/comments?post=6255"}],"version-history":[{"count":0,"href":"https:\/\/www.parrinst.com\/es\/wp-json\/wp\/v2\/pages\/6255\/revisions"}],"up":[{"embeddable":true,"href":"https:\/\/www.parrinst.com\/es\/wp-json\/wp\/v2\/pages\/24"}],"wp:attachment":[{"href":"https:\/\/www.parrinst.com\/es\/wp-json\/wp\/v2\/media?parent=6255"}],"curies":[{"name":"wp","href":"https:\/\/api.w.org\/{rel}","templated":true}]}}