{"id":669,"date":"2011-05-04T18:27:03","date_gmt":"2011-05-04T23:27:03","guid":{"rendered":"https:\/\/www.parrinst.com\/?page_id=669"},"modified":"2018-03-02T11:55:43","modified_gmt":"2018-03-02T17:55:43","slug":"oxygen-combustion-bomb-model-1108","status":"publish","type":"page","link":"https:\/\/www.parrinst.com\/es\/products\/sample-preparation\/oxygen-combustion-bombs\/oxygen-combustion-bomb-model-1108\/","title":{"rendered":"Recipientes de Combusti\u00f3n de Ox\u00edgeno Modelo 1108"},"content":{"rendered":"<figure id=\"attachment_2891\" aria-describedby=\"caption-attachment-2891\" style=\"width: 214px\" class=\"wp-caption alignright\"><a href=\"https:\/\/i0.wp.com\/www.parrinst.com\/es\/wp-content\/uploads\/2011\/06\/1108_Combustion-Bomb_342mL.jpg?ssl=1\"><img data-recalc-dims=\"1\" loading=\"lazy\" decoding=\"async\" class=\"wp-image-2891 size-medium\" src=\"https:\/\/i0.wp.com\/www.parrinst.com\/es\/wp-content\/uploads\/sites\/7\/2011\/06\/1108_Combustion-Bomb_342mL.jpg?resize=214%2C300&#038;ssl=1\" alt=\"1108 Oxygen Combustion Bomb\" width=\"214\" height=\"300\" srcset=\"https:\/\/i0.wp.com\/www.parrinst.com\/es\/wp-content\/uploads\/sites\/7\/2011\/06\/1108_Combustion-Bomb_342mL.jpg?resize=214%2C300&amp;ssl=1 214w, https:\/\/i0.wp.com\/www.parrinst.com\/es\/wp-content\/uploads\/sites\/7\/2011\/06\/1108_Combustion-Bomb_342mL.jpg?resize=107%2C150&amp;ssl=1 107w, https:\/\/i0.wp.com\/www.parrinst.com\/es\/wp-content\/uploads\/sites\/7\/2011\/06\/1108_Combustion-Bomb_342mL.jpg?w=600&amp;ssl=1 600w\" sizes=\"auto, (max-width: 214px) 100vw, 214px\" \/><\/a><figcaption id=\"caption-attachment-2891\" class=\"wp-caption-text\">Recipientes\u00a0de Combusti\u00f3n de Ox\u00edgeno 1108<\/figcaption><\/figure>\n<p><strong>La\u00a0Recipientes 1108<\/strong> es la recipientes de uso general de 342 ml est\u00e1ndar, usada en todos los Calor\u00edmetros 6100, 6200 y 1341Parr, y en el Aparato de vaso de Combusti\u00f3n 1901. Quemar\u00e1 en forma segura muestras liberando hasta un m\u00e1ximo de 8000 calor\u00edas por carga, usando cargas de presiones de ox\u00edgeno hasta de 40 atm.<\/p>\n<p>La vaso 1108 est\u00e1ndar est\u00e1 hecha de acero inoxidable especial de colombio estabilizado seleccionado por su excelente resistencia a los \u00e1cidos n\u00edtrico y sulf\u00farico mixtos producidos en una recipientes de combusti\u00f3n. Esta es una aleaci\u00f3n superior adecuada para la mayor\u00eda de las pruebas de combusti\u00f3n, sin embargo, ni \u00e9ste, ni ning\u00fan otro acero inoxidable resiste la atm\u00f3sfera corrosiva producida cuando se queman muestras que contienen compuestos halogenados. Para estas aplicaciones Parr ofrece la\u00a0Recipientes 1108CL descrita a continuaci\u00f3n.<\/p>\n<p>Se puede pedir un sistema de Llenado de ox\u00edgeno y otros accesorios para Bombas 1108 o se puede obtener una recipientes completa con todos los accesorios necesarios al ordenar el <a href=\"https:\/\/www.parrinst.com\/es\/products\/sample-preparation\/oxygen-combustion-bombs\/oxygen-bomb-apparatus-1901\/\">Aparato de recipientes de Ox\u00edgeno 1901<\/a>.<\/p>\n<hr \/>\n<h3>Recipientes de Combusti\u00f3n de Ox\u00edgeno Resistente al Cloro Modelo 1108CL<\/h3>\n<p><strong>Parr\u00a0tambi\u00e9n ofrece la \u00a0Recipientes 1108CL<\/strong> que es la misma que el Modelo 1108, pero con cabeza y cilindro de una aleaci\u00f3n con resistencia superior a la corrosi\u00f3n al cloro libre y a los \u00e1cidos halogenados liberados cuando se queman muestras halogenadas. Los usuarios que tengan la intenci\u00f3n de probar materiales de desecho y disolventes inflamables se les insta a seleccionar la Recipientes 1108CL en lugar de la 1108 por su larga vida \u00fatil en condiciones extremas de corrosi\u00f3n. El mantenimiento de Recipientes tambi\u00e9n se ha mejorado. En la mayor\u00eda de los casos las Recipientess 1108CL regresan a la f\u00e1brica para un mantenimiento programado en el que se pueden restaurar a un acabado \u00f3ptimo simplemente con un repulido en lugar de tener que volver a perforar el cilindro para eliminar picaduras. La Recipientes 1108CL puede ser adquirida por separado o puede sustituir a la Recipientes 1108 est\u00e1ndar en cualquier calor\u00edmetro Parr o aparato de combusti\u00f3n.<\/p>\n","protected":false},"excerpt":{"rendered":"<p>La\u00a0Recipientes 1108 es la recipientes de uso general de 342 ml est\u00e1ndar, usada en todos los Calor\u00edmetros 6100, 6200 y 1341Parr, y en el Aparato de vaso de Combusti\u00f3n 1901. Quemar\u00e1 en forma segura muestras liberando hasta un m\u00e1ximo de 8000 calor\u00edas por carga, usando cargas de presiones de ox\u00edgeno hasta de 40 atm. La [&hellip;]<\/p>\n","protected":false},"author":1,"featured_media":37722,"parent":298,"menu_order":0,"comment_status":"closed","ping_status":"closed","template":"product-narrow.php","meta":{"_acf_changed":false,"footnotes":"","_links_to":"","_links_to_target":""},"class_list":["post-669","page","type-page","status-publish","has-post-thumbnail","hentry"],"acf":[],"yoast_head":"<!-- This site is optimized with the Yoast SEO plugin v27.4 - https:\/\/yoast.com\/product\/yoast-seo-wordpress\/ -->\n<title>Recipientes de Combusti\u00f3n de Ox\u00edgeno Modelo 1108 - Parr Instrument (Espa\u00f1ol)<\/title>\n<meta name=\"robots\" content=\"index, follow, max-snippet:-1, max-image-preview:large, max-video-preview:-1\" \/>\n<link rel=\"canonical\" href=\"https:\/\/www.parrinst.com\/es\/products\/sample-preparation\/oxygen-combustion-bombs\/oxygen-combustion-bomb-model-1108\/\" \/>\n<meta property=\"og:locale\" content=\"en_US\" \/>\n<meta property=\"og:type\" content=\"article\" \/>\n<meta property=\"og:title\" content=\"Recipientes de Combusti\u00f3n de Ox\u00edgeno Modelo 1108 - Parr Instrument (Espa\u00f1ol)\" \/>\n<meta property=\"og:description\" content=\"La\u00a0Recipientes 1108 es la recipientes de uso general de 342 ml est\u00e1ndar, usada en todos los Calor\u00edmetros 6100, 6200 y 1341Parr, y en el Aparato de vaso de Combusti\u00f3n 1901. Quemar\u00e1 en forma segura muestras liberando hasta un m\u00e1ximo de 8000 calor\u00edas por carga, usando cargas de presiones de ox\u00edgeno hasta de 40 atm. La [&hellip;]\" \/>\n<meta property=\"og:url\" content=\"https:\/\/www.parrinst.com\/es\/products\/sample-preparation\/oxygen-combustion-bombs\/oxygen-combustion-bomb-model-1108\/\" \/>\n<meta property=\"og:site_name\" content=\"Parr Instrument (Espa\u00f1ol)\" \/>\n<meta property=\"article:modified_time\" content=\"2018-03-02T17:55:43+00:00\" \/>\n<meta property=\"og:image\" content=\"https:\/\/www.parrinst.com\/es\/files\/2018\/01\/parr_banner_sample-prep_secondary-1.jpg\" \/>\n\t<meta property=\"og:image:width\" content=\"2200\" \/>\n\t<meta property=\"og:image:height\" content=\"399\" \/>\n\t<meta property=\"og:image:type\" content=\"image\/jpeg\" \/>\n<meta name=\"twitter:card\" content=\"summary_large_image\" \/>\n<meta name=\"twitter:label1\" content=\"Est. reading time\" \/>\n\t<meta name=\"twitter:data1\" content=\"2 minutes\" \/>\n<script type=\"application\/ld+json\" class=\"yoast-schema-graph\">{\"@context\":\"https:\\\/\\\/schema.org\",\"@graph\":[{\"@type\":\"WebPage\",\"@id\":\"https:\\\/\\\/www.parrinst.com\\\/es\\\/products\\\/sample-preparation\\\/oxygen-combustion-bombs\\\/oxygen-combustion-bomb-model-1108\\\/\",\"url\":\"https:\\\/\\\/www.parrinst.com\\\/es\\\/products\\\/sample-preparation\\\/oxygen-combustion-bombs\\\/oxygen-combustion-bomb-model-1108\\\/\",\"name\":\"Recipientes de Combusti\u00f3n de Ox\u00edgeno Modelo 1108 - Parr Instrument (Espa\u00f1ol)\",\"isPartOf\":{\"@id\":\"https:\\\/\\\/www.parrinst.com\\\/es\\\/#website\"},\"primaryImageOfPage\":{\"@id\":\"https:\\\/\\\/www.parrinst.com\\\/es\\\/products\\\/sample-preparation\\\/oxygen-combustion-bombs\\\/oxygen-combustion-bomb-model-1108\\\/#primaryimage\"},\"image\":{\"@id\":\"https:\\\/\\\/www.parrinst.com\\\/es\\\/products\\\/sample-preparation\\\/oxygen-combustion-bombs\\\/oxygen-combustion-bomb-model-1108\\\/#primaryimage\"},\"thumbnailUrl\":\"https:\\\/\\\/i0.wp.com\\\/www.parrinst.com\\\/es\\\/wp-content\\\/uploads\\\/sites\\\/7\\\/2018\\\/01\\\/parr_banner_sample-prep_secondary-1.jpg?fit=2200%2C399&ssl=1\",\"datePublished\":\"2011-05-04T23:27:03+00:00\",\"dateModified\":\"2018-03-02T17:55:43+00:00\",\"breadcrumb\":{\"@id\":\"https:\\\/\\\/www.parrinst.com\\\/es\\\/products\\\/sample-preparation\\\/oxygen-combustion-bombs\\\/oxygen-combustion-bomb-model-1108\\\/#breadcrumb\"},\"inLanguage\":\"en-US\",\"potentialAction\":[{\"@type\":\"ReadAction\",\"target\":[\"https:\\\/\\\/www.parrinst.com\\\/es\\\/products\\\/sample-preparation\\\/oxygen-combustion-bombs\\\/oxygen-combustion-bomb-model-1108\\\/\"]}]},{\"@type\":\"ImageObject\",\"inLanguage\":\"en-US\",\"@id\":\"https:\\\/\\\/www.parrinst.com\\\/es\\\/products\\\/sample-preparation\\\/oxygen-combustion-bombs\\\/oxygen-combustion-bomb-model-1108\\\/#primaryimage\",\"url\":\"https:\\\/\\\/i0.wp.com\\\/www.parrinst.com\\\/es\\\/wp-content\\\/uploads\\\/sites\\\/7\\\/2018\\\/01\\\/parr_banner_sample-prep_secondary-1.jpg?fit=2200%2C399&ssl=1\",\"contentUrl\":\"https:\\\/\\\/i0.wp.com\\\/www.parrinst.com\\\/es\\\/wp-content\\\/uploads\\\/sites\\\/7\\\/2018\\\/01\\\/parr_banner_sample-prep_secondary-1.jpg?fit=2200%2C399&ssl=1\",\"width\":2200,\"height\":399},{\"@type\":\"BreadcrumbList\",\"@id\":\"https:\\\/\\\/www.parrinst.com\\\/es\\\/products\\\/sample-preparation\\\/oxygen-combustion-bombs\\\/oxygen-combustion-bomb-model-1108\\\/#breadcrumb\",\"itemListElement\":[{\"@type\":\"ListItem\",\"position\":1,\"name\":\"Home\",\"item\":\"https:\\\/\\\/www.parrinst.com\\\/es\\\/\"},{\"@type\":\"ListItem\",\"position\":2,\"name\":\"Products\",\"item\":\"https:\\\/\\\/www.parrinst.com\\\/es\\\/products\\\/\"},{\"@type\":\"ListItem\",\"position\":3,\"name\":\"Preparaci\u00f3n de Muestras\",\"item\":\"https:\\\/\\\/www.parrinst.com\\\/es\\\/products\\\/sample-preparation\\\/\"},{\"@type\":\"ListItem\",\"position\":4,\"name\":\"Recipientes de Combusti\u00f3n de Ox\u00edgeno\",\"item\":\"https:\\\/\\\/www.parrinst.com\\\/es\\\/products\\\/sample-preparation\\\/oxygen-combustion-bombs\\\/\"},{\"@type\":\"ListItem\",\"position\":5,\"name\":\"Recipientes de Combusti\u00f3n de Ox\u00edgeno Modelo 1108\"}]},{\"@type\":\"WebSite\",\"@id\":\"https:\\\/\\\/www.parrinst.com\\\/es\\\/#website\",\"url\":\"https:\\\/\\\/www.parrinst.com\\\/es\\\/\",\"name\":\"Parr Instrument (Espa\u00f1ol)\",\"description\":\"\",\"potentialAction\":[{\"@type\":\"SearchAction\",\"target\":{\"@type\":\"EntryPoint\",\"urlTemplate\":\"https:\\\/\\\/www.parrinst.com\\\/es\\\/?s={search_term_string}\"},\"query-input\":{\"@type\":\"PropertyValueSpecification\",\"valueRequired\":true,\"valueName\":\"search_term_string\"}}],\"inLanguage\":\"en-US\"}]}<\/script>\n<!-- \/ Yoast SEO plugin. -->","yoast_head_json":{"title":"Recipientes de Combusti\u00f3n de Ox\u00edgeno Modelo 1108 - Parr Instrument (Espa\u00f1ol)","robots":{"index":"index","follow":"follow","max-snippet":"max-snippet:-1","max-image-preview":"max-image-preview:large","max-video-preview":"max-video-preview:-1"},"canonical":"https:\/\/www.parrinst.com\/es\/products\/sample-preparation\/oxygen-combustion-bombs\/oxygen-combustion-bomb-model-1108\/","og_locale":"en_US","og_type":"article","og_title":"Recipientes de Combusti\u00f3n de Ox\u00edgeno Modelo 1108 - Parr Instrument (Espa\u00f1ol)","og_description":"La\u00a0Recipientes 1108 es la recipientes de uso general de 342 ml est\u00e1ndar, usada en todos los Calor\u00edmetros 6100, 6200 y 1341Parr, y en el Aparato de vaso de Combusti\u00f3n 1901. Quemar\u00e1 en forma segura muestras liberando hasta un m\u00e1ximo de 8000 calor\u00edas por carga, usando cargas de presiones de ox\u00edgeno hasta de 40 atm. La [&hellip;]","og_url":"https:\/\/www.parrinst.com\/es\/products\/sample-preparation\/oxygen-combustion-bombs\/oxygen-combustion-bomb-model-1108\/","og_site_name":"Parr Instrument (Espa\u00f1ol)","article_modified_time":"2018-03-02T17:55:43+00:00","og_image":[{"width":2200,"height":399,"url":"https:\/\/www.parrinst.com\/es\/files\/2018\/01\/parr_banner_sample-prep_secondary-1.jpg","type":"image\/jpeg"}],"twitter_card":"summary_large_image","twitter_misc":{"Est. reading time":"2 minutes"},"schema":{"@context":"https:\/\/schema.org","@graph":[{"@type":"WebPage","@id":"https:\/\/www.parrinst.com\/es\/products\/sample-preparation\/oxygen-combustion-bombs\/oxygen-combustion-bomb-model-1108\/","url":"https:\/\/www.parrinst.com\/es\/products\/sample-preparation\/oxygen-combustion-bombs\/oxygen-combustion-bomb-model-1108\/","name":"Recipientes de Combusti\u00f3n de Ox\u00edgeno Modelo 1108 - Parr Instrument (Espa\u00f1ol)","isPartOf":{"@id":"https:\/\/www.parrinst.com\/es\/#website"},"primaryImageOfPage":{"@id":"https:\/\/www.parrinst.com\/es\/products\/sample-preparation\/oxygen-combustion-bombs\/oxygen-combustion-bomb-model-1108\/#primaryimage"},"image":{"@id":"https:\/\/www.parrinst.com\/es\/products\/sample-preparation\/oxygen-combustion-bombs\/oxygen-combustion-bomb-model-1108\/#primaryimage"},"thumbnailUrl":"https:\/\/i0.wp.com\/www.parrinst.com\/es\/wp-content\/uploads\/sites\/7\/2018\/01\/parr_banner_sample-prep_secondary-1.jpg?fit=2200%2C399&ssl=1","datePublished":"2011-05-04T23:27:03+00:00","dateModified":"2018-03-02T17:55:43+00:00","breadcrumb":{"@id":"https:\/\/www.parrinst.com\/es\/products\/sample-preparation\/oxygen-combustion-bombs\/oxygen-combustion-bomb-model-1108\/#breadcrumb"},"inLanguage":"en-US","potentialAction":[{"@type":"ReadAction","target":["https:\/\/www.parrinst.com\/es\/products\/sample-preparation\/oxygen-combustion-bombs\/oxygen-combustion-bomb-model-1108\/"]}]},{"@type":"ImageObject","inLanguage":"en-US","@id":"https:\/\/www.parrinst.com\/es\/products\/sample-preparation\/oxygen-combustion-bombs\/oxygen-combustion-bomb-model-1108\/#primaryimage","url":"https:\/\/i0.wp.com\/www.parrinst.com\/es\/wp-content\/uploads\/sites\/7\/2018\/01\/parr_banner_sample-prep_secondary-1.jpg?fit=2200%2C399&ssl=1","contentUrl":"https:\/\/i0.wp.com\/www.parrinst.com\/es\/wp-content\/uploads\/sites\/7\/2018\/01\/parr_banner_sample-prep_secondary-1.jpg?fit=2200%2C399&ssl=1","width":2200,"height":399},{"@type":"BreadcrumbList","@id":"https:\/\/www.parrinst.com\/es\/products\/sample-preparation\/oxygen-combustion-bombs\/oxygen-combustion-bomb-model-1108\/#breadcrumb","itemListElement":[{"@type":"ListItem","position":1,"name":"Home","item":"https:\/\/www.parrinst.com\/es\/"},{"@type":"ListItem","position":2,"name":"Products","item":"https:\/\/www.parrinst.com\/es\/products\/"},{"@type":"ListItem","position":3,"name":"Preparaci\u00f3n de Muestras","item":"https:\/\/www.parrinst.com\/es\/products\/sample-preparation\/"},{"@type":"ListItem","position":4,"name":"Recipientes de Combusti\u00f3n de Ox\u00edgeno","item":"https:\/\/www.parrinst.com\/es\/products\/sample-preparation\/oxygen-combustion-bombs\/"},{"@type":"ListItem","position":5,"name":"Recipientes de Combusti\u00f3n de Ox\u00edgeno Modelo 1108"}]},{"@type":"WebSite","@id":"https:\/\/www.parrinst.com\/es\/#website","url":"https:\/\/www.parrinst.com\/es\/","name":"Parr Instrument (Espa\u00f1ol)","description":"","potentialAction":[{"@type":"SearchAction","target":{"@type":"EntryPoint","urlTemplate":"https:\/\/www.parrinst.com\/es\/?s={search_term_string}"},"query-input":{"@type":"PropertyValueSpecification","valueRequired":true,"valueName":"search_term_string"}}],"inLanguage":"en-US"}]}},"jetpack_sharing_enabled":true,"_links":{"self":[{"href":"https:\/\/www.parrinst.com\/es\/wp-json\/wp\/v2\/pages\/669","targetHints":{"allow":["GET"]}}],"collection":[{"href":"https:\/\/www.parrinst.com\/es\/wp-json\/wp\/v2\/pages"}],"about":[{"href":"https:\/\/www.parrinst.com\/es\/wp-json\/wp\/v2\/types\/page"}],"author":[{"embeddable":true,"href":"https:\/\/www.parrinst.com\/es\/wp-json\/wp\/v2\/users\/1"}],"replies":[{"embeddable":true,"href":"https:\/\/www.parrinst.com\/es\/wp-json\/wp\/v2\/comments?post=669"}],"version-history":[{"count":2,"href":"https:\/\/www.parrinst.com\/es\/wp-json\/wp\/v2\/pages\/669\/revisions"}],"predecessor-version":[{"id":38096,"href":"https:\/\/www.parrinst.com\/es\/wp-json\/wp\/v2\/pages\/669\/revisions\/38096"}],"up":[{"embeddable":true,"href":"https:\/\/www.parrinst.com\/es\/wp-json\/wp\/v2\/pages\/298"}],"wp:featuredmedia":[{"embeddable":true,"href":"https:\/\/www.parrinst.com\/es\/wp-json\/wp\/v2\/media\/37722"}],"wp:attachment":[{"href":"https:\/\/www.parrinst.com\/es\/wp-json\/wp\/v2\/media?parent=669"}],"curies":[{"name":"wp","href":"https:\/\/api.w.org\/{rel}","templated":true}]}}