{"id":6695,"date":"2011-08-24T13:36:59","date_gmt":"2011-08-24T18:36:59","guid":{"rendered":"https:\/\/www.parrinst.com\/?page_id=6695"},"modified":"2020-12-14T11:05:23","modified_gmt":"2020-12-14T17:05:23","slug":"apparatus-for-vapor-pressure-determination","status":"publish","type":"page","link":"https:\/\/www.parrinst.com\/es\/products\/specialty-custom-systems\/apparatus-for-vapor-pressure-determination\/","title":{"rendered":"Aparatos para Determinaci\u00f3n de Presi\u00f3n de Vapor"},"content":{"rendered":"<figure id=\"attachment_2406\" aria-describedby=\"caption-attachment-2406\" style=\"width: 214px\" class=\"wp-caption alignright\"><a href=\"https:\/\/i0.wp.com\/www.parrinst.com\/es\/wp-content\/uploads\/sites\/7\/2011\/06\/SpecialHeater-open.jpg?ssl=1\"><img data-recalc-dims=\"1\" loading=\"lazy\" decoding=\"async\" class=\"wp-image-2406 size-medium\" src=\"https:\/\/i0.wp.com\/www.parrinst.com\/es\/wp-content\/uploads\/sites\/7\/2011\/06\/SpecialHeater-open.jpg?resize=214%2C300&#038;ssl=1\" alt=\"Aparatos para Determinaci\u00f3n de Presi\u00f3n de Vapor\" width=\"214\" height=\"300\" srcset=\"https:\/\/i0.wp.com\/www.parrinst.com\/es\/wp-content\/uploads\/sites\/7\/2011\/06\/SpecialHeater-open.jpg?resize=214%2C300&amp;ssl=1 214w, https:\/\/i0.wp.com\/www.parrinst.com\/es\/wp-content\/uploads\/sites\/7\/2011\/06\/SpecialHeater-open.jpg?resize=107%2C150&amp;ssl=1 107w, https:\/\/i0.wp.com\/www.parrinst.com\/es\/wp-content\/uploads\/sites\/7\/2011\/06\/SpecialHeater-open.jpg?w=600&amp;ssl=1 600w\" sizes=\"auto, (max-width: 214px) 100vw, 214px\" \/><\/a><figcaption id=\"caption-attachment-2406\" class=\"wp-caption-text\">Figure 1<br \/><strong>Aparatos para Determinaci\u00f3n de Presi\u00f3n de Vapor <\/strong><\/figcaption><\/figure>\n<p>Una prueba de fugas com\u00fan para recipientes a presi\u00f3n Parr consiste en llenar un recipiente con nitr\u00f3geno a 300 K hasta 50 bar seguido por calentamiento a 600 K. De acuerdo con la ley del gas ideal, al duplicar la temperatura absoluta se debe duplicar la presi\u00f3n hasta 100 bar. Incluso cuando se consideran los cambios en la compresibilidad del gas esta presi\u00f3n objetivo te\u00f3rica rara vez se logra. Cuando el recipiente se enfr\u00eda de nuevo a 300 K, una presi\u00f3n de 50 bares indica que el dep\u00f3sito est\u00e1 libre de fugas en este intervalo de temperaturas. La presi\u00f3n observada a 600 K es siempre inferior a 100 bar. Esto es debido a que la presi\u00f3n resultante es indicativa de la temperatura media del recipiente. Esta temperatura media es generalmente inferior a la temperatura indicada por un punto de medici\u00f3n de temperatura \u00fanico cerca del fondo del recipiente. Esta \u00e1rea activamente calentada es t\u00edpicamente el punto m\u00e1s caliente en el sistema. Los recipientes m\u00e1s peque\u00f1os exhiben t\u00edpicamente las desviaciones mayores de presi\u00f3n debido a la proporci\u00f3n m\u00e1s grande de calentamiento en la superficie calentada.<\/p>\n<p>Una prueba similar, calentando un recipiente medio lleno de agua, tambi\u00e9n, en general muestra una desviaci\u00f3n similar de la presi\u00f3n de saturaci\u00f3n publicada a una temperatura determinada, debido a los mismos gradientes de temperatura que resultan de la forma en que se calienta el recipiente. Una vez m\u00e1s, generalmente los recipientes m\u00e1s peque\u00f1os muestran desviaciones m\u00e1s grandes debido a que la temperatura promedio del recipiente puede ser sensiblemente menor que la temperatura indicada por el sensor de temperatura del punto \u00fanico de l\u00edquido.<\/p>\n<figure id=\"attachment_37802\" aria-describedby=\"caption-attachment-37802\" style=\"width: 600px\" class=\"wp-caption aligncenter\"><a href=\"https:\/\/i0.wp.com\/www.parrinst.com\/es\/wp-content\/uploads\/sites\/7\/2018\/01\/913819-PID.jpg?ssl=1\"><img data-recalc-dims=\"1\" loading=\"lazy\" decoding=\"async\" class=\"wp-image-37802\" src=\"https:\/\/i0.wp.com\/www.parrinst.com\/es\/wp-content\/uploads\/sites\/7\/2018\/01\/913819-PID.jpg?resize=600%2C207&#038;ssl=1\" alt=\"Process and Instrumentation Diagram for the Vapor Pressure Apparatus\" width=\"600\" height=\"207\" srcset=\"https:\/\/i0.wp.com\/www.parrinst.com\/es\/wp-content\/uploads\/sites\/7\/2018\/01\/913819-PID.jpg?w=987&amp;ssl=1 987w, https:\/\/i0.wp.com\/www.parrinst.com\/es\/wp-content\/uploads\/sites\/7\/2018\/01\/913819-PID.jpg?resize=434%2C150&amp;ssl=1 434w, https:\/\/i0.wp.com\/www.parrinst.com\/es\/wp-content\/uploads\/sites\/7\/2018\/01\/913819-PID.jpg?resize=300%2C104&amp;ssl=1 300w\" sizes=\"auto, (max-width: 600px) 100vw, 600px\" \/><\/a><figcaption id=\"caption-attachment-37802\" class=\"wp-caption-text\">Figure 2 <br \/><strong>Process and Instrumentation Diagram for the Vapor Pressure Apparatus<\/strong><\/figcaption><\/figure>\n<figure id=\"attachment_37803\" aria-describedby=\"caption-attachment-37803\" style=\"width: 600px\" class=\"wp-caption aligncenter\"><a href=\"https:\/\/i0.wp.com\/www.parrinst.com\/es\/wp-content\/uploads\/sites\/7\/2018\/01\/QW11597-04_web.jpg?ssl=1\"><img data-recalc-dims=\"1\" loading=\"lazy\" decoding=\"async\" class=\"wp-image-37803 size-full\" src=\"https:\/\/i0.wp.com\/www.parrinst.com\/es\/wp-content\/uploads\/sites\/7\/2018\/01\/QW11597-04_web.jpg?resize=600%2C350&#038;ssl=1\" alt=\"CAD Model for the Vapor Pressure CAD Model for the Vapor Pressure Apparatus\" width=\"600\" height=\"350\" srcset=\"https:\/\/i0.wp.com\/www.parrinst.com\/es\/wp-content\/uploads\/sites\/7\/2018\/01\/QW11597-04_web.jpg?w=600&amp;ssl=1 600w, https:\/\/i0.wp.com\/www.parrinst.com\/es\/wp-content\/uploads\/sites\/7\/2018\/01\/QW11597-04_web.jpg?resize=257%2C150&amp;ssl=1 257w, https:\/\/i0.wp.com\/www.parrinst.com\/es\/wp-content\/uploads\/sites\/7\/2018\/01\/QW11597-04_web.jpg?resize=300%2C175&amp;ssl=1 300w\" sizes=\"auto, (max-width: 600px) 100vw, 600px\" \/><\/a><figcaption id=\"caption-attachment-37803\" class=\"wp-caption-text\">Figure 3<\/p>\n<p><strong>CAD Model for the Vapor Pressure CAD Model for the Vapor Pressure Apparatus<\/strong><\/figcaption><\/figure>\n<p>La imagen ilustra un sistema de doble recipiente personalizado para la determinaci\u00f3n exacta de la presi\u00f3n de saturaci\u00f3n de materiales org\u00e1nicos especializados como una funci\u00f3n detemperatura. Todos los accesorios asociados a la cabeza, v\u00e1lvulas y tuber\u00edas, incluidos los transductores de presi\u00f3n, est\u00e1n encerrados en un bloque de aluminio calentado a temperatura controlada, para minimizar los gradientes de temperatura y para asegurar que la temperatura promedio del sistema se aproxime a la temperatura de los recipientes, incluyendo sus cierres de tornillo, encerrados en el bloque de menor temperatura controlada. La foto muestra las v\u00e1lvulas y accesorios expuestos, los cuales est\u00e1n cubiertos por una placa de aluminio durante el funcionamiento normal del sistema.<\/p>\n","protected":false},"excerpt":{"rendered":"<p>Una prueba de fugas com\u00fan para recipientes a presi\u00f3n Parr consiste en llenar un recipiente con nitr\u00f3geno a 300 K hasta 50 bar seguido por calentamiento a 600 K. De acuerdo con la ley del gas ideal, al duplicar la temperatura absoluta se debe duplicar la presi\u00f3n hasta 100 bar. Incluso cuando se consideran los [&hellip;]<\/p>\n","protected":false},"author":2,"featured_media":36941,"parent":81,"menu_order":90,"comment_status":"closed","ping_status":"closed","template":"product-narrow.php","meta":{"_acf_changed":false,"footnotes":"","_links_to":"","_links_to_target":""},"class_list":["post-6695","page","type-page","status-publish","has-post-thumbnail","hentry"],"acf":[],"yoast_head":"<!-- This site is optimized with the Yoast SEO plugin v27.5 - https:\/\/yoast.com\/product\/yoast-seo-wordpress\/ -->\n<title>Aparatos para Determinaci\u00f3n de Presi\u00f3n de Vapor - Parr Instrument (Espa\u00f1ol)<\/title>\n<meta name=\"robots\" content=\"index, follow, max-snippet:-1, max-image-preview:large, max-video-preview:-1\" \/>\n<link rel=\"canonical\" href=\"https:\/\/www.parrinst.com\/es\/products\/specialty-custom-systems\/apparatus-for-vapor-pressure-determination\/\" \/>\n<meta property=\"og:locale\" content=\"en_US\" \/>\n<meta property=\"og:type\" content=\"article\" \/>\n<meta property=\"og:title\" content=\"Aparatos para Determinaci\u00f3n de Presi\u00f3n de Vapor - Parr Instrument (Espa\u00f1ol)\" \/>\n<meta property=\"og:description\" content=\"Una prueba de fugas com\u00fan para recipientes a presi\u00f3n Parr consiste en llenar un recipiente con nitr\u00f3geno a 300 K hasta 50 bar seguido por calentamiento a 600 K. De acuerdo con la ley del gas ideal, al duplicar la temperatura absoluta se debe duplicar la presi\u00f3n hasta 100 bar. Incluso cuando se consideran los [&hellip;]\" \/>\n<meta property=\"og:url\" content=\"https:\/\/www.parrinst.com\/es\/products\/specialty-custom-systems\/apparatus-for-vapor-pressure-determination\/\" \/>\n<meta property=\"og:site_name\" content=\"Parr Instrument (Espa\u00f1ol)\" \/>\n<meta property=\"article:modified_time\" content=\"2020-12-14T17:05:23+00:00\" \/>\n<meta property=\"og:image\" content=\"https:\/\/www.parrinst.com\/es\/files\/2018\/01\/parr_banner_multi_secondary.jpg\" \/>\n\t<meta property=\"og:image:width\" content=\"2200\" \/>\n\t<meta property=\"og:image:height\" content=\"399\" \/>\n\t<meta property=\"og:image:type\" content=\"image\/jpeg\" \/>\n<meta name=\"twitter:card\" content=\"summary_large_image\" \/>\n<meta name=\"twitter:label1\" content=\"Est. reading time\" \/>\n\t<meta name=\"twitter:data1\" content=\"2 minutes\" \/>\n<script type=\"application\/ld+json\" class=\"yoast-schema-graph\">{\"@context\":\"https:\\\/\\\/schema.org\",\"@graph\":[{\"@type\":\"WebPage\",\"@id\":\"https:\\\/\\\/www.parrinst.com\\\/es\\\/products\\\/specialty-custom-systems\\\/apparatus-for-vapor-pressure-determination\\\/\",\"url\":\"https:\\\/\\\/www.parrinst.com\\\/es\\\/products\\\/specialty-custom-systems\\\/apparatus-for-vapor-pressure-determination\\\/\",\"name\":\"Aparatos para Determinaci\u00f3n de Presi\u00f3n de Vapor - Parr Instrument (Espa\u00f1ol)\",\"isPartOf\":{\"@id\":\"https:\\\/\\\/www.parrinst.com\\\/es\\\/#website\"},\"primaryImageOfPage\":{\"@id\":\"https:\\\/\\\/www.parrinst.com\\\/es\\\/products\\\/specialty-custom-systems\\\/apparatus-for-vapor-pressure-determination\\\/#primaryimage\"},\"image\":{\"@id\":\"https:\\\/\\\/www.parrinst.com\\\/es\\\/products\\\/specialty-custom-systems\\\/apparatus-for-vapor-pressure-determination\\\/#primaryimage\"},\"thumbnailUrl\":\"https:\\\/\\\/i0.wp.com\\\/www.parrinst.com\\\/es\\\/wp-content\\\/uploads\\\/sites\\\/7\\\/2018\\\/01\\\/parr_banner_multi_secondary.jpg?fit=2200%2C399&ssl=1\",\"datePublished\":\"2011-08-24T18:36:59+00:00\",\"dateModified\":\"2020-12-14T17:05:23+00:00\",\"breadcrumb\":{\"@id\":\"https:\\\/\\\/www.parrinst.com\\\/es\\\/products\\\/specialty-custom-systems\\\/apparatus-for-vapor-pressure-determination\\\/#breadcrumb\"},\"inLanguage\":\"en-US\",\"potentialAction\":[{\"@type\":\"ReadAction\",\"target\":[\"https:\\\/\\\/www.parrinst.com\\\/es\\\/products\\\/specialty-custom-systems\\\/apparatus-for-vapor-pressure-determination\\\/\"]}]},{\"@type\":\"ImageObject\",\"inLanguage\":\"en-US\",\"@id\":\"https:\\\/\\\/www.parrinst.com\\\/es\\\/products\\\/specialty-custom-systems\\\/apparatus-for-vapor-pressure-determination\\\/#primaryimage\",\"url\":\"https:\\\/\\\/i0.wp.com\\\/www.parrinst.com\\\/es\\\/wp-content\\\/uploads\\\/sites\\\/7\\\/2018\\\/01\\\/parr_banner_multi_secondary.jpg?fit=2200%2C399&ssl=1\",\"contentUrl\":\"https:\\\/\\\/i0.wp.com\\\/www.parrinst.com\\\/es\\\/wp-content\\\/uploads\\\/sites\\\/7\\\/2018\\\/01\\\/parr_banner_multi_secondary.jpg?fit=2200%2C399&ssl=1\",\"width\":2200,\"height\":399},{\"@type\":\"BreadcrumbList\",\"@id\":\"https:\\\/\\\/www.parrinst.com\\\/es\\\/products\\\/specialty-custom-systems\\\/apparatus-for-vapor-pressure-determination\\\/#breadcrumb\",\"itemListElement\":[{\"@type\":\"ListItem\",\"position\":1,\"name\":\"Home\",\"item\":\"https:\\\/\\\/www.parrinst.com\\\/es\\\/\"},{\"@type\":\"ListItem\",\"position\":2,\"name\":\"Products\",\"item\":\"https:\\\/\\\/www.parrinst.com\\\/es\\\/products\\\/\"},{\"@type\":\"ListItem\",\"position\":3,\"name\":\"Sistemas de Especialidad y Personalizados\",\"item\":\"https:\\\/\\\/www.parrinst.com\\\/es\\\/products\\\/specialty-custom-systems\\\/\"},{\"@type\":\"ListItem\",\"position\":4,\"name\":\"Aparatos para Determinaci\u00f3n de Presi\u00f3n de Vapor\"}]},{\"@type\":\"WebSite\",\"@id\":\"https:\\\/\\\/www.parrinst.com\\\/es\\\/#website\",\"url\":\"https:\\\/\\\/www.parrinst.com\\\/es\\\/\",\"name\":\"Parr Instrument (Espa\u00f1ol)\",\"description\":\"\",\"potentialAction\":[{\"@type\":\"SearchAction\",\"target\":{\"@type\":\"EntryPoint\",\"urlTemplate\":\"https:\\\/\\\/www.parrinst.com\\\/es\\\/?s={search_term_string}\"},\"query-input\":{\"@type\":\"PropertyValueSpecification\",\"valueRequired\":true,\"valueName\":\"search_term_string\"}}],\"inLanguage\":\"en-US\"}]}<\/script>\n<!-- \/ Yoast SEO plugin. -->","yoast_head_json":{"title":"Aparatos para Determinaci\u00f3n de Presi\u00f3n de Vapor - Parr Instrument (Espa\u00f1ol)","robots":{"index":"index","follow":"follow","max-snippet":"max-snippet:-1","max-image-preview":"max-image-preview:large","max-video-preview":"max-video-preview:-1"},"canonical":"https:\/\/www.parrinst.com\/es\/products\/specialty-custom-systems\/apparatus-for-vapor-pressure-determination\/","og_locale":"en_US","og_type":"article","og_title":"Aparatos para Determinaci\u00f3n de Presi\u00f3n de Vapor - Parr Instrument (Espa\u00f1ol)","og_description":"Una prueba de fugas com\u00fan para recipientes a presi\u00f3n Parr consiste en llenar un recipiente con nitr\u00f3geno a 300 K hasta 50 bar seguido por calentamiento a 600 K. De acuerdo con la ley del gas ideal, al duplicar la temperatura absoluta se debe duplicar la presi\u00f3n hasta 100 bar. Incluso cuando se consideran los [&hellip;]","og_url":"https:\/\/www.parrinst.com\/es\/products\/specialty-custom-systems\/apparatus-for-vapor-pressure-determination\/","og_site_name":"Parr Instrument (Espa\u00f1ol)","article_modified_time":"2020-12-14T17:05:23+00:00","og_image":[{"width":2200,"height":399,"url":"https:\/\/www.parrinst.com\/es\/files\/2018\/01\/parr_banner_multi_secondary.jpg","type":"image\/jpeg"}],"twitter_card":"summary_large_image","twitter_misc":{"Est. reading time":"2 minutes"},"schema":{"@context":"https:\/\/schema.org","@graph":[{"@type":"WebPage","@id":"https:\/\/www.parrinst.com\/es\/products\/specialty-custom-systems\/apparatus-for-vapor-pressure-determination\/","url":"https:\/\/www.parrinst.com\/es\/products\/specialty-custom-systems\/apparatus-for-vapor-pressure-determination\/","name":"Aparatos para Determinaci\u00f3n de Presi\u00f3n de Vapor - Parr Instrument (Espa\u00f1ol)","isPartOf":{"@id":"https:\/\/www.parrinst.com\/es\/#website"},"primaryImageOfPage":{"@id":"https:\/\/www.parrinst.com\/es\/products\/specialty-custom-systems\/apparatus-for-vapor-pressure-determination\/#primaryimage"},"image":{"@id":"https:\/\/www.parrinst.com\/es\/products\/specialty-custom-systems\/apparatus-for-vapor-pressure-determination\/#primaryimage"},"thumbnailUrl":"https:\/\/i0.wp.com\/www.parrinst.com\/es\/wp-content\/uploads\/sites\/7\/2018\/01\/parr_banner_multi_secondary.jpg?fit=2200%2C399&ssl=1","datePublished":"2011-08-24T18:36:59+00:00","dateModified":"2020-12-14T17:05:23+00:00","breadcrumb":{"@id":"https:\/\/www.parrinst.com\/es\/products\/specialty-custom-systems\/apparatus-for-vapor-pressure-determination\/#breadcrumb"},"inLanguage":"en-US","potentialAction":[{"@type":"ReadAction","target":["https:\/\/www.parrinst.com\/es\/products\/specialty-custom-systems\/apparatus-for-vapor-pressure-determination\/"]}]},{"@type":"ImageObject","inLanguage":"en-US","@id":"https:\/\/www.parrinst.com\/es\/products\/specialty-custom-systems\/apparatus-for-vapor-pressure-determination\/#primaryimage","url":"https:\/\/i0.wp.com\/www.parrinst.com\/es\/wp-content\/uploads\/sites\/7\/2018\/01\/parr_banner_multi_secondary.jpg?fit=2200%2C399&ssl=1","contentUrl":"https:\/\/i0.wp.com\/www.parrinst.com\/es\/wp-content\/uploads\/sites\/7\/2018\/01\/parr_banner_multi_secondary.jpg?fit=2200%2C399&ssl=1","width":2200,"height":399},{"@type":"BreadcrumbList","@id":"https:\/\/www.parrinst.com\/es\/products\/specialty-custom-systems\/apparatus-for-vapor-pressure-determination\/#breadcrumb","itemListElement":[{"@type":"ListItem","position":1,"name":"Home","item":"https:\/\/www.parrinst.com\/es\/"},{"@type":"ListItem","position":2,"name":"Products","item":"https:\/\/www.parrinst.com\/es\/products\/"},{"@type":"ListItem","position":3,"name":"Sistemas de Especialidad y Personalizados","item":"https:\/\/www.parrinst.com\/es\/products\/specialty-custom-systems\/"},{"@type":"ListItem","position":4,"name":"Aparatos para Determinaci\u00f3n de Presi\u00f3n de Vapor"}]},{"@type":"WebSite","@id":"https:\/\/www.parrinst.com\/es\/#website","url":"https:\/\/www.parrinst.com\/es\/","name":"Parr Instrument (Espa\u00f1ol)","description":"","potentialAction":[{"@type":"SearchAction","target":{"@type":"EntryPoint","urlTemplate":"https:\/\/www.parrinst.com\/es\/?s={search_term_string}"},"query-input":{"@type":"PropertyValueSpecification","valueRequired":true,"valueName":"search_term_string"}}],"inLanguage":"en-US"}]}},"jetpack_sharing_enabled":true,"_links":{"self":[{"href":"https:\/\/www.parrinst.com\/es\/wp-json\/wp\/v2\/pages\/6695","targetHints":{"allow":["GET"]}}],"collection":[{"href":"https:\/\/www.parrinst.com\/es\/wp-json\/wp\/v2\/pages"}],"about":[{"href":"https:\/\/www.parrinst.com\/es\/wp-json\/wp\/v2\/types\/page"}],"author":[{"embeddable":true,"href":"https:\/\/www.parrinst.com\/es\/wp-json\/wp\/v2\/users\/2"}],"replies":[{"embeddable":true,"href":"https:\/\/www.parrinst.com\/es\/wp-json\/wp\/v2\/comments?post=6695"}],"version-history":[{"count":5,"href":"https:\/\/www.parrinst.com\/es\/wp-json\/wp\/v2\/pages\/6695\/revisions"}],"predecessor-version":[{"id":37801,"href":"https:\/\/www.parrinst.com\/es\/wp-json\/wp\/v2\/pages\/6695\/revisions\/37801"}],"up":[{"embeddable":true,"href":"https:\/\/www.parrinst.com\/es\/wp-json\/wp\/v2\/pages\/81"}],"wp:featuredmedia":[{"embeddable":true,"href":"https:\/\/www.parrinst.com\/es\/wp-json\/wp\/v2\/media\/36941"}],"wp:attachment":[{"href":"https:\/\/www.parrinst.com\/es\/wp-json\/wp\/v2\/media?parent=6695"}],"curies":[{"name":"wp","href":"https:\/\/api.w.org\/{rel}","templated":true}]}}