{"id":671,"date":"2011-05-04T18:27:28","date_gmt":"2011-05-04T23:27:28","guid":{"rendered":"https:\/\/www.parrinst.com\/?page_id=671"},"modified":"2018-03-05T16:08:55","modified_gmt":"2018-03-05T22:08:55","slug":"high-pressure-oxygen-combustion-bomb-model-1104","status":"publish","type":"page","link":"https:\/\/www.parrinst.com\/es\/products\/sample-preparation\/oxygen-combustion-bombs\/high-pressure-oxygen-combustion-bomb-model-1104\/","title":{"rendered":"Bomba de Combusti\u00f3n de Ox\u00edgeno de Alta Presi\u00f3n Modelo 1104"},"content":{"rendered":"<figure id=\"attachment_2488\" aria-describedby=\"caption-attachment-2488\" style=\"width: 215px\" class=\"wp-caption alignright\"><a href=\"https:\/\/i0.wp.com\/www.parrinst.com\/es\/wp-content\/uploads\/sites\/7\/2011\/06\/1104-bomb.jpg?ssl=1\"><img data-recalc-dims=\"1\" loading=\"lazy\" decoding=\"async\" class=\"wp-image-2488 size-medium\" src=\"https:\/\/i0.wp.com\/www.parrinst.com\/es\/wp-content\/uploads\/sites\/7\/2011\/06\/1104-bomb.jpg?resize=215%2C300&#038;ssl=1\" alt=\"Bomba de Combusti\u00f3n de Ox\u00edgeno de Alta Presi\u00f3n 1104\" width=\"215\" height=\"300\" srcset=\"https:\/\/i0.wp.com\/www.parrinst.com\/es\/wp-content\/uploads\/sites\/7\/2011\/06\/1104-bomb.jpg?resize=215%2C300&amp;ssl=1 215w, https:\/\/i0.wp.com\/www.parrinst.com\/es\/wp-content\/uploads\/sites\/7\/2011\/06\/1104-bomb.jpg?resize=107%2C150&amp;ssl=1 107w, https:\/\/i0.wp.com\/www.parrinst.com\/es\/wp-content\/uploads\/sites\/7\/2011\/06\/1104-bomb.jpg?w=600&amp;ssl=1 600w\" sizes=\"auto, (max-width: 215px) 100vw, 215px\" \/><\/a><figcaption id=\"caption-attachment-2488\" class=\"wp-caption-text\">Bomba de Combusti\u00f3n de Ox\u00edgeno de Alta Presi\u00f3n 1104<\/figcaption><\/figure>\n<p>Parr ofrece varias<strong> bombas de ox\u00edgeno para usos especiales <\/strong> de calorimetr\u00eda y aplicaciones anal\u00edticas en tama\u00f1os de 22 a 2000 ml. Las consultas para otras aplicaciones son bienvenidas.<\/p>\n<hr \/>\n<h3>Bomba de Alta Resistencia con Jaula y Lazo 1104<\/h3>\n<p>La Bomba de Resistencia con Jaula y Lazo 1104 es un recipiente de pared gruesa, de 240 ml. Est\u00e1 dise\u00f1ado para pruebas de combusti\u00f3n y otros explosivos que se queman r\u00e1pido, muestras de gran energ\u00eda que se queman con violencia extrema. La bomba de Alta Resistencia 1104 manejar\u00e1 muestras que liberan hasta 12,000 calor\u00edas usando una presi\u00f3n de carga de ox\u00edgeno de hasta 45 atm (665 psi).<\/p>\n<p>La muestra est\u00e1 contenida en una jaula de combusti\u00f3n que est\u00e1 dise\u00f1ada para amortiguar las fuerzas de choque producidas por las muestras explosivas. La c\u00e1psula est\u00e1 anclada a la jaula por lo que la explosi\u00f3n no la expulsar\u00e1.<\/p>\n<p>Mientras que la jaula de combusti\u00f3n es esencial para una combusti\u00f3n r\u00e1pida, puede no ser necesario usar la jaula cuando se prueban muestras que no se queman violentamente. En algunos casos puede ser m\u00e1s f\u00e1cil asegurar una combusti\u00f3n completa mediante la sustituci\u00f3n del sujetador de c\u00e1psula de lazo y omitir la jaula.<\/p>\n<hr \/>\n<h3>Bomba de Alta Resistencia y Lazo 1104B<\/h3>\n<p>La Bomba de Alta Resistencia con Lazo 1104B est\u00e1 dise\u00f1ada para probar los materiales que no producen las fuerzas de choque generadas por las muestras explosivas.<\/p>\n<p>La 1104B es id\u00e9ntica a la 1104, excepto que no incluye la jaula de combusti\u00f3n y la c\u00e1psula de trabajo pesado, necesarias para analizar muestras explosivas.<\/p>\n<hr \/>\n<h3>Bomba de Alta Resistencia con Adaptaci\u00f3n de Vac\u00edo 1104C<\/h3>\n<p>La Bomba de Alta Resistencia con Adaptaci\u00f3n de Vac\u00edo 1104C est\u00e1 dise\u00f1ada para probar explosivos en un vac\u00edo.<\/p>\n<p>No es seguro medir la cantidad de energ\u00eda generada en una explosi\u00f3n cuando est\u00e1 presente el ox\u00edgeno debido a que los productos finales de la explosi\u00f3n tambi\u00e9n pueden ser combustibles. Por ejemplo, cualquier Carbono libre y Mon\u00f3xido de Carbono reaccionan con el ox\u00edgeno para formar Di\u00f3xido de Carbono y liberar una cantidad indeterminada de calor que no proviene de la composici\u00f3n inicial se est\u00e1 probando. Por lo general se recomienda el uso de 5 atm de medio ambiente de Nitr\u00f3geno o Arg\u00f3n mediante una secuencia de llenado y descarga en la Bomba de Alta Resistencia con Jaula y Lazo 1104 para superar este problema.<\/p>\n<p>Para aquellos que prefieren probar en vac\u00edo tenemos la Bomba de Alta Resistencia con Adaptaci\u00f3n a vac\u00edo 1104C. El 1104C es id\u00e9ntico en especificaciones al 1104. El \u00fanico cambio en la 1104C es que la v\u00e1lvula de entrada en la bomba ha sido modificada para permitir la extracci\u00f3n para vac\u00edo.<\/p>\n<h4>Prueba de Muestras m\u00e1s Grandes<\/h4>\n<p>La Bomba de Alta Resistencia 1104 est\u00e1 destinada a muestras de hasta 1 gramo sin liberar m\u00e1s de 12,000 calor\u00edas por muestra. Para por ejemplo, probar hasta 25 gramos de explosivos de alta potencia, ver el <a title=\"6790 Detonation Calorimeter\" href=\"https:\/\/www.parrinst.com\/es\/products\/oxygen-bomb-calorimeters\/6790-detonation-calorimeter\/\">Calor\u00edmetro de Detonaci\u00f3n Parr.<\/a><\/p>\n<p>&nbsp;<\/p>\n","protected":false},"excerpt":{"rendered":"<p>Parr ofrece varias bombas de ox\u00edgeno para usos especiales de calorimetr\u00eda y aplicaciones anal\u00edticas en tama\u00f1os de 22 a 2000 ml. Las consultas para otras aplicaciones son bienvenidas. Bomba de Alta Resistencia con Jaula y Lazo 1104 La Bomba de Resistencia con Jaula y Lazo 1104 es un recipiente de pared gruesa, de 240 ml. [&hellip;]<\/p>\n","protected":false},"author":1,"featured_media":37722,"parent":298,"menu_order":0,"comment_status":"closed","ping_status":"closed","template":"product-narrow.php","meta":{"_acf_changed":false,"footnotes":"","_links_to":"","_links_to_target":""},"class_list":["post-671","page","type-page","status-publish","has-post-thumbnail","hentry"],"acf":[],"yoast_head":"<!-- This site is optimized with the Yoast SEO plugin v27.4 - https:\/\/yoast.com\/product\/yoast-seo-wordpress\/ -->\n<title>Bomba de Combusti\u00f3n de Ox\u00edgeno de Alta Presi\u00f3n Modelo 1104 - Parr Instrument (Espa\u00f1ol)<\/title>\n<meta name=\"robots\" content=\"index, follow, max-snippet:-1, max-image-preview:large, max-video-preview:-1\" \/>\n<link rel=\"canonical\" href=\"https:\/\/www.parrinst.com\/es\/products\/sample-preparation\/oxygen-combustion-bombs\/high-pressure-oxygen-combustion-bomb-model-1104\/\" \/>\n<meta property=\"og:locale\" content=\"en_US\" \/>\n<meta property=\"og:type\" content=\"article\" \/>\n<meta property=\"og:title\" content=\"Bomba de Combusti\u00f3n de Ox\u00edgeno de Alta Presi\u00f3n Modelo 1104 - Parr Instrument (Espa\u00f1ol)\" \/>\n<meta property=\"og:description\" content=\"Parr ofrece varias bombas de ox\u00edgeno para usos especiales de calorimetr\u00eda y aplicaciones anal\u00edticas en tama\u00f1os de 22 a 2000 ml. Las consultas para otras aplicaciones son bienvenidas. Bomba de Alta Resistencia con Jaula y Lazo 1104 La Bomba de Resistencia con Jaula y Lazo 1104 es un recipiente de pared gruesa, de 240 ml. [&hellip;]\" \/>\n<meta property=\"og:url\" content=\"https:\/\/www.parrinst.com\/es\/products\/sample-preparation\/oxygen-combustion-bombs\/high-pressure-oxygen-combustion-bomb-model-1104\/\" \/>\n<meta property=\"og:site_name\" content=\"Parr Instrument (Espa\u00f1ol)\" \/>\n<meta property=\"article:modified_time\" content=\"2018-03-05T22:08:55+00:00\" \/>\n<meta property=\"og:image\" content=\"https:\/\/www.parrinst.com\/es\/files\/2018\/01\/parr_banner_sample-prep_secondary-1.jpg\" \/>\n\t<meta property=\"og:image:width\" content=\"2200\" \/>\n\t<meta property=\"og:image:height\" content=\"399\" \/>\n\t<meta property=\"og:image:type\" content=\"image\/jpeg\" \/>\n<meta name=\"twitter:card\" content=\"summary_large_image\" \/>\n<meta name=\"twitter:label1\" content=\"Est. reading time\" \/>\n\t<meta name=\"twitter:data1\" content=\"3 minutes\" \/>\n<script type=\"application\/ld+json\" class=\"yoast-schema-graph\">{\"@context\":\"https:\\\/\\\/schema.org\",\"@graph\":[{\"@type\":\"WebPage\",\"@id\":\"https:\\\/\\\/www.parrinst.com\\\/es\\\/products\\\/sample-preparation\\\/oxygen-combustion-bombs\\\/high-pressure-oxygen-combustion-bomb-model-1104\\\/\",\"url\":\"https:\\\/\\\/www.parrinst.com\\\/es\\\/products\\\/sample-preparation\\\/oxygen-combustion-bombs\\\/high-pressure-oxygen-combustion-bomb-model-1104\\\/\",\"name\":\"Bomba de Combusti\u00f3n de Ox\u00edgeno de Alta Presi\u00f3n Modelo 1104 - Parr Instrument (Espa\u00f1ol)\",\"isPartOf\":{\"@id\":\"https:\\\/\\\/www.parrinst.com\\\/es\\\/#website\"},\"primaryImageOfPage\":{\"@id\":\"https:\\\/\\\/www.parrinst.com\\\/es\\\/products\\\/sample-preparation\\\/oxygen-combustion-bombs\\\/high-pressure-oxygen-combustion-bomb-model-1104\\\/#primaryimage\"},\"image\":{\"@id\":\"https:\\\/\\\/www.parrinst.com\\\/es\\\/products\\\/sample-preparation\\\/oxygen-combustion-bombs\\\/high-pressure-oxygen-combustion-bomb-model-1104\\\/#primaryimage\"},\"thumbnailUrl\":\"https:\\\/\\\/i0.wp.com\\\/www.parrinst.com\\\/es\\\/wp-content\\\/uploads\\\/sites\\\/7\\\/2018\\\/01\\\/parr_banner_sample-prep_secondary-1.jpg?fit=2200%2C399&ssl=1\",\"datePublished\":\"2011-05-04T23:27:28+00:00\",\"dateModified\":\"2018-03-05T22:08:55+00:00\",\"breadcrumb\":{\"@id\":\"https:\\\/\\\/www.parrinst.com\\\/es\\\/products\\\/sample-preparation\\\/oxygen-combustion-bombs\\\/high-pressure-oxygen-combustion-bomb-model-1104\\\/#breadcrumb\"},\"inLanguage\":\"en-US\",\"potentialAction\":[{\"@type\":\"ReadAction\",\"target\":[\"https:\\\/\\\/www.parrinst.com\\\/es\\\/products\\\/sample-preparation\\\/oxygen-combustion-bombs\\\/high-pressure-oxygen-combustion-bomb-model-1104\\\/\"]}]},{\"@type\":\"ImageObject\",\"inLanguage\":\"en-US\",\"@id\":\"https:\\\/\\\/www.parrinst.com\\\/es\\\/products\\\/sample-preparation\\\/oxygen-combustion-bombs\\\/high-pressure-oxygen-combustion-bomb-model-1104\\\/#primaryimage\",\"url\":\"https:\\\/\\\/i0.wp.com\\\/www.parrinst.com\\\/es\\\/wp-content\\\/uploads\\\/sites\\\/7\\\/2018\\\/01\\\/parr_banner_sample-prep_secondary-1.jpg?fit=2200%2C399&ssl=1\",\"contentUrl\":\"https:\\\/\\\/i0.wp.com\\\/www.parrinst.com\\\/es\\\/wp-content\\\/uploads\\\/sites\\\/7\\\/2018\\\/01\\\/parr_banner_sample-prep_secondary-1.jpg?fit=2200%2C399&ssl=1\",\"width\":2200,\"height\":399},{\"@type\":\"BreadcrumbList\",\"@id\":\"https:\\\/\\\/www.parrinst.com\\\/es\\\/products\\\/sample-preparation\\\/oxygen-combustion-bombs\\\/high-pressure-oxygen-combustion-bomb-model-1104\\\/#breadcrumb\",\"itemListElement\":[{\"@type\":\"ListItem\",\"position\":1,\"name\":\"Home\",\"item\":\"https:\\\/\\\/www.parrinst.com\\\/es\\\/\"},{\"@type\":\"ListItem\",\"position\":2,\"name\":\"Products\",\"item\":\"https:\\\/\\\/www.parrinst.com\\\/es\\\/products\\\/\"},{\"@type\":\"ListItem\",\"position\":3,\"name\":\"Preparaci\u00f3n de Muestras\",\"item\":\"https:\\\/\\\/www.parrinst.com\\\/es\\\/products\\\/sample-preparation\\\/\"},{\"@type\":\"ListItem\",\"position\":4,\"name\":\"Recipientes de Combusti\u00f3n de Ox\u00edgeno\",\"item\":\"https:\\\/\\\/www.parrinst.com\\\/es\\\/products\\\/sample-preparation\\\/oxygen-combustion-bombs\\\/\"},{\"@type\":\"ListItem\",\"position\":5,\"name\":\"Bomba de Combusti\u00f3n de Ox\u00edgeno de Alta Presi\u00f3n Modelo 1104\"}]},{\"@type\":\"WebSite\",\"@id\":\"https:\\\/\\\/www.parrinst.com\\\/es\\\/#website\",\"url\":\"https:\\\/\\\/www.parrinst.com\\\/es\\\/\",\"name\":\"Parr Instrument (Espa\u00f1ol)\",\"description\":\"\",\"potentialAction\":[{\"@type\":\"SearchAction\",\"target\":{\"@type\":\"EntryPoint\",\"urlTemplate\":\"https:\\\/\\\/www.parrinst.com\\\/es\\\/?s={search_term_string}\"},\"query-input\":{\"@type\":\"PropertyValueSpecification\",\"valueRequired\":true,\"valueName\":\"search_term_string\"}}],\"inLanguage\":\"en-US\"}]}<\/script>\n<!-- \/ Yoast SEO plugin. -->","yoast_head_json":{"title":"Bomba de Combusti\u00f3n de Ox\u00edgeno de Alta Presi\u00f3n Modelo 1104 - Parr Instrument (Espa\u00f1ol)","robots":{"index":"index","follow":"follow","max-snippet":"max-snippet:-1","max-image-preview":"max-image-preview:large","max-video-preview":"max-video-preview:-1"},"canonical":"https:\/\/www.parrinst.com\/es\/products\/sample-preparation\/oxygen-combustion-bombs\/high-pressure-oxygen-combustion-bomb-model-1104\/","og_locale":"en_US","og_type":"article","og_title":"Bomba de Combusti\u00f3n de Ox\u00edgeno de Alta Presi\u00f3n Modelo 1104 - Parr Instrument (Espa\u00f1ol)","og_description":"Parr ofrece varias bombas de ox\u00edgeno para usos especiales de calorimetr\u00eda y aplicaciones anal\u00edticas en tama\u00f1os de 22 a 2000 ml. Las consultas para otras aplicaciones son bienvenidas. Bomba de Alta Resistencia con Jaula y Lazo 1104 La Bomba de Resistencia con Jaula y Lazo 1104 es un recipiente de pared gruesa, de 240 ml. [&hellip;]","og_url":"https:\/\/www.parrinst.com\/es\/products\/sample-preparation\/oxygen-combustion-bombs\/high-pressure-oxygen-combustion-bomb-model-1104\/","og_site_name":"Parr Instrument (Espa\u00f1ol)","article_modified_time":"2018-03-05T22:08:55+00:00","og_image":[{"width":2200,"height":399,"url":"https:\/\/www.parrinst.com\/es\/files\/2018\/01\/parr_banner_sample-prep_secondary-1.jpg","type":"image\/jpeg"}],"twitter_card":"summary_large_image","twitter_misc":{"Est. reading time":"3 minutes"},"schema":{"@context":"https:\/\/schema.org","@graph":[{"@type":"WebPage","@id":"https:\/\/www.parrinst.com\/es\/products\/sample-preparation\/oxygen-combustion-bombs\/high-pressure-oxygen-combustion-bomb-model-1104\/","url":"https:\/\/www.parrinst.com\/es\/products\/sample-preparation\/oxygen-combustion-bombs\/high-pressure-oxygen-combustion-bomb-model-1104\/","name":"Bomba de Combusti\u00f3n de Ox\u00edgeno de Alta Presi\u00f3n Modelo 1104 - Parr Instrument (Espa\u00f1ol)","isPartOf":{"@id":"https:\/\/www.parrinst.com\/es\/#website"},"primaryImageOfPage":{"@id":"https:\/\/www.parrinst.com\/es\/products\/sample-preparation\/oxygen-combustion-bombs\/high-pressure-oxygen-combustion-bomb-model-1104\/#primaryimage"},"image":{"@id":"https:\/\/www.parrinst.com\/es\/products\/sample-preparation\/oxygen-combustion-bombs\/high-pressure-oxygen-combustion-bomb-model-1104\/#primaryimage"},"thumbnailUrl":"https:\/\/i0.wp.com\/www.parrinst.com\/es\/wp-content\/uploads\/sites\/7\/2018\/01\/parr_banner_sample-prep_secondary-1.jpg?fit=2200%2C399&ssl=1","datePublished":"2011-05-04T23:27:28+00:00","dateModified":"2018-03-05T22:08:55+00:00","breadcrumb":{"@id":"https:\/\/www.parrinst.com\/es\/products\/sample-preparation\/oxygen-combustion-bombs\/high-pressure-oxygen-combustion-bomb-model-1104\/#breadcrumb"},"inLanguage":"en-US","potentialAction":[{"@type":"ReadAction","target":["https:\/\/www.parrinst.com\/es\/products\/sample-preparation\/oxygen-combustion-bombs\/high-pressure-oxygen-combustion-bomb-model-1104\/"]}]},{"@type":"ImageObject","inLanguage":"en-US","@id":"https:\/\/www.parrinst.com\/es\/products\/sample-preparation\/oxygen-combustion-bombs\/high-pressure-oxygen-combustion-bomb-model-1104\/#primaryimage","url":"https:\/\/i0.wp.com\/www.parrinst.com\/es\/wp-content\/uploads\/sites\/7\/2018\/01\/parr_banner_sample-prep_secondary-1.jpg?fit=2200%2C399&ssl=1","contentUrl":"https:\/\/i0.wp.com\/www.parrinst.com\/es\/wp-content\/uploads\/sites\/7\/2018\/01\/parr_banner_sample-prep_secondary-1.jpg?fit=2200%2C399&ssl=1","width":2200,"height":399},{"@type":"BreadcrumbList","@id":"https:\/\/www.parrinst.com\/es\/products\/sample-preparation\/oxygen-combustion-bombs\/high-pressure-oxygen-combustion-bomb-model-1104\/#breadcrumb","itemListElement":[{"@type":"ListItem","position":1,"name":"Home","item":"https:\/\/www.parrinst.com\/es\/"},{"@type":"ListItem","position":2,"name":"Products","item":"https:\/\/www.parrinst.com\/es\/products\/"},{"@type":"ListItem","position":3,"name":"Preparaci\u00f3n de Muestras","item":"https:\/\/www.parrinst.com\/es\/products\/sample-preparation\/"},{"@type":"ListItem","position":4,"name":"Recipientes de Combusti\u00f3n de Ox\u00edgeno","item":"https:\/\/www.parrinst.com\/es\/products\/sample-preparation\/oxygen-combustion-bombs\/"},{"@type":"ListItem","position":5,"name":"Bomba de Combusti\u00f3n de Ox\u00edgeno de Alta Presi\u00f3n Modelo 1104"}]},{"@type":"WebSite","@id":"https:\/\/www.parrinst.com\/es\/#website","url":"https:\/\/www.parrinst.com\/es\/","name":"Parr Instrument (Espa\u00f1ol)","description":"","potentialAction":[{"@type":"SearchAction","target":{"@type":"EntryPoint","urlTemplate":"https:\/\/www.parrinst.com\/es\/?s={search_term_string}"},"query-input":{"@type":"PropertyValueSpecification","valueRequired":true,"valueName":"search_term_string"}}],"inLanguage":"en-US"}]}},"jetpack_sharing_enabled":true,"_links":{"self":[{"href":"https:\/\/www.parrinst.com\/es\/wp-json\/wp\/v2\/pages\/671","targetHints":{"allow":["GET"]}}],"collection":[{"href":"https:\/\/www.parrinst.com\/es\/wp-json\/wp\/v2\/pages"}],"about":[{"href":"https:\/\/www.parrinst.com\/es\/wp-json\/wp\/v2\/types\/page"}],"author":[{"embeddable":true,"href":"https:\/\/www.parrinst.com\/es\/wp-json\/wp\/v2\/users\/1"}],"replies":[{"embeddable":true,"href":"https:\/\/www.parrinst.com\/es\/wp-json\/wp\/v2\/comments?post=671"}],"version-history":[{"count":2,"href":"https:\/\/www.parrinst.com\/es\/wp-json\/wp\/v2\/pages\/671\/revisions"}],"predecessor-version":[{"id":38121,"href":"https:\/\/www.parrinst.com\/es\/wp-json\/wp\/v2\/pages\/671\/revisions\/38121"}],"up":[{"embeddable":true,"href":"https:\/\/www.parrinst.com\/es\/wp-json\/wp\/v2\/pages\/298"}],"wp:featuredmedia":[{"embeddable":true,"href":"https:\/\/www.parrinst.com\/es\/wp-json\/wp\/v2\/media\/37722"}],"wp:attachment":[{"href":"https:\/\/www.parrinst.com\/es\/wp-json\/wp\/v2\/media?parent=671"}],"curies":[{"name":"wp","href":"https:\/\/api.w.org\/{rel}","templated":true}]}}