{"id":673,"date":"2011-05-04T18:27:48","date_gmt":"2011-05-04T23:27:48","guid":{"rendered":"https:\/\/www.parrinst.com\/?page_id=673"},"modified":"2018-02-02T14:21:59","modified_gmt":"2018-02-02T20:21:59","slug":"semi-micro-oxygen-combustion-bomb-model-1109a","status":"publish","type":"page","link":"https:\/\/www.parrinst.com\/es\/products\/sample-preparation\/oxygen-combustion-bombs\/semi-micro-oxygen-combustion-bomb-model-1109a\/","title":{"rendered":"Bomba de Combusti\u00f3n de Ox\u00edgeno Semimicro Modelo 1109A &#038; 1109X"},"content":{"rendered":"<figure id=\"attachment_2976\" aria-describedby=\"caption-attachment-2976\" style=\"width: 215px\" class=\"wp-caption alignright\"><a href=\"https:\/\/i0.wp.com\/www.parrinst.com\/es\/wp-content\/uploads\/2011\/03\/1109-complete.jpg?ssl=1\"><img data-recalc-dims=\"1\" loading=\"lazy\" decoding=\"async\" class=\"wp-image-2976 size-medium\" title=\"Bomba de Combusti\u00f3n Ensamblada 1109A\" src=\"https:\/\/i0.wp.com\/www.parrinst.com\/es\/wp-content\/uploads\/sites\/7\/2011\/03\/1109-complete.jpg?resize=215%2C300&#038;ssl=1\" alt=\"Bomba de Combusti\u00f3n Ensamblada 1109A\" width=\"215\" height=\"300\" srcset=\"https:\/\/i0.wp.com\/www.parrinst.com\/es\/wp-content\/uploads\/sites\/7\/2011\/03\/1109-complete.jpg?resize=215%2C300&amp;ssl=1 215w, https:\/\/i0.wp.com\/www.parrinst.com\/es\/wp-content\/uploads\/sites\/7\/2011\/03\/1109-complete.jpg?resize=107%2C150&amp;ssl=1 107w, https:\/\/i0.wp.com\/www.parrinst.com\/es\/wp-content\/uploads\/sites\/7\/2011\/03\/1109-complete.jpg?w=600&amp;ssl=1 600w\" sizes=\"auto, (max-width: 215px) 100vw, 215px\" \/><\/a><figcaption id=\"caption-attachment-2976\" class=\"wp-caption-text\">Vaso de Combusti\u00f3n Ensamblada 1109A<\/figcaption><\/figure>\n<h3>1109A Semimicro Oxygen Combustion Vessel<\/h3>\n<p>La Vaso de Ox\u00edgeno Semimicro 1109A Parr est\u00e1 dise\u00f1ada para muestras peque\u00f1as como las de biolog\u00eda marina o estudios ecol\u00f3gicos. Tambi\u00e9n se puede usar cuando el tama\u00f1o de la muestra es limitado. Esta vaso 22 ml es la m\u00e1s peque\u00f1a vaso de combusti\u00f3n Parr, que puede manejar muestras que van desde 25 a 200 miligramos que liberan de 52 a 1200 calor\u00edas cuando se queman en ox\u00edgeno, con presiones iniciales de hasta 35 atm\u00f3sferas. Se pueden acomodar muestras con salidas de hasta 2400 calor\u00edas si la muestra es auto-oxidante, siempre que se queme en una atm\u00f3sfera inerte y no produzca gas.<\/p>\n<hr \/>\n<h3>1109X High Strength Semimicro Oxygen Combustion Bomb<\/h3>\n<p>The 1109X is similar in most aspects as the 1109A Bomb but has been specially strengthened to be suitable for testing energetic materials and it is optimized for the measurement of small energy releases.<\/p>\n","protected":false},"excerpt":{"rendered":"<p>1109A Semimicro Oxygen Combustion Vessel La Vaso de Ox\u00edgeno Semimicro 1109A Parr est\u00e1 dise\u00f1ada para muestras peque\u00f1as como las de biolog\u00eda marina o estudios ecol\u00f3gicos. Tambi\u00e9n se puede usar cuando el tama\u00f1o de la muestra es limitado. Esta vaso 22 ml es la m\u00e1s peque\u00f1a vaso de combusti\u00f3n Parr, que puede manejar muestras que van [&hellip;]<\/p>\n","protected":false},"author":1,"featured_media":37722,"parent":298,"menu_order":0,"comment_status":"closed","ping_status":"closed","template":"product-narrow.php","meta":{"_acf_changed":false,"footnotes":"","_links_to":"","_links_to_target":""},"class_list":["post-673","page","type-page","status-publish","has-post-thumbnail","hentry"],"acf":[],"yoast_head":"<!-- This site is optimized with the Yoast SEO plugin v27.4 - https:\/\/yoast.com\/product\/yoast-seo-wordpress\/ -->\n<title>Bomba de Combusti\u00f3n de Ox\u00edgeno Semimicro Modelo 1109A &amp; 1109X - Parr Instrument (Espa\u00f1ol)<\/title>\n<meta name=\"robots\" content=\"index, follow, max-snippet:-1, max-image-preview:large, max-video-preview:-1\" \/>\n<link rel=\"canonical\" href=\"https:\/\/www.parrinst.com\/es\/products\/sample-preparation\/oxygen-combustion-bombs\/semi-micro-oxygen-combustion-bomb-model-1109a\/\" \/>\n<meta property=\"og:locale\" content=\"en_US\" \/>\n<meta property=\"og:type\" content=\"article\" \/>\n<meta property=\"og:title\" content=\"Bomba de Combusti\u00f3n de Ox\u00edgeno Semimicro Modelo 1109A &amp; 1109X - Parr Instrument (Espa\u00f1ol)\" \/>\n<meta property=\"og:description\" content=\"1109A Semimicro Oxygen Combustion Vessel La Vaso de Ox\u00edgeno Semimicro 1109A Parr est\u00e1 dise\u00f1ada para muestras peque\u00f1as como las de biolog\u00eda marina o estudios ecol\u00f3gicos. Tambi\u00e9n se puede usar cuando el tama\u00f1o de la muestra es limitado. Esta vaso 22 ml es la m\u00e1s peque\u00f1a vaso de combusti\u00f3n Parr, que puede manejar muestras que van [&hellip;]\" \/>\n<meta property=\"og:url\" content=\"https:\/\/www.parrinst.com\/es\/products\/sample-preparation\/oxygen-combustion-bombs\/semi-micro-oxygen-combustion-bomb-model-1109a\/\" \/>\n<meta property=\"og:site_name\" content=\"Parr Instrument (Espa\u00f1ol)\" \/>\n<meta property=\"article:modified_time\" content=\"2018-02-02T20:21:59+00:00\" \/>\n<meta property=\"og:image\" content=\"https:\/\/www.parrinst.com\/es\/files\/2018\/01\/parr_banner_sample-prep_secondary-1.jpg\" \/>\n\t<meta property=\"og:image:width\" content=\"2200\" \/>\n\t<meta property=\"og:image:height\" content=\"399\" \/>\n\t<meta property=\"og:image:type\" content=\"image\/jpeg\" \/>\n<meta name=\"twitter:card\" content=\"summary_large_image\" \/>\n<meta name=\"twitter:label1\" content=\"Est. reading time\" \/>\n\t<meta name=\"twitter:data1\" content=\"1 minute\" \/>\n<script type=\"application\/ld+json\" class=\"yoast-schema-graph\">{\"@context\":\"https:\\\/\\\/schema.org\",\"@graph\":[{\"@type\":\"WebPage\",\"@id\":\"https:\\\/\\\/www.parrinst.com\\\/es\\\/products\\\/sample-preparation\\\/oxygen-combustion-bombs\\\/semi-micro-oxygen-combustion-bomb-model-1109a\\\/\",\"url\":\"https:\\\/\\\/www.parrinst.com\\\/es\\\/products\\\/sample-preparation\\\/oxygen-combustion-bombs\\\/semi-micro-oxygen-combustion-bomb-model-1109a\\\/\",\"name\":\"Bomba de Combusti\u00f3n de Ox\u00edgeno Semimicro Modelo 1109A & 1109X - Parr Instrument (Espa\u00f1ol)\",\"isPartOf\":{\"@id\":\"https:\\\/\\\/www.parrinst.com\\\/es\\\/#website\"},\"primaryImageOfPage\":{\"@id\":\"https:\\\/\\\/www.parrinst.com\\\/es\\\/products\\\/sample-preparation\\\/oxygen-combustion-bombs\\\/semi-micro-oxygen-combustion-bomb-model-1109a\\\/#primaryimage\"},\"image\":{\"@id\":\"https:\\\/\\\/www.parrinst.com\\\/es\\\/products\\\/sample-preparation\\\/oxygen-combustion-bombs\\\/semi-micro-oxygen-combustion-bomb-model-1109a\\\/#primaryimage\"},\"thumbnailUrl\":\"https:\\\/\\\/i0.wp.com\\\/www.parrinst.com\\\/es\\\/wp-content\\\/uploads\\\/sites\\\/7\\\/2018\\\/01\\\/parr_banner_sample-prep_secondary-1.jpg?fit=2200%2C399&ssl=1\",\"datePublished\":\"2011-05-04T23:27:48+00:00\",\"dateModified\":\"2018-02-02T20:21:59+00:00\",\"breadcrumb\":{\"@id\":\"https:\\\/\\\/www.parrinst.com\\\/es\\\/products\\\/sample-preparation\\\/oxygen-combustion-bombs\\\/semi-micro-oxygen-combustion-bomb-model-1109a\\\/#breadcrumb\"},\"inLanguage\":\"en-US\",\"potentialAction\":[{\"@type\":\"ReadAction\",\"target\":[\"https:\\\/\\\/www.parrinst.com\\\/es\\\/products\\\/sample-preparation\\\/oxygen-combustion-bombs\\\/semi-micro-oxygen-combustion-bomb-model-1109a\\\/\"]}]},{\"@type\":\"ImageObject\",\"inLanguage\":\"en-US\",\"@id\":\"https:\\\/\\\/www.parrinst.com\\\/es\\\/products\\\/sample-preparation\\\/oxygen-combustion-bombs\\\/semi-micro-oxygen-combustion-bomb-model-1109a\\\/#primaryimage\",\"url\":\"https:\\\/\\\/i0.wp.com\\\/www.parrinst.com\\\/es\\\/wp-content\\\/uploads\\\/sites\\\/7\\\/2018\\\/01\\\/parr_banner_sample-prep_secondary-1.jpg?fit=2200%2C399&ssl=1\",\"contentUrl\":\"https:\\\/\\\/i0.wp.com\\\/www.parrinst.com\\\/es\\\/wp-content\\\/uploads\\\/sites\\\/7\\\/2018\\\/01\\\/parr_banner_sample-prep_secondary-1.jpg?fit=2200%2C399&ssl=1\",\"width\":2200,\"height\":399},{\"@type\":\"BreadcrumbList\",\"@id\":\"https:\\\/\\\/www.parrinst.com\\\/es\\\/products\\\/sample-preparation\\\/oxygen-combustion-bombs\\\/semi-micro-oxygen-combustion-bomb-model-1109a\\\/#breadcrumb\",\"itemListElement\":[{\"@type\":\"ListItem\",\"position\":1,\"name\":\"Home\",\"item\":\"https:\\\/\\\/www.parrinst.com\\\/es\\\/\"},{\"@type\":\"ListItem\",\"position\":2,\"name\":\"Products\",\"item\":\"https:\\\/\\\/www.parrinst.com\\\/es\\\/products\\\/\"},{\"@type\":\"ListItem\",\"position\":3,\"name\":\"Preparaci\u00f3n de Muestras\",\"item\":\"https:\\\/\\\/www.parrinst.com\\\/es\\\/products\\\/sample-preparation\\\/\"},{\"@type\":\"ListItem\",\"position\":4,\"name\":\"Recipientes de Combusti\u00f3n de Ox\u00edgeno\",\"item\":\"https:\\\/\\\/www.parrinst.com\\\/es\\\/products\\\/sample-preparation\\\/oxygen-combustion-bombs\\\/\"},{\"@type\":\"ListItem\",\"position\":5,\"name\":\"Bomba de Combusti\u00f3n de Ox\u00edgeno Semimicro Modelo 1109A &#038; 1109X\"}]},{\"@type\":\"WebSite\",\"@id\":\"https:\\\/\\\/www.parrinst.com\\\/es\\\/#website\",\"url\":\"https:\\\/\\\/www.parrinst.com\\\/es\\\/\",\"name\":\"Parr Instrument (Espa\u00f1ol)\",\"description\":\"\",\"potentialAction\":[{\"@type\":\"SearchAction\",\"target\":{\"@type\":\"EntryPoint\",\"urlTemplate\":\"https:\\\/\\\/www.parrinst.com\\\/es\\\/?s={search_term_string}\"},\"query-input\":{\"@type\":\"PropertyValueSpecification\",\"valueRequired\":true,\"valueName\":\"search_term_string\"}}],\"inLanguage\":\"en-US\"}]}<\/script>\n<!-- \/ Yoast SEO plugin. -->","yoast_head_json":{"title":"Bomba de Combusti\u00f3n de Ox\u00edgeno Semimicro Modelo 1109A & 1109X - Parr Instrument (Espa\u00f1ol)","robots":{"index":"index","follow":"follow","max-snippet":"max-snippet:-1","max-image-preview":"max-image-preview:large","max-video-preview":"max-video-preview:-1"},"canonical":"https:\/\/www.parrinst.com\/es\/products\/sample-preparation\/oxygen-combustion-bombs\/semi-micro-oxygen-combustion-bomb-model-1109a\/","og_locale":"en_US","og_type":"article","og_title":"Bomba de Combusti\u00f3n de Ox\u00edgeno Semimicro Modelo 1109A & 1109X - Parr Instrument (Espa\u00f1ol)","og_description":"1109A Semimicro Oxygen Combustion Vessel La Vaso de Ox\u00edgeno Semimicro 1109A Parr est\u00e1 dise\u00f1ada para muestras peque\u00f1as como las de biolog\u00eda marina o estudios ecol\u00f3gicos. Tambi\u00e9n se puede usar cuando el tama\u00f1o de la muestra es limitado. Esta vaso 22 ml es la m\u00e1s peque\u00f1a vaso de combusti\u00f3n Parr, que puede manejar muestras que van [&hellip;]","og_url":"https:\/\/www.parrinst.com\/es\/products\/sample-preparation\/oxygen-combustion-bombs\/semi-micro-oxygen-combustion-bomb-model-1109a\/","og_site_name":"Parr Instrument (Espa\u00f1ol)","article_modified_time":"2018-02-02T20:21:59+00:00","og_image":[{"width":2200,"height":399,"url":"https:\/\/www.parrinst.com\/es\/files\/2018\/01\/parr_banner_sample-prep_secondary-1.jpg","type":"image\/jpeg"}],"twitter_card":"summary_large_image","twitter_misc":{"Est. reading time":"1 minute"},"schema":{"@context":"https:\/\/schema.org","@graph":[{"@type":"WebPage","@id":"https:\/\/www.parrinst.com\/es\/products\/sample-preparation\/oxygen-combustion-bombs\/semi-micro-oxygen-combustion-bomb-model-1109a\/","url":"https:\/\/www.parrinst.com\/es\/products\/sample-preparation\/oxygen-combustion-bombs\/semi-micro-oxygen-combustion-bomb-model-1109a\/","name":"Bomba de Combusti\u00f3n de Ox\u00edgeno Semimicro Modelo 1109A & 1109X - Parr Instrument (Espa\u00f1ol)","isPartOf":{"@id":"https:\/\/www.parrinst.com\/es\/#website"},"primaryImageOfPage":{"@id":"https:\/\/www.parrinst.com\/es\/products\/sample-preparation\/oxygen-combustion-bombs\/semi-micro-oxygen-combustion-bomb-model-1109a\/#primaryimage"},"image":{"@id":"https:\/\/www.parrinst.com\/es\/products\/sample-preparation\/oxygen-combustion-bombs\/semi-micro-oxygen-combustion-bomb-model-1109a\/#primaryimage"},"thumbnailUrl":"https:\/\/i0.wp.com\/www.parrinst.com\/es\/wp-content\/uploads\/sites\/7\/2018\/01\/parr_banner_sample-prep_secondary-1.jpg?fit=2200%2C399&ssl=1","datePublished":"2011-05-04T23:27:48+00:00","dateModified":"2018-02-02T20:21:59+00:00","breadcrumb":{"@id":"https:\/\/www.parrinst.com\/es\/products\/sample-preparation\/oxygen-combustion-bombs\/semi-micro-oxygen-combustion-bomb-model-1109a\/#breadcrumb"},"inLanguage":"en-US","potentialAction":[{"@type":"ReadAction","target":["https:\/\/www.parrinst.com\/es\/products\/sample-preparation\/oxygen-combustion-bombs\/semi-micro-oxygen-combustion-bomb-model-1109a\/"]}]},{"@type":"ImageObject","inLanguage":"en-US","@id":"https:\/\/www.parrinst.com\/es\/products\/sample-preparation\/oxygen-combustion-bombs\/semi-micro-oxygen-combustion-bomb-model-1109a\/#primaryimage","url":"https:\/\/i0.wp.com\/www.parrinst.com\/es\/wp-content\/uploads\/sites\/7\/2018\/01\/parr_banner_sample-prep_secondary-1.jpg?fit=2200%2C399&ssl=1","contentUrl":"https:\/\/i0.wp.com\/www.parrinst.com\/es\/wp-content\/uploads\/sites\/7\/2018\/01\/parr_banner_sample-prep_secondary-1.jpg?fit=2200%2C399&ssl=1","width":2200,"height":399},{"@type":"BreadcrumbList","@id":"https:\/\/www.parrinst.com\/es\/products\/sample-preparation\/oxygen-combustion-bombs\/semi-micro-oxygen-combustion-bomb-model-1109a\/#breadcrumb","itemListElement":[{"@type":"ListItem","position":1,"name":"Home","item":"https:\/\/www.parrinst.com\/es\/"},{"@type":"ListItem","position":2,"name":"Products","item":"https:\/\/www.parrinst.com\/es\/products\/"},{"@type":"ListItem","position":3,"name":"Preparaci\u00f3n de Muestras","item":"https:\/\/www.parrinst.com\/es\/products\/sample-preparation\/"},{"@type":"ListItem","position":4,"name":"Recipientes de Combusti\u00f3n de Ox\u00edgeno","item":"https:\/\/www.parrinst.com\/es\/products\/sample-preparation\/oxygen-combustion-bombs\/"},{"@type":"ListItem","position":5,"name":"Bomba de Combusti\u00f3n de Ox\u00edgeno Semimicro Modelo 1109A &#038; 1109X"}]},{"@type":"WebSite","@id":"https:\/\/www.parrinst.com\/es\/#website","url":"https:\/\/www.parrinst.com\/es\/","name":"Parr Instrument (Espa\u00f1ol)","description":"","potentialAction":[{"@type":"SearchAction","target":{"@type":"EntryPoint","urlTemplate":"https:\/\/www.parrinst.com\/es\/?s={search_term_string}"},"query-input":{"@type":"PropertyValueSpecification","valueRequired":true,"valueName":"search_term_string"}}],"inLanguage":"en-US"}]}},"jetpack_sharing_enabled":true,"_links":{"self":[{"href":"https:\/\/www.parrinst.com\/es\/wp-json\/wp\/v2\/pages\/673","targetHints":{"allow":["GET"]}}],"collection":[{"href":"https:\/\/www.parrinst.com\/es\/wp-json\/wp\/v2\/pages"}],"about":[{"href":"https:\/\/www.parrinst.com\/es\/wp-json\/wp\/v2\/types\/page"}],"author":[{"embeddable":true,"href":"https:\/\/www.parrinst.com\/es\/wp-json\/wp\/v2\/users\/1"}],"replies":[{"embeddable":true,"href":"https:\/\/www.parrinst.com\/es\/wp-json\/wp\/v2\/comments?post=673"}],"version-history":[{"count":1,"href":"https:\/\/www.parrinst.com\/es\/wp-json\/wp\/v2\/pages\/673\/revisions"}],"predecessor-version":[{"id":37900,"href":"https:\/\/www.parrinst.com\/es\/wp-json\/wp\/v2\/pages\/673\/revisions\/37900"}],"up":[{"embeddable":true,"href":"https:\/\/www.parrinst.com\/es\/wp-json\/wp\/v2\/pages\/298"}],"wp:featuredmedia":[{"embeddable":true,"href":"https:\/\/www.parrinst.com\/es\/wp-json\/wp\/v2\/media\/37722"}],"wp:attachment":[{"href":"https:\/\/www.parrinst.com\/es\/wp-json\/wp\/v2\/media?parent=673"}],"curies":[{"name":"wp","href":"https:\/\/api.w.org\/{rel}","templated":true}]}}