{"id":675,"date":"2011-05-04T18:28:09","date_gmt":"2011-05-04T23:28:09","guid":{"rendered":"https:\/\/www.parrinst.com\/?page_id=675"},"modified":"2020-05-21T17:02:32","modified_gmt":"2020-05-21T22:02:32","slug":"large-capacity-oxygen-combustion-bomb-models-1121-1122","status":"publish","type":"page","link":"https:\/\/www.parrinst.com\/es\/products\/sample-preparation\/oxygen-combustion-bombs\/large-capacity-oxygen-combustion-bomb-models-1121-1122\/","title":{"rendered":"Recipientes de Ox\u00edgeno de Gran Capacidad Modelos 1121 y 1122"},"content":{"rendered":"<figure id=\"attachment_11453\" aria-describedby=\"caption-attachment-11453\" style=\"width: 214px\" class=\"wp-caption alignright\"><a href=\"https:\/\/i0.wp.com\/www.parrinst.com\/es\/wp-content\/uploads\/sites\/7\/2013\/05\/1121DSC2246600.jpg?ssl=1\"><img data-recalc-dims=\"1\" loading=\"lazy\" decoding=\"async\" class=\"wp-image-11453 size-medium\" src=\"https:\/\/i0.wp.com\/www.parrinst.com\/es\/wp-content\/uploads\/sites\/7\/2013\/05\/1121DSC2246600.jpg?resize=214%2C300&#038;ssl=1\" alt=\"Recipientes de Combusti\u00f3n de Ox\u00edgeno de Gran Capacidad 1121\" width=\"214\" height=\"300\" \/><\/a><figcaption id=\"caption-attachment-11453\" class=\"wp-caption-text\">Recipientes de Ox\u00edgeno de Gran Capacidad 1121<\/figcaption><\/figure>\n<h3>Recipientes de Ox\u00edgeno de Gran Capacidad 1121<\/h3>\n<p><strong>Esta es una\u00a0Recipientes de Ox\u00edgeno de 1850 ml<\/strong> desarrollada para usuarios que quieren analizar materiales celul\u00f3sicos de combusti\u00f3n lenta con muestras m\u00e1s grandes que las que\u00a0pueden ser tratadas en la\u00a0Recipientes\u00a0de Ox\u00edgeno 1108. Puede acomodar muestras hasta de 10 gramos usando presiones de carga de ox\u00edgeno hasta de 20 atm., pero estos l\u00edmites var\u00edan y deben ser comprobados experimentalmente para cada muestra. La bomba mantendr\u00e1 el vac\u00edo, lo cual es particularmente \u00fatil para la determinaci\u00f3n de trazas de tritio, carbono 14 o metales pesados en materia vegetal.<\/p>\n<hr \/>\n<h3>Recipientes de Ox\u00edgeno de Gran Capacidad 1122<\/h3>\n<p>Igual al 1121 excepto por la menor capacidad de 920 ml y hasta 5 gramos de las meutras.<\/p>\n<p>&nbsp;<\/p>\n<p>&nbsp;<\/p>\n","protected":false},"excerpt":{"rendered":"<p>Recipientes de Ox\u00edgeno de Gran Capacidad 1121 Esta es una\u00a0Recipientes de Ox\u00edgeno de 1850 ml desarrollada para usuarios que quieren analizar materiales celul\u00f3sicos de combusti\u00f3n lenta con muestras m\u00e1s grandes que las que\u00a0pueden ser tratadas en la\u00a0Recipientes\u00a0de Ox\u00edgeno 1108. Puede acomodar muestras hasta de 10 gramos usando presiones de carga de ox\u00edgeno hasta de 20 [&hellip;]<\/p>\n","protected":false},"author":1,"featured_media":37722,"parent":298,"menu_order":0,"comment_status":"closed","ping_status":"closed","template":"product-narrow.php","meta":{"_acf_changed":false,"footnotes":"","_links_to":"","_links_to_target":""},"class_list":["post-675","page","type-page","status-publish","has-post-thumbnail","hentry"],"acf":[],"yoast_head":"<!-- This site is optimized with the Yoast SEO plugin v27.4 - https:\/\/yoast.com\/product\/yoast-seo-wordpress\/ -->\n<title>Recipientes de Ox\u00edgeno de Gran Capacidad Modelos 1121 y 1122 - Parr Instrument (Espa\u00f1ol)<\/title>\n<meta name=\"robots\" content=\"index, follow, max-snippet:-1, max-image-preview:large, max-video-preview:-1\" \/>\n<link rel=\"canonical\" href=\"https:\/\/www.parrinst.com\/es\/products\/sample-preparation\/oxygen-combustion-bombs\/large-capacity-oxygen-combustion-bomb-models-1121-1122\/\" \/>\n<meta property=\"og:locale\" content=\"en_US\" \/>\n<meta property=\"og:type\" content=\"article\" \/>\n<meta property=\"og:title\" content=\"Recipientes de Ox\u00edgeno de Gran Capacidad Modelos 1121 y 1122 - Parr Instrument (Espa\u00f1ol)\" \/>\n<meta property=\"og:description\" content=\"Recipientes de Ox\u00edgeno de Gran Capacidad 1121 Esta es una\u00a0Recipientes de Ox\u00edgeno de 1850 ml desarrollada para usuarios que quieren analizar materiales celul\u00f3sicos de combusti\u00f3n lenta con muestras m\u00e1s grandes que las que\u00a0pueden ser tratadas en la\u00a0Recipientes\u00a0de Ox\u00edgeno 1108. Puede acomodar muestras hasta de 10 gramos usando presiones de carga de ox\u00edgeno hasta de 20 [&hellip;]\" \/>\n<meta property=\"og:url\" content=\"https:\/\/www.parrinst.com\/es\/products\/sample-preparation\/oxygen-combustion-bombs\/large-capacity-oxygen-combustion-bomb-models-1121-1122\/\" \/>\n<meta property=\"og:site_name\" content=\"Parr Instrument (Espa\u00f1ol)\" \/>\n<meta property=\"article:modified_time\" content=\"2020-05-21T22:02:32+00:00\" \/>\n<meta property=\"og:image\" content=\"https:\/\/www.parrinst.com\/es\/files\/2018\/01\/parr_banner_sample-prep_secondary-1.jpg\" \/>\n\t<meta property=\"og:image:width\" content=\"2200\" \/>\n\t<meta property=\"og:image:height\" content=\"399\" \/>\n\t<meta property=\"og:image:type\" content=\"image\/jpeg\" \/>\n<meta name=\"twitter:card\" content=\"summary_large_image\" \/>\n<meta name=\"twitter:label1\" content=\"Est. reading time\" \/>\n\t<meta name=\"twitter:data1\" content=\"1 minute\" \/>\n<script type=\"application\/ld+json\" class=\"yoast-schema-graph\">{\"@context\":\"https:\\\/\\\/schema.org\",\"@graph\":[{\"@type\":\"WebPage\",\"@id\":\"https:\\\/\\\/www.parrinst.com\\\/es\\\/products\\\/sample-preparation\\\/oxygen-combustion-bombs\\\/large-capacity-oxygen-combustion-bomb-models-1121-1122\\\/\",\"url\":\"https:\\\/\\\/www.parrinst.com\\\/es\\\/products\\\/sample-preparation\\\/oxygen-combustion-bombs\\\/large-capacity-oxygen-combustion-bomb-models-1121-1122\\\/\",\"name\":\"Recipientes de Ox\u00edgeno de Gran Capacidad Modelos 1121 y 1122 - Parr Instrument (Espa\u00f1ol)\",\"isPartOf\":{\"@id\":\"https:\\\/\\\/www.parrinst.com\\\/es\\\/#website\"},\"primaryImageOfPage\":{\"@id\":\"https:\\\/\\\/www.parrinst.com\\\/es\\\/products\\\/sample-preparation\\\/oxygen-combustion-bombs\\\/large-capacity-oxygen-combustion-bomb-models-1121-1122\\\/#primaryimage\"},\"image\":{\"@id\":\"https:\\\/\\\/www.parrinst.com\\\/es\\\/products\\\/sample-preparation\\\/oxygen-combustion-bombs\\\/large-capacity-oxygen-combustion-bomb-models-1121-1122\\\/#primaryimage\"},\"thumbnailUrl\":\"https:\\\/\\\/i0.wp.com\\\/www.parrinst.com\\\/es\\\/wp-content\\\/uploads\\\/sites\\\/7\\\/2018\\\/01\\\/parr_banner_sample-prep_secondary-1.jpg?fit=2200%2C399&ssl=1\",\"datePublished\":\"2011-05-04T23:28:09+00:00\",\"dateModified\":\"2020-05-21T22:02:32+00:00\",\"breadcrumb\":{\"@id\":\"https:\\\/\\\/www.parrinst.com\\\/es\\\/products\\\/sample-preparation\\\/oxygen-combustion-bombs\\\/large-capacity-oxygen-combustion-bomb-models-1121-1122\\\/#breadcrumb\"},\"inLanguage\":\"en-US\",\"potentialAction\":[{\"@type\":\"ReadAction\",\"target\":[\"https:\\\/\\\/www.parrinst.com\\\/es\\\/products\\\/sample-preparation\\\/oxygen-combustion-bombs\\\/large-capacity-oxygen-combustion-bomb-models-1121-1122\\\/\"]}]},{\"@type\":\"ImageObject\",\"inLanguage\":\"en-US\",\"@id\":\"https:\\\/\\\/www.parrinst.com\\\/es\\\/products\\\/sample-preparation\\\/oxygen-combustion-bombs\\\/large-capacity-oxygen-combustion-bomb-models-1121-1122\\\/#primaryimage\",\"url\":\"https:\\\/\\\/i0.wp.com\\\/www.parrinst.com\\\/es\\\/wp-content\\\/uploads\\\/sites\\\/7\\\/2018\\\/01\\\/parr_banner_sample-prep_secondary-1.jpg?fit=2200%2C399&ssl=1\",\"contentUrl\":\"https:\\\/\\\/i0.wp.com\\\/www.parrinst.com\\\/es\\\/wp-content\\\/uploads\\\/sites\\\/7\\\/2018\\\/01\\\/parr_banner_sample-prep_secondary-1.jpg?fit=2200%2C399&ssl=1\",\"width\":2200,\"height\":399},{\"@type\":\"BreadcrumbList\",\"@id\":\"https:\\\/\\\/www.parrinst.com\\\/es\\\/products\\\/sample-preparation\\\/oxygen-combustion-bombs\\\/large-capacity-oxygen-combustion-bomb-models-1121-1122\\\/#breadcrumb\",\"itemListElement\":[{\"@type\":\"ListItem\",\"position\":1,\"name\":\"Home\",\"item\":\"https:\\\/\\\/www.parrinst.com\\\/es\\\/\"},{\"@type\":\"ListItem\",\"position\":2,\"name\":\"Products\",\"item\":\"https:\\\/\\\/www.parrinst.com\\\/es\\\/products\\\/\"},{\"@type\":\"ListItem\",\"position\":3,\"name\":\"Preparaci\u00f3n de Muestras\",\"item\":\"https:\\\/\\\/www.parrinst.com\\\/es\\\/products\\\/sample-preparation\\\/\"},{\"@type\":\"ListItem\",\"position\":4,\"name\":\"Recipientes de Combusti\u00f3n de Ox\u00edgeno\",\"item\":\"https:\\\/\\\/www.parrinst.com\\\/es\\\/products\\\/sample-preparation\\\/oxygen-combustion-bombs\\\/\"},{\"@type\":\"ListItem\",\"position\":5,\"name\":\"Recipientes de Ox\u00edgeno de Gran Capacidad Modelos 1121 y 1122\"}]},{\"@type\":\"WebSite\",\"@id\":\"https:\\\/\\\/www.parrinst.com\\\/es\\\/#website\",\"url\":\"https:\\\/\\\/www.parrinst.com\\\/es\\\/\",\"name\":\"Parr Instrument (Espa\u00f1ol)\",\"description\":\"\",\"potentialAction\":[{\"@type\":\"SearchAction\",\"target\":{\"@type\":\"EntryPoint\",\"urlTemplate\":\"https:\\\/\\\/www.parrinst.com\\\/es\\\/?s={search_term_string}\"},\"query-input\":{\"@type\":\"PropertyValueSpecification\",\"valueRequired\":true,\"valueName\":\"search_term_string\"}}],\"inLanguage\":\"en-US\"}]}<\/script>\n<!-- \/ Yoast SEO plugin. -->","yoast_head_json":{"title":"Recipientes de Ox\u00edgeno de Gran Capacidad Modelos 1121 y 1122 - Parr Instrument (Espa\u00f1ol)","robots":{"index":"index","follow":"follow","max-snippet":"max-snippet:-1","max-image-preview":"max-image-preview:large","max-video-preview":"max-video-preview:-1"},"canonical":"https:\/\/www.parrinst.com\/es\/products\/sample-preparation\/oxygen-combustion-bombs\/large-capacity-oxygen-combustion-bomb-models-1121-1122\/","og_locale":"en_US","og_type":"article","og_title":"Recipientes de Ox\u00edgeno de Gran Capacidad Modelos 1121 y 1122 - Parr Instrument (Espa\u00f1ol)","og_description":"Recipientes de Ox\u00edgeno de Gran Capacidad 1121 Esta es una\u00a0Recipientes de Ox\u00edgeno de 1850 ml desarrollada para usuarios que quieren analizar materiales celul\u00f3sicos de combusti\u00f3n lenta con muestras m\u00e1s grandes que las que\u00a0pueden ser tratadas en la\u00a0Recipientes\u00a0de Ox\u00edgeno 1108. Puede acomodar muestras hasta de 10 gramos usando presiones de carga de ox\u00edgeno hasta de 20 [&hellip;]","og_url":"https:\/\/www.parrinst.com\/es\/products\/sample-preparation\/oxygen-combustion-bombs\/large-capacity-oxygen-combustion-bomb-models-1121-1122\/","og_site_name":"Parr Instrument (Espa\u00f1ol)","article_modified_time":"2020-05-21T22:02:32+00:00","og_image":[{"width":2200,"height":399,"url":"https:\/\/www.parrinst.com\/es\/files\/2018\/01\/parr_banner_sample-prep_secondary-1.jpg","type":"image\/jpeg"}],"twitter_card":"summary_large_image","twitter_misc":{"Est. reading time":"1 minute"},"schema":{"@context":"https:\/\/schema.org","@graph":[{"@type":"WebPage","@id":"https:\/\/www.parrinst.com\/es\/products\/sample-preparation\/oxygen-combustion-bombs\/large-capacity-oxygen-combustion-bomb-models-1121-1122\/","url":"https:\/\/www.parrinst.com\/es\/products\/sample-preparation\/oxygen-combustion-bombs\/large-capacity-oxygen-combustion-bomb-models-1121-1122\/","name":"Recipientes de Ox\u00edgeno de Gran Capacidad Modelos 1121 y 1122 - Parr Instrument (Espa\u00f1ol)","isPartOf":{"@id":"https:\/\/www.parrinst.com\/es\/#website"},"primaryImageOfPage":{"@id":"https:\/\/www.parrinst.com\/es\/products\/sample-preparation\/oxygen-combustion-bombs\/large-capacity-oxygen-combustion-bomb-models-1121-1122\/#primaryimage"},"image":{"@id":"https:\/\/www.parrinst.com\/es\/products\/sample-preparation\/oxygen-combustion-bombs\/large-capacity-oxygen-combustion-bomb-models-1121-1122\/#primaryimage"},"thumbnailUrl":"https:\/\/i0.wp.com\/www.parrinst.com\/es\/wp-content\/uploads\/sites\/7\/2018\/01\/parr_banner_sample-prep_secondary-1.jpg?fit=2200%2C399&ssl=1","datePublished":"2011-05-04T23:28:09+00:00","dateModified":"2020-05-21T22:02:32+00:00","breadcrumb":{"@id":"https:\/\/www.parrinst.com\/es\/products\/sample-preparation\/oxygen-combustion-bombs\/large-capacity-oxygen-combustion-bomb-models-1121-1122\/#breadcrumb"},"inLanguage":"en-US","potentialAction":[{"@type":"ReadAction","target":["https:\/\/www.parrinst.com\/es\/products\/sample-preparation\/oxygen-combustion-bombs\/large-capacity-oxygen-combustion-bomb-models-1121-1122\/"]}]},{"@type":"ImageObject","inLanguage":"en-US","@id":"https:\/\/www.parrinst.com\/es\/products\/sample-preparation\/oxygen-combustion-bombs\/large-capacity-oxygen-combustion-bomb-models-1121-1122\/#primaryimage","url":"https:\/\/i0.wp.com\/www.parrinst.com\/es\/wp-content\/uploads\/sites\/7\/2018\/01\/parr_banner_sample-prep_secondary-1.jpg?fit=2200%2C399&ssl=1","contentUrl":"https:\/\/i0.wp.com\/www.parrinst.com\/es\/wp-content\/uploads\/sites\/7\/2018\/01\/parr_banner_sample-prep_secondary-1.jpg?fit=2200%2C399&ssl=1","width":2200,"height":399},{"@type":"BreadcrumbList","@id":"https:\/\/www.parrinst.com\/es\/products\/sample-preparation\/oxygen-combustion-bombs\/large-capacity-oxygen-combustion-bomb-models-1121-1122\/#breadcrumb","itemListElement":[{"@type":"ListItem","position":1,"name":"Home","item":"https:\/\/www.parrinst.com\/es\/"},{"@type":"ListItem","position":2,"name":"Products","item":"https:\/\/www.parrinst.com\/es\/products\/"},{"@type":"ListItem","position":3,"name":"Preparaci\u00f3n de Muestras","item":"https:\/\/www.parrinst.com\/es\/products\/sample-preparation\/"},{"@type":"ListItem","position":4,"name":"Recipientes de Combusti\u00f3n de Ox\u00edgeno","item":"https:\/\/www.parrinst.com\/es\/products\/sample-preparation\/oxygen-combustion-bombs\/"},{"@type":"ListItem","position":5,"name":"Recipientes de Ox\u00edgeno de Gran Capacidad Modelos 1121 y 1122"}]},{"@type":"WebSite","@id":"https:\/\/www.parrinst.com\/es\/#website","url":"https:\/\/www.parrinst.com\/es\/","name":"Parr Instrument (Espa\u00f1ol)","description":"","potentialAction":[{"@type":"SearchAction","target":{"@type":"EntryPoint","urlTemplate":"https:\/\/www.parrinst.com\/es\/?s={search_term_string}"},"query-input":{"@type":"PropertyValueSpecification","valueRequired":true,"valueName":"search_term_string"}}],"inLanguage":"en-US"}]}},"jetpack_sharing_enabled":true,"_links":{"self":[{"href":"https:\/\/www.parrinst.com\/es\/wp-json\/wp\/v2\/pages\/675","targetHints":{"allow":["GET"]}}],"collection":[{"href":"https:\/\/www.parrinst.com\/es\/wp-json\/wp\/v2\/pages"}],"about":[{"href":"https:\/\/www.parrinst.com\/es\/wp-json\/wp\/v2\/types\/page"}],"author":[{"embeddable":true,"href":"https:\/\/www.parrinst.com\/es\/wp-json\/wp\/v2\/users\/1"}],"replies":[{"embeddable":true,"href":"https:\/\/www.parrinst.com\/es\/wp-json\/wp\/v2\/comments?post=675"}],"version-history":[{"count":2,"href":"https:\/\/www.parrinst.com\/es\/wp-json\/wp\/v2\/pages\/675\/revisions"}],"predecessor-version":[{"id":39890,"href":"https:\/\/www.parrinst.com\/es\/wp-json\/wp\/v2\/pages\/675\/revisions\/39890"}],"up":[{"embeddable":true,"href":"https:\/\/www.parrinst.com\/es\/wp-json\/wp\/v2\/pages\/298"}],"wp:featuredmedia":[{"embeddable":true,"href":"https:\/\/www.parrinst.com\/es\/wp-json\/wp\/v2\/media\/37722"}],"wp:attachment":[{"href":"https:\/\/www.parrinst.com\/es\/wp-json\/wp\/v2\/media?parent=675"}],"curies":[{"name":"wp","href":"https:\/\/api.w.org\/{rel}","templated":true}]}}