{"id":677,"date":"2011-05-04T18:28:31","date_gmt":"2011-05-04T23:28:31","guid":{"rendered":"https:\/\/www.parrinst.com\/?page_id=677"},"modified":"2019-06-26T09:47:59","modified_gmt":"2019-06-26T14:47:59","slug":"oxygen-bomb-apparatus-1901","status":"publish","type":"page","link":"https:\/\/www.parrinst.com\/es\/products\/sample-preparation\/oxygen-combustion-bombs\/oxygen-bomb-apparatus-1901\/","title":{"rendered":"Aparato de Bomba de Ox\u00edgeno 1901"},"content":{"rendered":"<figure id=\"attachment_6315\" aria-describedby=\"caption-attachment-6315\" style=\"width: 300px\" class=\"wp-caption alignright\"><a href=\"https:\/\/i0.wp.com\/www.parrinst.com\/es\/wp-content\/uploads\/sites\/7\/2011\/08\/1901-Family.jpg?ssl=1\"><img data-recalc-dims=\"1\" loading=\"lazy\" decoding=\"async\" class=\"size-medium wp-image-6315\" src=\"https:\/\/i0.wp.com\/www.parrinst.com\/es\/wp-content\/uploads\/sites\/7\/2011\/08\/1901-Family.jpg?resize=300%2C280&#038;ssl=1\" alt=\"Aparato de Bomba de Ox\u00edgeno 1901\" width=\"300\" height=\"280\" srcset=\"https:\/\/i0.wp.com\/www.parrinst.com\/es\/wp-content\/uploads\/sites\/7\/2011\/08\/1901-Family.jpg?resize=300%2C280&amp;ssl=1 300w, https:\/\/i0.wp.com\/www.parrinst.com\/es\/wp-content\/uploads\/sites\/7\/2011\/08\/1901-Family.jpg?resize=161%2C150&amp;ssl=1 161w, https:\/\/i0.wp.com\/www.parrinst.com\/es\/wp-content\/uploads\/sites\/7\/2011\/08\/1901-Family.jpg?w=600&amp;ssl=1 600w\" sizes=\"auto, (max-width: 300px) 100vw, 300px\" \/><\/a><figcaption id=\"caption-attachment-6315\" class=\"wp-caption-text\">Aparato de Bomba de Ox\u00edgeno 1901<\/figcaption><\/figure>\n<h2>Procedimientos de Sistemas Completos para Vaso de Combusti\u00f3n<\/h2>\n<p>Esta es una forma conveniente de comprar una vaso de ox\u00edgeno con un juego completo de accesorios de operaci\u00f3n. Aunque ninguno de los componentes de este aparato puede ser adquirido por separado, al comprar un aparato completo el usuario puede estar seguro de que va a tener todo el equipo necesario para las operaci\u00f3nes de la vaso de combusti\u00f3n.<\/p>\n<table class=\"GeneralTable\">\n<tbody>\n<tr>\n<td colspan=\"3\"><strong>El Aparato de Vaso de Ox\u00edgeno 1901 con Vaso 1108<\/strong> manejar\u00e1 la mayor\u00eda de los procedimientos. Consiste en:<\/td>\n<\/tr>\n<tr>\n<td style=\"text-align: center;\" valign=\"top\"><strong>Cantidad<\/strong><\/td>\n<td valign=\"top\"><strong>N\u00b0 Parte<\/strong><\/td>\n<td valign=\"top\"><strong>Descripci\u00f3n<\/strong><\/td>\n<\/tr>\n<tr class=\"GeneralTable-LightBlue\">\n<td style=\"text-align: center;\" valign=\"top\">1<\/td>\n<td valign=\"top\">1108<\/td>\n<td valign=\"top\">Vaso de Combusti\u00f3n de Ox\u00edgeno<\/td>\n<\/tr>\n<tr>\n<td style=\"text-align: center;\" valign=\"top\">1<\/td>\n<td valign=\"top\">A387A<\/td>\n<td valign=\"top\">Ba\u00f1o de Agua<\/td>\n<\/tr>\n<tr class=\"GeneralTable-LightBlue\">\n<td style=\"text-align: center;\" valign=\"top\">1<\/td>\n<td valign=\"top\">1825<\/td>\n<td valign=\"top\">Conexi\u00f3n de Llenado de Ox\u00edgeno<\/td>\n<\/tr>\n<tr>\n<td style=\"text-align: center;\" valign=\"top\">1<\/td>\n<td valign=\"top\">2901<\/td>\n<td valign=\"top\">Unidad de Ignici\u00f3n<\/td>\n<\/tr>\n<tr class=\"GeneralTable-LightBlue\">\n<td style=\"text-align: center;\" valign=\"top\">2<\/td>\n<td valign=\"top\">A468E<\/td>\n<td valign=\"top\">Cable de Ignici\u00f3n<\/td>\n<\/tr>\n<tr>\n<td style=\"text-align: center;\" valign=\"top\">1<\/td>\n<td valign=\"top\">A38A<\/td>\n<td valign=\"top\">Soporte de Apoyo de Cabeza de Vaso<\/td>\n<\/tr>\n<tr class=\"GeneralTable-LightBlue\">\n<td style=\"text-align: center;\" valign=\"top\">1<\/td>\n<td valign=\"top\">421A<\/td>\n<td valign=\"top\">Elevador de Vaso<\/td>\n<\/tr>\n<tr>\n<td style=\"text-align: center;\" valign=\"top\">6<\/td>\n<td valign=\"top\">43AS<\/td>\n<td valign=\"top\">C\u00e1psula de Combusti\u00f3n<\/td>\n<\/tr>\n<tr class=\"GeneralTable-LightBlue\">\n<td style=\"text-align: center;\" valign=\"top\">3<\/td>\n<td valign=\"top\">45C10<\/td>\n<td valign=\"top\">Alambre Fusible en Tarjetas de 10-cm (5 m\/card)<\/td>\n<\/tr>\n<tr>\n<td style=\"text-align: center;\" valign=\"top\">1<\/td>\n<td valign=\"top\">3601<\/td>\n<td valign=\"top\">Paquete\u00a0de 100 C\u00e1psulas de Gelatina<\/td>\n<\/tr>\n<tr class=\"GeneralTable-LightBlue\">\n<td style=\"text-align: center;\" valign=\"top\">1<\/td>\n<td valign=\"top\">1909<\/td>\n<td valign=\"top\">Kit de piezas de repuesto<\/td>\n<\/tr>\n<tr>\n<td style=\"text-align: center;\" valign=\"top\">1<\/td>\n<td valign=\"top\">206M<\/td>\n<td valign=\"top\">Manual de Instrucciones<\/td>\n<\/tr>\n<\/tbody>\n<\/table>\n<p>Un aparato similar de vaso de ox\u00edgeno con los accesorios mencionados anteriormente pueden ser suministrados con una Vaso 1108CL, con una Vaso de Ox\u00edgeno 1108 con electrodos de platino y un revestimiento de cuarzo, o con una vaso de ox\u00edgeno 1121. Los kits de piezas de repuesto tambi\u00e9n est\u00e1n disponibles.<\/p>\n","protected":false},"excerpt":{"rendered":"<p>Procedimientos de Sistemas Completos para Vaso de Combusti\u00f3n Esta es una forma conveniente de comprar una vaso de ox\u00edgeno con un juego completo de accesorios de operaci\u00f3n. Aunque ninguno de los componentes de este aparato puede ser adquirido por separado, al comprar un aparato completo el usuario puede estar seguro de que va a tener [&hellip;]<\/p>\n","protected":false},"author":1,"featured_media":37722,"parent":298,"menu_order":0,"comment_status":"closed","ping_status":"closed","template":"product-narrow.php","meta":{"_acf_changed":false,"footnotes":"","_links_to":"","_links_to_target":""},"class_list":["post-677","page","type-page","status-publish","has-post-thumbnail","hentry"],"acf":[],"yoast_head":"<!-- This site is optimized with the Yoast SEO plugin v27.4 - https:\/\/yoast.com\/product\/yoast-seo-wordpress\/ -->\n<title>Aparato de Bomba de Ox\u00edgeno 1901 - Parr Instrument (Espa\u00f1ol)<\/title>\n<meta name=\"robots\" content=\"index, follow, max-snippet:-1, max-image-preview:large, max-video-preview:-1\" \/>\n<link rel=\"canonical\" href=\"https:\/\/www.parrinst.com\/es\/products\/sample-preparation\/oxygen-combustion-bombs\/oxygen-bomb-apparatus-1901\/\" \/>\n<meta property=\"og:locale\" content=\"en_US\" \/>\n<meta property=\"og:type\" content=\"article\" \/>\n<meta property=\"og:title\" content=\"Aparato de Bomba de Ox\u00edgeno 1901 - Parr Instrument (Espa\u00f1ol)\" \/>\n<meta property=\"og:description\" content=\"Procedimientos de Sistemas Completos para Vaso de Combusti\u00f3n Esta es una forma conveniente de comprar una vaso de ox\u00edgeno con un juego completo de accesorios de operaci\u00f3n. Aunque ninguno de los componentes de este aparato puede ser adquirido por separado, al comprar un aparato completo el usuario puede estar seguro de que va a tener [&hellip;]\" \/>\n<meta property=\"og:url\" content=\"https:\/\/www.parrinst.com\/es\/products\/sample-preparation\/oxygen-combustion-bombs\/oxygen-bomb-apparatus-1901\/\" \/>\n<meta property=\"og:site_name\" content=\"Parr Instrument (Espa\u00f1ol)\" \/>\n<meta property=\"article:modified_time\" content=\"2019-06-26T14:47:59+00:00\" \/>\n<meta property=\"og:image\" content=\"https:\/\/www.parrinst.com\/es\/files\/2018\/01\/parr_banner_sample-prep_secondary-1.jpg\" \/>\n\t<meta property=\"og:image:width\" content=\"2200\" \/>\n\t<meta property=\"og:image:height\" content=\"399\" \/>\n\t<meta property=\"og:image:type\" content=\"image\/jpeg\" \/>\n<meta name=\"twitter:card\" content=\"summary_large_image\" \/>\n<meta name=\"twitter:label1\" content=\"Est. reading time\" \/>\n\t<meta name=\"twitter:data1\" content=\"1 minute\" \/>\n<script type=\"application\/ld+json\" class=\"yoast-schema-graph\">{\"@context\":\"https:\\\/\\\/schema.org\",\"@graph\":[{\"@type\":\"WebPage\",\"@id\":\"https:\\\/\\\/www.parrinst.com\\\/es\\\/products\\\/sample-preparation\\\/oxygen-combustion-bombs\\\/oxygen-bomb-apparatus-1901\\\/\",\"url\":\"https:\\\/\\\/www.parrinst.com\\\/es\\\/products\\\/sample-preparation\\\/oxygen-combustion-bombs\\\/oxygen-bomb-apparatus-1901\\\/\",\"name\":\"Aparato de Bomba de Ox\u00edgeno 1901 - Parr Instrument (Espa\u00f1ol)\",\"isPartOf\":{\"@id\":\"https:\\\/\\\/www.parrinst.com\\\/es\\\/#website\"},\"primaryImageOfPage\":{\"@id\":\"https:\\\/\\\/www.parrinst.com\\\/es\\\/products\\\/sample-preparation\\\/oxygen-combustion-bombs\\\/oxygen-bomb-apparatus-1901\\\/#primaryimage\"},\"image\":{\"@id\":\"https:\\\/\\\/www.parrinst.com\\\/es\\\/products\\\/sample-preparation\\\/oxygen-combustion-bombs\\\/oxygen-bomb-apparatus-1901\\\/#primaryimage\"},\"thumbnailUrl\":\"https:\\\/\\\/i0.wp.com\\\/www.parrinst.com\\\/es\\\/wp-content\\\/uploads\\\/sites\\\/7\\\/2018\\\/01\\\/parr_banner_sample-prep_secondary-1.jpg?fit=2200%2C399&ssl=1\",\"datePublished\":\"2011-05-04T23:28:31+00:00\",\"dateModified\":\"2019-06-26T14:47:59+00:00\",\"breadcrumb\":{\"@id\":\"https:\\\/\\\/www.parrinst.com\\\/es\\\/products\\\/sample-preparation\\\/oxygen-combustion-bombs\\\/oxygen-bomb-apparatus-1901\\\/#breadcrumb\"},\"inLanguage\":\"en-US\",\"potentialAction\":[{\"@type\":\"ReadAction\",\"target\":[\"https:\\\/\\\/www.parrinst.com\\\/es\\\/products\\\/sample-preparation\\\/oxygen-combustion-bombs\\\/oxygen-bomb-apparatus-1901\\\/\"]}]},{\"@type\":\"ImageObject\",\"inLanguage\":\"en-US\",\"@id\":\"https:\\\/\\\/www.parrinst.com\\\/es\\\/products\\\/sample-preparation\\\/oxygen-combustion-bombs\\\/oxygen-bomb-apparatus-1901\\\/#primaryimage\",\"url\":\"https:\\\/\\\/i0.wp.com\\\/www.parrinst.com\\\/es\\\/wp-content\\\/uploads\\\/sites\\\/7\\\/2018\\\/01\\\/parr_banner_sample-prep_secondary-1.jpg?fit=2200%2C399&ssl=1\",\"contentUrl\":\"https:\\\/\\\/i0.wp.com\\\/www.parrinst.com\\\/es\\\/wp-content\\\/uploads\\\/sites\\\/7\\\/2018\\\/01\\\/parr_banner_sample-prep_secondary-1.jpg?fit=2200%2C399&ssl=1\",\"width\":2200,\"height\":399},{\"@type\":\"BreadcrumbList\",\"@id\":\"https:\\\/\\\/www.parrinst.com\\\/es\\\/products\\\/sample-preparation\\\/oxygen-combustion-bombs\\\/oxygen-bomb-apparatus-1901\\\/#breadcrumb\",\"itemListElement\":[{\"@type\":\"ListItem\",\"position\":1,\"name\":\"Home\",\"item\":\"https:\\\/\\\/www.parrinst.com\\\/es\\\/\"},{\"@type\":\"ListItem\",\"position\":2,\"name\":\"Products\",\"item\":\"https:\\\/\\\/www.parrinst.com\\\/es\\\/products\\\/\"},{\"@type\":\"ListItem\",\"position\":3,\"name\":\"Preparaci\u00f3n de Muestras\",\"item\":\"https:\\\/\\\/www.parrinst.com\\\/es\\\/products\\\/sample-preparation\\\/\"},{\"@type\":\"ListItem\",\"position\":4,\"name\":\"Recipientes de Combusti\u00f3n de Ox\u00edgeno\",\"item\":\"https:\\\/\\\/www.parrinst.com\\\/es\\\/products\\\/sample-preparation\\\/oxygen-combustion-bombs\\\/\"},{\"@type\":\"ListItem\",\"position\":5,\"name\":\"Aparato de Bomba de Ox\u00edgeno 1901\"}]},{\"@type\":\"WebSite\",\"@id\":\"https:\\\/\\\/www.parrinst.com\\\/es\\\/#website\",\"url\":\"https:\\\/\\\/www.parrinst.com\\\/es\\\/\",\"name\":\"Parr Instrument (Espa\u00f1ol)\",\"description\":\"\",\"potentialAction\":[{\"@type\":\"SearchAction\",\"target\":{\"@type\":\"EntryPoint\",\"urlTemplate\":\"https:\\\/\\\/www.parrinst.com\\\/es\\\/?s={search_term_string}\"},\"query-input\":{\"@type\":\"PropertyValueSpecification\",\"valueRequired\":true,\"valueName\":\"search_term_string\"}}],\"inLanguage\":\"en-US\"}]}<\/script>\n<!-- \/ Yoast SEO plugin. -->","yoast_head_json":{"title":"Aparato de Bomba de Ox\u00edgeno 1901 - Parr Instrument (Espa\u00f1ol)","robots":{"index":"index","follow":"follow","max-snippet":"max-snippet:-1","max-image-preview":"max-image-preview:large","max-video-preview":"max-video-preview:-1"},"canonical":"https:\/\/www.parrinst.com\/es\/products\/sample-preparation\/oxygen-combustion-bombs\/oxygen-bomb-apparatus-1901\/","og_locale":"en_US","og_type":"article","og_title":"Aparato de Bomba de Ox\u00edgeno 1901 - Parr Instrument (Espa\u00f1ol)","og_description":"Procedimientos de Sistemas Completos para Vaso de Combusti\u00f3n Esta es una forma conveniente de comprar una vaso de ox\u00edgeno con un juego completo de accesorios de operaci\u00f3n. Aunque ninguno de los componentes de este aparato puede ser adquirido por separado, al comprar un aparato completo el usuario puede estar seguro de que va a tener [&hellip;]","og_url":"https:\/\/www.parrinst.com\/es\/products\/sample-preparation\/oxygen-combustion-bombs\/oxygen-bomb-apparatus-1901\/","og_site_name":"Parr Instrument (Espa\u00f1ol)","article_modified_time":"2019-06-26T14:47:59+00:00","og_image":[{"width":2200,"height":399,"url":"https:\/\/www.parrinst.com\/es\/files\/2018\/01\/parr_banner_sample-prep_secondary-1.jpg","type":"image\/jpeg"}],"twitter_card":"summary_large_image","twitter_misc":{"Est. reading time":"1 minute"},"schema":{"@context":"https:\/\/schema.org","@graph":[{"@type":"WebPage","@id":"https:\/\/www.parrinst.com\/es\/products\/sample-preparation\/oxygen-combustion-bombs\/oxygen-bomb-apparatus-1901\/","url":"https:\/\/www.parrinst.com\/es\/products\/sample-preparation\/oxygen-combustion-bombs\/oxygen-bomb-apparatus-1901\/","name":"Aparato de Bomba de Ox\u00edgeno 1901 - Parr Instrument (Espa\u00f1ol)","isPartOf":{"@id":"https:\/\/www.parrinst.com\/es\/#website"},"primaryImageOfPage":{"@id":"https:\/\/www.parrinst.com\/es\/products\/sample-preparation\/oxygen-combustion-bombs\/oxygen-bomb-apparatus-1901\/#primaryimage"},"image":{"@id":"https:\/\/www.parrinst.com\/es\/products\/sample-preparation\/oxygen-combustion-bombs\/oxygen-bomb-apparatus-1901\/#primaryimage"},"thumbnailUrl":"https:\/\/i0.wp.com\/www.parrinst.com\/es\/wp-content\/uploads\/sites\/7\/2018\/01\/parr_banner_sample-prep_secondary-1.jpg?fit=2200%2C399&ssl=1","datePublished":"2011-05-04T23:28:31+00:00","dateModified":"2019-06-26T14:47:59+00:00","breadcrumb":{"@id":"https:\/\/www.parrinst.com\/es\/products\/sample-preparation\/oxygen-combustion-bombs\/oxygen-bomb-apparatus-1901\/#breadcrumb"},"inLanguage":"en-US","potentialAction":[{"@type":"ReadAction","target":["https:\/\/www.parrinst.com\/es\/products\/sample-preparation\/oxygen-combustion-bombs\/oxygen-bomb-apparatus-1901\/"]}]},{"@type":"ImageObject","inLanguage":"en-US","@id":"https:\/\/www.parrinst.com\/es\/products\/sample-preparation\/oxygen-combustion-bombs\/oxygen-bomb-apparatus-1901\/#primaryimage","url":"https:\/\/i0.wp.com\/www.parrinst.com\/es\/wp-content\/uploads\/sites\/7\/2018\/01\/parr_banner_sample-prep_secondary-1.jpg?fit=2200%2C399&ssl=1","contentUrl":"https:\/\/i0.wp.com\/www.parrinst.com\/es\/wp-content\/uploads\/sites\/7\/2018\/01\/parr_banner_sample-prep_secondary-1.jpg?fit=2200%2C399&ssl=1","width":2200,"height":399},{"@type":"BreadcrumbList","@id":"https:\/\/www.parrinst.com\/es\/products\/sample-preparation\/oxygen-combustion-bombs\/oxygen-bomb-apparatus-1901\/#breadcrumb","itemListElement":[{"@type":"ListItem","position":1,"name":"Home","item":"https:\/\/www.parrinst.com\/es\/"},{"@type":"ListItem","position":2,"name":"Products","item":"https:\/\/www.parrinst.com\/es\/products\/"},{"@type":"ListItem","position":3,"name":"Preparaci\u00f3n de Muestras","item":"https:\/\/www.parrinst.com\/es\/products\/sample-preparation\/"},{"@type":"ListItem","position":4,"name":"Recipientes de Combusti\u00f3n de Ox\u00edgeno","item":"https:\/\/www.parrinst.com\/es\/products\/sample-preparation\/oxygen-combustion-bombs\/"},{"@type":"ListItem","position":5,"name":"Aparato de Bomba de Ox\u00edgeno 1901"}]},{"@type":"WebSite","@id":"https:\/\/www.parrinst.com\/es\/#website","url":"https:\/\/www.parrinst.com\/es\/","name":"Parr Instrument (Espa\u00f1ol)","description":"","potentialAction":[{"@type":"SearchAction","target":{"@type":"EntryPoint","urlTemplate":"https:\/\/www.parrinst.com\/es\/?s={search_term_string}"},"query-input":{"@type":"PropertyValueSpecification","valueRequired":true,"valueName":"search_term_string"}}],"inLanguage":"en-US"}]}},"jetpack_sharing_enabled":true,"_links":{"self":[{"href":"https:\/\/www.parrinst.com\/es\/wp-json\/wp\/v2\/pages\/677","targetHints":{"allow":["GET"]}}],"collection":[{"href":"https:\/\/www.parrinst.com\/es\/wp-json\/wp\/v2\/pages"}],"about":[{"href":"https:\/\/www.parrinst.com\/es\/wp-json\/wp\/v2\/types\/page"}],"author":[{"embeddable":true,"href":"https:\/\/www.parrinst.com\/es\/wp-json\/wp\/v2\/users\/1"}],"replies":[{"embeddable":true,"href":"https:\/\/www.parrinst.com\/es\/wp-json\/wp\/v2\/comments?post=677"}],"version-history":[{"count":4,"href":"https:\/\/www.parrinst.com\/es\/wp-json\/wp\/v2\/pages\/677\/revisions"}],"predecessor-version":[{"id":39493,"href":"https:\/\/www.parrinst.com\/es\/wp-json\/wp\/v2\/pages\/677\/revisions\/39493"}],"up":[{"embeddable":true,"href":"https:\/\/www.parrinst.com\/es\/wp-json\/wp\/v2\/pages\/298"}],"wp:featuredmedia":[{"embeddable":true,"href":"https:\/\/www.parrinst.com\/es\/wp-json\/wp\/v2\/media\/37722"}],"wp:attachment":[{"href":"https:\/\/www.parrinst.com\/es\/wp-json\/wp\/v2\/media?parent=677"}],"curies":[{"name":"wp","href":"https:\/\/api.w.org\/{rel}","templated":true}]}}