{"id":681,"date":"2011-05-04T18:29:25","date_gmt":"2011-05-04T23:29:25","guid":{"rendered":"https:\/\/www.parrinst.com\/?page_id=681"},"modified":"2020-06-02T15:13:12","modified_gmt":"2020-06-02T20:13:12","slug":"options-accessories","status":"publish","type":"page","link":"https:\/\/www.parrinst.com\/es\/products\/sample-preparation\/oxygen-combustion-bombs\/options-accessories\/","title":{"rendered":"Accesorios"},"content":{"rendered":"<p>Haga clic en el t\u00edtulo para expandir.<\/p>\n<p>Parr ofrece una serie de opciones y accesorios para usarse con bombas de ox\u00edgeno.<br \/>\n<h5 class=\"collapseomatic \" id=\"id69e356d88e454\"  tabindex=\"0\" title=\"C\u00e1psula de Combusti\u00f3n\"    >C\u00e1psula de Combusti\u00f3n<\/h5><div id=\"target-id69e356d88e454\" class=\"collapseomatic_content \">\n<p><a href=\"https:\/\/i0.wp.com\/www.parrinst.com\/es\/wp-content\/uploads\/sites\/7\/2011\/05\/1901_43A_Fuel-Capsules.jpg?ssl=1\"><img data-recalc-dims=\"1\" loading=\"lazy\" decoding=\"async\" class=\"alignleft wp-image-13113 size-thumbnail\" src=\"https:\/\/i0.wp.com\/www.parrinst.com\/es\/wp-content\/uploads\/sites\/7\/2011\/05\/1901_43A_Fuel-Capsules.jpg?resize=124%2C150&#038;ssl=1\" alt=\"C\u00e1psula de Combusti\u00f3n 43A\" width=\"124\" height=\"150\" srcset=\"https:\/\/i0.wp.com\/www.parrinst.com\/es\/wp-content\/uploads\/sites\/7\/2011\/05\/1901_43A_Fuel-Capsules.jpg?resize=124%2C150&amp;ssl=1 124w, https:\/\/i0.wp.com\/www.parrinst.com\/es\/wp-content\/uploads\/sites\/7\/2011\/05\/1901_43A_Fuel-Capsules.jpg?resize=249%2C300&amp;ssl=1 249w, https:\/\/i0.wp.com\/www.parrinst.com\/es\/wp-content\/uploads\/sites\/7\/2011\/05\/1901_43A_Fuel-Capsules.jpg?w=600&amp;ssl=1 600w\" sizes=\"auto, (max-width: 124px) 100vw, 124px\" \/><\/a>Las muestras no vol\u00e1tiles que se van a analizar en las bombas de ox\u00edgeno Parr se pesan y queman en c\u00e1psulas de poco profundas, de aproximadamente 1&#8243; de di\u00e1metro y 7\/16&#8243; de profundidad. Las cuales est\u00e1n disponibles en acero inoxidable, s\u00edlice\/cuarzo fundido, y platino aleado con 3% de rodio.<\/p>\n<p>Las c\u00e1psulas de acero inoxidable (43AS) se usan para la mayor\u00eda de las aplicaciones. Cuando se queman muestras que contienen part\u00edculas met\u00e1licas como aluminio o magnesio, se requiere una C\u00e1psula no met\u00e1lica de s\u00edlice\/cuarzo fundido 43A3 o de cuarzo fundido. \u00a0Cuando se necesita resistencia superior a la corrosi\u00f3n se requiere la c\u00e1psula de platino rodio 43A5.<\/p>\n<table class=\"OrderingGuide\">\n<tbody>\n<tr>\n<td class=\"OrderingGuide-DarkGreen\" colspan=\"2\">Gu\u00eda de Pedidos de C\u00e1psulas de Combusti\u00f3n<\/td>\n<\/tr>\n<tr>\n<td><strong>N\u00b0 Parte<\/strong><\/td>\n<td><strong>Descripci\u00f3n<\/strong><\/td>\n<\/tr>\n<tr class=\"OrderingGuide-LightGreen\">\n<td>43AS<\/td>\n<td>C\u00e1psula de Combusti\u00f3n, Acero Inoxidable<\/td>\n<\/tr>\n<tr>\n<td>43A3<\/td>\n<td>C\u00e1psula de Combusti\u00f3n, S\u00edlice\/Cuarzo Fundido<\/td>\n<\/tr>\n<tr class=\"OrderingGuide-LightGreen\">\n<td>43A5<\/td>\n<td>C\u00e1psula de Combusti\u00f3n, Platino \u2013 3% Rodio<\/td>\n<\/tr>\n<tr>\n<td>43A6<\/td>\n<td>C\u00e1psula de Combusti\u00f3n, Platino \u2013 3% Rodio borde con bridas<\/td>\n<\/tr>\n<tr class=\"OrderingGuide-LightGreen\">\n<td>169AC<\/td>\n<td>C\u00e1psula de Combusti\u00f3n, Platino, para Bomba 1109A y 1109X Parr<\/td>\n<\/tr>\n<tr>\n<td>208AC<\/td>\n<td>C\u00e1psula de Combusti\u00f3n, lnconel, para Bomba 1109A y 1109X<\/td>\n<\/tr>\n<tr class=\"OrderingGuide-LightGreen\">\n<td>217A<\/td>\n<td>C\u00e1psula de Combusti\u00f3n Pesada para Bomba 1104<\/td>\n<\/tr>\n<tr>\n<td>446A<\/td>\n<td>Copa de Combusti\u00f3n, Acero Inoxidable, para Bomba 1121\/1122<\/td>\n<\/tr>\n<\/tbody>\n<\/table>\n<\/div>\n<h5 class=\"collapseomatic \" id=\"id69e356d88e4f0\"  tabindex=\"0\" title=\"Alambre Fusible\"    >Alambre Fusible<\/h5><div id=\"target-id69e356d88e4f0\" class=\"collapseomatic_content \">\n<p><strong><a href=\"https:\/\/i0.wp.com\/www.parrinst.com\/es\/wp-content\/uploads\/sites\/7\/2011\/05\/45C10_Fuse-wire.jpg?ssl=1\"><img data-recalc-dims=\"1\" loading=\"lazy\" decoding=\"async\" class=\"alignleft wp-image-13114\" src=\"https:\/\/i0.wp.com\/www.parrinst.com\/es\/wp-content\/uploads\/sites\/7\/2011\/05\/45C10_Fuse-wire.jpg?resize=150%2C92&#038;ssl=1\" alt=\"45C10 Fuse Wire\" width=\"150\" height=\"92\" srcset=\"https:\/\/i0.wp.com\/www.parrinst.com\/es\/wp-content\/uploads\/sites\/7\/2011\/05\/45C10_Fuse-wire.jpg?resize=244%2C150&amp;ssl=1 244w, https:\/\/i0.wp.com\/www.parrinst.com\/es\/wp-content\/uploads\/sites\/7\/2011\/05\/45C10_Fuse-wire.jpg?resize=300%2C185&amp;ssl=1 300w, https:\/\/i0.wp.com\/www.parrinst.com\/es\/wp-content\/uploads\/sites\/7\/2011\/05\/45C10_Fuse-wire.jpg?w=600&amp;ssl=1 600w\" sizes=\"auto, (max-width: 150px) 100vw, 150px\" \/><\/a>El Alambre Fusible 45C10 Parr<\/strong> es calibre 34 ByS, alambre de resistencia de n\u00edquel-cromo con herida, en una tarjeta de 10 cm para facilitar el corte de la longitud de un fusible. El alambre de platino se vende por longitud como se muestra.<\/p>\n<table class=\"OrderingGuide\">\n<tbody>\n<tr>\n<td class=\"OrderingGuide-DarkGreen\" colspan=\"2\">Gu\u00eda de Pedidos de Alambre Fusible<\/td>\n<\/tr>\n<tr>\n<td width=\"14%\"><strong>N\u00b0 Parte<\/strong><\/td>\n<td><strong>Descripci\u00f3n<\/strong><\/td>\n<\/tr>\n<tr class=\"OrderingGuide-LightGreen\">\n<td>45C2<\/td>\n<td>Alambre Fusible, Platino, 26 ga, precio por pie<\/td>\n<\/tr>\n<tr>\n<td>45C3<\/td>\n<td>Alambre Fusible, Platino 36 ga, 300 cm carrete<\/td>\n<\/tr>\n<tr class=\"OrderingGuide-LightGreen\">\n<td>45C10<\/td>\n<td>Alambre Fusible, aleaci\u00f3n-Ni, tarjeta 10-cm, 500 piezas\/tarjeta (3 tarjeta\/paquete)<\/td>\n<\/tr>\n<\/tbody>\n<\/table>\n<\/div>\n<h5 class=\"collapseomatic \" id=\"id69e356d88e526\"  tabindex=\"0\" title=\"Unidad de Ignici\u00f3n\"    >Unidad de Ignici\u00f3n<\/h5><div id=\"target-id69e356d88e526\" class=\"collapseomatic_content \">\n<p><strong><a href=\"https:\/\/i0.wp.com\/www.parrinst.com\/es\/wp-content\/uploads\/sites\/7\/2011\/08\/2901_2901EB.jpg?ssl=1\"><img data-recalc-dims=\"1\" loading=\"lazy\" decoding=\"async\" class=\" alignleft wp-image-6306 size-thumbnail\" src=\"https:\/\/i0.wp.com\/www.parrinst.com\/es\/wp-content\/uploads\/sites\/7\/2011\/08\/2901_2901EB.jpg?resize=107%2C150&#038;ssl=1\" alt=\"2901 Unidad de Ignici\u00f3n\" width=\"107\" height=\"150\" srcset=\"https:\/\/i0.wp.com\/www.parrinst.com\/es\/wp-content\/uploads\/sites\/7\/2011\/08\/2901_2901EB.jpg?resize=107%2C150&amp;ssl=1 107w, https:\/\/i0.wp.com\/www.parrinst.com\/es\/wp-content\/uploads\/sites\/7\/2011\/08\/2901_2901EB.jpg?resize=214%2C300&amp;ssl=1 214w, https:\/\/i0.wp.com\/www.parrinst.com\/es\/wp-content\/uploads\/sites\/7\/2011\/08\/2901_2901EB.jpg?w=600&amp;ssl=1 600w\" sizes=\"auto, (max-width: 107px) 100vw, 107px\" \/><\/a>La Unidad de Ignici\u00f3n 2901<\/strong> proporciona la corriente el\u00e9ctrica adecuada para encender una bomba de ox\u00edgeno Parr de una l\u00ednea 115 \u00f3 230 voltios. Cada uno tiene un bot\u00f3n interruptor, un piloto y postes de salida de uni\u00f3n para conexiones a fusibles de bombas de 7 \u00f3 10 cm. Los cables de conexi\u00f3n deben pedirse por separado.<\/p>\n<table class=\"OrderingGuide\">\n<tbody>\n<tr>\n<td class=\"OrderingGuide-DarkGreen\" colspan=\"2\">Gu\u00eda de Pedidos de la Unidad de Ignici\u00f3n<\/td>\n<\/tr>\n<tr>\n<td width=\"16%\"><strong>N\u00b0 Parte<\/strong><\/td>\n<td><strong>Descripci\u00f3n<\/strong><\/td>\n<\/tr>\n<tr class=\"OrderingGuide-LightGreen\">\n<td>2901EB<\/td>\n<td>Unidad de Ignici\u00f3n, 115v 50\/60 Hz.<\/td>\n<\/tr>\n<tr>\n<td>2901EE<\/td>\n<td>Unidad de Ignici\u00f3n, 230v 50\/60 Hz.<\/td>\n<\/tr>\n<tr class=\"OrderingGuide-LightGreen\">\n<td>A468E<\/td>\n<td>Cable de Ignici\u00f3n, 3-pies, un cable con terminal de horquilla en un extremo, y enchufe de banana en el otro. Uso con Bombas 1108 \u00f3 1121. Paquete de dos.<\/td>\n<\/tr>\n<\/tbody>\n<\/table>\n<\/div>\n<h5 class=\"collapseomatic \" id=\"id69e356d88e557\"  tabindex=\"0\" title=\"Conexiones de Llenado de Ox\u00edgeno\"    >Conexiones de Llenado de Ox\u00edgeno<\/h5><div id=\"target-id69e356d88e557\" class=\"collapseomatic_content \">\n<p><strong><a href=\"https:\/\/i0.wp.com\/www.parrinst.com\/es\/wp-content\/uploads\/sites\/7\/2011\/08\/1901_1825.jpg?ssl=1\"><img data-recalc-dims=\"1\" loading=\"lazy\" decoding=\"async\" class=\"alignleft wp-image-6305 size-thumbnail\" src=\"https:\/\/i0.wp.com\/www.parrinst.com\/es\/wp-content\/uploads\/sites\/7\/2011\/08\/1901_1825.jpg?resize=150%2C150&#038;ssl=1\" alt=\"Conexi\u00f3n de Llenado de Ox\u00edgeno 1825\" width=\"150\" height=\"150\" srcset=\"https:\/\/i0.wp.com\/www.parrinst.com\/es\/wp-content\/uploads\/sites\/7\/2011\/08\/1901_1825.jpg?resize=150%2C150&amp;ssl=1 150w, https:\/\/i0.wp.com\/www.parrinst.com\/es\/wp-content\/uploads\/sites\/7\/2011\/08\/1901_1825.jpg?resize=300%2C300&amp;ssl=1 300w, https:\/\/i0.wp.com\/www.parrinst.com\/es\/wp-content\/uploads\/sites\/7\/2011\/08\/1901_1825.jpg?w=600&amp;ssl=1 600w\" sizes=\"auto, (max-width: 150px) 100vw, 150px\" \/><\/a>Estas Conexiones de Llenado de Ox\u00edgeno<\/strong> proporcionan todas las v\u00e1lvulas, medidores y acoplamientos necesarios para la cargar bombas de ox\u00edgeno Parr desde un tanque de ox\u00edgeno comercial con control manual. Se fabrican en tres estilos que son id\u00e9nticos salvo por el acoplamiento de la bomba de Llenado de la manguera. Todas las unidades se ajustan a un tanque de ox\u00edgeno 1A con salida CGA 540 con una rosca derecha. Se proporcionan dos man\u00f3metros. El man\u00f3metro m\u00e1s grande graduado de 0 a 55 atm\u00f3sferas muestra la presi\u00f3n a la que la bomba ha sido cargada, mientras que el man\u00f3metro m\u00e1s peque\u00f1o muestra la presi\u00f3n disponible en el tanque de suministro. El flujo de gas a la bomba es controlado por una v\u00e1lvula de aguja en el bloque de man\u00f3metro. Hay una v\u00e1lvula de alivio autom\u00e1tico para evitar-sobre-cargar durante la operaci\u00f3n de Llenado.<\/p>\n<table class=\"OrderingGuide\" style=\"height: 144px;\">\n<tbody>\n<tr style=\"height: 24px;\">\n<td class=\"OrderingGuide-DarkGreen\" style=\"height: 24px; width: 808px;\" colspan=\"2\">Gu\u00eda de Pedidos para Conexiones de Llenado de Ox\u00edgeno<\/td>\n<\/tr>\n<tr style=\"height: 24px;\">\n<td style=\"height: 24px; width: 117px;\"><strong>N\u00b0 Parte<\/strong><\/td>\n<td style=\"height: 24px; width: 685px;\"><strong>Descripci\u00f3n<\/strong><\/td>\n<\/tr>\n<tr class=\"OrderingGuide-LightGreen\" style=\"height: 24px;\">\n<td style=\"height: 24px; width: 117px;\">1823<\/td>\n<td style=\"height: 24px; width: 685px;\">Conexi\u00f3n de Llenado de Ox\u00edgeno con acoplamiento de junta plana para usarse con Bombas 1104.<\/td>\n<\/tr>\n<tr style=\"height: 24px;\">\n<td style=\"height: 24px; width: 117px;\">1824<\/td>\n<td style=\"height: 24px; width: 685px;\">Conexi\u00f3n de Llenado de Ox\u00edgeno con acoplamiento snap para usarse con Bombas 1109A y 1109X.<\/td>\n<\/tr>\n<tr class=\"OrderingGuide-LightGreen\" style=\"height: 24px;\">\n<td style=\"height: 24px; width: 117px;\">1825<\/td>\n<td style=\"height: 24px; width: 685px;\">Conexi\u00f3n de Llenado de Ox\u00edgeno con acoplamiento de slip-on para usarse con Bombas 1108.<\/td>\n<\/tr>\n<tr style=\"height: 24px;\">\n<td style=\"height: 24px; width: 117px;\">1825A<\/td>\n<td style=\"height: 24px; width: 685px;\">Conexi\u00f3n de Llenado de Ox\u00edgeno con conexi\u00f3n roscada para usarse con Bombas 1121 y 1122.<\/td>\n<\/tr>\n<\/tbody>\n<\/table>\n<\/div>\n<h5 class=\"collapseomatic \" id=\"id69e356d88e583\"  tabindex=\"0\" title=\"Quartz Liner for the 1108 Bomba de Ox\u00edgeno\"    >Quartz Liner for the 1108 Bomba de Ox\u00edgeno<\/h5><div id=\"target-id69e356d88e583\" class=\"collapseomatic_content \">\n<h2>Para Determinaci\u00f3n de Elementos Trazas en Muestras Combustibles<\/h2>\n<p><a href=\"https:\/\/i0.wp.com\/www.parrinst.com\/es\/wp-content\/uploads\/sites\/7\/2011\/06\/513A_Quartz-LinerPI2_5020_web.jpg?ssl=1\"><img data-recalc-dims=\"1\" loading=\"lazy\" decoding=\"async\" class=\"alignleft wp-image-2890 size-thumbnail\" src=\"https:\/\/i0.wp.com\/www.parrinst.com\/es\/wp-content\/uploads\/sites\/7\/2011\/06\/513A_Quartz-LinerPI2_5020_web.jpg?resize=107%2C150&#038;ssl=1\" alt=\"Revestimiento de Cuarzo 513A\" width=\"107\" height=\"150\" srcset=\"https:\/\/i0.wp.com\/www.parrinst.com\/es\/wp-content\/uploads\/sites\/7\/2011\/06\/513A_Quartz-LinerPI2_5020_web.jpg?resize=214%2C300&amp;ssl=1 214w, https:\/\/i0.wp.com\/www.parrinst.com\/es\/wp-content\/uploads\/sites\/7\/2011\/06\/513A_Quartz-LinerPI2_5020_web.jpg?resize=107%2C150&amp;ssl=1 107w, https:\/\/i0.wp.com\/www.parrinst.com\/es\/wp-content\/uploads\/sites\/7\/2011\/06\/513A_Quartz-LinerPI2_5020_web.jpg?w=600&amp;ssl=1 600w\" sizes=\"auto, (max-width: 107px) 100vw, 107px\" \/><\/a>Los elementos trazas en muestras de carb\u00f3n, petr\u00f3leo y otros combustibles se determinan f\u00e1cilmente por espectroscopia AA o ICP siguiendo la combusti\u00f3n en una bomba de ox\u00edgeno. Sin embargo, las trazas de metales pesados lixiviados de las paredes de las bombas y de los electrodos durante la combusti\u00f3n pueden causar problemas. Esto puede evitarse mediante el uso de una bomba con revestimiento de platino, pero el revestimiento de platino es caro. Como alternativa, Parr ofrece un revestimiento de cuarzo para la bomba 1108 que no proporciona la protecci\u00f3n completa del platino, pero es, sin embargo, un sustituto eficaz. En este arreglo la muestra ardiente entra en contacto s\u00f3lo con el revestimiento de cuarzo y los electrodos de platino. Las reimpresiones de art\u00edculos que describen el uso exitoso de una bomba con revestimiento de cuarzo 1108 para el an\u00e1lisis de trazas por espectroscopia de AA est\u00e1n disponibles en Parr.<\/p>\n<p>El revestimiento de cuarzo 513A de la Bomba 1108 consiste en una copa de cuarzo, de 61 mm di\u00e1metro x 86 mm de profundidad, con tapa plana de Cuarzo A514A. Las perforaciones de la tapa se proporcionan para la inserci\u00f3n de electrodos de platino que soportan una copa de muestra de s\u00edlice fundido y un alambre fusible de platino corto. Todas las piezas necesarias para agregar este revestimiento se proporcionan en el Set de Conversi\u00f3n de Revestimiento de Cuarzo Modelo 1912.<\/p>\n<table class=\"GeneralTable\">\n<tbody>\n<tr>\n<td class=\"GeneralTable-DarkBlue\" colspan=\"3\">Set de Conversi\u00f3n de Revestimiento de Cuarzo 1912<\/td>\n<\/tr>\n<tr>\n<td style=\"text-align: center;\"><strong>Cantidad<\/strong><\/td>\n<td><strong>N\u00b0 Parte<\/strong><\/td>\n<td><strong>Descripci\u00f3n<\/strong><\/td>\n<\/tr>\n<tr class=\"GeneralTable-LightBlue\">\n<td style=\"text-align: center;\">1<\/td>\n<td>513A<\/td>\n<td>Revestimiento de Cuarzo<\/td>\n<\/tr>\n<tr>\n<td style=\"text-align: center;\">1<\/td>\n<td>514A<\/td>\n<td>Tapa de Cuarzo<\/td>\n<\/tr>\n<tr class=\"GeneralTable-LightBlue\">\n<td style=\"text-align: center;\">1<\/td>\n<td>4AFB<\/td>\n<td>Electrodo de Platino Recta<\/td>\n<\/tr>\n<tr>\n<td style=\"text-align: center;\">1<\/td>\n<td>5AFB<\/td>\n<td>Electrodo de asa de Platino<\/td>\n<\/tr>\n<tr class=\"GeneralTable-LightBlue\">\n<td style=\"text-align: center;\">2<\/td>\n<td>68AC<\/td>\n<td>Contratuerca, T303SS<\/td>\n<\/tr>\n<tr>\n<td style=\"text-align: center;\">1<\/td>\n<td>45C3<\/td>\n<td>Alambre Fusible de Platino, 300 cm<\/td>\n<\/tr>\n<tr class=\"GeneralTable-LightBlue\">\n<td style=\"text-align: center;\">4<\/td>\n<td>43A3<\/td>\n<td>C\u00e1psula de Combusti\u00f3n de S\u00edlice\/Cuarzo Fundido<\/td>\n<\/tr>\n<\/tbody>\n<\/table>\n<p>Los usuarios que no tienen una Bomba 1108 deben ordenar un Aparatos de Bomba de Ox\u00edgeno 1911 con una bomba completa con un revestimiento de cuarzo y todos los accesorios.<\/p>\n<table class=\"OrderingGuide\">\n<tbody>\n<tr>\n<td class=\"OrderingGuide-DarkGreen\" colspan=\"2\">1912 Gu\u00eda de Pedidos de Revestimiento de Cuarzo<\/td>\n<\/tr>\n<tr>\n<td><strong>N\u00b0 Parte<\/strong><\/td>\n<td><strong>Descripci\u00f3n<\/strong><\/td>\n<\/tr>\n<tr class=\"OrderingGuide-LightGreen\">\n<td>1912<\/td>\n<td>Set de Conversi\u00f3n para adicionar Electrodo de Platinoun y una Recubrimiento de Cuarzo a una Bomba de Ox\u00edgeno 1108<\/td>\n<\/tr>\n<\/tbody>\n<\/table>\n<\/div>\n","protected":false},"excerpt":{"rendered":"<p>Haga clic en el t\u00edtulo para expandir. Parr ofrece una serie de opciones y accesorios para usarse con bombas de ox\u00edgeno.<\/p>\n","protected":false},"author":1,"featured_media":37722,"parent":298,"menu_order":4,"comment_status":"closed","ping_status":"closed","template":"general-tabs.php","meta":{"_acf_changed":false,"footnotes":"","_links_to":"","_links_to_target":""},"class_list":["post-681","page","type-page","status-publish","has-post-thumbnail","hentry"],"acf":[],"yoast_head":"<!-- This site is optimized with the Yoast SEO plugin v27.4 - https:\/\/yoast.com\/product\/yoast-seo-wordpress\/ -->\n<title>Accesorios - Parr Instrument (Espa\u00f1ol)<\/title>\n<meta name=\"robots\" content=\"index, follow, max-snippet:-1, max-image-preview:large, max-video-preview:-1\" \/>\n<link rel=\"canonical\" href=\"https:\/\/www.parrinst.com\/es\/products\/sample-preparation\/oxygen-combustion-bombs\/options-accessories\/\" \/>\n<meta property=\"og:locale\" content=\"en_US\" \/>\n<meta property=\"og:type\" content=\"article\" \/>\n<meta property=\"og:title\" content=\"Accesorios - Parr Instrument (Espa\u00f1ol)\" \/>\n<meta property=\"og:description\" content=\"Haga clic en el t\u00edtulo para expandir. Parr ofrece una serie de opciones y accesorios para usarse con bombas de ox\u00edgeno.\" \/>\n<meta property=\"og:url\" content=\"https:\/\/www.parrinst.com\/es\/products\/sample-preparation\/oxygen-combustion-bombs\/options-accessories\/\" \/>\n<meta property=\"og:site_name\" content=\"Parr Instrument (Espa\u00f1ol)\" \/>\n<meta property=\"article:modified_time\" content=\"2020-06-02T20:13:12+00:00\" \/>\n<meta property=\"og:image\" content=\"https:\/\/www.parrinst.com\/es\/files\/2018\/01\/parr_banner_sample-prep_secondary-1.jpg\" \/>\n\t<meta property=\"og:image:width\" content=\"2200\" \/>\n\t<meta property=\"og:image:height\" content=\"399\" \/>\n\t<meta property=\"og:image:type\" content=\"image\/jpeg\" \/>\n<meta name=\"twitter:card\" content=\"summary_large_image\" \/>\n<meta name=\"twitter:label1\" content=\"Est. reading time\" \/>\n\t<meta name=\"twitter:data1\" content=\"5 minutes\" \/>\n<script type=\"application\/ld+json\" class=\"yoast-schema-graph\">{\"@context\":\"https:\\\/\\\/schema.org\",\"@graph\":[{\"@type\":\"WebPage\",\"@id\":\"https:\\\/\\\/www.parrinst.com\\\/es\\\/products\\\/sample-preparation\\\/oxygen-combustion-bombs\\\/options-accessories\\\/\",\"url\":\"https:\\\/\\\/www.parrinst.com\\\/es\\\/products\\\/sample-preparation\\\/oxygen-combustion-bombs\\\/options-accessories\\\/\",\"name\":\"Accesorios - Parr Instrument (Espa\u00f1ol)\",\"isPartOf\":{\"@id\":\"https:\\\/\\\/www.parrinst.com\\\/es\\\/#website\"},\"primaryImageOfPage\":{\"@id\":\"https:\\\/\\\/www.parrinst.com\\\/es\\\/products\\\/sample-preparation\\\/oxygen-combustion-bombs\\\/options-accessories\\\/#primaryimage\"},\"image\":{\"@id\":\"https:\\\/\\\/www.parrinst.com\\\/es\\\/products\\\/sample-preparation\\\/oxygen-combustion-bombs\\\/options-accessories\\\/#primaryimage\"},\"thumbnailUrl\":\"https:\\\/\\\/i0.wp.com\\\/www.parrinst.com\\\/es\\\/wp-content\\\/uploads\\\/sites\\\/7\\\/2018\\\/01\\\/parr_banner_sample-prep_secondary-1.jpg?fit=2200%2C399&ssl=1\",\"datePublished\":\"2011-05-04T23:29:25+00:00\",\"dateModified\":\"2020-06-02T20:13:12+00:00\",\"breadcrumb\":{\"@id\":\"https:\\\/\\\/www.parrinst.com\\\/es\\\/products\\\/sample-preparation\\\/oxygen-combustion-bombs\\\/options-accessories\\\/#breadcrumb\"},\"inLanguage\":\"en-US\",\"potentialAction\":[{\"@type\":\"ReadAction\",\"target\":[\"https:\\\/\\\/www.parrinst.com\\\/es\\\/products\\\/sample-preparation\\\/oxygen-combustion-bombs\\\/options-accessories\\\/\"]}]},{\"@type\":\"ImageObject\",\"inLanguage\":\"en-US\",\"@id\":\"https:\\\/\\\/www.parrinst.com\\\/es\\\/products\\\/sample-preparation\\\/oxygen-combustion-bombs\\\/options-accessories\\\/#primaryimage\",\"url\":\"https:\\\/\\\/i0.wp.com\\\/www.parrinst.com\\\/es\\\/wp-content\\\/uploads\\\/sites\\\/7\\\/2018\\\/01\\\/parr_banner_sample-prep_secondary-1.jpg?fit=2200%2C399&ssl=1\",\"contentUrl\":\"https:\\\/\\\/i0.wp.com\\\/www.parrinst.com\\\/es\\\/wp-content\\\/uploads\\\/sites\\\/7\\\/2018\\\/01\\\/parr_banner_sample-prep_secondary-1.jpg?fit=2200%2C399&ssl=1\",\"width\":2200,\"height\":399},{\"@type\":\"BreadcrumbList\",\"@id\":\"https:\\\/\\\/www.parrinst.com\\\/es\\\/products\\\/sample-preparation\\\/oxygen-combustion-bombs\\\/options-accessories\\\/#breadcrumb\",\"itemListElement\":[{\"@type\":\"ListItem\",\"position\":1,\"name\":\"Home\",\"item\":\"https:\\\/\\\/www.parrinst.com\\\/es\\\/\"},{\"@type\":\"ListItem\",\"position\":2,\"name\":\"Products\",\"item\":\"https:\\\/\\\/www.parrinst.com\\\/es\\\/products\\\/\"},{\"@type\":\"ListItem\",\"position\":3,\"name\":\"Preparaci\u00f3n de Muestras\",\"item\":\"https:\\\/\\\/www.parrinst.com\\\/es\\\/products\\\/sample-preparation\\\/\"},{\"@type\":\"ListItem\",\"position\":4,\"name\":\"Recipientes de Combusti\u00f3n de Ox\u00edgeno\",\"item\":\"https:\\\/\\\/www.parrinst.com\\\/es\\\/products\\\/sample-preparation\\\/oxygen-combustion-bombs\\\/\"},{\"@type\":\"ListItem\",\"position\":5,\"name\":\"Accesorios\"}]},{\"@type\":\"WebSite\",\"@id\":\"https:\\\/\\\/www.parrinst.com\\\/es\\\/#website\",\"url\":\"https:\\\/\\\/www.parrinst.com\\\/es\\\/\",\"name\":\"Parr Instrument (Espa\u00f1ol)\",\"description\":\"\",\"potentialAction\":[{\"@type\":\"SearchAction\",\"target\":{\"@type\":\"EntryPoint\",\"urlTemplate\":\"https:\\\/\\\/www.parrinst.com\\\/es\\\/?s={search_term_string}\"},\"query-input\":{\"@type\":\"PropertyValueSpecification\",\"valueRequired\":true,\"valueName\":\"search_term_string\"}}],\"inLanguage\":\"en-US\"}]}<\/script>\n<!-- \/ Yoast SEO plugin. -->","yoast_head_json":{"title":"Accesorios - Parr Instrument (Espa\u00f1ol)","robots":{"index":"index","follow":"follow","max-snippet":"max-snippet:-1","max-image-preview":"max-image-preview:large","max-video-preview":"max-video-preview:-1"},"canonical":"https:\/\/www.parrinst.com\/es\/products\/sample-preparation\/oxygen-combustion-bombs\/options-accessories\/","og_locale":"en_US","og_type":"article","og_title":"Accesorios - Parr Instrument (Espa\u00f1ol)","og_description":"Haga clic en el t\u00edtulo para expandir. Parr ofrece una serie de opciones y accesorios para usarse con bombas de ox\u00edgeno.","og_url":"https:\/\/www.parrinst.com\/es\/products\/sample-preparation\/oxygen-combustion-bombs\/options-accessories\/","og_site_name":"Parr Instrument (Espa\u00f1ol)","article_modified_time":"2020-06-02T20:13:12+00:00","og_image":[{"width":2200,"height":399,"url":"https:\/\/www.parrinst.com\/es\/files\/2018\/01\/parr_banner_sample-prep_secondary-1.jpg","type":"image\/jpeg"}],"twitter_card":"summary_large_image","twitter_misc":{"Est. reading time":"5 minutes"},"schema":{"@context":"https:\/\/schema.org","@graph":[{"@type":"WebPage","@id":"https:\/\/www.parrinst.com\/es\/products\/sample-preparation\/oxygen-combustion-bombs\/options-accessories\/","url":"https:\/\/www.parrinst.com\/es\/products\/sample-preparation\/oxygen-combustion-bombs\/options-accessories\/","name":"Accesorios - Parr Instrument (Espa\u00f1ol)","isPartOf":{"@id":"https:\/\/www.parrinst.com\/es\/#website"},"primaryImageOfPage":{"@id":"https:\/\/www.parrinst.com\/es\/products\/sample-preparation\/oxygen-combustion-bombs\/options-accessories\/#primaryimage"},"image":{"@id":"https:\/\/www.parrinst.com\/es\/products\/sample-preparation\/oxygen-combustion-bombs\/options-accessories\/#primaryimage"},"thumbnailUrl":"https:\/\/i0.wp.com\/www.parrinst.com\/es\/wp-content\/uploads\/sites\/7\/2018\/01\/parr_banner_sample-prep_secondary-1.jpg?fit=2200%2C399&ssl=1","datePublished":"2011-05-04T23:29:25+00:00","dateModified":"2020-06-02T20:13:12+00:00","breadcrumb":{"@id":"https:\/\/www.parrinst.com\/es\/products\/sample-preparation\/oxygen-combustion-bombs\/options-accessories\/#breadcrumb"},"inLanguage":"en-US","potentialAction":[{"@type":"ReadAction","target":["https:\/\/www.parrinst.com\/es\/products\/sample-preparation\/oxygen-combustion-bombs\/options-accessories\/"]}]},{"@type":"ImageObject","inLanguage":"en-US","@id":"https:\/\/www.parrinst.com\/es\/products\/sample-preparation\/oxygen-combustion-bombs\/options-accessories\/#primaryimage","url":"https:\/\/i0.wp.com\/www.parrinst.com\/es\/wp-content\/uploads\/sites\/7\/2018\/01\/parr_banner_sample-prep_secondary-1.jpg?fit=2200%2C399&ssl=1","contentUrl":"https:\/\/i0.wp.com\/www.parrinst.com\/es\/wp-content\/uploads\/sites\/7\/2018\/01\/parr_banner_sample-prep_secondary-1.jpg?fit=2200%2C399&ssl=1","width":2200,"height":399},{"@type":"BreadcrumbList","@id":"https:\/\/www.parrinst.com\/es\/products\/sample-preparation\/oxygen-combustion-bombs\/options-accessories\/#breadcrumb","itemListElement":[{"@type":"ListItem","position":1,"name":"Home","item":"https:\/\/www.parrinst.com\/es\/"},{"@type":"ListItem","position":2,"name":"Products","item":"https:\/\/www.parrinst.com\/es\/products\/"},{"@type":"ListItem","position":3,"name":"Preparaci\u00f3n de Muestras","item":"https:\/\/www.parrinst.com\/es\/products\/sample-preparation\/"},{"@type":"ListItem","position":4,"name":"Recipientes de Combusti\u00f3n de Ox\u00edgeno","item":"https:\/\/www.parrinst.com\/es\/products\/sample-preparation\/oxygen-combustion-bombs\/"},{"@type":"ListItem","position":5,"name":"Accesorios"}]},{"@type":"WebSite","@id":"https:\/\/www.parrinst.com\/es\/#website","url":"https:\/\/www.parrinst.com\/es\/","name":"Parr Instrument (Espa\u00f1ol)","description":"","potentialAction":[{"@type":"SearchAction","target":{"@type":"EntryPoint","urlTemplate":"https:\/\/www.parrinst.com\/es\/?s={search_term_string}"},"query-input":{"@type":"PropertyValueSpecification","valueRequired":true,"valueName":"search_term_string"}}],"inLanguage":"en-US"}]}},"jetpack_sharing_enabled":true,"_links":{"self":[{"href":"https:\/\/www.parrinst.com\/es\/wp-json\/wp\/v2\/pages\/681","targetHints":{"allow":["GET"]}}],"collection":[{"href":"https:\/\/www.parrinst.com\/es\/wp-json\/wp\/v2\/pages"}],"about":[{"href":"https:\/\/www.parrinst.com\/es\/wp-json\/wp\/v2\/types\/page"}],"author":[{"embeddable":true,"href":"https:\/\/www.parrinst.com\/es\/wp-json\/wp\/v2\/users\/1"}],"replies":[{"embeddable":true,"href":"https:\/\/www.parrinst.com\/es\/wp-json\/wp\/v2\/comments?post=681"}],"version-history":[{"count":10,"href":"https:\/\/www.parrinst.com\/es\/wp-json\/wp\/v2\/pages\/681\/revisions"}],"predecessor-version":[{"id":39893,"href":"https:\/\/www.parrinst.com\/es\/wp-json\/wp\/v2\/pages\/681\/revisions\/39893"}],"up":[{"embeddable":true,"href":"https:\/\/www.parrinst.com\/es\/wp-json\/wp\/v2\/pages\/298"}],"wp:featuredmedia":[{"embeddable":true,"href":"https:\/\/www.parrinst.com\/es\/wp-json\/wp\/v2\/media\/37722"}],"wp:attachment":[{"href":"https:\/\/www.parrinst.com\/es\/wp-json\/wp\/v2\/media?parent=681"}],"curies":[{"name":"wp","href":"https:\/\/api.w.org\/{rel}","templated":true}]}}