{"id":683,"date":"2011-05-04T18:29:45","date_gmt":"2011-05-04T23:29:45","guid":{"rendered":"https:\/\/www.parrinst.com\/?page_id=683"},"modified":"2018-02-28T15:32:47","modified_gmt":"2018-02-28T21:32:47","slug":"selection-guide","status":"publish","type":"page","link":"https:\/\/www.parrinst.com\/es\/products\/sample-preparation\/oxygen-combustion-bombs\/selection-guide\/","title":{"rendered":"Gu\u00eda de Selecci\u00f3n"},"content":{"rendered":"<h2>Gu\u00eda de Selecci\u00f3n de Bomba de Combusti\u00f3n de Ox\u00edgeno<\/h2>\n<table class=\"GeneralTable\">\n<tbody>\n<tr>\n<td class=\"GeneralTable-DarkBlue\" colspan=\"6\">Bomba de Combusti\u00f3n de Ox\u00edgeno<\/td>\n<\/tr>\n<tr>\n<td><strong>N\u00b0 Modelo<\/strong><\/td>\n<td style=\"text-align: center;\"><a title=\"Model 1108 Oxygen Combustion Bomb\" href=\"https:\/\/www.parrinst.com\/es\/products\/sample-preparation\/oxygen-combustion-bombs\/oxygen-combustion-bomb-model-1108\/\"><strong>1108<\/strong><\/a><\/td>\n<td style=\"text-align: center;\"><a title=\"Model 1109A Semi-micro Oxygen Combustion Bomb\" href=\"https:\/\/www.parrinst.com\/es\/products\/sample-preparation\/oxygen-combustion-bombs\/semi-micro-oxygen-combustion-bomb-model-1109a\/\"><strong>1109A<\/strong><\/a><\/td>\n<td style=\"text-align: center;\"><a title=\"Model 1104 High Pressure Oxygen Combustion Bomb\" href=\"https:\/\/www.parrinst.com\/es\/products\/sample-preparation\/oxygen-combustion-bombs\/high-pressure-oxygen-combustion-bomb-model-1104\/\"><strong>1104<\/strong><\/a><\/td>\n<td style=\"text-align: center;\"><a title=\"Models 1121 &amp; 1122 Large-Capacity Oxygen Combustion Bomb\" href=\"https:\/\/www.parrinst.com\/es\/products\/sample-preparation\/oxygen-combustion-bombs\/large-capacity-oxygen-combustion-bomb-models-1121-1122\/\"><strong>1121<\/strong><\/a><\/td>\n<td style=\"text-align: center;\"><a title=\"Models 1121 &amp; 1122 Large-Capacity Oxygen Combustion Bomb\" href=\"https:\/\/www.parrinst.com\/es\/products\/sample-preparation\/oxygen-combustion-bombs\/large-capacity-oxygen-combustion-bomb-models-1121-1122\/\"><strong>1122<\/strong><\/a><\/td>\n<\/tr>\n<tr class=\"GeneralTable-LightBlue\">\n<td><strong>Tipo<\/strong><\/td>\n<td style=\"text-align: center;\">Uso General<\/td>\n<td style=\"text-align: center;\">Semi-micro<\/td>\n<td style=\"text-align: center;\">Alta Resistencia<\/td>\n<td style=\"text-align: center;\">Gran-Capacidad<\/td>\n<td style=\"text-align: center;\">Gran-Capacidad<\/td>\n<\/tr>\n<tr>\n<td><strong>Tama\u00f1o de Recipiente, ml<\/strong><\/td>\n<td style=\"text-align: center;\">350<\/td>\n<td style=\"text-align: center;\">22<\/td>\n<td style=\"text-align: center;\">240<\/td>\n<td style=\"text-align: center;\">1850<\/td>\n<td style=\"text-align: center;\">920<\/td>\n<\/tr>\n<tr class=\"GeneralTable-LightBlue\">\n<td><strong>Material<\/strong><\/td>\n<td style=\"text-align: center;\">Aleaci\u00f3n 20 \u00f3 Aleaci\u00f3n G30<\/td>\n<td style=\"text-align: center;\">T316 SS<\/td>\n<td style=\"text-align: center;\">Aleaci\u00f3n 20 \u00f3 Aleaci\u00f3n G30<\/td>\n<td style=\"text-align: center;\">T316 SS<\/td>\n<td style=\"text-align: center;\">T316 SS<\/td>\n<\/tr>\n<tr>\n<td><strong>M\u00e1ximo Calor\u00edas por Carga<\/strong><\/td>\n<td style=\"text-align: center;\">8000<\/td>\n<td style=\"text-align: center;\">52-1200<\/td>\n<td style=\"text-align: center;\">12,000<\/td>\n<td style=\"text-align: center;\">Dependiente de la Presi\u00f3n<\/td>\n<td style=\"text-align: center;\">Dependiente de la Presi\u00f3n<\/td>\n<\/tr>\n<tr class=\"GeneralTable-LightBlue\">\n<td><strong>Presi\u00f3n M\u00e1xima de Carga de Ox\u00edgeno<\/strong><\/td>\n<td style=\"text-align: center;\">40 atm<\/td>\n<td style=\"text-align: center;\">35 atm<\/td>\n<td style=\"text-align: center;\">45 atm<\/td>\n<td style=\"text-align: center;\">20 atm<\/td>\n<td style=\"text-align: center;\">20 atm<\/td>\n<\/tr>\n<\/tbody>\n<\/table>\n<p>&nbsp;<\/p>\n","protected":false},"excerpt":{"rendered":"<p>Gu\u00eda de Selecci\u00f3n de Bomba de Combusti\u00f3n de Ox\u00edgeno Bomba de Combusti\u00f3n de Ox\u00edgeno N\u00b0 Modelo 1108 1109A 1104 1121 1122 Tipo Uso General Semi-micro Alta Resistencia Gran-Capacidad Gran-Capacidad Tama\u00f1o de Recipiente, ml 350 22 240 1850 920 Material Aleaci\u00f3n 20 \u00f3 Aleaci\u00f3n G30 T316 SS Aleaci\u00f3n 20 \u00f3 Aleaci\u00f3n G30 T316 SS T316 SS [&hellip;]<\/p>\n","protected":false},"author":1,"featured_media":37722,"parent":298,"menu_order":3,"comment_status":"closed","ping_status":"closed","template":"general-tabs.php","meta":{"_acf_changed":false,"footnotes":"","_links_to":"","_links_to_target":""},"class_list":["post-683","page","type-page","status-publish","has-post-thumbnail","hentry"],"acf":[],"yoast_head":"<!-- This site is optimized with the Yoast SEO plugin v27.4 - https:\/\/yoast.com\/product\/yoast-seo-wordpress\/ -->\n<title>Gu\u00eda de Selecci\u00f3n - Parr Instrument (Espa\u00f1ol)<\/title>\n<meta name=\"robots\" content=\"index, follow, max-snippet:-1, max-image-preview:large, max-video-preview:-1\" \/>\n<link rel=\"canonical\" href=\"https:\/\/www.parrinst.com\/es\/products\/sample-preparation\/oxygen-combustion-bombs\/selection-guide\/\" \/>\n<meta property=\"og:locale\" content=\"en_US\" \/>\n<meta property=\"og:type\" content=\"article\" \/>\n<meta property=\"og:title\" content=\"Gu\u00eda de Selecci\u00f3n - Parr Instrument (Espa\u00f1ol)\" \/>\n<meta property=\"og:description\" content=\"Gu\u00eda de Selecci\u00f3n de Bomba de Combusti\u00f3n de Ox\u00edgeno Bomba de Combusti\u00f3n de Ox\u00edgeno N\u00b0 Modelo 1108 1109A 1104 1121 1122 Tipo Uso General Semi-micro Alta Resistencia Gran-Capacidad Gran-Capacidad Tama\u00f1o de Recipiente, ml 350 22 240 1850 920 Material Aleaci\u00f3n 20 \u00f3 Aleaci\u00f3n G30 T316 SS Aleaci\u00f3n 20 \u00f3 Aleaci\u00f3n G30 T316 SS T316 SS [&hellip;]\" \/>\n<meta property=\"og:url\" content=\"https:\/\/www.parrinst.com\/es\/products\/sample-preparation\/oxygen-combustion-bombs\/selection-guide\/\" \/>\n<meta property=\"og:site_name\" content=\"Parr Instrument (Espa\u00f1ol)\" \/>\n<meta property=\"article:modified_time\" content=\"2018-02-28T21:32:47+00:00\" \/>\n<meta property=\"og:image\" content=\"https:\/\/www.parrinst.com\/es\/files\/2018\/01\/parr_banner_sample-prep_secondary-1.jpg\" \/>\n\t<meta property=\"og:image:width\" content=\"2200\" \/>\n\t<meta property=\"og:image:height\" content=\"399\" \/>\n\t<meta property=\"og:image:type\" content=\"image\/jpeg\" \/>\n<meta name=\"twitter:card\" content=\"summary_large_image\" \/>\n<script type=\"application\/ld+json\" class=\"yoast-schema-graph\">{\"@context\":\"https:\\\/\\\/schema.org\",\"@graph\":[{\"@type\":\"WebPage\",\"@id\":\"https:\\\/\\\/www.parrinst.com\\\/es\\\/products\\\/sample-preparation\\\/oxygen-combustion-bombs\\\/selection-guide\\\/\",\"url\":\"https:\\\/\\\/www.parrinst.com\\\/es\\\/products\\\/sample-preparation\\\/oxygen-combustion-bombs\\\/selection-guide\\\/\",\"name\":\"Gu\u00eda de Selecci\u00f3n - Parr Instrument (Espa\u00f1ol)\",\"isPartOf\":{\"@id\":\"https:\\\/\\\/www.parrinst.com\\\/es\\\/#website\"},\"primaryImageOfPage\":{\"@id\":\"https:\\\/\\\/www.parrinst.com\\\/es\\\/products\\\/sample-preparation\\\/oxygen-combustion-bombs\\\/selection-guide\\\/#primaryimage\"},\"image\":{\"@id\":\"https:\\\/\\\/www.parrinst.com\\\/es\\\/products\\\/sample-preparation\\\/oxygen-combustion-bombs\\\/selection-guide\\\/#primaryimage\"},\"thumbnailUrl\":\"https:\\\/\\\/i0.wp.com\\\/www.parrinst.com\\\/es\\\/wp-content\\\/uploads\\\/sites\\\/7\\\/2018\\\/01\\\/parr_banner_sample-prep_secondary-1.jpg?fit=2200%2C399&ssl=1\",\"datePublished\":\"2011-05-04T23:29:45+00:00\",\"dateModified\":\"2018-02-28T21:32:47+00:00\",\"breadcrumb\":{\"@id\":\"https:\\\/\\\/www.parrinst.com\\\/es\\\/products\\\/sample-preparation\\\/oxygen-combustion-bombs\\\/selection-guide\\\/#breadcrumb\"},\"inLanguage\":\"en-US\",\"potentialAction\":[{\"@type\":\"ReadAction\",\"target\":[\"https:\\\/\\\/www.parrinst.com\\\/es\\\/products\\\/sample-preparation\\\/oxygen-combustion-bombs\\\/selection-guide\\\/\"]}]},{\"@type\":\"ImageObject\",\"inLanguage\":\"en-US\",\"@id\":\"https:\\\/\\\/www.parrinst.com\\\/es\\\/products\\\/sample-preparation\\\/oxygen-combustion-bombs\\\/selection-guide\\\/#primaryimage\",\"url\":\"https:\\\/\\\/i0.wp.com\\\/www.parrinst.com\\\/es\\\/wp-content\\\/uploads\\\/sites\\\/7\\\/2018\\\/01\\\/parr_banner_sample-prep_secondary-1.jpg?fit=2200%2C399&ssl=1\",\"contentUrl\":\"https:\\\/\\\/i0.wp.com\\\/www.parrinst.com\\\/es\\\/wp-content\\\/uploads\\\/sites\\\/7\\\/2018\\\/01\\\/parr_banner_sample-prep_secondary-1.jpg?fit=2200%2C399&ssl=1\",\"width\":2200,\"height\":399},{\"@type\":\"BreadcrumbList\",\"@id\":\"https:\\\/\\\/www.parrinst.com\\\/es\\\/products\\\/sample-preparation\\\/oxygen-combustion-bombs\\\/selection-guide\\\/#breadcrumb\",\"itemListElement\":[{\"@type\":\"ListItem\",\"position\":1,\"name\":\"Home\",\"item\":\"https:\\\/\\\/www.parrinst.com\\\/es\\\/\"},{\"@type\":\"ListItem\",\"position\":2,\"name\":\"Products\",\"item\":\"https:\\\/\\\/www.parrinst.com\\\/es\\\/products\\\/\"},{\"@type\":\"ListItem\",\"position\":3,\"name\":\"Preparaci\u00f3n de Muestras\",\"item\":\"https:\\\/\\\/www.parrinst.com\\\/es\\\/products\\\/sample-preparation\\\/\"},{\"@type\":\"ListItem\",\"position\":4,\"name\":\"Recipientes de Combusti\u00f3n de Ox\u00edgeno\",\"item\":\"https:\\\/\\\/www.parrinst.com\\\/es\\\/products\\\/sample-preparation\\\/oxygen-combustion-bombs\\\/\"},{\"@type\":\"ListItem\",\"position\":5,\"name\":\"Gu\u00eda de Selecci\u00f3n\"}]},{\"@type\":\"WebSite\",\"@id\":\"https:\\\/\\\/www.parrinst.com\\\/es\\\/#website\",\"url\":\"https:\\\/\\\/www.parrinst.com\\\/es\\\/\",\"name\":\"Parr Instrument (Espa\u00f1ol)\",\"description\":\"\",\"potentialAction\":[{\"@type\":\"SearchAction\",\"target\":{\"@type\":\"EntryPoint\",\"urlTemplate\":\"https:\\\/\\\/www.parrinst.com\\\/es\\\/?s={search_term_string}\"},\"query-input\":{\"@type\":\"PropertyValueSpecification\",\"valueRequired\":true,\"valueName\":\"search_term_string\"}}],\"inLanguage\":\"en-US\"}]}<\/script>\n<!-- \/ Yoast SEO plugin. -->","yoast_head_json":{"title":"Gu\u00eda de Selecci\u00f3n - Parr Instrument (Espa\u00f1ol)","robots":{"index":"index","follow":"follow","max-snippet":"max-snippet:-1","max-image-preview":"max-image-preview:large","max-video-preview":"max-video-preview:-1"},"canonical":"https:\/\/www.parrinst.com\/es\/products\/sample-preparation\/oxygen-combustion-bombs\/selection-guide\/","og_locale":"en_US","og_type":"article","og_title":"Gu\u00eda de Selecci\u00f3n - Parr Instrument (Espa\u00f1ol)","og_description":"Gu\u00eda de Selecci\u00f3n de Bomba de Combusti\u00f3n de Ox\u00edgeno Bomba de Combusti\u00f3n de Ox\u00edgeno N\u00b0 Modelo 1108 1109A 1104 1121 1122 Tipo Uso General Semi-micro Alta Resistencia Gran-Capacidad Gran-Capacidad Tama\u00f1o de Recipiente, ml 350 22 240 1850 920 Material Aleaci\u00f3n 20 \u00f3 Aleaci\u00f3n G30 T316 SS Aleaci\u00f3n 20 \u00f3 Aleaci\u00f3n G30 T316 SS T316 SS [&hellip;]","og_url":"https:\/\/www.parrinst.com\/es\/products\/sample-preparation\/oxygen-combustion-bombs\/selection-guide\/","og_site_name":"Parr Instrument (Espa\u00f1ol)","article_modified_time":"2018-02-28T21:32:47+00:00","og_image":[{"width":2200,"height":399,"url":"https:\/\/www.parrinst.com\/es\/files\/2018\/01\/parr_banner_sample-prep_secondary-1.jpg","type":"image\/jpeg"}],"twitter_card":"summary_large_image","schema":{"@context":"https:\/\/schema.org","@graph":[{"@type":"WebPage","@id":"https:\/\/www.parrinst.com\/es\/products\/sample-preparation\/oxygen-combustion-bombs\/selection-guide\/","url":"https:\/\/www.parrinst.com\/es\/products\/sample-preparation\/oxygen-combustion-bombs\/selection-guide\/","name":"Gu\u00eda de Selecci\u00f3n - Parr Instrument (Espa\u00f1ol)","isPartOf":{"@id":"https:\/\/www.parrinst.com\/es\/#website"},"primaryImageOfPage":{"@id":"https:\/\/www.parrinst.com\/es\/products\/sample-preparation\/oxygen-combustion-bombs\/selection-guide\/#primaryimage"},"image":{"@id":"https:\/\/www.parrinst.com\/es\/products\/sample-preparation\/oxygen-combustion-bombs\/selection-guide\/#primaryimage"},"thumbnailUrl":"https:\/\/i0.wp.com\/www.parrinst.com\/es\/wp-content\/uploads\/sites\/7\/2018\/01\/parr_banner_sample-prep_secondary-1.jpg?fit=2200%2C399&ssl=1","datePublished":"2011-05-04T23:29:45+00:00","dateModified":"2018-02-28T21:32:47+00:00","breadcrumb":{"@id":"https:\/\/www.parrinst.com\/es\/products\/sample-preparation\/oxygen-combustion-bombs\/selection-guide\/#breadcrumb"},"inLanguage":"en-US","potentialAction":[{"@type":"ReadAction","target":["https:\/\/www.parrinst.com\/es\/products\/sample-preparation\/oxygen-combustion-bombs\/selection-guide\/"]}]},{"@type":"ImageObject","inLanguage":"en-US","@id":"https:\/\/www.parrinst.com\/es\/products\/sample-preparation\/oxygen-combustion-bombs\/selection-guide\/#primaryimage","url":"https:\/\/i0.wp.com\/www.parrinst.com\/es\/wp-content\/uploads\/sites\/7\/2018\/01\/parr_banner_sample-prep_secondary-1.jpg?fit=2200%2C399&ssl=1","contentUrl":"https:\/\/i0.wp.com\/www.parrinst.com\/es\/wp-content\/uploads\/sites\/7\/2018\/01\/parr_banner_sample-prep_secondary-1.jpg?fit=2200%2C399&ssl=1","width":2200,"height":399},{"@type":"BreadcrumbList","@id":"https:\/\/www.parrinst.com\/es\/products\/sample-preparation\/oxygen-combustion-bombs\/selection-guide\/#breadcrumb","itemListElement":[{"@type":"ListItem","position":1,"name":"Home","item":"https:\/\/www.parrinst.com\/es\/"},{"@type":"ListItem","position":2,"name":"Products","item":"https:\/\/www.parrinst.com\/es\/products\/"},{"@type":"ListItem","position":3,"name":"Preparaci\u00f3n de Muestras","item":"https:\/\/www.parrinst.com\/es\/products\/sample-preparation\/"},{"@type":"ListItem","position":4,"name":"Recipientes de Combusti\u00f3n de Ox\u00edgeno","item":"https:\/\/www.parrinst.com\/es\/products\/sample-preparation\/oxygen-combustion-bombs\/"},{"@type":"ListItem","position":5,"name":"Gu\u00eda de Selecci\u00f3n"}]},{"@type":"WebSite","@id":"https:\/\/www.parrinst.com\/es\/#website","url":"https:\/\/www.parrinst.com\/es\/","name":"Parr Instrument (Espa\u00f1ol)","description":"","potentialAction":[{"@type":"SearchAction","target":{"@type":"EntryPoint","urlTemplate":"https:\/\/www.parrinst.com\/es\/?s={search_term_string}"},"query-input":{"@type":"PropertyValueSpecification","valueRequired":true,"valueName":"search_term_string"}}],"inLanguage":"en-US"}]}},"jetpack_sharing_enabled":true,"_links":{"self":[{"href":"https:\/\/www.parrinst.com\/es\/wp-json\/wp\/v2\/pages\/683","targetHints":{"allow":["GET"]}}],"collection":[{"href":"https:\/\/www.parrinst.com\/es\/wp-json\/wp\/v2\/pages"}],"about":[{"href":"https:\/\/www.parrinst.com\/es\/wp-json\/wp\/v2\/types\/page"}],"author":[{"embeddable":true,"href":"https:\/\/www.parrinst.com\/es\/wp-json\/wp\/v2\/users\/1"}],"replies":[{"embeddable":true,"href":"https:\/\/www.parrinst.com\/es\/wp-json\/wp\/v2\/comments?post=683"}],"version-history":[{"count":1,"href":"https:\/\/www.parrinst.com\/es\/wp-json\/wp\/v2\/pages\/683\/revisions"}],"predecessor-version":[{"id":38079,"href":"https:\/\/www.parrinst.com\/es\/wp-json\/wp\/v2\/pages\/683\/revisions\/38079"}],"up":[{"embeddable":true,"href":"https:\/\/www.parrinst.com\/es\/wp-json\/wp\/v2\/pages\/298"}],"wp:featuredmedia":[{"embeddable":true,"href":"https:\/\/www.parrinst.com\/es\/wp-json\/wp\/v2\/media\/37722"}],"wp:attachment":[{"href":"https:\/\/www.parrinst.com\/es\/wp-json\/wp\/v2\/media?parent=683"}],"curies":[{"name":"wp","href":"https:\/\/api.w.org\/{rel}","templated":true}]}}