{"id":702,"date":"2011-05-04T18:38:14","date_gmt":"2011-05-04T23:38:14","guid":{"rendered":"https:\/\/www.parrinst.com\/?page_id=702"},"modified":"2019-03-18T15:02:24","modified_gmt":"2019-03-18T20:02:24","slug":"general-purpose-acid-digestion-vessel-model-4744-45-ml","status":"publish","type":"page","link":"https:\/\/www.parrinst.com\/es\/products\/sample-preparation\/acid-digestion\/general-purpose-acid-digestion-vessel-model-4744-45-ml\/","title":{"rendered":"Recipiente de Digesti\u00f3n \u00c1cida de Uso General, 45 ml Modelo 4744"},"content":{"rendered":"<figure id=\"attachment_2899\" aria-describedby=\"caption-attachment-2899\" style=\"width: 214px\" class=\"wp-caption alignright\"><a href=\"https:\/\/i0.wp.com\/www.parrinst.com\/es\/wp-content\/uploads\/2011\/06\/4744_Acid-Digestion_45mL-GP.jpg?ssl=1\"><img data-recalc-dims=\"1\" loading=\"lazy\" decoding=\"async\" class=\"wp-image-2899 size-medium\" src=\"https:\/\/i0.wp.com\/www.parrinst.com\/es\/wp-content\/uploads\/sites\/7\/2011\/06\/4744_Acid-Digestion_45mL-GP.jpg?resize=214%2C300&#038;ssl=1\" alt=\"4744 General Purpose Acid Digestion Vessel\" width=\"214\" height=\"300\" srcset=\"https:\/\/i0.wp.com\/www.parrinst.com\/es\/wp-content\/uploads\/sites\/7\/2011\/06\/4744_Acid-Digestion_45mL-GP.jpg?resize=214%2C300&amp;ssl=1 214w, https:\/\/i0.wp.com\/www.parrinst.com\/es\/wp-content\/uploads\/sites\/7\/2011\/06\/4744_Acid-Digestion_45mL-GP.jpg?resize=107%2C150&amp;ssl=1 107w, https:\/\/i0.wp.com\/www.parrinst.com\/es\/wp-content\/uploads\/sites\/7\/2011\/06\/4744_Acid-Digestion_45mL-GP.jpg?w=600&amp;ssl=1 600w\" sizes=\"auto, (max-width: 214px) 100vw, 214px\" \/><\/a><figcaption id=\"caption-attachment-2899\" class=\"wp-caption-text\">Recipiente de Digesti\u00f3n \u00c1cida de Uso General 4744<\/figcaption><\/figure>\n<h2>45 ml, 250 \u00b0C, 1800 psig<\/h2>\n<p>El 4744 es \u00a0una modificaci\u00f3n de 45 mL de 23 mL, vasos PTFE alineado 4749 para usuarios que quieren la capacidad adicional en este popular modelo. Est\u00e1 hecho con el mismo cierre que el recipiente de 23 ml, usando una copa similar de pared gruesa de PTFE, de 3-3\/4 pulgadas de profundidad en su interior, con un amplio sello de bridas. La seguridad de estallido se proporciona con un disco de ruptura que liberar\u00e1 la presi\u00f3n a trav\u00e9s de una abertura en la tapa. Su temperatura m\u00e1xima y rango de presi\u00f3n, es 250\u00b0C y 1800 psig de recipiente, son los mismos que para el Modelo 4749. El recipiente 4744, se sella girando la tapa roscada hacia abajo con la mano hasta que est\u00e9 apretada, luego se aprieta la tapa no m\u00e1s de un octavo de vuelta con una llave de gancho. La llave y el accesorio de soporte necesarios para esta operaci\u00f3n son los mismos que los usados con el recipiente de 4749. Estos accesorios deben pedirse por separado.<\/p>\n","protected":false},"excerpt":{"rendered":"<p>45 ml, 250 \u00b0C, 1800 psig El 4744 es \u00a0una modificaci\u00f3n de 45 mL de 23 mL, vasos PTFE alineado 4749 para usuarios que quieren la capacidad adicional en este popular modelo. Est\u00e1 hecho con el mismo cierre que el recipiente de 23 ml, usando una copa similar de pared gruesa de PTFE, de 3-3\/4 [&hellip;]<\/p>\n","protected":false},"author":1,"featured_media":37722,"parent":292,"menu_order":0,"comment_status":"closed","ping_status":"closed","template":"product-narrow.php","meta":{"_acf_changed":false,"footnotes":"","_links_to":"","_links_to_target":""},"class_list":["post-702","page","type-page","status-publish","has-post-thumbnail","hentry"],"acf":[],"yoast_head":"<!-- This site is optimized with the Yoast SEO plugin v27.4 - https:\/\/yoast.com\/product\/yoast-seo-wordpress\/ -->\n<title>Recipiente de Digesti\u00f3n \u00c1cida de Uso General, 45 ml Modelo 4744 - Parr Instrument (Espa\u00f1ol)<\/title>\n<meta name=\"robots\" content=\"index, follow, max-snippet:-1, max-image-preview:large, max-video-preview:-1\" \/>\n<link rel=\"canonical\" href=\"https:\/\/www.parrinst.com\/es\/products\/sample-preparation\/acid-digestion\/general-purpose-acid-digestion-vessel-model-4744-45-ml\/\" \/>\n<meta property=\"og:locale\" content=\"en_US\" \/>\n<meta property=\"og:type\" content=\"article\" \/>\n<meta property=\"og:title\" content=\"Recipiente de Digesti\u00f3n \u00c1cida de Uso General, 45 ml Modelo 4744 - Parr Instrument (Espa\u00f1ol)\" \/>\n<meta property=\"og:description\" content=\"45 ml, 250 \u00b0C, 1800 psig El 4744 es \u00a0una modificaci\u00f3n de 45 mL de 23 mL, vasos PTFE alineado 4749 para usuarios que quieren la capacidad adicional en este popular modelo. Est\u00e1 hecho con el mismo cierre que el recipiente de 23 ml, usando una copa similar de pared gruesa de PTFE, de 3-3\/4 [&hellip;]\" \/>\n<meta property=\"og:url\" content=\"https:\/\/www.parrinst.com\/es\/products\/sample-preparation\/acid-digestion\/general-purpose-acid-digestion-vessel-model-4744-45-ml\/\" \/>\n<meta property=\"og:site_name\" content=\"Parr Instrument (Espa\u00f1ol)\" \/>\n<meta property=\"article:modified_time\" content=\"2019-03-18T20:02:24+00:00\" \/>\n<meta property=\"og:image\" content=\"https:\/\/www.parrinst.com\/es\/files\/2018\/01\/parr_banner_sample-prep_secondary-1.jpg\" \/>\n\t<meta property=\"og:image:width\" content=\"2200\" \/>\n\t<meta property=\"og:image:height\" content=\"399\" \/>\n\t<meta property=\"og:image:type\" content=\"image\/jpeg\" \/>\n<meta name=\"twitter:card\" content=\"summary_large_image\" \/>\n<meta name=\"twitter:label1\" content=\"Est. reading time\" \/>\n\t<meta name=\"twitter:data1\" content=\"1 minute\" \/>\n<script type=\"application\/ld+json\" class=\"yoast-schema-graph\">{\"@context\":\"https:\\\/\\\/schema.org\",\"@graph\":[{\"@type\":\"WebPage\",\"@id\":\"https:\\\/\\\/www.parrinst.com\\\/es\\\/products\\\/sample-preparation\\\/acid-digestion\\\/general-purpose-acid-digestion-vessel-model-4744-45-ml\\\/\",\"url\":\"https:\\\/\\\/www.parrinst.com\\\/es\\\/products\\\/sample-preparation\\\/acid-digestion\\\/general-purpose-acid-digestion-vessel-model-4744-45-ml\\\/\",\"name\":\"Recipiente de Digesti\u00f3n \u00c1cida de Uso General, 45 ml Modelo 4744 - Parr Instrument (Espa\u00f1ol)\",\"isPartOf\":{\"@id\":\"https:\\\/\\\/www.parrinst.com\\\/es\\\/#website\"},\"primaryImageOfPage\":{\"@id\":\"https:\\\/\\\/www.parrinst.com\\\/es\\\/products\\\/sample-preparation\\\/acid-digestion\\\/general-purpose-acid-digestion-vessel-model-4744-45-ml\\\/#primaryimage\"},\"image\":{\"@id\":\"https:\\\/\\\/www.parrinst.com\\\/es\\\/products\\\/sample-preparation\\\/acid-digestion\\\/general-purpose-acid-digestion-vessel-model-4744-45-ml\\\/#primaryimage\"},\"thumbnailUrl\":\"https:\\\/\\\/i0.wp.com\\\/www.parrinst.com\\\/es\\\/wp-content\\\/uploads\\\/sites\\\/7\\\/2018\\\/01\\\/parr_banner_sample-prep_secondary-1.jpg?fit=2200%2C399&ssl=1\",\"datePublished\":\"2011-05-04T23:38:14+00:00\",\"dateModified\":\"2019-03-18T20:02:24+00:00\",\"breadcrumb\":{\"@id\":\"https:\\\/\\\/www.parrinst.com\\\/es\\\/products\\\/sample-preparation\\\/acid-digestion\\\/general-purpose-acid-digestion-vessel-model-4744-45-ml\\\/#breadcrumb\"},\"inLanguage\":\"en-US\",\"potentialAction\":[{\"@type\":\"ReadAction\",\"target\":[\"https:\\\/\\\/www.parrinst.com\\\/es\\\/products\\\/sample-preparation\\\/acid-digestion\\\/general-purpose-acid-digestion-vessel-model-4744-45-ml\\\/\"]}]},{\"@type\":\"ImageObject\",\"inLanguage\":\"en-US\",\"@id\":\"https:\\\/\\\/www.parrinst.com\\\/es\\\/products\\\/sample-preparation\\\/acid-digestion\\\/general-purpose-acid-digestion-vessel-model-4744-45-ml\\\/#primaryimage\",\"url\":\"https:\\\/\\\/i0.wp.com\\\/www.parrinst.com\\\/es\\\/wp-content\\\/uploads\\\/sites\\\/7\\\/2018\\\/01\\\/parr_banner_sample-prep_secondary-1.jpg?fit=2200%2C399&ssl=1\",\"contentUrl\":\"https:\\\/\\\/i0.wp.com\\\/www.parrinst.com\\\/es\\\/wp-content\\\/uploads\\\/sites\\\/7\\\/2018\\\/01\\\/parr_banner_sample-prep_secondary-1.jpg?fit=2200%2C399&ssl=1\",\"width\":2200,\"height\":399},{\"@type\":\"BreadcrumbList\",\"@id\":\"https:\\\/\\\/www.parrinst.com\\\/es\\\/products\\\/sample-preparation\\\/acid-digestion\\\/general-purpose-acid-digestion-vessel-model-4744-45-ml\\\/#breadcrumb\",\"itemListElement\":[{\"@type\":\"ListItem\",\"position\":1,\"name\":\"Home\",\"item\":\"https:\\\/\\\/www.parrinst.com\\\/es\\\/\"},{\"@type\":\"ListItem\",\"position\":2,\"name\":\"Products\",\"item\":\"https:\\\/\\\/www.parrinst.com\\\/es\\\/products\\\/\"},{\"@type\":\"ListItem\",\"position\":3,\"name\":\"Preparaci\u00f3n de Muestras\",\"item\":\"https:\\\/\\\/www.parrinst.com\\\/es\\\/products\\\/sample-preparation\\\/\"},{\"@type\":\"ListItem\",\"position\":4,\"name\":\"Digesti\u00f3n \u00c1cida\",\"item\":\"https:\\\/\\\/www.parrinst.com\\\/es\\\/products\\\/sample-preparation\\\/acid-digestion\\\/\"},{\"@type\":\"ListItem\",\"position\":5,\"name\":\"Recipiente de Digesti\u00f3n \u00c1cida de Uso General, 45 ml Modelo 4744\"}]},{\"@type\":\"WebSite\",\"@id\":\"https:\\\/\\\/www.parrinst.com\\\/es\\\/#website\",\"url\":\"https:\\\/\\\/www.parrinst.com\\\/es\\\/\",\"name\":\"Parr Instrument (Espa\u00f1ol)\",\"description\":\"\",\"potentialAction\":[{\"@type\":\"SearchAction\",\"target\":{\"@type\":\"EntryPoint\",\"urlTemplate\":\"https:\\\/\\\/www.parrinst.com\\\/es\\\/?s={search_term_string}\"},\"query-input\":{\"@type\":\"PropertyValueSpecification\",\"valueRequired\":true,\"valueName\":\"search_term_string\"}}],\"inLanguage\":\"en-US\"}]}<\/script>\n<!-- \/ Yoast SEO plugin. -->","yoast_head_json":{"title":"Recipiente de Digesti\u00f3n \u00c1cida de Uso General, 45 ml Modelo 4744 - Parr Instrument (Espa\u00f1ol)","robots":{"index":"index","follow":"follow","max-snippet":"max-snippet:-1","max-image-preview":"max-image-preview:large","max-video-preview":"max-video-preview:-1"},"canonical":"https:\/\/www.parrinst.com\/es\/products\/sample-preparation\/acid-digestion\/general-purpose-acid-digestion-vessel-model-4744-45-ml\/","og_locale":"en_US","og_type":"article","og_title":"Recipiente de Digesti\u00f3n \u00c1cida de Uso General, 45 ml Modelo 4744 - Parr Instrument (Espa\u00f1ol)","og_description":"45 ml, 250 \u00b0C, 1800 psig El 4744 es \u00a0una modificaci\u00f3n de 45 mL de 23 mL, vasos PTFE alineado 4749 para usuarios que quieren la capacidad adicional en este popular modelo. Est\u00e1 hecho con el mismo cierre que el recipiente de 23 ml, usando una copa similar de pared gruesa de PTFE, de 3-3\/4 [&hellip;]","og_url":"https:\/\/www.parrinst.com\/es\/products\/sample-preparation\/acid-digestion\/general-purpose-acid-digestion-vessel-model-4744-45-ml\/","og_site_name":"Parr Instrument (Espa\u00f1ol)","article_modified_time":"2019-03-18T20:02:24+00:00","og_image":[{"width":2200,"height":399,"url":"https:\/\/www.parrinst.com\/es\/files\/2018\/01\/parr_banner_sample-prep_secondary-1.jpg","type":"image\/jpeg"}],"twitter_card":"summary_large_image","twitter_misc":{"Est. reading time":"1 minute"},"schema":{"@context":"https:\/\/schema.org","@graph":[{"@type":"WebPage","@id":"https:\/\/www.parrinst.com\/es\/products\/sample-preparation\/acid-digestion\/general-purpose-acid-digestion-vessel-model-4744-45-ml\/","url":"https:\/\/www.parrinst.com\/es\/products\/sample-preparation\/acid-digestion\/general-purpose-acid-digestion-vessel-model-4744-45-ml\/","name":"Recipiente de Digesti\u00f3n \u00c1cida de Uso General, 45 ml Modelo 4744 - Parr Instrument (Espa\u00f1ol)","isPartOf":{"@id":"https:\/\/www.parrinst.com\/es\/#website"},"primaryImageOfPage":{"@id":"https:\/\/www.parrinst.com\/es\/products\/sample-preparation\/acid-digestion\/general-purpose-acid-digestion-vessel-model-4744-45-ml\/#primaryimage"},"image":{"@id":"https:\/\/www.parrinst.com\/es\/products\/sample-preparation\/acid-digestion\/general-purpose-acid-digestion-vessel-model-4744-45-ml\/#primaryimage"},"thumbnailUrl":"https:\/\/i0.wp.com\/www.parrinst.com\/es\/wp-content\/uploads\/sites\/7\/2018\/01\/parr_banner_sample-prep_secondary-1.jpg?fit=2200%2C399&ssl=1","datePublished":"2011-05-04T23:38:14+00:00","dateModified":"2019-03-18T20:02:24+00:00","breadcrumb":{"@id":"https:\/\/www.parrinst.com\/es\/products\/sample-preparation\/acid-digestion\/general-purpose-acid-digestion-vessel-model-4744-45-ml\/#breadcrumb"},"inLanguage":"en-US","potentialAction":[{"@type":"ReadAction","target":["https:\/\/www.parrinst.com\/es\/products\/sample-preparation\/acid-digestion\/general-purpose-acid-digestion-vessel-model-4744-45-ml\/"]}]},{"@type":"ImageObject","inLanguage":"en-US","@id":"https:\/\/www.parrinst.com\/es\/products\/sample-preparation\/acid-digestion\/general-purpose-acid-digestion-vessel-model-4744-45-ml\/#primaryimage","url":"https:\/\/i0.wp.com\/www.parrinst.com\/es\/wp-content\/uploads\/sites\/7\/2018\/01\/parr_banner_sample-prep_secondary-1.jpg?fit=2200%2C399&ssl=1","contentUrl":"https:\/\/i0.wp.com\/www.parrinst.com\/es\/wp-content\/uploads\/sites\/7\/2018\/01\/parr_banner_sample-prep_secondary-1.jpg?fit=2200%2C399&ssl=1","width":2200,"height":399},{"@type":"BreadcrumbList","@id":"https:\/\/www.parrinst.com\/es\/products\/sample-preparation\/acid-digestion\/general-purpose-acid-digestion-vessel-model-4744-45-ml\/#breadcrumb","itemListElement":[{"@type":"ListItem","position":1,"name":"Home","item":"https:\/\/www.parrinst.com\/es\/"},{"@type":"ListItem","position":2,"name":"Products","item":"https:\/\/www.parrinst.com\/es\/products\/"},{"@type":"ListItem","position":3,"name":"Preparaci\u00f3n de Muestras","item":"https:\/\/www.parrinst.com\/es\/products\/sample-preparation\/"},{"@type":"ListItem","position":4,"name":"Digesti\u00f3n \u00c1cida","item":"https:\/\/www.parrinst.com\/es\/products\/sample-preparation\/acid-digestion\/"},{"@type":"ListItem","position":5,"name":"Recipiente de Digesti\u00f3n \u00c1cida de Uso General, 45 ml Modelo 4744"}]},{"@type":"WebSite","@id":"https:\/\/www.parrinst.com\/es\/#website","url":"https:\/\/www.parrinst.com\/es\/","name":"Parr Instrument (Espa\u00f1ol)","description":"","potentialAction":[{"@type":"SearchAction","target":{"@type":"EntryPoint","urlTemplate":"https:\/\/www.parrinst.com\/es\/?s={search_term_string}"},"query-input":{"@type":"PropertyValueSpecification","valueRequired":true,"valueName":"search_term_string"}}],"inLanguage":"en-US"}]}},"jetpack_sharing_enabled":true,"_links":{"self":[{"href":"https:\/\/www.parrinst.com\/es\/wp-json\/wp\/v2\/pages\/702","targetHints":{"allow":["GET"]}}],"collection":[{"href":"https:\/\/www.parrinst.com\/es\/wp-json\/wp\/v2\/pages"}],"about":[{"href":"https:\/\/www.parrinst.com\/es\/wp-json\/wp\/v2\/types\/page"}],"author":[{"embeddable":true,"href":"https:\/\/www.parrinst.com\/es\/wp-json\/wp\/v2\/users\/1"}],"replies":[{"embeddable":true,"href":"https:\/\/www.parrinst.com\/es\/wp-json\/wp\/v2\/comments?post=702"}],"version-history":[{"count":3,"href":"https:\/\/www.parrinst.com\/es\/wp-json\/wp\/v2\/pages\/702\/revisions"}],"predecessor-version":[{"id":39176,"href":"https:\/\/www.parrinst.com\/es\/wp-json\/wp\/v2\/pages\/702\/revisions\/39176"}],"up":[{"embeddable":true,"href":"https:\/\/www.parrinst.com\/es\/wp-json\/wp\/v2\/pages\/292"}],"wp:featuredmedia":[{"embeddable":true,"href":"https:\/\/www.parrinst.com\/es\/wp-json\/wp\/v2\/media\/37722"}],"wp:attachment":[{"href":"https:\/\/www.parrinst.com\/es\/wp-json\/wp\/v2\/media?parent=702"}],"curies":[{"name":"wp","href":"https:\/\/api.w.org\/{rel}","templated":true}]}}