{"id":709,"date":"2011-05-04T18:39:02","date_gmt":"2011-05-04T23:39:02","guid":{"rendered":"https:\/\/www.parrinst.com\/?page_id=709"},"modified":"2018-11-02T11:37:44","modified_gmt":"2018-11-02T16:37:44","slug":"large-capacity-acid-digestion-vessel-model-4748-125-ml","status":"publish","type":"page","link":"https:\/\/www.parrinst.com\/es\/products\/sample-preparation\/acid-digestion\/large-capacity-acid-digestion-vessel-model-4748-125-ml\/","title":{"rendered":"Recipiente de Digesti\u00f3n \u00c1cida de Gran Capacidad Modelo 4748 y 4748A, 125\/200 mL"},"content":{"rendered":"<figure id=\"attachment_2902\" aria-describedby=\"caption-attachment-2902\" style=\"width: 214px\" class=\"wp-caption alignright\"><a href=\"https:\/\/i0.wp.com\/www.parrinst.com\/es\/wp-content\/uploads\/2011\/06\/4748_Acid-Digestion_125mL-HP.jpg?ssl=1\"><img data-recalc-dims=\"1\" loading=\"lazy\" decoding=\"async\" class=\"wp-image-2902 size-medium\" src=\"https:\/\/i0.wp.com\/www.parrinst.com\/es\/wp-content\/uploads\/sites\/7\/2011\/06\/4748_Acid-Digestion_125mL-HP.jpg?resize=214%2C300&#038;ssl=1\" alt=\"4748 Large Capacity Acid Digestion Vessel\" width=\"214\" height=\"300\" srcset=\"https:\/\/i0.wp.com\/www.parrinst.com\/es\/wp-content\/uploads\/sites\/7\/2011\/06\/4748_Acid-Digestion_125mL-HP.jpg?resize=214%2C300&amp;ssl=1 214w, https:\/\/i0.wp.com\/www.parrinst.com\/es\/wp-content\/uploads\/sites\/7\/2011\/06\/4748_Acid-Digestion_125mL-HP.jpg?resize=107%2C150&amp;ssl=1 107w, https:\/\/i0.wp.com\/www.parrinst.com\/es\/wp-content\/uploads\/sites\/7\/2011\/06\/4748_Acid-Digestion_125mL-HP.jpg?w=600&amp;ssl=1 600w\" sizes=\"auto, (max-width: 214px) 100vw, 214px\" \/><\/a><figcaption id=\"caption-attachment-2902\" class=\"wp-caption-text\">Recipiente de Digesti\u00f3n \u00c1cida de Gran Capacidad 4748<\/figcaption><\/figure>\n<h2>125 mL &amp; 200 mL, 250 \u00b0C, 1900 psig<\/h2>\n<p>Los recipientes 4748 y 4748A son las vasos para digesti\u00f3n \u00e1cida m\u00e1s grandes de Parr.\u00a0 Es una copa removible de 125 ml, en un cuerpo de acero inoxidable con seis tornillos en la tapa roscada para sellar la copa de PTFE con bridas. Un resorte de onda expandible mantiene una presi\u00f3n continua en el sello durante el ciclo de enfriamiento, en el cual, las partes de PTFE de otro modo podr\u00edan relajarse y producir fuga. La agitaci\u00f3n puede proporcionarse con una varilla de agitaci\u00f3n magn\u00e9tica.\u00a0El recipiente 4748A con volumen de 200 mL es una modificaci\u00f3n del 4748 de 125 mL, cuenta con su copa de PTFE del mismo tama\u00f1o, para usuarios que quieran un volumen adicional en este modelo.<\/p>\n<p>Una desviaci\u00f3n de seguridad por encima de la copa de tefl\u00f3n liberar\u00e1 la presi\u00f3n a trav\u00e9s de una abertura en el cabezal del recipiente si la presi\u00f3n llega accidentalmente al rango de 3500 psi.\u00a0 Para una operaci\u00f3n segura, las presiones en este recipiente nunca deben exceder 1900 psi y las temperaturas no deben superar los 250\u00b0C. Su operaci\u00f3n debe efectuarse por debajo de estos l\u00edmites siempre que sea posible, debido a que las fuerzas destructivas potenciales en la carga de un recipiente grande. Tambi\u00e9n es aconsejable probar los nuevos procedimientos de seguridad en uno de los recipientes m\u00e1s peque\u00f1os antes de la ampliaci\u00f3n a este tama\u00f1o. Una llave para los tornillos de la tapa se suministra junto con el recipiente. No se necesitan otros accesorios.<\/p>\n","protected":false},"excerpt":{"rendered":"<p>125 mL &amp; 200 mL, 250 \u00b0C, 1900 psig Los recipientes 4748 y 4748A son las vasos para digesti\u00f3n \u00e1cida m\u00e1s grandes de Parr.\u00a0 Es una copa removible de 125 ml, en un cuerpo de acero inoxidable con seis tornillos en la tapa roscada para sellar la copa de PTFE con bridas. Un resorte de [&hellip;]<\/p>\n","protected":false},"author":1,"featured_media":37722,"parent":292,"menu_order":0,"comment_status":"closed","ping_status":"closed","template":"product-narrow.php","meta":{"_acf_changed":false,"footnotes":"","_links_to":"","_links_to_target":""},"class_list":["post-709","page","type-page","status-publish","has-post-thumbnail","hentry"],"acf":[],"yoast_head":"<!-- This site is optimized with the Yoast SEO plugin v27.6 - https:\/\/yoast.com\/product\/yoast-seo-wordpress\/ -->\n<title>Recipiente de Digesti\u00f3n \u00c1cida de Gran Capacidad Modelo 4748 y 4748A, 125\/200 mL - Parr Instrument (Espa\u00f1ol)<\/title>\n<meta name=\"robots\" content=\"index, follow, max-snippet:-1, max-image-preview:large, max-video-preview:-1\" \/>\n<link rel=\"canonical\" href=\"https:\/\/www.parrinst.com\/es\/products\/sample-preparation\/acid-digestion\/large-capacity-acid-digestion-vessel-model-4748-125-ml\/\" \/>\n<meta property=\"og:locale\" content=\"en_US\" \/>\n<meta property=\"og:type\" content=\"article\" \/>\n<meta property=\"og:title\" content=\"Recipiente de Digesti\u00f3n \u00c1cida de Gran Capacidad Modelo 4748 y 4748A, 125\/200 mL - Parr Instrument (Espa\u00f1ol)\" \/>\n<meta property=\"og:description\" content=\"125 mL &amp; 200 mL, 250 \u00b0C, 1900 psig Los recipientes 4748 y 4748A son las vasos para digesti\u00f3n \u00e1cida m\u00e1s grandes de Parr.\u00a0 Es una copa removible de 125 ml, en un cuerpo de acero inoxidable con seis tornillos en la tapa roscada para sellar la copa de PTFE con bridas. Un resorte de [&hellip;]\" \/>\n<meta property=\"og:url\" content=\"https:\/\/www.parrinst.com\/es\/products\/sample-preparation\/acid-digestion\/large-capacity-acid-digestion-vessel-model-4748-125-ml\/\" \/>\n<meta property=\"og:site_name\" content=\"Parr Instrument (Espa\u00f1ol)\" \/>\n<meta property=\"article:modified_time\" content=\"2018-11-02T16:37:44+00:00\" \/>\n<meta property=\"og:image\" content=\"https:\/\/www.parrinst.com\/es\/files\/2018\/01\/parr_banner_sample-prep_secondary-1.jpg\" \/>\n\t<meta property=\"og:image:width\" content=\"2200\" \/>\n\t<meta property=\"og:image:height\" content=\"399\" \/>\n\t<meta property=\"og:image:type\" content=\"image\/jpeg\" \/>\n<meta name=\"twitter:card\" content=\"summary_large_image\" \/>\n<meta name=\"twitter:label1\" content=\"Est. reading time\" \/>\n\t<meta name=\"twitter:data1\" content=\"1 minute\" \/>\n<script type=\"application\/ld+json\" class=\"yoast-schema-graph\">{\"@context\":\"https:\\\/\\\/schema.org\",\"@graph\":[{\"@type\":\"WebPage\",\"@id\":\"https:\\\/\\\/www.parrinst.com\\\/es\\\/products\\\/sample-preparation\\\/acid-digestion\\\/large-capacity-acid-digestion-vessel-model-4748-125-ml\\\/\",\"url\":\"https:\\\/\\\/www.parrinst.com\\\/es\\\/products\\\/sample-preparation\\\/acid-digestion\\\/large-capacity-acid-digestion-vessel-model-4748-125-ml\\\/\",\"name\":\"Recipiente de Digesti\u00f3n \u00c1cida de Gran Capacidad Modelo 4748 y 4748A, 125\\\/200 mL - Parr Instrument (Espa\u00f1ol)\",\"isPartOf\":{\"@id\":\"https:\\\/\\\/www.parrinst.com\\\/es\\\/#website\"},\"primaryImageOfPage\":{\"@id\":\"https:\\\/\\\/www.parrinst.com\\\/es\\\/products\\\/sample-preparation\\\/acid-digestion\\\/large-capacity-acid-digestion-vessel-model-4748-125-ml\\\/#primaryimage\"},\"image\":{\"@id\":\"https:\\\/\\\/www.parrinst.com\\\/es\\\/products\\\/sample-preparation\\\/acid-digestion\\\/large-capacity-acid-digestion-vessel-model-4748-125-ml\\\/#primaryimage\"},\"thumbnailUrl\":\"https:\\\/\\\/i0.wp.com\\\/www.parrinst.com\\\/es\\\/wp-content\\\/uploads\\\/sites\\\/7\\\/2018\\\/01\\\/parr_banner_sample-prep_secondary-1.jpg?fit=2200%2C399&ssl=1\",\"datePublished\":\"2011-05-04T23:39:02+00:00\",\"dateModified\":\"2018-11-02T16:37:44+00:00\",\"breadcrumb\":{\"@id\":\"https:\\\/\\\/www.parrinst.com\\\/es\\\/products\\\/sample-preparation\\\/acid-digestion\\\/large-capacity-acid-digestion-vessel-model-4748-125-ml\\\/#breadcrumb\"},\"inLanguage\":\"en-US\",\"potentialAction\":[{\"@type\":\"ReadAction\",\"target\":[\"https:\\\/\\\/www.parrinst.com\\\/es\\\/products\\\/sample-preparation\\\/acid-digestion\\\/large-capacity-acid-digestion-vessel-model-4748-125-ml\\\/\"]}]},{\"@type\":\"ImageObject\",\"inLanguage\":\"en-US\",\"@id\":\"https:\\\/\\\/www.parrinst.com\\\/es\\\/products\\\/sample-preparation\\\/acid-digestion\\\/large-capacity-acid-digestion-vessel-model-4748-125-ml\\\/#primaryimage\",\"url\":\"https:\\\/\\\/i0.wp.com\\\/www.parrinst.com\\\/es\\\/wp-content\\\/uploads\\\/sites\\\/7\\\/2018\\\/01\\\/parr_banner_sample-prep_secondary-1.jpg?fit=2200%2C399&ssl=1\",\"contentUrl\":\"https:\\\/\\\/i0.wp.com\\\/www.parrinst.com\\\/es\\\/wp-content\\\/uploads\\\/sites\\\/7\\\/2018\\\/01\\\/parr_banner_sample-prep_secondary-1.jpg?fit=2200%2C399&ssl=1\",\"width\":2200,\"height\":399},{\"@type\":\"BreadcrumbList\",\"@id\":\"https:\\\/\\\/www.parrinst.com\\\/es\\\/products\\\/sample-preparation\\\/acid-digestion\\\/large-capacity-acid-digestion-vessel-model-4748-125-ml\\\/#breadcrumb\",\"itemListElement\":[{\"@type\":\"ListItem\",\"position\":1,\"name\":\"Home\",\"item\":\"https:\\\/\\\/www.parrinst.com\\\/es\\\/\"},{\"@type\":\"ListItem\",\"position\":2,\"name\":\"Products\",\"item\":\"https:\\\/\\\/www.parrinst.com\\\/es\\\/products\\\/\"},{\"@type\":\"ListItem\",\"position\":3,\"name\":\"Preparaci\u00f3n de Muestras\",\"item\":\"https:\\\/\\\/www.parrinst.com\\\/es\\\/products\\\/sample-preparation\\\/\"},{\"@type\":\"ListItem\",\"position\":4,\"name\":\"Digesti\u00f3n \u00c1cida\",\"item\":\"https:\\\/\\\/www.parrinst.com\\\/es\\\/products\\\/sample-preparation\\\/acid-digestion\\\/\"},{\"@type\":\"ListItem\",\"position\":5,\"name\":\"Recipiente de Digesti\u00f3n \u00c1cida de Gran Capacidad Modelo 4748 y 4748A, 125\\\/200 mL\"}]},{\"@type\":\"WebSite\",\"@id\":\"https:\\\/\\\/www.parrinst.com\\\/es\\\/#website\",\"url\":\"https:\\\/\\\/www.parrinst.com\\\/es\\\/\",\"name\":\"Parr Instrument (Espa\u00f1ol)\",\"description\":\"\",\"potentialAction\":[{\"@type\":\"SearchAction\",\"target\":{\"@type\":\"EntryPoint\",\"urlTemplate\":\"https:\\\/\\\/www.parrinst.com\\\/es\\\/?s={search_term_string}\"},\"query-input\":{\"@type\":\"PropertyValueSpecification\",\"valueRequired\":true,\"valueName\":\"search_term_string\"}}],\"inLanguage\":\"en-US\"}]}<\/script>\n<!-- \/ Yoast SEO plugin. -->","yoast_head_json":{"title":"Recipiente de Digesti\u00f3n \u00c1cida de Gran Capacidad Modelo 4748 y 4748A, 125\/200 mL - Parr Instrument (Espa\u00f1ol)","robots":{"index":"index","follow":"follow","max-snippet":"max-snippet:-1","max-image-preview":"max-image-preview:large","max-video-preview":"max-video-preview:-1"},"canonical":"https:\/\/www.parrinst.com\/es\/products\/sample-preparation\/acid-digestion\/large-capacity-acid-digestion-vessel-model-4748-125-ml\/","og_locale":"en_US","og_type":"article","og_title":"Recipiente de Digesti\u00f3n \u00c1cida de Gran Capacidad Modelo 4748 y 4748A, 125\/200 mL - Parr Instrument (Espa\u00f1ol)","og_description":"125 mL &amp; 200 mL, 250 \u00b0C, 1900 psig Los recipientes 4748 y 4748A son las vasos para digesti\u00f3n \u00e1cida m\u00e1s grandes de Parr.\u00a0 Es una copa removible de 125 ml, en un cuerpo de acero inoxidable con seis tornillos en la tapa roscada para sellar la copa de PTFE con bridas. Un resorte de [&hellip;]","og_url":"https:\/\/www.parrinst.com\/es\/products\/sample-preparation\/acid-digestion\/large-capacity-acid-digestion-vessel-model-4748-125-ml\/","og_site_name":"Parr Instrument (Espa\u00f1ol)","article_modified_time":"2018-11-02T16:37:44+00:00","og_image":[{"width":2200,"height":399,"url":"https:\/\/www.parrinst.com\/es\/files\/2018\/01\/parr_banner_sample-prep_secondary-1.jpg","type":"image\/jpeg"}],"twitter_card":"summary_large_image","twitter_misc":{"Est. reading time":"1 minute"},"schema":{"@context":"https:\/\/schema.org","@graph":[{"@type":"WebPage","@id":"https:\/\/www.parrinst.com\/es\/products\/sample-preparation\/acid-digestion\/large-capacity-acid-digestion-vessel-model-4748-125-ml\/","url":"https:\/\/www.parrinst.com\/es\/products\/sample-preparation\/acid-digestion\/large-capacity-acid-digestion-vessel-model-4748-125-ml\/","name":"Recipiente de Digesti\u00f3n \u00c1cida de Gran Capacidad Modelo 4748 y 4748A, 125\/200 mL - Parr Instrument (Espa\u00f1ol)","isPartOf":{"@id":"https:\/\/www.parrinst.com\/es\/#website"},"primaryImageOfPage":{"@id":"https:\/\/www.parrinst.com\/es\/products\/sample-preparation\/acid-digestion\/large-capacity-acid-digestion-vessel-model-4748-125-ml\/#primaryimage"},"image":{"@id":"https:\/\/www.parrinst.com\/es\/products\/sample-preparation\/acid-digestion\/large-capacity-acid-digestion-vessel-model-4748-125-ml\/#primaryimage"},"thumbnailUrl":"https:\/\/i0.wp.com\/www.parrinst.com\/es\/wp-content\/uploads\/sites\/7\/2018\/01\/parr_banner_sample-prep_secondary-1.jpg?fit=2200%2C399&ssl=1","datePublished":"2011-05-04T23:39:02+00:00","dateModified":"2018-11-02T16:37:44+00:00","breadcrumb":{"@id":"https:\/\/www.parrinst.com\/es\/products\/sample-preparation\/acid-digestion\/large-capacity-acid-digestion-vessel-model-4748-125-ml\/#breadcrumb"},"inLanguage":"en-US","potentialAction":[{"@type":"ReadAction","target":["https:\/\/www.parrinst.com\/es\/products\/sample-preparation\/acid-digestion\/large-capacity-acid-digestion-vessel-model-4748-125-ml\/"]}]},{"@type":"ImageObject","inLanguage":"en-US","@id":"https:\/\/www.parrinst.com\/es\/products\/sample-preparation\/acid-digestion\/large-capacity-acid-digestion-vessel-model-4748-125-ml\/#primaryimage","url":"https:\/\/i0.wp.com\/www.parrinst.com\/es\/wp-content\/uploads\/sites\/7\/2018\/01\/parr_banner_sample-prep_secondary-1.jpg?fit=2200%2C399&ssl=1","contentUrl":"https:\/\/i0.wp.com\/www.parrinst.com\/es\/wp-content\/uploads\/sites\/7\/2018\/01\/parr_banner_sample-prep_secondary-1.jpg?fit=2200%2C399&ssl=1","width":2200,"height":399},{"@type":"BreadcrumbList","@id":"https:\/\/www.parrinst.com\/es\/products\/sample-preparation\/acid-digestion\/large-capacity-acid-digestion-vessel-model-4748-125-ml\/#breadcrumb","itemListElement":[{"@type":"ListItem","position":1,"name":"Home","item":"https:\/\/www.parrinst.com\/es\/"},{"@type":"ListItem","position":2,"name":"Products","item":"https:\/\/www.parrinst.com\/es\/products\/"},{"@type":"ListItem","position":3,"name":"Preparaci\u00f3n de Muestras","item":"https:\/\/www.parrinst.com\/es\/products\/sample-preparation\/"},{"@type":"ListItem","position":4,"name":"Digesti\u00f3n \u00c1cida","item":"https:\/\/www.parrinst.com\/es\/products\/sample-preparation\/acid-digestion\/"},{"@type":"ListItem","position":5,"name":"Recipiente de Digesti\u00f3n \u00c1cida de Gran Capacidad Modelo 4748 y 4748A, 125\/200 mL"}]},{"@type":"WebSite","@id":"https:\/\/www.parrinst.com\/es\/#website","url":"https:\/\/www.parrinst.com\/es\/","name":"Parr Instrument (Espa\u00f1ol)","description":"","potentialAction":[{"@type":"SearchAction","target":{"@type":"EntryPoint","urlTemplate":"https:\/\/www.parrinst.com\/es\/?s={search_term_string}"},"query-input":{"@type":"PropertyValueSpecification","valueRequired":true,"valueName":"search_term_string"}}],"inLanguage":"en-US"}]}},"jetpack_sharing_enabled":true,"_links":{"self":[{"href":"https:\/\/www.parrinst.com\/es\/wp-json\/wp\/v2\/pages\/709","targetHints":{"allow":["GET"]}}],"collection":[{"href":"https:\/\/www.parrinst.com\/es\/wp-json\/wp\/v2\/pages"}],"about":[{"href":"https:\/\/www.parrinst.com\/es\/wp-json\/wp\/v2\/types\/page"}],"author":[{"embeddable":true,"href":"https:\/\/www.parrinst.com\/es\/wp-json\/wp\/v2\/users\/1"}],"replies":[{"embeddable":true,"href":"https:\/\/www.parrinst.com\/es\/wp-json\/wp\/v2\/comments?post=709"}],"version-history":[{"count":4,"href":"https:\/\/www.parrinst.com\/es\/wp-json\/wp\/v2\/pages\/709\/revisions"}],"predecessor-version":[{"id":38931,"href":"https:\/\/www.parrinst.com\/es\/wp-json\/wp\/v2\/pages\/709\/revisions\/38931"}],"up":[{"embeddable":true,"href":"https:\/\/www.parrinst.com\/es\/wp-json\/wp\/v2\/pages\/292"}],"wp:featuredmedia":[{"embeddable":true,"href":"https:\/\/www.parrinst.com\/es\/wp-json\/wp\/v2\/media\/37722"}],"wp:attachment":[{"href":"https:\/\/www.parrinst.com\/es\/wp-json\/wp\/v2\/media?parent=709"}],"curies":[{"name":"wp","href":"https:\/\/api.w.org\/{rel}","templated":true}]}}