{"id":711,"date":"2011-05-04T18:39:19","date_gmt":"2011-05-04T23:39:19","guid":{"rendered":"https:\/\/www.parrinst.com\/?page_id=711"},"modified":"2019-03-18T14:31:26","modified_gmt":"2019-03-18T19:31:26","slug":"general-purpose-acid-digestion-vessel-model-4749-23-ml","status":"publish","type":"page","link":"https:\/\/www.parrinst.com\/es\/products\/sample-preparation\/acid-digestion\/general-purpose-acid-digestion-vessel-model-4749-23-ml\/","title":{"rendered":"Recipiente de Digesti\u00f3n \u00c1cida de Uso General Modelo 4749, 5 ml &#8211; 23 ml"},"content":{"rendered":"<figure id=\"attachment_2903\" aria-describedby=\"caption-attachment-2903\" style=\"width: 214px\" class=\"wp-caption alignright\"><a href=\"https:\/\/i0.wp.com\/www.parrinst.com\/es\/wp-content\/uploads\/2011\/06\/4749_Sample-Prep_GP.jpg?ssl=1\"><img data-recalc-dims=\"1\" loading=\"lazy\" decoding=\"async\" class=\"wp-image-2903 size-medium\" src=\"https:\/\/i0.wp.com\/www.parrinst.com\/es\/wp-content\/uploads\/sites\/7\/2011\/06\/4749_Sample-Prep_GP.jpg?resize=214%2C300&#038;ssl=1\" alt=\"4749 General Purpose Acid Digestion Vessel\" width=\"214\" height=\"300\" srcset=\"https:\/\/i0.wp.com\/www.parrinst.com\/es\/wp-content\/uploads\/sites\/7\/2011\/06\/4749_Sample-Prep_GP.jpg?resize=214%2C300&amp;ssl=1 214w, https:\/\/i0.wp.com\/www.parrinst.com\/es\/wp-content\/uploads\/sites\/7\/2011\/06\/4749_Sample-Prep_GP.jpg?resize=107%2C150&amp;ssl=1 107w, https:\/\/i0.wp.com\/www.parrinst.com\/es\/wp-content\/uploads\/sites\/7\/2011\/06\/4749_Sample-Prep_GP.jpg?w=600&amp;ssl=1 600w\" sizes=\"auto, (max-width: 214px) 100vw, 214px\" \/><\/a><figcaption id=\"caption-attachment-2903\" class=\"wp-caption-text\">Recipiente de Digesti\u00f3n \u00c1cida de Uso General 4749<\/figcaption><\/figure>\n<h2>5 ml &#8211; 23 ml, 250 \u00b0C, 1800 psig<\/h2>\n<p>El 4749 es un recipiente de digesti\u00f3n \u00e1cida de uso general de 23 ml, similar al Modelo original 4745, pero modificado para ser usado a temperaturas y presiones m\u00e1s altas, y adem\u00e1s, provisto de una protecci\u00f3n de despresurizaci\u00f3n de seguridad. Las temperaturas y presiones de operaci\u00f3n hasta 250\u00b0C y 1800 psig como m\u00e1ximo, est\u00e1n permitidas en este recipiente, usando un revestimiento de pared gruesa de PTFE con un sello acho, con bridas. Las fuerzas requeridas para sellar el revestimiento se desarrollan apretando la tapa del recipiente con una llave mientras se mantiene el recipiente en un mobiliario especial. Un disco de seguridad para despresurizaci\u00f3n en la tapa del recipiente est\u00e1 dise\u00f1ado para estallar y liberar la presi\u00f3n a trav\u00e9s de una abertura en la tapa a aproximadamente 3500 psig. Por su capacidad de alta temperatura y disco de seguridad para despresurizaci\u00f3nes un recipiente excelente para todos los prop\u00f3sitos de digesti\u00f3n en general, y particularmente para procedimientos experimentales en los que el comportamiento de los reactivos no ha sido bien establecido.<\/p>\n<p>Una de las primeras aplicaciones de este recipiente, que sigue siendo uno de sus principales usos, es la digesti\u00f3n de las muestras de al\u00famina a temperaturas de 250\u00b0C. Para esta y otras digestiones dif\u00edciles, Parr ofrece un anillo opcional de volteo que se puede conectar al cuerpo recipiente. Con este anillo, el recipiente rueda suavemente cuando se coloca sobre un rodillo motorizado, proporcionando as\u00ed un medio conveniente para agitar la carga durante procedimientos de digesti\u00f3n largos.<\/p>\n<p>El art\u00edculo 4749A es una modificaci\u00f3n de 10 mL del recipiente 4749 de 23 mL. Es el recipiente m\u00e1s peque\u00f1os de todas las bombas de digesti\u00f3n \u00e1cida de Parr. Ser\u00e1 una buena opci\u00f3n que trabajan con materiales muy costosos o materiales que est\u00e1n disponibles en peque\u00f1as cantidades. Tambi\u00e9n ser\u00e1 atractivo para usuarios que deseen disminuir los riesgos asociados con materiales o reacciones peligrosas al restringir el uso en cantidades m\u00ednimas de reactivos y productos. El uso de la bomba 4749A tambi\u00e9n ayudar\u00e1 a minimizar las cantidades de productos de desecho que pueden requerir procedimiento especiales para su eliminaci\u00f3n.<\/p>\n<figure id=\"attachment_39172\" aria-describedby=\"caption-attachment-39172\" style=\"width: 150px\" class=\"wp-caption alignleft\"><a href=\"https:\/\/i0.wp.com\/www.parrinst.com\/es\/wp-content\/uploads\/sites\/7\/2019\/03\/A280AC_web.jpg?ssl=1\"><img data-recalc-dims=\"1\" loading=\"lazy\" decoding=\"async\" class=\"wp-image-39172\" src=\"https:\/\/i0.wp.com\/www.parrinst.com\/es\/wp-content\/uploads\/sites\/7\/2019\/03\/A280AC_web.jpg?resize=150%2C187&#038;ssl=1\" alt=\"A280AC Copa de Tefl\u00f3n con tapa, 23 mL\" width=\"150\" height=\"187\" srcset=\"https:\/\/i0.wp.com\/www.parrinst.com\/es\/wp-content\/uploads\/sites\/7\/2019\/03\/A280AC_web.jpg?w=225&amp;ssl=1 225w, https:\/\/i0.wp.com\/www.parrinst.com\/es\/wp-content\/uploads\/sites\/7\/2019\/03\/A280AC_web.jpg?resize=121%2C150&amp;ssl=1 121w\" sizes=\"auto, (max-width: 150px) 100vw, 150px\" \/><\/a><figcaption id=\"caption-attachment-39172\" class=\"wp-caption-text\">A280AC<br \/>Copa de Tefl\u00f3n con tapa<br \/>23 mL<\/figcaption><\/figure>\n<figure id=\"attachment_39173\" aria-describedby=\"caption-attachment-39173\" style=\"width: 150px\" class=\"wp-caption alignleft\"><a href=\"https:\/\/i0.wp.com\/www.parrinst.com\/es\/wp-content\/uploads\/sites\/7\/2019\/03\/A280AC3_web.jpg?ssl=1\"><img data-recalc-dims=\"1\" loading=\"lazy\" decoding=\"async\" class=\"wp-image-39173\" src=\"https:\/\/i0.wp.com\/www.parrinst.com\/es\/wp-content\/uploads\/sites\/7\/2019\/03\/A280AC3_web.jpg?resize=150%2C187&#038;ssl=1\" alt=\"A280AC3 Copa de Tefl\u00f3n con tapa, 10 mL\" width=\"150\" height=\"187\" srcset=\"https:\/\/i0.wp.com\/www.parrinst.com\/es\/wp-content\/uploads\/sites\/7\/2019\/03\/A280AC3_web.jpg?w=225&amp;ssl=1 225w, https:\/\/i0.wp.com\/www.parrinst.com\/es\/wp-content\/uploads\/sites\/7\/2019\/03\/A280AC3_web.jpg?resize=121%2C150&amp;ssl=1 121w\" sizes=\"auto, (max-width: 150px) 100vw, 150px\" \/><\/a><figcaption id=\"caption-attachment-39173\" class=\"wp-caption-text\">A280AC3<br \/>Copa de Tefl\u00f3n con tapa<br \/>10 mL<\/figcaption><\/figure>\n<figure id=\"attachment_39171\" aria-describedby=\"caption-attachment-39171\" style=\"width: 150px\" class=\"wp-caption alignleft\"><a href=\"https:\/\/i0.wp.com\/www.parrinst.com\/es\/wp-content\/uploads\/sites\/7\/2019\/03\/A280AC4_web.jpg?ssl=1\"><img data-recalc-dims=\"1\" loading=\"lazy\" decoding=\"async\" class=\"wp-image-39171\" src=\"https:\/\/i0.wp.com\/www.parrinst.com\/es\/wp-content\/uploads\/sites\/7\/2019\/03\/A280AC4_web.jpg?resize=150%2C187&#038;ssl=1\" alt=\"A280AC4 Copa de Tefl\u00f3n con tapa, 5 mL\" width=\"150\" height=\"187\" srcset=\"https:\/\/i0.wp.com\/www.parrinst.com\/es\/wp-content\/uploads\/sites\/7\/2019\/03\/A280AC4_web.jpg?w=225&amp;ssl=1 225w, https:\/\/i0.wp.com\/www.parrinst.com\/es\/wp-content\/uploads\/sites\/7\/2019\/03\/A280AC4_web.jpg?resize=121%2C150&amp;ssl=1 121w\" sizes=\"auto, (max-width: 150px) 100vw, 150px\" \/><\/a><figcaption id=\"caption-attachment-39171\" class=\"wp-caption-text\">A280AC4<br \/>Copa de Tefl\u00f3n con tapa<br \/>5 mL<\/figcaption><\/figure>\n<figure id=\"attachment_39170\" aria-describedby=\"caption-attachment-39170\" style=\"width: 150px\" class=\"wp-caption alignleft\"><a href=\"https:\/\/i0.wp.com\/www.parrinst.com\/es\/wp-content\/uploads\/sites\/7\/2019\/03\/A280AC5_web.jpg?ssl=1\"><img data-recalc-dims=\"1\" loading=\"lazy\" decoding=\"async\" class=\"wp-image-39170\" src=\"https:\/\/i0.wp.com\/www.parrinst.com\/es\/wp-content\/uploads\/sites\/7\/2019\/03\/A280AC5_web.jpg?resize=150%2C187&#038;ssl=1\" alt=\"A280AC5 Copa de Tefl\u00f3n con tapa, 11 mL\" width=\"150\" height=\"187\" srcset=\"https:\/\/i0.wp.com\/www.parrinst.com\/es\/wp-content\/uploads\/sites\/7\/2019\/03\/A280AC5_web.jpg?w=225&amp;ssl=1 225w, https:\/\/i0.wp.com\/www.parrinst.com\/es\/wp-content\/uploads\/sites\/7\/2019\/03\/A280AC5_web.jpg?resize=121%2C150&amp;ssl=1 121w\" sizes=\"auto, (max-width: 150px) 100vw, 150px\" \/><\/a><figcaption id=\"caption-attachment-39170\" class=\"wp-caption-text\">A280AC5<br \/>Copa de Tefl\u00f3n con tapa<br \/>11 mL<\/figcaption><\/figure>\n<figure id=\"attachment_39169\" aria-describedby=\"caption-attachment-39169\" style=\"width: 150px\" class=\"wp-caption alignleft\"><a href=\"https:\/\/i0.wp.com\/www.parrinst.com\/es\/wp-content\/uploads\/sites\/7\/2019\/03\/A280AC6_web.jpg?ssl=1\"><img data-recalc-dims=\"1\" loading=\"lazy\" decoding=\"async\" class=\"wp-image-39169\" src=\"https:\/\/i0.wp.com\/www.parrinst.com\/es\/wp-content\/uploads\/sites\/7\/2019\/03\/A280AC6_web.jpg?resize=150%2C187&#038;ssl=1\" alt=\"A280AC6 Copa de Tefl\u00f3n con tapa 6 mL\" width=\"150\" height=\"187\" srcset=\"https:\/\/i0.wp.com\/www.parrinst.com\/es\/wp-content\/uploads\/sites\/7\/2019\/03\/A280AC6_web.jpg?w=225&amp;ssl=1 225w, https:\/\/i0.wp.com\/www.parrinst.com\/es\/wp-content\/uploads\/sites\/7\/2019\/03\/A280AC6_web.jpg?resize=121%2C150&amp;ssl=1 121w\" sizes=\"auto, (max-width: 150px) 100vw, 150px\" \/><\/a><figcaption id=\"caption-attachment-39169\" class=\"wp-caption-text\">A280AC6<br \/>Copa de Tefl\u00f3n con tapa<br \/>6 mL<\/figcaption><\/figure>\n<p>Los accesorios como llave inglesa, accesorio de soporte y anillo de volteo no se incluyen con el recipiente y deben pedirse por separado.<\/p>\n","protected":false},"excerpt":{"rendered":"<p>5 ml &#8211; 23 ml, 250 \u00b0C, 1800 psig El 4749 es un recipiente de digesti\u00f3n \u00e1cida de uso general de 23 ml, similar al Modelo original 4745, pero modificado para ser usado a temperaturas y presiones m\u00e1s altas, y adem\u00e1s, provisto de una protecci\u00f3n de despresurizaci\u00f3n de seguridad. Las temperaturas y presiones de operaci\u00f3n [&hellip;]<\/p>\n","protected":false},"author":1,"featured_media":37722,"parent":292,"menu_order":0,"comment_status":"closed","ping_status":"closed","template":"product-narrow.php","meta":{"_acf_changed":false,"footnotes":"","_links_to":"","_links_to_target":""},"class_list":["post-711","page","type-page","status-publish","has-post-thumbnail","hentry"],"acf":[],"yoast_head":"<!-- This site is optimized with the Yoast SEO plugin v27.4 - https:\/\/yoast.com\/product\/yoast-seo-wordpress\/ -->\n<title>Recipiente de Digesti\u00f3n \u00c1cida de Uso General Modelo 4749, 5 ml - 23 ml - Parr Instrument (Espa\u00f1ol)<\/title>\n<meta name=\"robots\" content=\"index, follow, max-snippet:-1, max-image-preview:large, max-video-preview:-1\" \/>\n<link rel=\"canonical\" href=\"https:\/\/www.parrinst.com\/es\/products\/sample-preparation\/acid-digestion\/general-purpose-acid-digestion-vessel-model-4749-23-ml\/\" \/>\n<meta property=\"og:locale\" content=\"en_US\" \/>\n<meta property=\"og:type\" content=\"article\" \/>\n<meta property=\"og:title\" content=\"Recipiente de Digesti\u00f3n \u00c1cida de Uso General Modelo 4749, 5 ml - 23 ml - Parr Instrument (Espa\u00f1ol)\" \/>\n<meta property=\"og:description\" content=\"5 ml &#8211; 23 ml, 250 \u00b0C, 1800 psig El 4749 es un recipiente de digesti\u00f3n \u00e1cida de uso general de 23 ml, similar al Modelo original 4745, pero modificado para ser usado a temperaturas y presiones m\u00e1s altas, y adem\u00e1s, provisto de una protecci\u00f3n de despresurizaci\u00f3n de seguridad. Las temperaturas y presiones de operaci\u00f3n [&hellip;]\" \/>\n<meta property=\"og:url\" content=\"https:\/\/www.parrinst.com\/es\/products\/sample-preparation\/acid-digestion\/general-purpose-acid-digestion-vessel-model-4749-23-ml\/\" \/>\n<meta property=\"og:site_name\" content=\"Parr Instrument (Espa\u00f1ol)\" \/>\n<meta property=\"article:modified_time\" content=\"2019-03-18T19:31:26+00:00\" \/>\n<meta property=\"og:image\" content=\"https:\/\/www.parrinst.com\/es\/files\/2018\/01\/parr_banner_sample-prep_secondary-1.jpg\" \/>\n\t<meta property=\"og:image:width\" content=\"2200\" \/>\n\t<meta property=\"og:image:height\" content=\"399\" \/>\n\t<meta property=\"og:image:type\" content=\"image\/jpeg\" \/>\n<meta name=\"twitter:card\" content=\"summary_large_image\" \/>\n<meta name=\"twitter:label1\" content=\"Est. reading time\" \/>\n\t<meta name=\"twitter:data1\" content=\"2 minutes\" \/>\n<script type=\"application\/ld+json\" class=\"yoast-schema-graph\">{\"@context\":\"https:\\\/\\\/schema.org\",\"@graph\":[{\"@type\":\"WebPage\",\"@id\":\"https:\\\/\\\/www.parrinst.com\\\/es\\\/products\\\/sample-preparation\\\/acid-digestion\\\/general-purpose-acid-digestion-vessel-model-4749-23-ml\\\/\",\"url\":\"https:\\\/\\\/www.parrinst.com\\\/es\\\/products\\\/sample-preparation\\\/acid-digestion\\\/general-purpose-acid-digestion-vessel-model-4749-23-ml\\\/\",\"name\":\"Recipiente de Digesti\u00f3n \u00c1cida de Uso General Modelo 4749, 5 ml - 23 ml - Parr Instrument (Espa\u00f1ol)\",\"isPartOf\":{\"@id\":\"https:\\\/\\\/www.parrinst.com\\\/es\\\/#website\"},\"primaryImageOfPage\":{\"@id\":\"https:\\\/\\\/www.parrinst.com\\\/es\\\/products\\\/sample-preparation\\\/acid-digestion\\\/general-purpose-acid-digestion-vessel-model-4749-23-ml\\\/#primaryimage\"},\"image\":{\"@id\":\"https:\\\/\\\/www.parrinst.com\\\/es\\\/products\\\/sample-preparation\\\/acid-digestion\\\/general-purpose-acid-digestion-vessel-model-4749-23-ml\\\/#primaryimage\"},\"thumbnailUrl\":\"https:\\\/\\\/i0.wp.com\\\/www.parrinst.com\\\/es\\\/wp-content\\\/uploads\\\/sites\\\/7\\\/2018\\\/01\\\/parr_banner_sample-prep_secondary-1.jpg?fit=2200%2C399&ssl=1\",\"datePublished\":\"2011-05-04T23:39:19+00:00\",\"dateModified\":\"2019-03-18T19:31:26+00:00\",\"breadcrumb\":{\"@id\":\"https:\\\/\\\/www.parrinst.com\\\/es\\\/products\\\/sample-preparation\\\/acid-digestion\\\/general-purpose-acid-digestion-vessel-model-4749-23-ml\\\/#breadcrumb\"},\"inLanguage\":\"en-US\",\"potentialAction\":[{\"@type\":\"ReadAction\",\"target\":[\"https:\\\/\\\/www.parrinst.com\\\/es\\\/products\\\/sample-preparation\\\/acid-digestion\\\/general-purpose-acid-digestion-vessel-model-4749-23-ml\\\/\"]}]},{\"@type\":\"ImageObject\",\"inLanguage\":\"en-US\",\"@id\":\"https:\\\/\\\/www.parrinst.com\\\/es\\\/products\\\/sample-preparation\\\/acid-digestion\\\/general-purpose-acid-digestion-vessel-model-4749-23-ml\\\/#primaryimage\",\"url\":\"https:\\\/\\\/i0.wp.com\\\/www.parrinst.com\\\/es\\\/wp-content\\\/uploads\\\/sites\\\/7\\\/2018\\\/01\\\/parr_banner_sample-prep_secondary-1.jpg?fit=2200%2C399&ssl=1\",\"contentUrl\":\"https:\\\/\\\/i0.wp.com\\\/www.parrinst.com\\\/es\\\/wp-content\\\/uploads\\\/sites\\\/7\\\/2018\\\/01\\\/parr_banner_sample-prep_secondary-1.jpg?fit=2200%2C399&ssl=1\",\"width\":2200,\"height\":399},{\"@type\":\"BreadcrumbList\",\"@id\":\"https:\\\/\\\/www.parrinst.com\\\/es\\\/products\\\/sample-preparation\\\/acid-digestion\\\/general-purpose-acid-digestion-vessel-model-4749-23-ml\\\/#breadcrumb\",\"itemListElement\":[{\"@type\":\"ListItem\",\"position\":1,\"name\":\"Home\",\"item\":\"https:\\\/\\\/www.parrinst.com\\\/es\\\/\"},{\"@type\":\"ListItem\",\"position\":2,\"name\":\"Products\",\"item\":\"https:\\\/\\\/www.parrinst.com\\\/es\\\/products\\\/\"},{\"@type\":\"ListItem\",\"position\":3,\"name\":\"Preparaci\u00f3n de Muestras\",\"item\":\"https:\\\/\\\/www.parrinst.com\\\/es\\\/products\\\/sample-preparation\\\/\"},{\"@type\":\"ListItem\",\"position\":4,\"name\":\"Digesti\u00f3n \u00c1cida\",\"item\":\"https:\\\/\\\/www.parrinst.com\\\/es\\\/products\\\/sample-preparation\\\/acid-digestion\\\/\"},{\"@type\":\"ListItem\",\"position\":5,\"name\":\"Recipiente de Digesti\u00f3n \u00c1cida de Uso General Modelo 4749, 5 ml &#8211; 23 ml\"}]},{\"@type\":\"WebSite\",\"@id\":\"https:\\\/\\\/www.parrinst.com\\\/es\\\/#website\",\"url\":\"https:\\\/\\\/www.parrinst.com\\\/es\\\/\",\"name\":\"Parr Instrument (Espa\u00f1ol)\",\"description\":\"\",\"potentialAction\":[{\"@type\":\"SearchAction\",\"target\":{\"@type\":\"EntryPoint\",\"urlTemplate\":\"https:\\\/\\\/www.parrinst.com\\\/es\\\/?s={search_term_string}\"},\"query-input\":{\"@type\":\"PropertyValueSpecification\",\"valueRequired\":true,\"valueName\":\"search_term_string\"}}],\"inLanguage\":\"en-US\"}]}<\/script>\n<!-- \/ Yoast SEO plugin. -->","yoast_head_json":{"title":"Recipiente de Digesti\u00f3n \u00c1cida de Uso General Modelo 4749, 5 ml - 23 ml - Parr Instrument (Espa\u00f1ol)","robots":{"index":"index","follow":"follow","max-snippet":"max-snippet:-1","max-image-preview":"max-image-preview:large","max-video-preview":"max-video-preview:-1"},"canonical":"https:\/\/www.parrinst.com\/es\/products\/sample-preparation\/acid-digestion\/general-purpose-acid-digestion-vessel-model-4749-23-ml\/","og_locale":"en_US","og_type":"article","og_title":"Recipiente de Digesti\u00f3n \u00c1cida de Uso General Modelo 4749, 5 ml - 23 ml - Parr Instrument (Espa\u00f1ol)","og_description":"5 ml &#8211; 23 ml, 250 \u00b0C, 1800 psig El 4749 es un recipiente de digesti\u00f3n \u00e1cida de uso general de 23 ml, similar al Modelo original 4745, pero modificado para ser usado a temperaturas y presiones m\u00e1s altas, y adem\u00e1s, provisto de una protecci\u00f3n de despresurizaci\u00f3n de seguridad. Las temperaturas y presiones de operaci\u00f3n [&hellip;]","og_url":"https:\/\/www.parrinst.com\/es\/products\/sample-preparation\/acid-digestion\/general-purpose-acid-digestion-vessel-model-4749-23-ml\/","og_site_name":"Parr Instrument (Espa\u00f1ol)","article_modified_time":"2019-03-18T19:31:26+00:00","og_image":[{"width":2200,"height":399,"url":"https:\/\/www.parrinst.com\/es\/files\/2018\/01\/parr_banner_sample-prep_secondary-1.jpg","type":"image\/jpeg"}],"twitter_card":"summary_large_image","twitter_misc":{"Est. reading time":"2 minutes"},"schema":{"@context":"https:\/\/schema.org","@graph":[{"@type":"WebPage","@id":"https:\/\/www.parrinst.com\/es\/products\/sample-preparation\/acid-digestion\/general-purpose-acid-digestion-vessel-model-4749-23-ml\/","url":"https:\/\/www.parrinst.com\/es\/products\/sample-preparation\/acid-digestion\/general-purpose-acid-digestion-vessel-model-4749-23-ml\/","name":"Recipiente de Digesti\u00f3n \u00c1cida de Uso General Modelo 4749, 5 ml - 23 ml - Parr Instrument (Espa\u00f1ol)","isPartOf":{"@id":"https:\/\/www.parrinst.com\/es\/#website"},"primaryImageOfPage":{"@id":"https:\/\/www.parrinst.com\/es\/products\/sample-preparation\/acid-digestion\/general-purpose-acid-digestion-vessel-model-4749-23-ml\/#primaryimage"},"image":{"@id":"https:\/\/www.parrinst.com\/es\/products\/sample-preparation\/acid-digestion\/general-purpose-acid-digestion-vessel-model-4749-23-ml\/#primaryimage"},"thumbnailUrl":"https:\/\/i0.wp.com\/www.parrinst.com\/es\/wp-content\/uploads\/sites\/7\/2018\/01\/parr_banner_sample-prep_secondary-1.jpg?fit=2200%2C399&ssl=1","datePublished":"2011-05-04T23:39:19+00:00","dateModified":"2019-03-18T19:31:26+00:00","breadcrumb":{"@id":"https:\/\/www.parrinst.com\/es\/products\/sample-preparation\/acid-digestion\/general-purpose-acid-digestion-vessel-model-4749-23-ml\/#breadcrumb"},"inLanguage":"en-US","potentialAction":[{"@type":"ReadAction","target":["https:\/\/www.parrinst.com\/es\/products\/sample-preparation\/acid-digestion\/general-purpose-acid-digestion-vessel-model-4749-23-ml\/"]}]},{"@type":"ImageObject","inLanguage":"en-US","@id":"https:\/\/www.parrinst.com\/es\/products\/sample-preparation\/acid-digestion\/general-purpose-acid-digestion-vessel-model-4749-23-ml\/#primaryimage","url":"https:\/\/i0.wp.com\/www.parrinst.com\/es\/wp-content\/uploads\/sites\/7\/2018\/01\/parr_banner_sample-prep_secondary-1.jpg?fit=2200%2C399&ssl=1","contentUrl":"https:\/\/i0.wp.com\/www.parrinst.com\/es\/wp-content\/uploads\/sites\/7\/2018\/01\/parr_banner_sample-prep_secondary-1.jpg?fit=2200%2C399&ssl=1","width":2200,"height":399},{"@type":"BreadcrumbList","@id":"https:\/\/www.parrinst.com\/es\/products\/sample-preparation\/acid-digestion\/general-purpose-acid-digestion-vessel-model-4749-23-ml\/#breadcrumb","itemListElement":[{"@type":"ListItem","position":1,"name":"Home","item":"https:\/\/www.parrinst.com\/es\/"},{"@type":"ListItem","position":2,"name":"Products","item":"https:\/\/www.parrinst.com\/es\/products\/"},{"@type":"ListItem","position":3,"name":"Preparaci\u00f3n de Muestras","item":"https:\/\/www.parrinst.com\/es\/products\/sample-preparation\/"},{"@type":"ListItem","position":4,"name":"Digesti\u00f3n \u00c1cida","item":"https:\/\/www.parrinst.com\/es\/products\/sample-preparation\/acid-digestion\/"},{"@type":"ListItem","position":5,"name":"Recipiente de Digesti\u00f3n \u00c1cida de Uso General Modelo 4749, 5 ml &#8211; 23 ml"}]},{"@type":"WebSite","@id":"https:\/\/www.parrinst.com\/es\/#website","url":"https:\/\/www.parrinst.com\/es\/","name":"Parr Instrument (Espa\u00f1ol)","description":"","potentialAction":[{"@type":"SearchAction","target":{"@type":"EntryPoint","urlTemplate":"https:\/\/www.parrinst.com\/es\/?s={search_term_string}"},"query-input":{"@type":"PropertyValueSpecification","valueRequired":true,"valueName":"search_term_string"}}],"inLanguage":"en-US"}]}},"jetpack_sharing_enabled":true,"_links":{"self":[{"href":"https:\/\/www.parrinst.com\/es\/wp-json\/wp\/v2\/pages\/711","targetHints":{"allow":["GET"]}}],"collection":[{"href":"https:\/\/www.parrinst.com\/es\/wp-json\/wp\/v2\/pages"}],"about":[{"href":"https:\/\/www.parrinst.com\/es\/wp-json\/wp\/v2\/types\/page"}],"author":[{"embeddable":true,"href":"https:\/\/www.parrinst.com\/es\/wp-json\/wp\/v2\/users\/1"}],"replies":[{"embeddable":true,"href":"https:\/\/www.parrinst.com\/es\/wp-json\/wp\/v2\/comments?post=711"}],"version-history":[{"count":7,"href":"https:\/\/www.parrinst.com\/es\/wp-json\/wp\/v2\/pages\/711\/revisions"}],"predecessor-version":[{"id":39175,"href":"https:\/\/www.parrinst.com\/es\/wp-json\/wp\/v2\/pages\/711\/revisions\/39175"}],"up":[{"embeddable":true,"href":"https:\/\/www.parrinst.com\/es\/wp-json\/wp\/v2\/pages\/292"}],"wp:featuredmedia":[{"embeddable":true,"href":"https:\/\/www.parrinst.com\/es\/wp-json\/wp\/v2\/media\/37722"}],"wp:attachment":[{"href":"https:\/\/www.parrinst.com\/es\/wp-json\/wp\/v2\/media?parent=711"}],"curies":[{"name":"wp","href":"https:\/\/api.w.org\/{rel}","templated":true}]}}