{"id":713,"date":"2011-05-04T18:39:33","date_gmt":"2011-05-04T23:39:33","guid":{"rendered":"https:\/\/www.parrinst.com\/?page_id=713"},"modified":"2018-11-02T11:43:26","modified_gmt":"2018-11-02T16:43:26","slug":"microwave-acid-digestion-vessels-models-4781-4782-23-45-ml","status":"publish","type":"page","link":"https:\/\/www.parrinst.com\/es\/products\/sample-preparation\/acid-digestion\/microwave-acid-digestion-vessels-models-4781-4782-23-45-ml\/","title":{"rendered":"Recipientes de Digesti\u00f3n \u00c1cida de Microondas, 23 y 45 ml, Modelos 4781 y 4782"},"content":{"rendered":"<figure id=\"attachment_37896\" aria-describedby=\"caption-attachment-37896\" style=\"width: 266px\" class=\"wp-caption alignright\"><a href=\"https:\/\/i0.wp.com\/www.parrinst.com\/es\/wp-content\/uploads\/sites\/7\/2018\/02\/4781-4782_Microwave-digestion-bombs.jpg?ssl=1\"><img data-recalc-dims=\"1\" loading=\"lazy\" decoding=\"async\" class=\"wp-image-37896 size-medium\" src=\"https:\/\/i0.wp.com\/www.parrinst.com\/es\/wp-content\/uploads\/sites\/7\/2018\/02\/4781-4782_Microwave-digestion-bombs.jpg?resize=266%2C300&#038;ssl=1\" alt=\"Recipientes de Digesti\u00f3n \u00c1cida de Microondas 4781\/4782\" width=\"266\" height=\"300\" srcset=\"https:\/\/i0.wp.com\/www.parrinst.com\/es\/wp-content\/uploads\/sites\/7\/2018\/02\/4781-4782_Microwave-digestion-bombs.jpg?resize=266%2C300&amp;ssl=1 266w, https:\/\/i0.wp.com\/www.parrinst.com\/es\/wp-content\/uploads\/sites\/7\/2018\/02\/4781-4782_Microwave-digestion-bombs.jpg?resize=133%2C150&amp;ssl=1 133w, https:\/\/i0.wp.com\/www.parrinst.com\/es\/wp-content\/uploads\/sites\/7\/2018\/02\/4781-4782_Microwave-digestion-bombs.jpg?w=600&amp;ssl=1 600w\" sizes=\"auto, (max-width: 266px) 100vw, 266px\" \/><\/a><figcaption id=\"caption-attachment-37896\" class=\"wp-caption-text\">Recipientes de Digesti\u00f3n \u00c1cida de Microondas 4781\/4782<\/figcaption><\/figure>\n<h3>Los Recipientes de Digesti\u00f3n \u00c1cida de Microonda proporcionan:<\/h3>\n<ul>\n<li>R\u00e1pidos tiempos de digesti\u00f3n.<\/li>\n<li>Temperaturas hasta de 250\u00b0C.<\/li>\n<li>Presi\u00f3n hasta 1200 psi.<\/li>\n<li>Contenci\u00f3n completa de vol\u00e1tiles.<\/li>\n<li>Ausencia de contaminaci\u00f3n por metales.<\/li>\n<\/ul>\n<h3>Recipientes de Digesti\u00f3n de Microondas<\/h3>\n<p>Adem\u00e1s de los recipientes \u00fanicos de digesti\u00f3n \u00e1cida, Parr ofrece una l\u00ednea de recipientes qu\u00edmicamente inertes en los que se puede utilizar el calentamiento por microondas para la r\u00e1pida disoluci\u00f3n de la muestra en un recipiente sellado. \u00a0Estos recipientes pueden ser colocados directamente en un horno de microondas para el calentamiento espec\u00edfico, de alta velocidad para reducir dr\u00e1sticamente el tiempo necesario para disolver o digerir una muestra anal\u00edtica. Se hacen en dos tama\u00f1os que pueden calentarse en cualquier horno de microondas comercial regularmente ofrecido para uso dom\u00e9stico. No es necesario un horno especialmente y\/o ventilado.<\/p>\n<h3>Procedimientos Anal\u00edticos Acelerados<\/h3>\n<p>La acci\u00f3n agresiva de digesti\u00f3n producida a las temperaturas m\u00e1s altas y presiones generadas en estos recipientes resulta en tiempos de digesti\u00f3n notablemente cortos, con muchos materiales que requieren menos de un minuto de exposici\u00f3n para obtener una disoluci\u00f3n completa.\u00a0Su dise\u00f1o \u00fanico y de alta resistencia proporciona una acci\u00f3n mucho m\u00e1s rotunda de la que se puede obtener con sistemas de digesti\u00f3n de microondas de copa abierta las cu\u00e1les est\u00e1n restringidas a bajas presiones y temperaturas.\u00a0\u00a0 Adem\u00e1s, no hay p\u00e9rdida de materia vol\u00e1til en estos recipientes sellados, y las partes sensibles de un horno de microondas no est\u00e1n sometidas a vapores de \u00e1cidos corrosivos. El ciclo r\u00e1pido (aproximadamente 20 a 30 minutos, incluyendo tiempo de enfriamiento) ofrecido por este procedimiento permite que las digestiones se lleven a cabo en varios pasos, si se desea, ya sea por razones anal\u00edticas o de seguridad. El \u00e1cido puede ser a\u00f1adido en varios pasos, o se pueden a\u00f1adir diferentes \u00e1cidos para disolver inorg\u00e1nicos despu\u00e9s de que una matriz org\u00e1nica haya sido destruida. Igualmente importante en la lista de ventajas que ofrecen estos recipientes es la eliminaci\u00f3n de todo metal de la estructura del recipiente. Con todas las partes del cuerpo hechas de un pol\u00edmero de alta resistencia, no hay piezas met\u00e1licas sujetas a la corrosi\u00f3n, como con los recipientes con chaqueta de metal, y no hay posibles fuentes de contaminaci\u00f3n de iones met\u00e1licos.<\/p>\n<h3>Caracter\u00edsticas \u00danicas de Seguridad<\/h3>\n<p>Varias caracter\u00edsticas \u00fanicas de sellado y seguridad han sido incorporadas en el dise\u00f1o de estos recipientes. La copa de muestra de PTFE se cierra con una junta t\u00f3rica de PTFE, auto-sellante que elimina la necesidad de pre-cargar la copa para asegurar un sellado herm\u00e9tico. Esto tambi\u00e9n elimina los efectos de la expansi\u00f3n t\u00e9rmica diferencial durante los ciclos de calentamiento y enfriamiento a la vez que proporciona todo un sistema PTFE qu\u00edmicamente inerte. Para protecci\u00f3n contra sobrepresi\u00f3n, el cierre en estos recipientes incluye un disco de alivio compresible que opera junto con el sello de la copa de junta t\u00f3rica para liberar la presi\u00f3n excesiva si se desarrolla a un punto en el que podr\u00eda destruir el recipiente y el horno. Cuando la presi\u00f3n en el recipiente alcanza aproximadamente 1500 psi, el disco de alivio se comprime lo suficiente para liberar el soporte de la junta t\u00f3rica. En este punto, la junta t\u00f3rica sin soporte se desprender\u00e1, liberando la presi\u00f3n dentro de la copa. En la mayor\u00eda de los casos todas las partes del recipiente, excepto la junta t\u00f3rica ser\u00e1n reutilizables despu\u00e9s de este evento si son r\u00e1pida y cuidadosamente limpiados e inspeccionados despu\u00e9s de la liberaci\u00f3n de presi\u00f3n.<\/p>\n<h4>Indicador de Presi\u00f3n Incorporado<\/h4>\n<p>As\u00ed como la presi\u00f3n en la copa de muestra aumenta y el disco de alivio se comprime, un tornillo de retenci\u00f3n, que normalmente est\u00e1 a nivel con la parte superior de la tapa del recipiente, sobresale por encima de la superficie superior. La cabeza de este tornillo se elevar\u00e1 aproximadamente 1\/32 pulgada por cada 500 psi de presi\u00f3n en el recipiente. As\u00ed, mediante el control de la extensi\u00f3n de la cabeza del tornillo, el usuario tendr\u00e1 una estimaci\u00f3n visual de la presi\u00f3n dentro del recipiente. Este mecanismo de liberaci\u00f3n ha sido dise\u00f1ado como protecci\u00f3n contra la acumulaci\u00f3n de presi\u00f3n relativamente gradual que puede resultar de sobrecalentar el contenido del recipiente. Sin embargo, no existe un mecanismo de alivio pueda protegerlo contra las fuerzas destructivas producidas por los materiales que detonan o explotan dentro de un recipiente de este tipo.<\/p>\n<h3>Un Cuerpo Transparente a las Microondas<\/h3>\n<p>El cuerpo y la tapa roscada de estos recipientes est\u00e1n hechos de un pol\u00edmero transparente a las microondas que tiene buena resistencia mec\u00e1nica a temperaturas de hasta 150 \u00b0C, y que sirve tambi\u00e9n como un aislante t\u00e9rmico excelente para la copa de muestra de PTFE. Dado que el calentamiento se desarrolla internamente dentro de la copa, las temperaturas en el cuerpo exterior, de alta resistencia rara vez superar los 50 \u00b0C<\/p>\n<h3>L\u00edmites de presi\u00f3n y temperatura<\/h3>\n<p>Se puede desarrollar presiones de trabajo hasta 1200 psi (8.27 MPa) y temperaturas de reactivos de hasta 250\u00b0C de forma segura en estos recipientes, pero estos l\u00edmites no se deben exceder. Obviamente, es mucho m\u00e1s f\u00e1cil especificar estos l\u00edmites que describir la forma de asegurar que sean observados cuidadosamente, ya que en estos recipientes no hay man\u00f3metro ni sonda de temperatura interna. En realidad, la calificaci\u00f3n psi 1200 presi\u00f3n supone que las partes de contenci\u00f3n del recipiente siempre se mantendr\u00e1n a temperaturas inferiores a 50\u00b0C. Lo cual suceder\u00e1 normalmente, ya que la energ\u00eda de microondas se dirige a la muestra en s\u00ed y no en al recipiente de contenci\u00f3n. Aunque las temperaturas altas se desarrollan en la muestra, se logran sin introducir grandes cantidades de calor y la energ\u00eda que se dirige a la muestra se disipa r\u00e1pidamente a la copa de PTFE y al recipiente exterior. El recipiente se va calentando al tacto, mientras el contenido se enfr\u00eda, pero no debe alcanzar temperaturas superiores a 50\u00b0C.<\/p>\n<p>Los usuarios pueden obtener una estimaci\u00f3n preliminar de la tasa efectiva de calentamiento de su horno de microondas calentando una peque\u00f1a cantidad de muestra y su medio de digesti\u00f3n en una copa abierta de PTFE, y observando el tiempo necesario para llevar el medio a ebullici\u00f3n. La mayor\u00eda de los hornos dom\u00e9sticos generar\u00e1 temperaturas internas en un rango de 200\u00b0C en un minuto cuando se utiliza el recipiente 4781 o 4782. Las unidades m\u00e1s potentes ser\u00e1n considerablemente m\u00e1s r\u00e1pidas. Despu\u00e9s de retirar el recipiente del horno normalmente se enfriar\u00e1 a temperatura ambiente en 20 \u00f3 30 minutos con circulaci\u00f3n forzada de aire. La deformaci\u00f3n excesiva de la copa, su anillo de sellado, o una fuga de \u00e1cido significativa son signos claros de que se est\u00e1n generando temperaturas y\/o presiones excesivas.<\/p>\n","protected":false},"excerpt":{"rendered":"<p>Los Recipientes de Digesti\u00f3n \u00c1cida de Microonda proporcionan: R\u00e1pidos tiempos de digesti\u00f3n. Temperaturas hasta de 250\u00b0C. Presi\u00f3n hasta 1200 psi. Contenci\u00f3n completa de vol\u00e1tiles. Ausencia de contaminaci\u00f3n por metales. Recipientes de Digesti\u00f3n de Microondas Adem\u00e1s de los recipientes \u00fanicos de digesti\u00f3n \u00e1cida, Parr ofrece una l\u00ednea de recipientes qu\u00edmicamente inertes en los que se puede [&hellip;]<\/p>\n","protected":false},"author":1,"featured_media":37722,"parent":292,"menu_order":0,"comment_status":"closed","ping_status":"closed","template":"product-narrow.php","meta":{"_acf_changed":false,"footnotes":"","_links_to":"","_links_to_target":""},"class_list":["post-713","page","type-page","status-publish","has-post-thumbnail","hentry"],"acf":[],"yoast_head":"<!-- This site is optimized with the Yoast SEO plugin v27.4 - https:\/\/yoast.com\/product\/yoast-seo-wordpress\/ -->\n<title>Recipientes de Digesti\u00f3n \u00c1cida de Microondas, 23 y 45 ml, Modelos 4781 y 4782 - Parr Instrument (Espa\u00f1ol)<\/title>\n<meta name=\"robots\" content=\"index, follow, max-snippet:-1, max-image-preview:large, max-video-preview:-1\" \/>\n<link rel=\"canonical\" href=\"https:\/\/www.parrinst.com\/es\/products\/sample-preparation\/acid-digestion\/microwave-acid-digestion-vessels-models-4781-4782-23-45-ml\/\" \/>\n<meta property=\"og:locale\" content=\"en_US\" \/>\n<meta property=\"og:type\" content=\"article\" \/>\n<meta property=\"og:title\" content=\"Recipientes de Digesti\u00f3n \u00c1cida de Microondas, 23 y 45 ml, Modelos 4781 y 4782 - Parr Instrument (Espa\u00f1ol)\" \/>\n<meta property=\"og:description\" content=\"Los Recipientes de Digesti\u00f3n \u00c1cida de Microonda proporcionan: R\u00e1pidos tiempos de digesti\u00f3n. Temperaturas hasta de 250\u00b0C. Presi\u00f3n hasta 1200 psi. Contenci\u00f3n completa de vol\u00e1tiles. Ausencia de contaminaci\u00f3n por metales. Recipientes de Digesti\u00f3n de Microondas Adem\u00e1s de los recipientes \u00fanicos de digesti\u00f3n \u00e1cida, Parr ofrece una l\u00ednea de recipientes qu\u00edmicamente inertes en los que se puede [&hellip;]\" \/>\n<meta property=\"og:url\" content=\"https:\/\/www.parrinst.com\/es\/products\/sample-preparation\/acid-digestion\/microwave-acid-digestion-vessels-models-4781-4782-23-45-ml\/\" \/>\n<meta property=\"og:site_name\" content=\"Parr Instrument (Espa\u00f1ol)\" \/>\n<meta property=\"article:modified_time\" content=\"2018-11-02T16:43:26+00:00\" \/>\n<meta property=\"og:image\" content=\"https:\/\/www.parrinst.com\/es\/files\/2018\/01\/parr_banner_sample-prep_secondary-1.jpg\" \/>\n\t<meta property=\"og:image:width\" content=\"2200\" \/>\n\t<meta property=\"og:image:height\" content=\"399\" \/>\n\t<meta property=\"og:image:type\" content=\"image\/jpeg\" \/>\n<meta name=\"twitter:card\" content=\"summary_large_image\" \/>\n<meta name=\"twitter:label1\" content=\"Est. reading time\" \/>\n\t<meta name=\"twitter:data1\" content=\"6 minutes\" \/>\n<script type=\"application\/ld+json\" class=\"yoast-schema-graph\">{\"@context\":\"https:\\\/\\\/schema.org\",\"@graph\":[{\"@type\":\"WebPage\",\"@id\":\"https:\\\/\\\/www.parrinst.com\\\/es\\\/products\\\/sample-preparation\\\/acid-digestion\\\/microwave-acid-digestion-vessels-models-4781-4782-23-45-ml\\\/\",\"url\":\"https:\\\/\\\/www.parrinst.com\\\/es\\\/products\\\/sample-preparation\\\/acid-digestion\\\/microwave-acid-digestion-vessels-models-4781-4782-23-45-ml\\\/\",\"name\":\"Recipientes de Digesti\u00f3n \u00c1cida de Microondas, 23 y 45 ml, Modelos 4781 y 4782 - Parr Instrument (Espa\u00f1ol)\",\"isPartOf\":{\"@id\":\"https:\\\/\\\/www.parrinst.com\\\/es\\\/#website\"},\"primaryImageOfPage\":{\"@id\":\"https:\\\/\\\/www.parrinst.com\\\/es\\\/products\\\/sample-preparation\\\/acid-digestion\\\/microwave-acid-digestion-vessels-models-4781-4782-23-45-ml\\\/#primaryimage\"},\"image\":{\"@id\":\"https:\\\/\\\/www.parrinst.com\\\/es\\\/products\\\/sample-preparation\\\/acid-digestion\\\/microwave-acid-digestion-vessels-models-4781-4782-23-45-ml\\\/#primaryimage\"},\"thumbnailUrl\":\"https:\\\/\\\/i0.wp.com\\\/www.parrinst.com\\\/es\\\/wp-content\\\/uploads\\\/sites\\\/7\\\/2018\\\/01\\\/parr_banner_sample-prep_secondary-1.jpg?fit=2200%2C399&ssl=1\",\"datePublished\":\"2011-05-04T23:39:33+00:00\",\"dateModified\":\"2018-11-02T16:43:26+00:00\",\"breadcrumb\":{\"@id\":\"https:\\\/\\\/www.parrinst.com\\\/es\\\/products\\\/sample-preparation\\\/acid-digestion\\\/microwave-acid-digestion-vessels-models-4781-4782-23-45-ml\\\/#breadcrumb\"},\"inLanguage\":\"en-US\",\"potentialAction\":[{\"@type\":\"ReadAction\",\"target\":[\"https:\\\/\\\/www.parrinst.com\\\/es\\\/products\\\/sample-preparation\\\/acid-digestion\\\/microwave-acid-digestion-vessels-models-4781-4782-23-45-ml\\\/\"]}]},{\"@type\":\"ImageObject\",\"inLanguage\":\"en-US\",\"@id\":\"https:\\\/\\\/www.parrinst.com\\\/es\\\/products\\\/sample-preparation\\\/acid-digestion\\\/microwave-acid-digestion-vessels-models-4781-4782-23-45-ml\\\/#primaryimage\",\"url\":\"https:\\\/\\\/i0.wp.com\\\/www.parrinst.com\\\/es\\\/wp-content\\\/uploads\\\/sites\\\/7\\\/2018\\\/01\\\/parr_banner_sample-prep_secondary-1.jpg?fit=2200%2C399&ssl=1\",\"contentUrl\":\"https:\\\/\\\/i0.wp.com\\\/www.parrinst.com\\\/es\\\/wp-content\\\/uploads\\\/sites\\\/7\\\/2018\\\/01\\\/parr_banner_sample-prep_secondary-1.jpg?fit=2200%2C399&ssl=1\",\"width\":2200,\"height\":399},{\"@type\":\"BreadcrumbList\",\"@id\":\"https:\\\/\\\/www.parrinst.com\\\/es\\\/products\\\/sample-preparation\\\/acid-digestion\\\/microwave-acid-digestion-vessels-models-4781-4782-23-45-ml\\\/#breadcrumb\",\"itemListElement\":[{\"@type\":\"ListItem\",\"position\":1,\"name\":\"Home\",\"item\":\"https:\\\/\\\/www.parrinst.com\\\/es\\\/\"},{\"@type\":\"ListItem\",\"position\":2,\"name\":\"Products\",\"item\":\"https:\\\/\\\/www.parrinst.com\\\/es\\\/products\\\/\"},{\"@type\":\"ListItem\",\"position\":3,\"name\":\"Preparaci\u00f3n de Muestras\",\"item\":\"https:\\\/\\\/www.parrinst.com\\\/es\\\/products\\\/sample-preparation\\\/\"},{\"@type\":\"ListItem\",\"position\":4,\"name\":\"Digesti\u00f3n \u00c1cida\",\"item\":\"https:\\\/\\\/www.parrinst.com\\\/es\\\/products\\\/sample-preparation\\\/acid-digestion\\\/\"},{\"@type\":\"ListItem\",\"position\":5,\"name\":\"Recipientes de Digesti\u00f3n \u00c1cida de Microondas, 23 y 45 ml, Modelos 4781 y 4782\"}]},{\"@type\":\"WebSite\",\"@id\":\"https:\\\/\\\/www.parrinst.com\\\/es\\\/#website\",\"url\":\"https:\\\/\\\/www.parrinst.com\\\/es\\\/\",\"name\":\"Parr Instrument (Espa\u00f1ol)\",\"description\":\"\",\"potentialAction\":[{\"@type\":\"SearchAction\",\"target\":{\"@type\":\"EntryPoint\",\"urlTemplate\":\"https:\\\/\\\/www.parrinst.com\\\/es\\\/?s={search_term_string}\"},\"query-input\":{\"@type\":\"PropertyValueSpecification\",\"valueRequired\":true,\"valueName\":\"search_term_string\"}}],\"inLanguage\":\"en-US\"}]}<\/script>\n<!-- \/ Yoast SEO plugin. -->","yoast_head_json":{"title":"Recipientes de Digesti\u00f3n \u00c1cida de Microondas, 23 y 45 ml, Modelos 4781 y 4782 - Parr Instrument (Espa\u00f1ol)","robots":{"index":"index","follow":"follow","max-snippet":"max-snippet:-1","max-image-preview":"max-image-preview:large","max-video-preview":"max-video-preview:-1"},"canonical":"https:\/\/www.parrinst.com\/es\/products\/sample-preparation\/acid-digestion\/microwave-acid-digestion-vessels-models-4781-4782-23-45-ml\/","og_locale":"en_US","og_type":"article","og_title":"Recipientes de Digesti\u00f3n \u00c1cida de Microondas, 23 y 45 ml, Modelos 4781 y 4782 - Parr Instrument (Espa\u00f1ol)","og_description":"Los Recipientes de Digesti\u00f3n \u00c1cida de Microonda proporcionan: R\u00e1pidos tiempos de digesti\u00f3n. Temperaturas hasta de 250\u00b0C. Presi\u00f3n hasta 1200 psi. Contenci\u00f3n completa de vol\u00e1tiles. Ausencia de contaminaci\u00f3n por metales. Recipientes de Digesti\u00f3n de Microondas Adem\u00e1s de los recipientes \u00fanicos de digesti\u00f3n \u00e1cida, Parr ofrece una l\u00ednea de recipientes qu\u00edmicamente inertes en los que se puede [&hellip;]","og_url":"https:\/\/www.parrinst.com\/es\/products\/sample-preparation\/acid-digestion\/microwave-acid-digestion-vessels-models-4781-4782-23-45-ml\/","og_site_name":"Parr Instrument (Espa\u00f1ol)","article_modified_time":"2018-11-02T16:43:26+00:00","og_image":[{"width":2200,"height":399,"url":"https:\/\/www.parrinst.com\/es\/files\/2018\/01\/parr_banner_sample-prep_secondary-1.jpg","type":"image\/jpeg"}],"twitter_card":"summary_large_image","twitter_misc":{"Est. reading time":"6 minutes"},"schema":{"@context":"https:\/\/schema.org","@graph":[{"@type":"WebPage","@id":"https:\/\/www.parrinst.com\/es\/products\/sample-preparation\/acid-digestion\/microwave-acid-digestion-vessels-models-4781-4782-23-45-ml\/","url":"https:\/\/www.parrinst.com\/es\/products\/sample-preparation\/acid-digestion\/microwave-acid-digestion-vessels-models-4781-4782-23-45-ml\/","name":"Recipientes de Digesti\u00f3n \u00c1cida de Microondas, 23 y 45 ml, Modelos 4781 y 4782 - Parr Instrument (Espa\u00f1ol)","isPartOf":{"@id":"https:\/\/www.parrinst.com\/es\/#website"},"primaryImageOfPage":{"@id":"https:\/\/www.parrinst.com\/es\/products\/sample-preparation\/acid-digestion\/microwave-acid-digestion-vessels-models-4781-4782-23-45-ml\/#primaryimage"},"image":{"@id":"https:\/\/www.parrinst.com\/es\/products\/sample-preparation\/acid-digestion\/microwave-acid-digestion-vessels-models-4781-4782-23-45-ml\/#primaryimage"},"thumbnailUrl":"https:\/\/i0.wp.com\/www.parrinst.com\/es\/wp-content\/uploads\/sites\/7\/2018\/01\/parr_banner_sample-prep_secondary-1.jpg?fit=2200%2C399&ssl=1","datePublished":"2011-05-04T23:39:33+00:00","dateModified":"2018-11-02T16:43:26+00:00","breadcrumb":{"@id":"https:\/\/www.parrinst.com\/es\/products\/sample-preparation\/acid-digestion\/microwave-acid-digestion-vessels-models-4781-4782-23-45-ml\/#breadcrumb"},"inLanguage":"en-US","potentialAction":[{"@type":"ReadAction","target":["https:\/\/www.parrinst.com\/es\/products\/sample-preparation\/acid-digestion\/microwave-acid-digestion-vessels-models-4781-4782-23-45-ml\/"]}]},{"@type":"ImageObject","inLanguage":"en-US","@id":"https:\/\/www.parrinst.com\/es\/products\/sample-preparation\/acid-digestion\/microwave-acid-digestion-vessels-models-4781-4782-23-45-ml\/#primaryimage","url":"https:\/\/i0.wp.com\/www.parrinst.com\/es\/wp-content\/uploads\/sites\/7\/2018\/01\/parr_banner_sample-prep_secondary-1.jpg?fit=2200%2C399&ssl=1","contentUrl":"https:\/\/i0.wp.com\/www.parrinst.com\/es\/wp-content\/uploads\/sites\/7\/2018\/01\/parr_banner_sample-prep_secondary-1.jpg?fit=2200%2C399&ssl=1","width":2200,"height":399},{"@type":"BreadcrumbList","@id":"https:\/\/www.parrinst.com\/es\/products\/sample-preparation\/acid-digestion\/microwave-acid-digestion-vessels-models-4781-4782-23-45-ml\/#breadcrumb","itemListElement":[{"@type":"ListItem","position":1,"name":"Home","item":"https:\/\/www.parrinst.com\/es\/"},{"@type":"ListItem","position":2,"name":"Products","item":"https:\/\/www.parrinst.com\/es\/products\/"},{"@type":"ListItem","position":3,"name":"Preparaci\u00f3n de Muestras","item":"https:\/\/www.parrinst.com\/es\/products\/sample-preparation\/"},{"@type":"ListItem","position":4,"name":"Digesti\u00f3n \u00c1cida","item":"https:\/\/www.parrinst.com\/es\/products\/sample-preparation\/acid-digestion\/"},{"@type":"ListItem","position":5,"name":"Recipientes de Digesti\u00f3n \u00c1cida de Microondas, 23 y 45 ml, Modelos 4781 y 4782"}]},{"@type":"WebSite","@id":"https:\/\/www.parrinst.com\/es\/#website","url":"https:\/\/www.parrinst.com\/es\/","name":"Parr Instrument (Espa\u00f1ol)","description":"","potentialAction":[{"@type":"SearchAction","target":{"@type":"EntryPoint","urlTemplate":"https:\/\/www.parrinst.com\/es\/?s={search_term_string}"},"query-input":{"@type":"PropertyValueSpecification","valueRequired":true,"valueName":"search_term_string"}}],"inLanguage":"en-US"}]}},"jetpack_sharing_enabled":true,"_links":{"self":[{"href":"https:\/\/www.parrinst.com\/es\/wp-json\/wp\/v2\/pages\/713","targetHints":{"allow":["GET"]}}],"collection":[{"href":"https:\/\/www.parrinst.com\/es\/wp-json\/wp\/v2\/pages"}],"about":[{"href":"https:\/\/www.parrinst.com\/es\/wp-json\/wp\/v2\/types\/page"}],"author":[{"embeddable":true,"href":"https:\/\/www.parrinst.com\/es\/wp-json\/wp\/v2\/users\/1"}],"replies":[{"embeddable":true,"href":"https:\/\/www.parrinst.com\/es\/wp-json\/wp\/v2\/comments?post=713"}],"version-history":[{"count":6,"href":"https:\/\/www.parrinst.com\/es\/wp-json\/wp\/v2\/pages\/713\/revisions"}],"predecessor-version":[{"id":38934,"href":"https:\/\/www.parrinst.com\/es\/wp-json\/wp\/v2\/pages\/713\/revisions\/38934"}],"up":[{"embeddable":true,"href":"https:\/\/www.parrinst.com\/es\/wp-json\/wp\/v2\/pages\/292"}],"wp:featuredmedia":[{"embeddable":true,"href":"https:\/\/www.parrinst.com\/es\/wp-json\/wp\/v2\/media\/37722"}],"wp:attachment":[{"href":"https:\/\/www.parrinst.com\/es\/wp-json\/wp\/v2\/media?parent=713"}],"curies":[{"name":"wp","href":"https:\/\/api.w.org\/{rel}","templated":true}]}}