{"id":7166,"date":"2011-09-01T11:28:46","date_gmt":"2011-09-01T16:28:46","guid":{"rendered":"https:\/\/www.parrinst.com\/?page_id=7166"},"modified":"2013-02-13T21:14:07","modified_gmt":"2013-02-14T03:14:07","slug":"brief","status":"publish","type":"page","link":"https:\/\/www.parrinst.com\/es\/products\/oxygen-bomb-calorimeters\/1341-plain-jacket-bomb-calorimeter\/brief\/","title":{"rendered":"Resumen"},"content":{"rendered":"<p><strong>N\u00b0 Modelo:<\/strong><br \/> 1341<\/p>\n<hr \/>\n<p><strong>Pruebas Por Hora<\/strong><br \/> 2<\/p>\n<hr \/>\n<p><strong>Tiempo de Operador por Prueba:<\/strong><br \/> 25 Minutos<\/p>\n<hr \/>\n<p><strong>Clasificaci\u00f3n de Precisi\u00f3n:<\/strong><br \/> Clase 0.3%<\/p>\n<hr \/>\n<p><strong>Tipo de Chaqueta:<\/strong><br \/> Est\u00e1tica<\/p>\n<hr \/>\n<p><strong>Llenado de Ox\u00edgeno<\/strong><br \/> Manual<\/p>\n<hr \/>\n<p><strong>Llenado de Cubeta:<\/strong><br \/> Manual<\/p>\n<hr \/>\n<p><strong>Lavado de Bomba:<\/strong><br \/> Manual<\/p>\n<hr \/>\n<p><strong>Opciones de Modelos de Bomba:<\/strong><br \/> 1108, Aleaci\u00f3n 20<br \/> 1108CL, Aleaci\u00f3n G30<br \/> 1108P, Aleaci\u00f3n 20,<br \/> <strong>Cable Semi-permanente<\/strong><br \/> 1108PCL, Aleaci\u00f3n G30,<br \/> <strong>Cable Semi-permanente<\/strong><br \/> 1104(B), Bomba Gran Fuerza<\/p>\n<hr \/>\n<p><strong>Dimensiones (cm):<\/strong><br \/> 21w x 21d x 29h<\/p>\n","protected":false},"excerpt":{"rendered":"<p>N\u00b0 Modelo: 1341 Pruebas Por Hora 2 Tiempo de Operador por Prueba: 25 Minutos Clasificaci\u00f3n de Precisi\u00f3n: Clase 0.3% Tipo de Chaqueta: Est\u00e1tica Llenado de Ox\u00edgeno Manual Llenado de Cubeta: Manual Lavado de Bomba: Manual Opciones de Modelos de Bomba: 1108, Aleaci\u00f3n 20 1108CL, Aleaci\u00f3n G30 1108P, Aleaci\u00f3n 20, Cable Semi-permanente 1108PCL, Aleaci\u00f3n G30, Cable [&hellip;]<\/p>\n","protected":false},"author":1,"featured_media":37726,"parent":262,"menu_order":0,"comment_status":"closed","ping_status":"closed","template":"product-narrow.php","meta":{"_acf_changed":false,"footnotes":"","_links_to":"","_links_to_target":""},"class_list":["post-7166","page","type-page","status-publish","has-post-thumbnail","hentry"],"acf":[],"yoast_head":"<!-- This site is optimized with the Yoast SEO plugin v27.5 - https:\/\/yoast.com\/product\/yoast-seo-wordpress\/ -->\n<title>Resumen - Parr Instrument (Espa\u00f1ol)<\/title>\n<meta name=\"robots\" content=\"index, follow, max-snippet:-1, max-image-preview:large, max-video-preview:-1\" \/>\n<link rel=\"canonical\" href=\"https:\/\/www.parrinst.com\/es\/products\/oxygen-bomb-calorimeters\/1341-plain-jacket-bomb-calorimeter\/brief\/\" \/>\n<meta property=\"og:locale\" content=\"en_US\" \/>\n<meta property=\"og:type\" content=\"article\" \/>\n<meta property=\"og:title\" content=\"Resumen - Parr Instrument (Espa\u00f1ol)\" \/>\n<meta property=\"og:description\" content=\"N\u00b0 Modelo: 1341 Pruebas Por Hora 2 Tiempo de Operador por Prueba: 25 Minutos Clasificaci\u00f3n de Precisi\u00f3n: Clase 0.3% Tipo de Chaqueta: Est\u00e1tica Llenado de Ox\u00edgeno Manual Llenado de Cubeta: Manual Lavado de Bomba: Manual Opciones de Modelos de Bomba: 1108, Aleaci\u00f3n 20 1108CL, Aleaci\u00f3n G30 1108P, Aleaci\u00f3n 20, Cable Semi-permanente 1108PCL, Aleaci\u00f3n G30, Cable [&hellip;]\" \/>\n<meta property=\"og:url\" content=\"https:\/\/www.parrinst.com\/es\/products\/oxygen-bomb-calorimeters\/1341-plain-jacket-bomb-calorimeter\/brief\/\" \/>\n<meta property=\"og:site_name\" content=\"Parr Instrument (Espa\u00f1ol)\" \/>\n<meta property=\"article:modified_time\" content=\"2013-02-14T03:14:07+00:00\" \/>\n<meta property=\"og:image\" content=\"https:\/\/www.parrinst.com\/es\/files\/2018\/01\/parr_banner_calorimeter_secondary-3.jpg\" \/>\n\t<meta property=\"og:image:width\" content=\"2200\" \/>\n\t<meta property=\"og:image:height\" content=\"399\" \/>\n\t<meta property=\"og:image:type\" content=\"image\/jpeg\" \/>\n<meta name=\"twitter:card\" content=\"summary_large_image\" \/>\n<script type=\"application\/ld+json\" class=\"yoast-schema-graph\">{\"@context\":\"https:\\\/\\\/schema.org\",\"@graph\":[{\"@type\":\"WebPage\",\"@id\":\"https:\\\/\\\/www.parrinst.com\\\/es\\\/products\\\/oxygen-bomb-calorimeters\\\/1341-plain-jacket-bomb-calorimeter\\\/brief\\\/\",\"url\":\"https:\\\/\\\/www.parrinst.com\\\/es\\\/products\\\/oxygen-bomb-calorimeters\\\/1341-plain-jacket-bomb-calorimeter\\\/brief\\\/\",\"name\":\"Resumen - Parr Instrument (Espa\u00f1ol)\",\"isPartOf\":{\"@id\":\"https:\\\/\\\/www.parrinst.com\\\/es\\\/#website\"},\"primaryImageOfPage\":{\"@id\":\"https:\\\/\\\/www.parrinst.com\\\/es\\\/products\\\/oxygen-bomb-calorimeters\\\/1341-plain-jacket-bomb-calorimeter\\\/brief\\\/#primaryimage\"},\"image\":{\"@id\":\"https:\\\/\\\/www.parrinst.com\\\/es\\\/products\\\/oxygen-bomb-calorimeters\\\/1341-plain-jacket-bomb-calorimeter\\\/brief\\\/#primaryimage\"},\"thumbnailUrl\":\"https:\\\/\\\/i0.wp.com\\\/www.parrinst.com\\\/es\\\/wp-content\\\/uploads\\\/sites\\\/7\\\/2018\\\/01\\\/parr_banner_calorimeter_secondary-3.jpg?fit=2200%2C399&ssl=1\",\"datePublished\":\"2011-09-01T16:28:46+00:00\",\"dateModified\":\"2013-02-14T03:14:07+00:00\",\"breadcrumb\":{\"@id\":\"https:\\\/\\\/www.parrinst.com\\\/es\\\/products\\\/oxygen-bomb-calorimeters\\\/1341-plain-jacket-bomb-calorimeter\\\/brief\\\/#breadcrumb\"},\"inLanguage\":\"en-US\",\"potentialAction\":[{\"@type\":\"ReadAction\",\"target\":[\"https:\\\/\\\/www.parrinst.com\\\/es\\\/products\\\/oxygen-bomb-calorimeters\\\/1341-plain-jacket-bomb-calorimeter\\\/brief\\\/\"]}]},{\"@type\":\"ImageObject\",\"inLanguage\":\"en-US\",\"@id\":\"https:\\\/\\\/www.parrinst.com\\\/es\\\/products\\\/oxygen-bomb-calorimeters\\\/1341-plain-jacket-bomb-calorimeter\\\/brief\\\/#primaryimage\",\"url\":\"https:\\\/\\\/i0.wp.com\\\/www.parrinst.com\\\/es\\\/wp-content\\\/uploads\\\/sites\\\/7\\\/2018\\\/01\\\/parr_banner_calorimeter_secondary-3.jpg?fit=2200%2C399&ssl=1\",\"contentUrl\":\"https:\\\/\\\/i0.wp.com\\\/www.parrinst.com\\\/es\\\/wp-content\\\/uploads\\\/sites\\\/7\\\/2018\\\/01\\\/parr_banner_calorimeter_secondary-3.jpg?fit=2200%2C399&ssl=1\",\"width\":2200,\"height\":399},{\"@type\":\"BreadcrumbList\",\"@id\":\"https:\\\/\\\/www.parrinst.com\\\/es\\\/products\\\/oxygen-bomb-calorimeters\\\/1341-plain-jacket-bomb-calorimeter\\\/brief\\\/#breadcrumb\",\"itemListElement\":[{\"@type\":\"ListItem\",\"position\":1,\"name\":\"Home\",\"item\":\"https:\\\/\\\/www.parrinst.com\\\/es\\\/\"},{\"@type\":\"ListItem\",\"position\":2,\"name\":\"Products\",\"item\":\"https:\\\/\\\/www.parrinst.com\\\/es\\\/products\\\/\"},{\"@type\":\"ListItem\",\"position\":3,\"name\":\"Calor\u00edmetros de Bomba de Ox\u00edgeno\",\"item\":\"https:\\\/\\\/www.parrinst.com\\\/es\\\/products\\\/oxygen-bomb-calorimeters\\\/\"},{\"@type\":\"ListItem\",\"position\":4,\"name\":\"Calor\u00edmetro de Bomba de Chaqueta Sencilla 1341\",\"item\":\"https:\\\/\\\/www.parrinst.com\\\/es\\\/products\\\/oxygen-bomb-calorimeters\\\/1341-plain-jacket-bomb-calorimeter\\\/\"},{\"@type\":\"ListItem\",\"position\":5,\"name\":\"Resumen\"}]},{\"@type\":\"WebSite\",\"@id\":\"https:\\\/\\\/www.parrinst.com\\\/es\\\/#website\",\"url\":\"https:\\\/\\\/www.parrinst.com\\\/es\\\/\",\"name\":\"Parr Instrument (Espa\u00f1ol)\",\"description\":\"\",\"potentialAction\":[{\"@type\":\"SearchAction\",\"target\":{\"@type\":\"EntryPoint\",\"urlTemplate\":\"https:\\\/\\\/www.parrinst.com\\\/es\\\/?s={search_term_string}\"},\"query-input\":{\"@type\":\"PropertyValueSpecification\",\"valueRequired\":true,\"valueName\":\"search_term_string\"}}],\"inLanguage\":\"en-US\"}]}<\/script>\n<!-- \/ Yoast SEO plugin. -->","yoast_head_json":{"title":"Resumen - Parr Instrument (Espa\u00f1ol)","robots":{"index":"index","follow":"follow","max-snippet":"max-snippet:-1","max-image-preview":"max-image-preview:large","max-video-preview":"max-video-preview:-1"},"canonical":"https:\/\/www.parrinst.com\/es\/products\/oxygen-bomb-calorimeters\/1341-plain-jacket-bomb-calorimeter\/brief\/","og_locale":"en_US","og_type":"article","og_title":"Resumen - Parr Instrument (Espa\u00f1ol)","og_description":"N\u00b0 Modelo: 1341 Pruebas Por Hora 2 Tiempo de Operador por Prueba: 25 Minutos Clasificaci\u00f3n de Precisi\u00f3n: Clase 0.3% Tipo de Chaqueta: Est\u00e1tica Llenado de Ox\u00edgeno Manual Llenado de Cubeta: Manual Lavado de Bomba: Manual Opciones de Modelos de Bomba: 1108, Aleaci\u00f3n 20 1108CL, Aleaci\u00f3n G30 1108P, Aleaci\u00f3n 20, Cable Semi-permanente 1108PCL, Aleaci\u00f3n G30, Cable [&hellip;]","og_url":"https:\/\/www.parrinst.com\/es\/products\/oxygen-bomb-calorimeters\/1341-plain-jacket-bomb-calorimeter\/brief\/","og_site_name":"Parr Instrument (Espa\u00f1ol)","article_modified_time":"2013-02-14T03:14:07+00:00","og_image":[{"width":2200,"height":399,"url":"https:\/\/www.parrinst.com\/es\/files\/2018\/01\/parr_banner_calorimeter_secondary-3.jpg","type":"image\/jpeg"}],"twitter_card":"summary_large_image","schema":{"@context":"https:\/\/schema.org","@graph":[{"@type":"WebPage","@id":"https:\/\/www.parrinst.com\/es\/products\/oxygen-bomb-calorimeters\/1341-plain-jacket-bomb-calorimeter\/brief\/","url":"https:\/\/www.parrinst.com\/es\/products\/oxygen-bomb-calorimeters\/1341-plain-jacket-bomb-calorimeter\/brief\/","name":"Resumen - Parr Instrument (Espa\u00f1ol)","isPartOf":{"@id":"https:\/\/www.parrinst.com\/es\/#website"},"primaryImageOfPage":{"@id":"https:\/\/www.parrinst.com\/es\/products\/oxygen-bomb-calorimeters\/1341-plain-jacket-bomb-calorimeter\/brief\/#primaryimage"},"image":{"@id":"https:\/\/www.parrinst.com\/es\/products\/oxygen-bomb-calorimeters\/1341-plain-jacket-bomb-calorimeter\/brief\/#primaryimage"},"thumbnailUrl":"https:\/\/i0.wp.com\/www.parrinst.com\/es\/wp-content\/uploads\/sites\/7\/2018\/01\/parr_banner_calorimeter_secondary-3.jpg?fit=2200%2C399&ssl=1","datePublished":"2011-09-01T16:28:46+00:00","dateModified":"2013-02-14T03:14:07+00:00","breadcrumb":{"@id":"https:\/\/www.parrinst.com\/es\/products\/oxygen-bomb-calorimeters\/1341-plain-jacket-bomb-calorimeter\/brief\/#breadcrumb"},"inLanguage":"en-US","potentialAction":[{"@type":"ReadAction","target":["https:\/\/www.parrinst.com\/es\/products\/oxygen-bomb-calorimeters\/1341-plain-jacket-bomb-calorimeter\/brief\/"]}]},{"@type":"ImageObject","inLanguage":"en-US","@id":"https:\/\/www.parrinst.com\/es\/products\/oxygen-bomb-calorimeters\/1341-plain-jacket-bomb-calorimeter\/brief\/#primaryimage","url":"https:\/\/i0.wp.com\/www.parrinst.com\/es\/wp-content\/uploads\/sites\/7\/2018\/01\/parr_banner_calorimeter_secondary-3.jpg?fit=2200%2C399&ssl=1","contentUrl":"https:\/\/i0.wp.com\/www.parrinst.com\/es\/wp-content\/uploads\/sites\/7\/2018\/01\/parr_banner_calorimeter_secondary-3.jpg?fit=2200%2C399&ssl=1","width":2200,"height":399},{"@type":"BreadcrumbList","@id":"https:\/\/www.parrinst.com\/es\/products\/oxygen-bomb-calorimeters\/1341-plain-jacket-bomb-calorimeter\/brief\/#breadcrumb","itemListElement":[{"@type":"ListItem","position":1,"name":"Home","item":"https:\/\/www.parrinst.com\/es\/"},{"@type":"ListItem","position":2,"name":"Products","item":"https:\/\/www.parrinst.com\/es\/products\/"},{"@type":"ListItem","position":3,"name":"Calor\u00edmetros de Bomba de Ox\u00edgeno","item":"https:\/\/www.parrinst.com\/es\/products\/oxygen-bomb-calorimeters\/"},{"@type":"ListItem","position":4,"name":"Calor\u00edmetro de Bomba de Chaqueta Sencilla 1341","item":"https:\/\/www.parrinst.com\/es\/products\/oxygen-bomb-calorimeters\/1341-plain-jacket-bomb-calorimeter\/"},{"@type":"ListItem","position":5,"name":"Resumen"}]},{"@type":"WebSite","@id":"https:\/\/www.parrinst.com\/es\/#website","url":"https:\/\/www.parrinst.com\/es\/","name":"Parr Instrument (Espa\u00f1ol)","description":"","potentialAction":[{"@type":"SearchAction","target":{"@type":"EntryPoint","urlTemplate":"https:\/\/www.parrinst.com\/es\/?s={search_term_string}"},"query-input":{"@type":"PropertyValueSpecification","valueRequired":true,"valueName":"search_term_string"}}],"inLanguage":"en-US"}]}},"jetpack_sharing_enabled":true,"_links":{"self":[{"href":"https:\/\/www.parrinst.com\/es\/wp-json\/wp\/v2\/pages\/7166","targetHints":{"allow":["GET"]}}],"collection":[{"href":"https:\/\/www.parrinst.com\/es\/wp-json\/wp\/v2\/pages"}],"about":[{"href":"https:\/\/www.parrinst.com\/es\/wp-json\/wp\/v2\/types\/page"}],"author":[{"embeddable":true,"href":"https:\/\/www.parrinst.com\/es\/wp-json\/wp\/v2\/users\/1"}],"replies":[{"embeddable":true,"href":"https:\/\/www.parrinst.com\/es\/wp-json\/wp\/v2\/comments?post=7166"}],"version-history":[{"count":0,"href":"https:\/\/www.parrinst.com\/es\/wp-json\/wp\/v2\/pages\/7166\/revisions"}],"up":[{"embeddable":true,"href":"https:\/\/www.parrinst.com\/es\/wp-json\/wp\/v2\/pages\/262"}],"wp:featuredmedia":[{"embeddable":true,"href":"https:\/\/www.parrinst.com\/es\/wp-json\/wp\/v2\/media\/37726"}],"wp:attachment":[{"href":"https:\/\/www.parrinst.com\/es\/wp-json\/wp\/v2\/media?parent=7166"}],"curies":[{"name":"wp","href":"https:\/\/api.w.org\/{rel}","templated":true}]}}