{"id":759,"date":"2011-05-04T19:29:04","date_gmt":"2011-05-05T00:29:04","guid":{"rendered":"https:\/\/www.parrinst.com\/?page_id=759"},"modified":"2023-01-05T11:54:55","modified_gmt":"2023-01-05T17:54:55","slug":"series-4680","status":"publish","type":"page","link":"https:\/\/www.parrinst.com\/es\/products\/non-stirred-pressure-vessels\/series-4680\/","title":{"rendered":"Recipientes Serie 4680 High Pressure\/High Temp, 1 &#038; 1.8 Liters"},"content":{"rendered":"\n\t\t\t<div id='759-1' class='gallery gallery-759 gallery-columns-3 gallery-size-medium' itemscope itemtype='http:\/\/schema.org\/ImageGallery'>\n\t\t\t\t<div class='gallery-row gallery-col-3 gallery-clear'>\n\t\t\t\t\t<figure class='gallery-item col-3' itemprop='associatedMedia' itemscope itemtype='http:\/\/schema.org\/ImageObject'>\n\t\t\t\t\t\t<div class='gallery-icon portrait'><a href=\"https:\/\/i0.wp.com\/www.parrinst.com\/es\/wp-content\/uploads\/sites\/7\/2023\/01\/4681-Closed-920412PI3_1636.jpg?ssl=1\" itemprop=\"contentURL\"><img loading=\"lazy\" decoding=\"async\" width=\"193\" height=\"300\" src=\"https:\/\/i0.wp.com\/www.parrinst.com\/es\/wp-content\/uploads\/sites\/7\/2023\/01\/4681-Closed-920412PI3_1636.jpg?fit=193%2C300&amp;ssl=1\" class=\"attachment-medium size-medium\" alt=\"4680-1 L Vessel, Fixed Head Floor Stand, with Pneumatic Lift and Heater\" srcset=\"https:\/\/i0.wp.com\/www.parrinst.com\/es\/wp-content\/uploads\/sites\/7\/2023\/01\/4681-Closed-920412PI3_1636.jpg?w=1350&amp;ssl=1 1350w, https:\/\/i0.wp.com\/www.parrinst.com\/es\/wp-content\/uploads\/sites\/7\/2023\/01\/4681-Closed-920412PI3_1636.jpg?resize=193%2C300&amp;ssl=1 193w, https:\/\/i0.wp.com\/www.parrinst.com\/es\/wp-content\/uploads\/sites\/7\/2023\/01\/4681-Closed-920412PI3_1636.jpg?resize=658%2C1024&amp;ssl=1 658w, https:\/\/i0.wp.com\/www.parrinst.com\/es\/wp-content\/uploads\/sites\/7\/2023\/01\/4681-Closed-920412PI3_1636.jpg?resize=96%2C150&amp;ssl=1 96w, https:\/\/i0.wp.com\/www.parrinst.com\/es\/wp-content\/uploads\/sites\/7\/2023\/01\/4681-Closed-920412PI3_1636.jpg?resize=987%2C1536&amp;ssl=1 987w, https:\/\/i0.wp.com\/www.parrinst.com\/es\/wp-content\/uploads\/sites\/7\/2023\/01\/4681-Closed-920412PI3_1636.jpg?resize=1317%2C2048&amp;ssl=1 1317w\" sizes=\"auto, (max-width: 193px) 100vw, 193px\" itemprop=\"thumbnail\" \/><\/a><\/div>\n\t\t\t\t\t<\/figure>\n\t\t\t\t\t<figure class='gallery-item col-3' itemprop='associatedMedia' itemscope itemtype='http:\/\/schema.org\/ImageObject'>\n\t\t\t\t\t\t<div class='gallery-icon portrait'><a href=\"https:\/\/i0.wp.com\/www.parrinst.com\/es\/wp-content\/uploads\/sites\/7\/2023\/01\/4681-Open-920412PI3_1637.jpg?ssl=1\" itemprop=\"contentURL\"><img loading=\"lazy\" decoding=\"async\" width=\"193\" height=\"300\" src=\"https:\/\/i0.wp.com\/www.parrinst.com\/es\/wp-content\/uploads\/sites\/7\/2023\/01\/4681-Open-920412PI3_1637.jpg?fit=193%2C300&amp;ssl=1\" class=\"attachment-medium size-medium\" alt=\"4680-1 L Vessel, Fixed Head Floor Stand, with Heater in down position\" srcset=\"https:\/\/i0.wp.com\/www.parrinst.com\/es\/wp-content\/uploads\/sites\/7\/2023\/01\/4681-Open-920412PI3_1637.jpg?w=1350&amp;ssl=1 1350w, https:\/\/i0.wp.com\/www.parrinst.com\/es\/wp-content\/uploads\/sites\/7\/2023\/01\/4681-Open-920412PI3_1637.jpg?resize=193%2C300&amp;ssl=1 193w, https:\/\/i0.wp.com\/www.parrinst.com\/es\/wp-content\/uploads\/sites\/7\/2023\/01\/4681-Open-920412PI3_1637.jpg?resize=658%2C1024&amp;ssl=1 658w, https:\/\/i0.wp.com\/www.parrinst.com\/es\/wp-content\/uploads\/sites\/7\/2023\/01\/4681-Open-920412PI3_1637.jpg?resize=96%2C150&amp;ssl=1 96w, https:\/\/i0.wp.com\/www.parrinst.com\/es\/wp-content\/uploads\/sites\/7\/2023\/01\/4681-Open-920412PI3_1637.jpg?resize=987%2C1536&amp;ssl=1 987w, https:\/\/i0.wp.com\/www.parrinst.com\/es\/wp-content\/uploads\/sites\/7\/2023\/01\/4681-Open-920412PI3_1637.jpg?resize=1317%2C2048&amp;ssl=1 1317w\" sizes=\"auto, (max-width: 193px) 100vw, 193px\" itemprop=\"thumbnail\" \/><\/a><\/div>\n\t\t\t\t\t<\/figure>\n\t\t\t\t\t<figure class='gallery-item col-3' itemprop='associatedMedia' itemscope itemtype='http:\/\/schema.org\/ImageObject'>\n\t\t\t\t\t\t<div class='gallery-icon portrait'><a href=\"https:\/\/i0.wp.com\/www.parrinst.com\/es\/wp-content\/uploads\/sites\/7\/2023\/01\/4681-open-920412PI3_1640.jpg?ssl=1\" itemprop=\"contentURL\"><img loading=\"lazy\" decoding=\"async\" width=\"193\" height=\"300\" src=\"https:\/\/i0.wp.com\/www.parrinst.com\/es\/wp-content\/uploads\/sites\/7\/2023\/01\/4681-open-920412PI3_1640.jpg?fit=193%2C300&amp;ssl=1\" class=\"attachment-medium size-medium\" alt=\"4680-1 L Fixed Head, with Split Rings Open and Vessel down using Pneumatic Lift\" srcset=\"https:\/\/i0.wp.com\/www.parrinst.com\/es\/wp-content\/uploads\/sites\/7\/2023\/01\/4681-open-920412PI3_1640.jpg?w=1350&amp;ssl=1 1350w, https:\/\/i0.wp.com\/www.parrinst.com\/es\/wp-content\/uploads\/sites\/7\/2023\/01\/4681-open-920412PI3_1640.jpg?resize=193%2C300&amp;ssl=1 193w, https:\/\/i0.wp.com\/www.parrinst.com\/es\/wp-content\/uploads\/sites\/7\/2023\/01\/4681-open-920412PI3_1640.jpg?resize=658%2C1024&amp;ssl=1 658w, https:\/\/i0.wp.com\/www.parrinst.com\/es\/wp-content\/uploads\/sites\/7\/2023\/01\/4681-open-920412PI3_1640.jpg?resize=96%2C150&amp;ssl=1 96w, https:\/\/i0.wp.com\/www.parrinst.com\/es\/wp-content\/uploads\/sites\/7\/2023\/01\/4681-open-920412PI3_1640.jpg?resize=987%2C1536&amp;ssl=1 987w, https:\/\/i0.wp.com\/www.parrinst.com\/es\/wp-content\/uploads\/sites\/7\/2023\/01\/4681-open-920412PI3_1640.jpg?resize=1317%2C2048&amp;ssl=1 1317w\" sizes=\"auto, (max-width: 193px) 100vw, 193px\" itemprop=\"thumbnail\" \/><\/a><\/div>\n\t\t\t\t\t<\/figure>\n\t\t\t\t<\/div>\n\t\t\t\t<div class='gallery-row gallery-col-3 gallery-clear'>\n\t\t\t\t\t<figure class='gallery-item col-3' itemprop='associatedMedia' itemscope itemtype='http:\/\/schema.org\/ImageObject'>\n\t\t\t\t\t\t<div class='gallery-icon portrait'><a href=\"https:\/\/i0.wp.com\/www.parrinst.com\/es\/wp-content\/uploads\/sites\/7\/2023\/01\/4681-Vessel-920412PI3_1653.jpg?ssl=1\" itemprop=\"contentURL\"><img loading=\"lazy\" decoding=\"async\" width=\"193\" height=\"300\" src=\"https:\/\/i0.wp.com\/www.parrinst.com\/es\/wp-content\/uploads\/sites\/7\/2023\/01\/4681-Vessel-920412PI3_1653.jpg?fit=193%2C300&amp;ssl=1\" class=\"attachment-medium size-medium\" alt=\"4680-1 L Fixed Head, single valve with dip tube, gas release valve, gage, rupture disc, and thermowell\" srcset=\"https:\/\/i0.wp.com\/www.parrinst.com\/es\/wp-content\/uploads\/sites\/7\/2023\/01\/4681-Vessel-920412PI3_1653.jpg?w=1350&amp;ssl=1 1350w, https:\/\/i0.wp.com\/www.parrinst.com\/es\/wp-content\/uploads\/sites\/7\/2023\/01\/4681-Vessel-920412PI3_1653.jpg?resize=193%2C300&amp;ssl=1 193w, https:\/\/i0.wp.com\/www.parrinst.com\/es\/wp-content\/uploads\/sites\/7\/2023\/01\/4681-Vessel-920412PI3_1653.jpg?resize=658%2C1024&amp;ssl=1 658w, https:\/\/i0.wp.com\/www.parrinst.com\/es\/wp-content\/uploads\/sites\/7\/2023\/01\/4681-Vessel-920412PI3_1653.jpg?resize=96%2C150&amp;ssl=1 96w, https:\/\/i0.wp.com\/www.parrinst.com\/es\/wp-content\/uploads\/sites\/7\/2023\/01\/4681-Vessel-920412PI3_1653.jpg?resize=987%2C1536&amp;ssl=1 987w, https:\/\/i0.wp.com\/www.parrinst.com\/es\/wp-content\/uploads\/sites\/7\/2023\/01\/4681-Vessel-920412PI3_1653.jpg?resize=1317%2C2048&amp;ssl=1 1317w\" sizes=\"auto, (max-width: 193px) 100vw, 193px\" itemprop=\"thumbnail\" \/><\/a><\/div>\n\t\t\t\t\t<\/figure>\n\t\t\t\t\t<figure class='gallery-item col-3' itemprop='associatedMedia' itemscope itemtype='http:\/\/schema.org\/ImageObject'>\n\t\t\t\t\t\t<div class='gallery-icon portrait'><a href=\"https:\/\/i0.wp.com\/www.parrinst.com\/es\/wp-content\/uploads\/sites\/7\/2011\/09\/4680_CrossSection.jpg?ssl=1\" itemprop=\"contentURL\"><img loading=\"lazy\" decoding=\"async\" width=\"240\" height=\"300\" src=\"https:\/\/i0.wp.com\/www.parrinst.com\/es\/wp-content\/uploads\/sites\/7\/2011\/09\/4680_CrossSection.jpg?fit=240%2C300&amp;ssl=1\" class=\"attachment-medium size-medium\" alt=\"4680 Cross Section\" srcset=\"https:\/\/i0.wp.com\/www.parrinst.com\/es\/wp-content\/uploads\/sites\/7\/2011\/09\/4680_CrossSection.jpg?w=590&amp;ssl=1 590w, https:\/\/i0.wp.com\/www.parrinst.com\/es\/wp-content\/uploads\/sites\/7\/2011\/09\/4680_CrossSection.jpg?resize=240%2C300&amp;ssl=1 240w\" sizes=\"auto, (max-width: 240px) 100vw, 240px\" itemprop=\"thumbnail\" \/><\/a><\/div>\n\t\t\t\t\t<\/figure>\n\t\t\t<\/div>\n\t\t\t<\/div><!-- .gallery -->\n\n<p><strong>Los Recipientes de Alta Presi\u00f3n\/Alta Temperatura Serie 4680<\/strong> est\u00e1n disponibles con capacidad de 1.0 L \u00f3 1.8 L. Estos recipientes pueden obtener temperaturas de hasta 600 \u00b0C y una presi\u00f3n m\u00e1xima de 6000 psi (410 bar). La presi\u00f3n m\u00e1xima a temperatura m\u00e1xima es de 4200 psi (289 bar) a 600 \u00b0C. O bien, usar los recipientes a 350 \u00b0C y obtener una presi\u00f3n m\u00e1xima de 6000 psi (413 bar). Un cierre de Anillo Partido con 12 pernos de compresi\u00f3n que aseguran la cabeza lo que permite un m\u00e1ximo de 8 aberturas. Los Recipientes Serie 4680 puede configurarse con una cabeza fija en un soporte de piso o como recipiente de cabeza movible en un carro movible. Un elevador neum\u00e1tico est\u00e1 disponible en el Modelo de soporte de piso.<\/p>\n","protected":false},"excerpt":{"rendered":"<p>Los Recipientes de Alta Presi\u00f3n\/Alta Temperatura Serie 4680 est\u00e1n disponibles con capacidad de 1.0 L \u00f3 1.8 L. Estos recipientes pueden obtener temperaturas de hasta 600 \u00b0C y una presi\u00f3n m\u00e1xima de 6000 psi (410 bar). La presi\u00f3n m\u00e1xima a temperatura m\u00e1xima es de 4200 psi (289 bar) a 600 \u00b0C. O bien, usar los [&hellip;]<\/p>\n","protected":false},"author":1,"featured_media":37721,"parent":77,"menu_order":0,"comment_status":"closed","ping_status":"closed","template":"product-wide-strirred-filter.php","meta":{"_acf_changed":false,"footnotes":"","_links_to":"","_links_to_target":""},"class_list":["post-759","page","type-page","status-publish","has-post-thumbnail","hentry"],"acf":[],"yoast_head":"<!-- This site is optimized with the Yoast SEO plugin v27.4 - https:\/\/yoast.com\/product\/yoast-seo-wordpress\/ -->\n<title>Recipientes Serie 4680 High Pressure\/High Temp, 1 &amp; 1.8 Liters - Parr Instrument (Espa\u00f1ol)<\/title>\n<meta name=\"robots\" content=\"index, follow, max-snippet:-1, max-image-preview:large, max-video-preview:-1\" \/>\n<link rel=\"canonical\" href=\"https:\/\/www.parrinst.com\/es\/products\/non-stirred-pressure-vessels\/series-4680\/\" \/>\n<meta property=\"og:locale\" content=\"en_US\" \/>\n<meta property=\"og:type\" content=\"article\" \/>\n<meta property=\"og:title\" content=\"Recipientes Serie 4680 High Pressure\/High Temp, 1 &amp; 1.8 Liters - Parr Instrument (Espa\u00f1ol)\" \/>\n<meta property=\"og:description\" content=\"Los Recipientes de Alta Presi\u00f3n\/Alta Temperatura Serie 4680 est\u00e1n disponibles con capacidad de 1.0 L \u00f3 1.8 L. Estos recipientes pueden obtener temperaturas de hasta 600 \u00b0C y una presi\u00f3n m\u00e1xima de 6000 psi (410 bar). La presi\u00f3n m\u00e1xima a temperatura m\u00e1xima es de 4200 psi (289 bar) a 600 \u00b0C. O bien, usar los [&hellip;]\" \/>\n<meta property=\"og:url\" content=\"https:\/\/www.parrinst.com\/es\/products\/non-stirred-pressure-vessels\/series-4680\/\" \/>\n<meta property=\"og:site_name\" content=\"Parr Instrument (Espa\u00f1ol)\" \/>\n<meta property=\"article:modified_time\" content=\"2023-01-05T17:54:55+00:00\" \/>\n<meta property=\"og:image\" content=\"https:\/\/www.parrinst.com\/es\/files\/2018\/01\/parr_banner_non-stirred_secondary.jpg\" \/>\n\t<meta property=\"og:image:width\" content=\"2200\" \/>\n\t<meta property=\"og:image:height\" content=\"399\" \/>\n\t<meta property=\"og:image:type\" content=\"image\/jpeg\" \/>\n<meta name=\"twitter:card\" content=\"summary_large_image\" \/>\n<meta name=\"twitter:label1\" content=\"Est. reading time\" \/>\n\t<meta name=\"twitter:data1\" content=\"1 minute\" \/>\n<script type=\"application\/ld+json\" class=\"yoast-schema-graph\">{\"@context\":\"https:\\\/\\\/schema.org\",\"@graph\":[{\"@type\":\"WebPage\",\"@id\":\"https:\\\/\\\/www.parrinst.com\\\/es\\\/products\\\/non-stirred-pressure-vessels\\\/series-4680\\\/\",\"url\":\"https:\\\/\\\/www.parrinst.com\\\/es\\\/products\\\/non-stirred-pressure-vessels\\\/series-4680\\\/\",\"name\":\"Recipientes Serie 4680 High Pressure\\\/High Temp, 1 & 1.8 Liters - Parr Instrument (Espa\u00f1ol)\",\"isPartOf\":{\"@id\":\"https:\\\/\\\/www.parrinst.com\\\/es\\\/#website\"},\"primaryImageOfPage\":{\"@id\":\"https:\\\/\\\/www.parrinst.com\\\/es\\\/products\\\/non-stirred-pressure-vessels\\\/series-4680\\\/#primaryimage\"},\"image\":{\"@id\":\"https:\\\/\\\/www.parrinst.com\\\/es\\\/products\\\/non-stirred-pressure-vessels\\\/series-4680\\\/#primaryimage\"},\"thumbnailUrl\":\"https:\\\/\\\/i0.wp.com\\\/www.parrinst.com\\\/es\\\/wp-content\\\/uploads\\\/sites\\\/7\\\/2018\\\/01\\\/parr_banner_non-stirred_secondary.jpg?fit=2200%2C399&ssl=1\",\"datePublished\":\"2011-05-05T00:29:04+00:00\",\"dateModified\":\"2023-01-05T17:54:55+00:00\",\"breadcrumb\":{\"@id\":\"https:\\\/\\\/www.parrinst.com\\\/es\\\/products\\\/non-stirred-pressure-vessels\\\/series-4680\\\/#breadcrumb\"},\"inLanguage\":\"en-US\",\"potentialAction\":[{\"@type\":\"ReadAction\",\"target\":[\"https:\\\/\\\/www.parrinst.com\\\/es\\\/products\\\/non-stirred-pressure-vessels\\\/series-4680\\\/\"]}]},{\"@type\":\"ImageObject\",\"inLanguage\":\"en-US\",\"@id\":\"https:\\\/\\\/www.parrinst.com\\\/es\\\/products\\\/non-stirred-pressure-vessels\\\/series-4680\\\/#primaryimage\",\"url\":\"https:\\\/\\\/i0.wp.com\\\/www.parrinst.com\\\/es\\\/wp-content\\\/uploads\\\/sites\\\/7\\\/2018\\\/01\\\/parr_banner_non-stirred_secondary.jpg?fit=2200%2C399&ssl=1\",\"contentUrl\":\"https:\\\/\\\/i0.wp.com\\\/www.parrinst.com\\\/es\\\/wp-content\\\/uploads\\\/sites\\\/7\\\/2018\\\/01\\\/parr_banner_non-stirred_secondary.jpg?fit=2200%2C399&ssl=1\",\"width\":2200,\"height\":399},{\"@type\":\"BreadcrumbList\",\"@id\":\"https:\\\/\\\/www.parrinst.com\\\/es\\\/products\\\/non-stirred-pressure-vessels\\\/series-4680\\\/#breadcrumb\",\"itemListElement\":[{\"@type\":\"ListItem\",\"position\":1,\"name\":\"Home\",\"item\":\"https:\\\/\\\/www.parrinst.com\\\/es\\\/\"},{\"@type\":\"ListItem\",\"position\":2,\"name\":\"Products\",\"item\":\"https:\\\/\\\/www.parrinst.com\\\/es\\\/products\\\/\"},{\"@type\":\"ListItem\",\"position\":3,\"name\":\"Recipientes a Presi\u00f3n Sin Agitaci\u00f3n\",\"item\":\"https:\\\/\\\/www.parrinst.com\\\/es\\\/products\\\/non-stirred-pressure-vessels\\\/\"},{\"@type\":\"ListItem\",\"position\":4,\"name\":\"Recipientes Serie 4680 High Pressure\\\/High Temp, 1 &#038; 1.8 Liters\"}]},{\"@type\":\"WebSite\",\"@id\":\"https:\\\/\\\/www.parrinst.com\\\/es\\\/#website\",\"url\":\"https:\\\/\\\/www.parrinst.com\\\/es\\\/\",\"name\":\"Parr Instrument (Espa\u00f1ol)\",\"description\":\"\",\"potentialAction\":[{\"@type\":\"SearchAction\",\"target\":{\"@type\":\"EntryPoint\",\"urlTemplate\":\"https:\\\/\\\/www.parrinst.com\\\/es\\\/?s={search_term_string}\"},\"query-input\":{\"@type\":\"PropertyValueSpecification\",\"valueRequired\":true,\"valueName\":\"search_term_string\"}}],\"inLanguage\":\"en-US\"}]}<\/script>\n<!-- \/ Yoast SEO plugin. -->","yoast_head_json":{"title":"Recipientes Serie 4680 High Pressure\/High Temp, 1 & 1.8 Liters - Parr Instrument (Espa\u00f1ol)","robots":{"index":"index","follow":"follow","max-snippet":"max-snippet:-1","max-image-preview":"max-image-preview:large","max-video-preview":"max-video-preview:-1"},"canonical":"https:\/\/www.parrinst.com\/es\/products\/non-stirred-pressure-vessels\/series-4680\/","og_locale":"en_US","og_type":"article","og_title":"Recipientes Serie 4680 High Pressure\/High Temp, 1 & 1.8 Liters - Parr Instrument (Espa\u00f1ol)","og_description":"Los Recipientes de Alta Presi\u00f3n\/Alta Temperatura Serie 4680 est\u00e1n disponibles con capacidad de 1.0 L \u00f3 1.8 L. Estos recipientes pueden obtener temperaturas de hasta 600 \u00b0C y una presi\u00f3n m\u00e1xima de 6000 psi (410 bar). La presi\u00f3n m\u00e1xima a temperatura m\u00e1xima es de 4200 psi (289 bar) a 600 \u00b0C. O bien, usar los [&hellip;]","og_url":"https:\/\/www.parrinst.com\/es\/products\/non-stirred-pressure-vessels\/series-4680\/","og_site_name":"Parr Instrument (Espa\u00f1ol)","article_modified_time":"2023-01-05T17:54:55+00:00","og_image":[{"width":2200,"height":399,"url":"https:\/\/www.parrinst.com\/es\/files\/2018\/01\/parr_banner_non-stirred_secondary.jpg","type":"image\/jpeg"}],"twitter_card":"summary_large_image","twitter_misc":{"Est. reading time":"1 minute"},"schema":{"@context":"https:\/\/schema.org","@graph":[{"@type":"WebPage","@id":"https:\/\/www.parrinst.com\/es\/products\/non-stirred-pressure-vessels\/series-4680\/","url":"https:\/\/www.parrinst.com\/es\/products\/non-stirred-pressure-vessels\/series-4680\/","name":"Recipientes Serie 4680 High Pressure\/High Temp, 1 & 1.8 Liters - Parr Instrument (Espa\u00f1ol)","isPartOf":{"@id":"https:\/\/www.parrinst.com\/es\/#website"},"primaryImageOfPage":{"@id":"https:\/\/www.parrinst.com\/es\/products\/non-stirred-pressure-vessels\/series-4680\/#primaryimage"},"image":{"@id":"https:\/\/www.parrinst.com\/es\/products\/non-stirred-pressure-vessels\/series-4680\/#primaryimage"},"thumbnailUrl":"https:\/\/i0.wp.com\/www.parrinst.com\/es\/wp-content\/uploads\/sites\/7\/2018\/01\/parr_banner_non-stirred_secondary.jpg?fit=2200%2C399&ssl=1","datePublished":"2011-05-05T00:29:04+00:00","dateModified":"2023-01-05T17:54:55+00:00","breadcrumb":{"@id":"https:\/\/www.parrinst.com\/es\/products\/non-stirred-pressure-vessels\/series-4680\/#breadcrumb"},"inLanguage":"en-US","potentialAction":[{"@type":"ReadAction","target":["https:\/\/www.parrinst.com\/es\/products\/non-stirred-pressure-vessels\/series-4680\/"]}]},{"@type":"ImageObject","inLanguage":"en-US","@id":"https:\/\/www.parrinst.com\/es\/products\/non-stirred-pressure-vessels\/series-4680\/#primaryimage","url":"https:\/\/i0.wp.com\/www.parrinst.com\/es\/wp-content\/uploads\/sites\/7\/2018\/01\/parr_banner_non-stirred_secondary.jpg?fit=2200%2C399&ssl=1","contentUrl":"https:\/\/i0.wp.com\/www.parrinst.com\/es\/wp-content\/uploads\/sites\/7\/2018\/01\/parr_banner_non-stirred_secondary.jpg?fit=2200%2C399&ssl=1","width":2200,"height":399},{"@type":"BreadcrumbList","@id":"https:\/\/www.parrinst.com\/es\/products\/non-stirred-pressure-vessels\/series-4680\/#breadcrumb","itemListElement":[{"@type":"ListItem","position":1,"name":"Home","item":"https:\/\/www.parrinst.com\/es\/"},{"@type":"ListItem","position":2,"name":"Products","item":"https:\/\/www.parrinst.com\/es\/products\/"},{"@type":"ListItem","position":3,"name":"Recipientes a Presi\u00f3n Sin Agitaci\u00f3n","item":"https:\/\/www.parrinst.com\/es\/products\/non-stirred-pressure-vessels\/"},{"@type":"ListItem","position":4,"name":"Recipientes Serie 4680 High Pressure\/High Temp, 1 &#038; 1.8 Liters"}]},{"@type":"WebSite","@id":"https:\/\/www.parrinst.com\/es\/#website","url":"https:\/\/www.parrinst.com\/es\/","name":"Parr Instrument (Espa\u00f1ol)","description":"","potentialAction":[{"@type":"SearchAction","target":{"@type":"EntryPoint","urlTemplate":"https:\/\/www.parrinst.com\/es\/?s={search_term_string}"},"query-input":{"@type":"PropertyValueSpecification","valueRequired":true,"valueName":"search_term_string"}}],"inLanguage":"en-US"}]}},"jetpack_sharing_enabled":true,"_links":{"self":[{"href":"https:\/\/www.parrinst.com\/es\/wp-json\/wp\/v2\/pages\/759","targetHints":{"allow":["GET"]}}],"collection":[{"href":"https:\/\/www.parrinst.com\/es\/wp-json\/wp\/v2\/pages"}],"about":[{"href":"https:\/\/www.parrinst.com\/es\/wp-json\/wp\/v2\/types\/page"}],"author":[{"embeddable":true,"href":"https:\/\/www.parrinst.com\/es\/wp-json\/wp\/v2\/users\/1"}],"replies":[{"embeddable":true,"href":"https:\/\/www.parrinst.com\/es\/wp-json\/wp\/v2\/comments?post=759"}],"version-history":[{"count":9,"href":"https:\/\/www.parrinst.com\/es\/wp-json\/wp\/v2\/pages\/759\/revisions"}],"predecessor-version":[{"id":40678,"href":"https:\/\/www.parrinst.com\/es\/wp-json\/wp\/v2\/pages\/759\/revisions\/40678"}],"up":[{"embeddable":true,"href":"https:\/\/www.parrinst.com\/es\/wp-json\/wp\/v2\/pages\/77"}],"wp:featuredmedia":[{"embeddable":true,"href":"https:\/\/www.parrinst.com\/es\/wp-json\/wp\/v2\/media\/37721"}],"wp:attachment":[{"href":"https:\/\/www.parrinst.com\/es\/wp-json\/wp\/v2\/media?parent=759"}],"curies":[{"name":"wp","href":"https:\/\/api.w.org\/{rel}","templated":true}]}}