{"id":77,"date":"2011-03-09T20:50:00","date_gmt":"2011-03-10T02:50:00","guid":{"rendered":"https:\/\/www.parrinst.com\/?page_id=77"},"modified":"2018-05-30T14:53:48","modified_gmt":"2018-05-30T19:53:48","slug":"non-stirred-pressure-vessels","status":"publish","type":"page","link":"https:\/\/www.parrinst.com\/es\/products\/non-stirred-pressure-vessels\/","title":{"rendered":"Recipientes a Presi\u00f3n Sin Agitaci\u00f3n"},"content":{"rendered":"<div class=\"facetwp-template\" data-name=\"non_stirred\"><div class=\"product-filter-items\">\n<div class=\"product-filter-item\">\n<div class=\"product-filter-item-image\">\n<a href=\"https:\/\/www.parrinst.com\/es\/products\/non-stirred-pressure-vessels\/custom-non-stirred-pressure-vessels\/\"><img loading=\"lazy\" decoding=\"async\" width=\"600\" height=\"600\" src=\"https:\/\/i0.wp.com\/www.parrinst.com\/es\/wp-content\/uploads\/sites\/7\/2018\/05\/4740_75mL_4848_600x600.jpg?fit=600%2C600&amp;ssl=1\" class=\"attachment-large size-large\" alt=\"\" srcset=\"https:\/\/i0.wp.com\/www.parrinst.com\/es\/wp-content\/uploads\/sites\/7\/2018\/05\/4740_75mL_4848_600x600.jpg?w=600&amp;ssl=1 600w, https:\/\/i0.wp.com\/www.parrinst.com\/es\/wp-content\/uploads\/sites\/7\/2018\/05\/4740_75mL_4848_600x600.jpg?resize=150%2C150&amp;ssl=1 150w, https:\/\/i0.wp.com\/www.parrinst.com\/es\/wp-content\/uploads\/sites\/7\/2018\/05\/4740_75mL_4848_600x600.jpg?resize=300%2C300&amp;ssl=1 300w\" sizes=\"auto, (max-width: 600px) 100vw, 600px\" \/><\/a>\n<\/div>\n<a class=\"product-filter-title\" href=\"https:\/\/www.parrinst.com\/es\/products\/non-stirred-pressure-vessels\/custom-non-stirred-pressure-vessels\/\">Custom Non-Stirred Pressure Vessels<\/a>\n<\/div>\n<div class=\"product-filter-item\">\n<div class=\"product-filter-item-image\">\n<a href=\"https:\/\/www.parrinst.com\/es\/products\/non-stirred-pressure-vessels\/series-4700\/\"><img loading=\"lazy\" decoding=\"async\" width=\"600\" height=\"600\" src=\"https:\/\/i0.wp.com\/www.parrinst.com\/es\/wp-content\/uploads\/sites\/7\/2018\/05\/4714_45mL-Vessel.jpg?fit=600%2C600&amp;ssl=1\" class=\"attachment-large size-large\" alt=\"\" srcset=\"https:\/\/i0.wp.com\/www.parrinst.com\/es\/wp-content\/uploads\/sites\/7\/2018\/05\/4714_45mL-Vessel.jpg?w=600&amp;ssl=1 600w, https:\/\/i0.wp.com\/www.parrinst.com\/es\/wp-content\/uploads\/sites\/7\/2018\/05\/4714_45mL-Vessel.jpg?resize=150%2C150&amp;ssl=1 150w, https:\/\/i0.wp.com\/www.parrinst.com\/es\/wp-content\/uploads\/sites\/7\/2018\/05\/4714_45mL-Vessel.jpg?resize=300%2C300&amp;ssl=1 300w\" sizes=\"auto, (max-width: 600px) 100vw, 600px\" \/><\/a>\n<\/div>\n<a class=\"product-filter-title\" href=\"https:\/\/www.parrinst.com\/es\/products\/non-stirred-pressure-vessels\/series-4700\/\">Recipientes a Presi\u00f3n de Usos General Serie 4700, 22 y 45 mL<\/a>\n<\/div>\n<div class=\"product-filter-item\">\n<div class=\"product-filter-item-image\">\n<a href=\"https:\/\/www.parrinst.com\/es\/products\/non-stirred-pressure-vessels\/series-4760\/\"><img loading=\"lazy\" decoding=\"async\" width=\"600\" height=\"600\" src=\"https:\/\/i0.wp.com\/www.parrinst.com\/es\/wp-content\/uploads\/sites\/7\/2018\/05\/4766_300mL-Vessel-VGR.jpg?fit=600%2C600&amp;ssl=1\" class=\"attachment-large size-large\" alt=\"\" srcset=\"https:\/\/i0.wp.com\/www.parrinst.com\/es\/wp-content\/uploads\/sites\/7\/2018\/05\/4766_300mL-Vessel-VGR.jpg?w=600&amp;ssl=1 600w, https:\/\/i0.wp.com\/www.parrinst.com\/es\/wp-content\/uploads\/sites\/7\/2018\/05\/4766_300mL-Vessel-VGR.jpg?resize=150%2C150&amp;ssl=1 150w, https:\/\/i0.wp.com\/www.parrinst.com\/es\/wp-content\/uploads\/sites\/7\/2018\/05\/4766_300mL-Vessel-VGR.jpg?resize=300%2C300&amp;ssl=1 300w\" sizes=\"auto, (max-width: 600px) 100vw, 600px\" \/><\/a>\n<\/div>\n<a class=\"product-filter-title\" href=\"https:\/\/www.parrinst.com\/es\/products\/non-stirred-pressure-vessels\/series-4760\/\">Recipientes a Presi\u00f3n Serie 4760, 100-600 ml<\/a>\n<\/div>\n<div class=\"product-filter-item\">\n<div class=\"product-filter-item-image\">\n<a href=\"https:\/\/www.parrinst.com\/es\/products\/non-stirred-pressure-vessels\/series-4790\/\"><img loading=\"lazy\" decoding=\"async\" width=\"600\" height=\"600\" src=\"https:\/\/i0.wp.com\/www.parrinst.com\/es\/wp-content\/uploads\/sites\/7\/2018\/05\/4791_2-valve.jpg?fit=600%2C600&amp;ssl=1\" class=\"attachment-large size-large\" alt=\"\" srcset=\"https:\/\/i0.wp.com\/www.parrinst.com\/es\/wp-content\/uploads\/sites\/7\/2018\/05\/4791_2-valve.jpg?w=600&amp;ssl=1 600w, https:\/\/i0.wp.com\/www.parrinst.com\/es\/wp-content\/uploads\/sites\/7\/2018\/05\/4791_2-valve.jpg?resize=150%2C150&amp;ssl=1 150w, https:\/\/i0.wp.com\/www.parrinst.com\/es\/wp-content\/uploads\/sites\/7\/2018\/05\/4791_2-valve.jpg?resize=300%2C300&amp;ssl=1 300w\" sizes=\"auto, (max-width: 600px) 100vw, 600px\" \/><\/a>\n<\/div>\n<a class=\"product-filter-title\" href=\"https:\/\/www.parrinst.com\/es\/products\/non-stirred-pressure-vessels\/series-4790\/\">Recipientes a Serie 4790, 25-100 ml<\/a>\n<\/div>\n<div class=\"product-filter-item\">\n<div class=\"product-filter-item-image\">\n<a href=\"https:\/\/www.parrinst.com\/es\/products\/non-stirred-pressure-vessels\/series-4740\/\"><img loading=\"lazy\" decoding=\"async\" width=\"600\" height=\"600\" src=\"https:\/\/i0.wp.com\/www.parrinst.com\/es\/wp-content\/uploads\/sites\/7\/2018\/05\/4740_75mL_600x600.jpg?fit=600%2C600&amp;ssl=1\" class=\"attachment-large size-large\" alt=\"\" srcset=\"https:\/\/i0.wp.com\/www.parrinst.com\/es\/wp-content\/uploads\/sites\/7\/2018\/05\/4740_75mL_600x600.jpg?w=600&amp;ssl=1 600w, https:\/\/i0.wp.com\/www.parrinst.com\/es\/wp-content\/uploads\/sites\/7\/2018\/05\/4740_75mL_600x600.jpg?resize=150%2C150&amp;ssl=1 150w, https:\/\/i0.wp.com\/www.parrinst.com\/es\/wp-content\/uploads\/sites\/7\/2018\/05\/4740_75mL_600x600.jpg?resize=300%2C300&amp;ssl=1 300w\" sizes=\"auto, (max-width: 600px) 100vw, 600px\" \/><\/a>\n<\/div>\n<a class=\"product-filter-title\" href=\"https:\/\/www.parrinst.com\/es\/products\/non-stirred-pressure-vessels\/series-4740\/\">Recipientes de Alta Presi\u00f3n\/Alta Temperatura Serie 4740<\/a>\n<\/div>\n<div class=\"product-filter-item\">\n<div class=\"product-filter-item-image\">\n<a href=\"https:\/\/www.parrinst.com\/es\/products\/non-stirred-pressure-vessels\/series-4660\/\"><img loading=\"lazy\" decoding=\"async\" width=\"600\" height=\"600\" src=\"https:\/\/i0.wp.com\/www.parrinst.com\/es\/wp-content\/uploads\/sites\/7\/2018\/05\/4662-2Gal_moveable-floor-stand_4848.jpg?fit=600%2C600&amp;ssl=1\" class=\"attachment-large size-large\" alt=\"\" srcset=\"https:\/\/i0.wp.com\/www.parrinst.com\/es\/wp-content\/uploads\/sites\/7\/2018\/05\/4662-2Gal_moveable-floor-stand_4848.jpg?w=600&amp;ssl=1 600w, https:\/\/i0.wp.com\/www.parrinst.com\/es\/wp-content\/uploads\/sites\/7\/2018\/05\/4662-2Gal_moveable-floor-stand_4848.jpg?resize=150%2C150&amp;ssl=1 150w, https:\/\/i0.wp.com\/www.parrinst.com\/es\/wp-content\/uploads\/sites\/7\/2018\/05\/4662-2Gal_moveable-floor-stand_4848.jpg?resize=300%2C300&amp;ssl=1 300w\" sizes=\"auto, (max-width: 600px) 100vw, 600px\" \/><\/a>\n<\/div>\n<a class=\"product-filter-title\" href=\"https:\/\/www.parrinst.com\/es\/products\/non-stirred-pressure-vessels\/series-4660\/\">Recipientes de Uso General Serie 4660, 1-2 Galones<\/a>\n<\/div>\n<div class=\"product-filter-item\">\n<div class=\"product-filter-item-image\">\n<a href=\"https:\/\/www.parrinst.com\/es\/products\/non-stirred-pressure-vessels\/series-4675\/\"><img loading=\"lazy\" decoding=\"async\" width=\"600\" height=\"600\" src=\"https:\/\/i0.wp.com\/www.parrinst.com\/es\/wp-content\/uploads\/sites\/7\/2025\/09\/4675_30L_full_open_113386PI3_2996_600x600.jpg?fit=600%2C600&amp;ssl=1\" class=\"attachment-large size-large\" alt=\"\" srcset=\"https:\/\/i0.wp.com\/www.parrinst.com\/es\/wp-content\/uploads\/sites\/7\/2025\/09\/4675_30L_full_open_113386PI3_2996_600x600.jpg?w=600&amp;ssl=1 600w, https:\/\/i0.wp.com\/www.parrinst.com\/es\/wp-content\/uploads\/sites\/7\/2025\/09\/4675_30L_full_open_113386PI3_2996_600x600.jpg?resize=300%2C300&amp;ssl=1 300w, https:\/\/i0.wp.com\/www.parrinst.com\/es\/wp-content\/uploads\/sites\/7\/2025\/09\/4675_30L_full_open_113386PI3_2996_600x600.jpg?resize=150%2C150&amp;ssl=1 150w\" sizes=\"auto, (max-width: 600px) 100vw, 600px\" \/><\/a>\n<\/div>\n<a class=\"product-filter-title\" href=\"https:\/\/www.parrinst.com\/es\/products\/non-stirred-pressure-vessels\/series-4675\/\">Recipientes de Uso General Serie 4675, 10 &#8211; 40 L<\/a>\n<\/div>\n<div class=\"product-filter-item\">\n<div class=\"product-filter-item-image\">\n<a href=\"https:\/\/www.parrinst.com\/es\/products\/non-stirred-pressure-vessels\/series-4750\/\"><img loading=\"lazy\" decoding=\"async\" width=\"600\" height=\"600\" src=\"https:\/\/i0.wp.com\/www.parrinst.com\/es\/wp-content\/uploads\/sites\/7\/2018\/05\/4751_125mL-Vessel.jpg?fit=600%2C600&amp;ssl=1\" class=\"attachment-large size-large\" alt=\"\" srcset=\"https:\/\/i0.wp.com\/www.parrinst.com\/es\/wp-content\/uploads\/sites\/7\/2018\/05\/4751_125mL-Vessel.jpg?w=600&amp;ssl=1 600w, https:\/\/i0.wp.com\/www.parrinst.com\/es\/wp-content\/uploads\/sites\/7\/2018\/05\/4751_125mL-Vessel.jpg?resize=150%2C150&amp;ssl=1 150w, https:\/\/i0.wp.com\/www.parrinst.com\/es\/wp-content\/uploads\/sites\/7\/2018\/05\/4751_125mL-Vessel.jpg?resize=300%2C300&amp;ssl=1 300w\" sizes=\"auto, (max-width: 600px) 100vw, 600px\" \/><\/a>\n<\/div>\n<a class=\"product-filter-title\" href=\"https:\/\/www.parrinst.com\/es\/products\/non-stirred-pressure-vessels\/series-4750\/\">Recipientes de Uso General Serie 4750, 125 y 200 ml<\/a>\n<\/div>\n<div class=\"product-filter-item\">\n<div class=\"product-filter-item-image\">\n<a href=\"https:\/\/www.parrinst.com\/es\/products\/non-stirred-pressure-vessels\/series-4670\/\"><img loading=\"lazy\" decoding=\"async\" width=\"600\" height=\"600\" src=\"https:\/\/i0.wp.com\/www.parrinst.com\/es\/wp-content\/uploads\/sites\/7\/2020\/07\/4672-Non-Stirred-System-917668PI2_1755600x600.jpg?fit=600%2C600&amp;ssl=1\" class=\"attachment-large size-large\" alt=\"\" srcset=\"https:\/\/i0.wp.com\/www.parrinst.com\/es\/wp-content\/uploads\/sites\/7\/2020\/07\/4672-Non-Stirred-System-917668PI2_1755600x600.jpg?w=600&amp;ssl=1 600w, https:\/\/i0.wp.com\/www.parrinst.com\/es\/wp-content\/uploads\/sites\/7\/2020\/07\/4672-Non-Stirred-System-917668PI2_1755600x600.jpg?resize=300%2C300&amp;ssl=1 300w, https:\/\/i0.wp.com\/www.parrinst.com\/es\/wp-content\/uploads\/sites\/7\/2020\/07\/4672-Non-Stirred-System-917668PI2_1755600x600.jpg?resize=150%2C150&amp;ssl=1 150w\" sizes=\"auto, (max-width: 600px) 100vw, 600px\" \/><\/a>\n<\/div>\n<a class=\"product-filter-title\" href=\"https:\/\/www.parrinst.com\/es\/products\/non-stirred-pressure-vessels\/series-4670\/\">Recipientes HP\/HT Serie 4670, 1 &#038; 1.5 Gal\u00f3n<\/a>\n<\/div>\n<div class=\"product-filter-item\">\n<div class=\"product-filter-item-image\">\n<a href=\"https:\/\/www.parrinst.com\/es\/products\/non-stirred-pressure-vessels\/series-4625\/\"><img loading=\"lazy\" decoding=\"async\" width=\"600\" height=\"600\" src=\"https:\/\/i0.wp.com\/www.parrinst.com\/es\/wp-content\/uploads\/sites\/7\/2018\/05\/4626_1200mL-Vessel.jpg?fit=600%2C600&amp;ssl=1\" class=\"attachment-large size-large\" alt=\"\" srcset=\"https:\/\/i0.wp.com\/www.parrinst.com\/es\/wp-content\/uploads\/sites\/7\/2018\/05\/4626_1200mL-Vessel.jpg?w=600&amp;ssl=1 600w, https:\/\/i0.wp.com\/www.parrinst.com\/es\/wp-content\/uploads\/sites\/7\/2018\/05\/4626_1200mL-Vessel.jpg?resize=150%2C150&amp;ssl=1 150w, https:\/\/i0.wp.com\/www.parrinst.com\/es\/wp-content\/uploads\/sites\/7\/2018\/05\/4626_1200mL-Vessel.jpg?resize=300%2C300&amp;ssl=1 300w\" sizes=\"auto, (max-width: 600px) 100vw, 600px\" \/><\/a>\n<\/div>\n<a class=\"product-filter-title\" href=\"https:\/\/www.parrinst.com\/es\/products\/non-stirred-pressure-vessels\/series-4625\/\">Recipientes para Alta Presi\u00f3n Serie 4625, 600-1200 ml<\/a>\n<\/div>\n<div class=\"product-filter-item\">\n<div class=\"product-filter-item-image\">\n<a href=\"https:\/\/www.parrinst.com\/es\/products\/non-stirred-pressure-vessels\/series-4650\/\"><img loading=\"lazy\" decoding=\"async\" width=\"600\" height=\"600\" src=\"https:\/\/i0.wp.com\/www.parrinst.com\/es\/wp-content\/uploads\/sites\/7\/2018\/05\/4651-250mL-Vessel-HPHT.jpg?fit=600%2C600&amp;ssl=1\" class=\"attachment-large size-large\" alt=\"\" srcset=\"https:\/\/i0.wp.com\/www.parrinst.com\/es\/wp-content\/uploads\/sites\/7\/2018\/05\/4651-250mL-Vessel-HPHT.jpg?w=600&amp;ssl=1 600w, https:\/\/i0.wp.com\/www.parrinst.com\/es\/wp-content\/uploads\/sites\/7\/2018\/05\/4651-250mL-Vessel-HPHT.jpg?resize=150%2C150&amp;ssl=1 150w, https:\/\/i0.wp.com\/www.parrinst.com\/es\/wp-content\/uploads\/sites\/7\/2018\/05\/4651-250mL-Vessel-HPHT.jpg?resize=300%2C300&amp;ssl=1 300w\" sizes=\"auto, (max-width: 600px) 100vw, 600px\" \/><\/a>\n<\/div>\n<a class=\"product-filter-title\" href=\"https:\/\/www.parrinst.com\/es\/products\/non-stirred-pressure-vessels\/series-4650\/\">Recipientes para Alta Presi\u00f3n\/Alta Temp. Serie 4650, 250-1000 ml<\/a>\n<\/div>\n<div class=\"product-filter-item\">\n<div class=\"product-filter-item-image\">\n<a href=\"https:\/\/www.parrinst.com\/es\/products\/non-stirred-pressure-vessels\/series-4600\/\"><img loading=\"lazy\" decoding=\"async\" width=\"600\" height=\"600\" src=\"https:\/\/i0.wp.com\/www.parrinst.com\/es\/wp-content\/uploads\/sites\/7\/2018\/05\/4621_1000mL-Vessel_VGR.jpg?fit=600%2C600&amp;ssl=1\" class=\"attachment-large size-large\" alt=\"\" srcset=\"https:\/\/i0.wp.com\/www.parrinst.com\/es\/wp-content\/uploads\/sites\/7\/2018\/05\/4621_1000mL-Vessel_VGR.jpg?w=600&amp;ssl=1 600w, https:\/\/i0.wp.com\/www.parrinst.com\/es\/wp-content\/uploads\/sites\/7\/2018\/05\/4621_1000mL-Vessel_VGR.jpg?resize=150%2C150&amp;ssl=1 150w, https:\/\/i0.wp.com\/www.parrinst.com\/es\/wp-content\/uploads\/sites\/7\/2018\/05\/4621_1000mL-Vessel_VGR.jpg?resize=300%2C300&amp;ssl=1 300w\" sizes=\"auto, (max-width: 600px) 100vw, 600px\" \/><\/a>\n<\/div>\n<a class=\"product-filter-title\" href=\"https:\/\/www.parrinst.com\/es\/products\/non-stirred-pressure-vessels\/series-4600\/\">Recipientes Serie 4600, 1 y 2 L<\/a>\n<\/div>\n<div class=\"product-filter-item\">\n<div class=\"product-filter-item-image\">\n<a href=\"https:\/\/www.parrinst.com\/es\/products\/non-stirred-pressure-vessels\/series-4680\/\"><img loading=\"lazy\" decoding=\"async\" width=\"600\" height=\"600\" src=\"https:\/\/i0.wp.com\/www.parrinst.com\/es\/wp-content\/uploads\/sites\/7\/2023\/01\/4681-Closed-920412PI3_1636_600x600.jpg?fit=600%2C600&amp;ssl=1\" class=\"attachment-large size-large\" alt=\"\" srcset=\"https:\/\/i0.wp.com\/www.parrinst.com\/es\/wp-content\/uploads\/sites\/7\/2023\/01\/4681-Closed-920412PI3_1636_600x600.jpg?w=600&amp;ssl=1 600w, https:\/\/i0.wp.com\/www.parrinst.com\/es\/wp-content\/uploads\/sites\/7\/2023\/01\/4681-Closed-920412PI3_1636_600x600.jpg?resize=300%2C300&amp;ssl=1 300w, https:\/\/i0.wp.com\/www.parrinst.com\/es\/wp-content\/uploads\/sites\/7\/2023\/01\/4681-Closed-920412PI3_1636_600x600.jpg?resize=150%2C150&amp;ssl=1 150w\" sizes=\"auto, (max-width: 600px) 100vw, 600px\" \/><\/a>\n<\/div>\n<a class=\"product-filter-title\" href=\"https:\/\/www.parrinst.com\/es\/products\/non-stirred-pressure-vessels\/series-4680\/\">Recipientes Serie 4680 High Pressure\/High Temp, 1 &#038; 1.8 Liters<\/a>\n<\/div>\n<div class=\"product-filter-item\">\n<div class=\"product-filter-item-image\">\n<a href=\"https:\/\/www.parrinst.com\/es\/products\/non-stirred-pressure-vessels\/series-8700-general-purpose-pressure-vessels-50-100-l\/\"><img loading=\"lazy\" decoding=\"async\" width=\"600\" height=\"600\" src=\"https:\/\/i0.wp.com\/www.parrinst.com\/es\/wp-content\/uploads\/sites\/7\/2025\/06\/Parr_8700_100L_1_Bolts-upPI2_5830_600x600-web.jpg?fit=600%2C600&amp;ssl=1\" class=\"attachment-large size-large\" alt=\"\" srcset=\"https:\/\/i0.wp.com\/www.parrinst.com\/es\/wp-content\/uploads\/sites\/7\/2025\/06\/Parr_8700_100L_1_Bolts-upPI2_5830_600x600-web.jpg?w=600&amp;ssl=1 600w, https:\/\/i0.wp.com\/www.parrinst.com\/es\/wp-content\/uploads\/sites\/7\/2025\/06\/Parr_8700_100L_1_Bolts-upPI2_5830_600x600-web.jpg?resize=300%2C300&amp;ssl=1 300w, https:\/\/i0.wp.com\/www.parrinst.com\/es\/wp-content\/uploads\/sites\/7\/2025\/06\/Parr_8700_100L_1_Bolts-upPI2_5830_600x600-web.jpg?resize=150%2C150&amp;ssl=1 150w\" sizes=\"auto, (max-width: 600px) 100vw, 600px\" \/><\/a>\n<\/div>\n<a class=\"product-filter-title\" href=\"https:\/\/www.parrinst.com\/es\/products\/non-stirred-pressure-vessels\/series-8700-general-purpose-pressure-vessels-50-100-l\/\">Series 8700 General Purpose Pressure Vessels, 50 &#038; 100 L<\/a>\n<\/div>\n<\/div><\/div>\n","protected":false},"excerpt":{"rendered":"","protected":false},"author":1,"featured_media":37721,"parent":22,"menu_order":1,"comment_status":"closed","ping_status":"closed","template":"general-tabs.php","meta":{"_acf_changed":false,"footnotes":"","_links_to":"","_links_to_target":""},"class_list":["post-77","page","type-page","status-publish","has-post-thumbnail","hentry"],"acf":[],"yoast_head":"<!-- This site is optimized with the Yoast SEO plugin v27.4 - https:\/\/yoast.com\/product\/yoast-seo-wordpress\/ -->\n<title>Recipientes a Presi\u00f3n Sin Agitaci\u00f3n - Parr Instrument (Espa\u00f1ol)<\/title>\n<meta name=\"robots\" content=\"index, follow, max-snippet:-1, max-image-preview:large, max-video-preview:-1\" \/>\n<link rel=\"canonical\" href=\"https:\/\/www.parrinst.com\/es\/products\/non-stirred-pressure-vessels\/\" \/>\n<meta property=\"og:locale\" content=\"en_US\" \/>\n<meta property=\"og:type\" content=\"article\" \/>\n<meta property=\"og:title\" content=\"Recipientes a Presi\u00f3n Sin Agitaci\u00f3n - Parr Instrument (Espa\u00f1ol)\" \/>\n<meta property=\"og:url\" content=\"https:\/\/www.parrinst.com\/es\/products\/non-stirred-pressure-vessels\/\" \/>\n<meta property=\"og:site_name\" content=\"Parr Instrument (Espa\u00f1ol)\" \/>\n<meta property=\"article:modified_time\" content=\"2018-05-30T19:53:48+00:00\" \/>\n<meta property=\"og:image\" content=\"https:\/\/www.parrinst.com\/es\/files\/2018\/01\/parr_banner_non-stirred_secondary.jpg\" \/>\n\t<meta property=\"og:image:width\" content=\"2200\" \/>\n\t<meta property=\"og:image:height\" content=\"399\" \/>\n\t<meta property=\"og:image:type\" content=\"image\/jpeg\" \/>\n<meta name=\"twitter:card\" content=\"summary_large_image\" \/>\n<script type=\"application\/ld+json\" class=\"yoast-schema-graph\">{\"@context\":\"https:\\\/\\\/schema.org\",\"@graph\":[{\"@type\":\"WebPage\",\"@id\":\"https:\\\/\\\/www.parrinst.com\\\/es\\\/products\\\/non-stirred-pressure-vessels\\\/\",\"url\":\"https:\\\/\\\/www.parrinst.com\\\/es\\\/products\\\/non-stirred-pressure-vessels\\\/\",\"name\":\"Recipientes a Presi\u00f3n Sin Agitaci\u00f3n - Parr Instrument (Espa\u00f1ol)\",\"isPartOf\":{\"@id\":\"https:\\\/\\\/www.parrinst.com\\\/es\\\/#website\"},\"primaryImageOfPage\":{\"@id\":\"https:\\\/\\\/www.parrinst.com\\\/es\\\/products\\\/non-stirred-pressure-vessels\\\/#primaryimage\"},\"image\":{\"@id\":\"https:\\\/\\\/www.parrinst.com\\\/es\\\/products\\\/non-stirred-pressure-vessels\\\/#primaryimage\"},\"thumbnailUrl\":\"https:\\\/\\\/i0.wp.com\\\/www.parrinst.com\\\/es\\\/wp-content\\\/uploads\\\/sites\\\/7\\\/2018\\\/01\\\/parr_banner_non-stirred_secondary.jpg?fit=2200%2C399&ssl=1\",\"datePublished\":\"2011-03-10T02:50:00+00:00\",\"dateModified\":\"2018-05-30T19:53:48+00:00\",\"breadcrumb\":{\"@id\":\"https:\\\/\\\/www.parrinst.com\\\/es\\\/products\\\/non-stirred-pressure-vessels\\\/#breadcrumb\"},\"inLanguage\":\"en-US\",\"potentialAction\":[{\"@type\":\"ReadAction\",\"target\":[\"https:\\\/\\\/www.parrinst.com\\\/es\\\/products\\\/non-stirred-pressure-vessels\\\/\"]}]},{\"@type\":\"ImageObject\",\"inLanguage\":\"en-US\",\"@id\":\"https:\\\/\\\/www.parrinst.com\\\/es\\\/products\\\/non-stirred-pressure-vessels\\\/#primaryimage\",\"url\":\"https:\\\/\\\/i0.wp.com\\\/www.parrinst.com\\\/es\\\/wp-content\\\/uploads\\\/sites\\\/7\\\/2018\\\/01\\\/parr_banner_non-stirred_secondary.jpg?fit=2200%2C399&ssl=1\",\"contentUrl\":\"https:\\\/\\\/i0.wp.com\\\/www.parrinst.com\\\/es\\\/wp-content\\\/uploads\\\/sites\\\/7\\\/2018\\\/01\\\/parr_banner_non-stirred_secondary.jpg?fit=2200%2C399&ssl=1\",\"width\":2200,\"height\":399},{\"@type\":\"BreadcrumbList\",\"@id\":\"https:\\\/\\\/www.parrinst.com\\\/es\\\/products\\\/non-stirred-pressure-vessels\\\/#breadcrumb\",\"itemListElement\":[{\"@type\":\"ListItem\",\"position\":1,\"name\":\"Home\",\"item\":\"https:\\\/\\\/www.parrinst.com\\\/es\\\/\"},{\"@type\":\"ListItem\",\"position\":2,\"name\":\"Products\",\"item\":\"https:\\\/\\\/www.parrinst.com\\\/es\\\/products\\\/\"},{\"@type\":\"ListItem\",\"position\":3,\"name\":\"Recipientes a Presi\u00f3n Sin Agitaci\u00f3n\"}]},{\"@type\":\"WebSite\",\"@id\":\"https:\\\/\\\/www.parrinst.com\\\/es\\\/#website\",\"url\":\"https:\\\/\\\/www.parrinst.com\\\/es\\\/\",\"name\":\"Parr Instrument (Espa\u00f1ol)\",\"description\":\"\",\"potentialAction\":[{\"@type\":\"SearchAction\",\"target\":{\"@type\":\"EntryPoint\",\"urlTemplate\":\"https:\\\/\\\/www.parrinst.com\\\/es\\\/?s={search_term_string}\"},\"query-input\":{\"@type\":\"PropertyValueSpecification\",\"valueRequired\":true,\"valueName\":\"search_term_string\"}}],\"inLanguage\":\"en-US\"}]}<\/script>\n<!-- \/ Yoast SEO plugin. -->","yoast_head_json":{"title":"Recipientes a Presi\u00f3n Sin Agitaci\u00f3n - Parr Instrument (Espa\u00f1ol)","robots":{"index":"index","follow":"follow","max-snippet":"max-snippet:-1","max-image-preview":"max-image-preview:large","max-video-preview":"max-video-preview:-1"},"canonical":"https:\/\/www.parrinst.com\/es\/products\/non-stirred-pressure-vessels\/","og_locale":"en_US","og_type":"article","og_title":"Recipientes a Presi\u00f3n Sin Agitaci\u00f3n - Parr Instrument (Espa\u00f1ol)","og_url":"https:\/\/www.parrinst.com\/es\/products\/non-stirred-pressure-vessels\/","og_site_name":"Parr Instrument (Espa\u00f1ol)","article_modified_time":"2018-05-30T19:53:48+00:00","og_image":[{"width":2200,"height":399,"url":"https:\/\/www.parrinst.com\/es\/files\/2018\/01\/parr_banner_non-stirred_secondary.jpg","type":"image\/jpeg"}],"twitter_card":"summary_large_image","schema":{"@context":"https:\/\/schema.org","@graph":[{"@type":"WebPage","@id":"https:\/\/www.parrinst.com\/es\/products\/non-stirred-pressure-vessels\/","url":"https:\/\/www.parrinst.com\/es\/products\/non-stirred-pressure-vessels\/","name":"Recipientes a Presi\u00f3n Sin Agitaci\u00f3n - Parr Instrument (Espa\u00f1ol)","isPartOf":{"@id":"https:\/\/www.parrinst.com\/es\/#website"},"primaryImageOfPage":{"@id":"https:\/\/www.parrinst.com\/es\/products\/non-stirred-pressure-vessels\/#primaryimage"},"image":{"@id":"https:\/\/www.parrinst.com\/es\/products\/non-stirred-pressure-vessels\/#primaryimage"},"thumbnailUrl":"https:\/\/i0.wp.com\/www.parrinst.com\/es\/wp-content\/uploads\/sites\/7\/2018\/01\/parr_banner_non-stirred_secondary.jpg?fit=2200%2C399&ssl=1","datePublished":"2011-03-10T02:50:00+00:00","dateModified":"2018-05-30T19:53:48+00:00","breadcrumb":{"@id":"https:\/\/www.parrinst.com\/es\/products\/non-stirred-pressure-vessels\/#breadcrumb"},"inLanguage":"en-US","potentialAction":[{"@type":"ReadAction","target":["https:\/\/www.parrinst.com\/es\/products\/non-stirred-pressure-vessels\/"]}]},{"@type":"ImageObject","inLanguage":"en-US","@id":"https:\/\/www.parrinst.com\/es\/products\/non-stirred-pressure-vessels\/#primaryimage","url":"https:\/\/i0.wp.com\/www.parrinst.com\/es\/wp-content\/uploads\/sites\/7\/2018\/01\/parr_banner_non-stirred_secondary.jpg?fit=2200%2C399&ssl=1","contentUrl":"https:\/\/i0.wp.com\/www.parrinst.com\/es\/wp-content\/uploads\/sites\/7\/2018\/01\/parr_banner_non-stirred_secondary.jpg?fit=2200%2C399&ssl=1","width":2200,"height":399},{"@type":"BreadcrumbList","@id":"https:\/\/www.parrinst.com\/es\/products\/non-stirred-pressure-vessels\/#breadcrumb","itemListElement":[{"@type":"ListItem","position":1,"name":"Home","item":"https:\/\/www.parrinst.com\/es\/"},{"@type":"ListItem","position":2,"name":"Products","item":"https:\/\/www.parrinst.com\/es\/products\/"},{"@type":"ListItem","position":3,"name":"Recipientes a Presi\u00f3n Sin Agitaci\u00f3n"}]},{"@type":"WebSite","@id":"https:\/\/www.parrinst.com\/es\/#website","url":"https:\/\/www.parrinst.com\/es\/","name":"Parr Instrument (Espa\u00f1ol)","description":"","potentialAction":[{"@type":"SearchAction","target":{"@type":"EntryPoint","urlTemplate":"https:\/\/www.parrinst.com\/es\/?s={search_term_string}"},"query-input":{"@type":"PropertyValueSpecification","valueRequired":true,"valueName":"search_term_string"}}],"inLanguage":"en-US"}]}},"jetpack_sharing_enabled":true,"_links":{"self":[{"href":"https:\/\/www.parrinst.com\/es\/wp-json\/wp\/v2\/pages\/77","targetHints":{"allow":["GET"]}}],"collection":[{"href":"https:\/\/www.parrinst.com\/es\/wp-json\/wp\/v2\/pages"}],"about":[{"href":"https:\/\/www.parrinst.com\/es\/wp-json\/wp\/v2\/types\/page"}],"author":[{"embeddable":true,"href":"https:\/\/www.parrinst.com\/es\/wp-json\/wp\/v2\/users\/1"}],"replies":[{"embeddable":true,"href":"https:\/\/www.parrinst.com\/es\/wp-json\/wp\/v2\/comments?post=77"}],"version-history":[{"count":5,"href":"https:\/\/www.parrinst.com\/es\/wp-json\/wp\/v2\/pages\/77\/revisions"}],"predecessor-version":[{"id":38533,"href":"https:\/\/www.parrinst.com\/es\/wp-json\/wp\/v2\/pages\/77\/revisions\/38533"}],"up":[{"embeddable":true,"href":"https:\/\/www.parrinst.com\/es\/wp-json\/wp\/v2\/pages\/22"}],"wp:featuredmedia":[{"embeddable":true,"href":"https:\/\/www.parrinst.com\/es\/wp-json\/wp\/v2\/media\/37721"}],"wp:attachment":[{"href":"https:\/\/www.parrinst.com\/es\/wp-json\/wp\/v2\/media?parent=77"}],"curies":[{"name":"wp","href":"https:\/\/api.w.org\/{rel}","templated":true}]}}