{"id":7821,"date":"2011-09-14T20:16:17","date_gmt":"2011-09-15T01:16:17","guid":{"rendered":"https:\/\/www.parrinst.com\/?page_id=7821"},"modified":"2018-10-12T16:25:49","modified_gmt":"2018-10-12T21:25:49","slug":"mounting-styles","status":"publish","type":"page","link":"https:\/\/www.parrinst.com\/es\/products\/stirred-reactors\/design-features\/mounting-styles\/","title":{"rendered":"Estilos de Ensamble"},"content":{"rendered":"<hr \/>\n<figure id=\"attachment_3749\" aria-describedby=\"caption-attachment-3749\" style=\"width: 260px\" class=\"wp-caption alignright\"><a href=\"https:\/\/i0.wp.com\/www.parrinst.com\/es\/wp-content\/uploads\/sites\/7\/2011\/06\/4523-closed.jpg?ssl=1\"><img data-recalc-dims=\"1\" loading=\"lazy\" decoding=\"async\" class=\"wp-image-3749 size-medium\" src=\"https:\/\/i0.wp.com\/www.parrinst.com\/es\/wp-content\/uploads\/sites\/7\/2011\/06\/4523-closed.jpg?resize=260%2C300&#038;ssl=1\" alt=\"\" width=\"260\" height=\"300\" srcset=\"https:\/\/i0.wp.com\/www.parrinst.com\/es\/wp-content\/uploads\/sites\/7\/2011\/06\/4523-closed.jpg?resize=260%2C300&amp;ssl=1 260w, https:\/\/i0.wp.com\/www.parrinst.com\/es\/wp-content\/uploads\/sites\/7\/2011\/06\/4523-closed.jpg?resize=130%2C150&amp;ssl=1 130w, https:\/\/i0.wp.com\/www.parrinst.com\/es\/wp-content\/uploads\/sites\/7\/2011\/06\/4523-closed.jpg?w=520&amp;ssl=1 520w\" sizes=\"auto, (max-width: 260px) 100vw, 260px\" \/><\/a><figcaption id=\"caption-attachment-3749\" class=\"wp-caption-text\">Reactor modelo 4523, Cabezal Fijo, 1 Litro<\/figcaption><\/figure>\n<h3>Reactores de Cabeza Fija<\/h3>\n<p><strong>Parr ofrece la mayor\u00eda de sus reactores de laboratorio con un dise\u00f1o de cabezal fijo. Esto incluye todos los reactores con vol\u00famenes de 25mL a 20L.<\/strong> Esto incluye todos los reactores con un volumen de 25 ml hasta 7.5 litros. En estos reactores la cabeza del recipiente puede permanecer fija en la base de soporte del reactor. Todas las conexiones a la cabeza: l\u00edneas de alimentaci\u00f3n de gas y l\u00edquido y l\u00edneas de descarga, agua de enfriamiento, salida y condensador de vapor, termopar y cualquier cable el\u00e9ctrico pueden permanecer en su lugar. El reactor se abre simplemente quitando el anillo partido y bajando el cilindro de la cabeza, dejando Todas las conexiones sin alteraciones. Si se desea, el ensamble de recipiente completo puede ser retirado de la placa de soporte de la cabeza.<\/p>\n<figure id=\"attachment_38765\" aria-describedby=\"caption-attachment-38765\" style=\"width: 125px\" class=\"wp-caption alignleft\"><a href=\"https:\/\/i0.wp.com\/www.parrinst.com\/es\/wp-content\/uploads\/sites\/7\/2018\/08\/fixed-head_detail.jpg?ssl=1\"><img data-recalc-dims=\"1\" loading=\"lazy\" decoding=\"async\" class=\"wp-image-38765\" src=\"https:\/\/i0.wp.com\/www.parrinst.com\/es\/wp-content\/uploads\/sites\/7\/2018\/08\/fixed-head_detail.jpg?resize=125%2C186&#038;ssl=1\" alt=\"Vista detallada de un reactor de cabezal fijo con el cilindro y el calentador abajo.\" width=\"125\" height=\"186\" srcset=\"https:\/\/i0.wp.com\/www.parrinst.com\/es\/wp-content\/uploads\/sites\/7\/2018\/08\/fixed-head_detail.jpg?resize=201%2C300&amp;ssl=1 201w, https:\/\/i0.wp.com\/www.parrinst.com\/es\/wp-content\/uploads\/sites\/7\/2018\/08\/fixed-head_detail.jpg?resize=101%2C150&amp;ssl=1 101w, https:\/\/i0.wp.com\/www.parrinst.com\/es\/wp-content\/uploads\/sites\/7\/2018\/08\/fixed-head_detail.jpg?resize=686%2C1024&amp;ssl=1 686w, https:\/\/i0.wp.com\/www.parrinst.com\/es\/wp-content\/uploads\/sites\/7\/2018\/08\/fixed-head_detail.jpg?w=990&amp;ssl=1 990w\" sizes=\"auto, (max-width: 125px) 100vw, 125px\" \/><\/a><figcaption id=\"caption-attachment-38765\" class=\"wp-caption-text\">Vista detallada de un reactor de cabezal fijo.<\/figcaption><\/figure>\n<p>La estructura de soporte para los reactores de cabezal fijo var\u00edan dependiendo de los tama\u00f1os y pesos de los vasos.<\/p>\n<ul>\n<li>Para vasos con vol\u00famenes de 25mL a 600mL, el cilindro puede ser bajado y removido manualmente por el operador<\/li>\n<li>Vasos con vol\u00famenes de 1 a 2 litros incluyen un mecanismo de elevaci\u00f3n manual para levantar o bajar el cilindro.<\/li>\n<li>Vasos con vol\u00famenes mayores a dos litroso o cuando el peso lo amerite, incluyen un mecanismo de elevaci\u00f3n neum\u00e1tico.<\/li>\n<\/ul>\n<p>&nbsp;<\/p>\n<hr \/>\n<h3>Reactores de Recipiente M\u00f3vil<\/h3>\n<figure id=\"attachment_1953\" aria-describedby=\"caption-attachment-1953\" style=\"width: 260px\" class=\"wp-caption alignright\"><a href=\"https:\/\/i0.wp.com\/www.parrinst.com\/es\/wp-content\/uploads\/sites\/7\/2011\/03\/4525-moveable_4848.jpg?ssl=1\"><img data-recalc-dims=\"1\" loading=\"lazy\" decoding=\"async\" class=\"wp-image-1953 size-medium\" src=\"https:\/\/i0.wp.com\/www.parrinst.com\/es\/wp-content\/uploads\/sites\/7\/2011\/03\/4525-moveable_4848.jpg?resize=260%2C300&#038;ssl=1\" alt=\"\" width=\"260\" height=\"300\" srcset=\"https:\/\/i0.wp.com\/www.parrinst.com\/es\/wp-content\/uploads\/sites\/7\/2011\/03\/4525-moveable_4848.jpg?resize=260%2C300&amp;ssl=1 260w, https:\/\/i0.wp.com\/www.parrinst.com\/es\/wp-content\/uploads\/sites\/7\/2011\/03\/4525-moveable_4848.jpg?resize=130%2C150&amp;ssl=1 130w, https:\/\/i0.wp.com\/www.parrinst.com\/es\/wp-content\/uploads\/sites\/7\/2011\/03\/4525-moveable_4848.jpg?w=520&amp;ssl=1 520w\" sizes=\"auto, (max-width: 260px) 100vw, 260px\" \/><\/a><figcaption id=\"caption-attachment-1953\" class=\"wp-caption-text\">Se muestra un Reactor 4544, 600 mL, Vaso m\u00f3vil, Disco partido con tornillos de compresi\u00f3n y un controlador 4848 con sis m\u00f3dulos de expansi\u00f3n opcionales.<\/figcaption><\/figure>\n<p><strong>Como una alternativa a los dise\u00f1os de cabeza fija<\/strong> descritos en la secci\u00f3n anterior, todos los reactores Parr se pueden suministrar en dise\u00f1os que permiten desmontar el recipiente entero como un ensamble completo de la base de soporte permitiendo as\u00ed surecarga, recuperaci\u00f3n de producto, y su limpieza. En los Modelos m\u00e1s peque\u00f1os y medianos el recipiente completo simplemente se levanta con la mano del calefactor. En los Modelos grandes, el recipiente se puede abrir y cerrar mientras el cilindro permanece en el calefactor, pero la cabeza se debe levantar manualmente. En los m\u00e1s grande Modelos de (10 L y 20 L) se proporciona una polea de cadena para levantar la cabeza y el cilindro m\u00e1s pesados.<\/p>\n<p>Estos reactores movibles son atractivos para los usuarios que deseen operar sistemas de lotes bastante simples en lugar de arreglos de flujo continuo, y que desean poder desmontar el recipiente para recuperar el producto, cargarlo o limpiarlo. Tambi\u00e9n se puede preparar el recipiente en un ambiente especial, o limpiar el cilindro y el agitador en un sitio alejado de la base del reactor y el calefactor. Tambi\u00e9n tienen la ventaja de ser menos costosos que los Modelos de cabeza fijos ya que no requieren una cabeza m\u00e1s elaborada o mecanismo elevador de cilindro y calefactor.<\/p>\n","protected":false},"excerpt":{"rendered":"<p>Reactores de Cabeza Fija Parr ofrece la mayor\u00eda de sus reactores de laboratorio con un dise\u00f1o de cabezal fijo. Esto incluye todos los reactores con vol\u00famenes de 25mL a 20L. Esto incluye todos los reactores con un volumen de 25 ml hasta 7.5 litros. En estos reactores la cabeza del recipiente puede permanecer fija en [&hellip;]<\/p>\n","protected":false},"author":1,"featured_media":36874,"parent":126,"menu_order":0,"comment_status":"closed","ping_status":"closed","template":"product-wide.php","meta":{"_acf_changed":false,"footnotes":"","_links_to":"","_links_to_target":""},"class_list":["post-7821","page","type-page","status-publish","has-post-thumbnail","hentry"],"acf":[],"yoast_head":"<!-- This site is optimized with the Yoast SEO plugin v27.4 - https:\/\/yoast.com\/product\/yoast-seo-wordpress\/ -->\n<title>Estilos de Ensamble - Parr Instrument (Espa\u00f1ol)<\/title>\n<meta name=\"robots\" content=\"index, follow, max-snippet:-1, max-image-preview:large, max-video-preview:-1\" \/>\n<link rel=\"canonical\" href=\"https:\/\/www.parrinst.com\/es\/products\/stirred-reactors\/design-features\/mounting-styles\/\" \/>\n<meta property=\"og:locale\" content=\"en_US\" \/>\n<meta property=\"og:type\" content=\"article\" \/>\n<meta property=\"og:title\" content=\"Estilos de Ensamble - Parr Instrument (Espa\u00f1ol)\" \/>\n<meta property=\"og:description\" content=\"Reactores de Cabeza Fija Parr ofrece la mayor\u00eda de sus reactores de laboratorio con un dise\u00f1o de cabezal fijo. Esto incluye todos los reactores con vol\u00famenes de 25mL a 20L. Esto incluye todos los reactores con un volumen de 25 ml hasta 7.5 litros. En estos reactores la cabeza del recipiente puede permanecer fija en [&hellip;]\" \/>\n<meta property=\"og:url\" content=\"https:\/\/www.parrinst.com\/es\/products\/stirred-reactors\/design-features\/mounting-styles\/\" \/>\n<meta property=\"og:site_name\" content=\"Parr Instrument (Espa\u00f1ol)\" \/>\n<meta property=\"article:modified_time\" content=\"2018-10-12T21:25:49+00:00\" \/>\n<meta property=\"og:image\" content=\"https:\/\/www.parrinst.com\/es\/files\/2017\/12\/parr_banner_stirred3_secondary.jpg\" \/>\n\t<meta property=\"og:image:width\" content=\"2200\" \/>\n\t<meta property=\"og:image:height\" content=\"399\" \/>\n\t<meta property=\"og:image:type\" content=\"image\/jpeg\" \/>\n<meta name=\"twitter:card\" content=\"summary_large_image\" \/>\n<meta name=\"twitter:label1\" content=\"Est. reading time\" \/>\n\t<meta name=\"twitter:data1\" content=\"3 minutes\" \/>\n<script type=\"application\/ld+json\" class=\"yoast-schema-graph\">{\"@context\":\"https:\\\/\\\/schema.org\",\"@graph\":[{\"@type\":\"WebPage\",\"@id\":\"https:\\\/\\\/www.parrinst.com\\\/es\\\/products\\\/stirred-reactors\\\/design-features\\\/mounting-styles\\\/\",\"url\":\"https:\\\/\\\/www.parrinst.com\\\/es\\\/products\\\/stirred-reactors\\\/design-features\\\/mounting-styles\\\/\",\"name\":\"Estilos de Ensamble - Parr Instrument (Espa\u00f1ol)\",\"isPartOf\":{\"@id\":\"https:\\\/\\\/www.parrinst.com\\\/es\\\/#website\"},\"primaryImageOfPage\":{\"@id\":\"https:\\\/\\\/www.parrinst.com\\\/es\\\/products\\\/stirred-reactors\\\/design-features\\\/mounting-styles\\\/#primaryimage\"},\"image\":{\"@id\":\"https:\\\/\\\/www.parrinst.com\\\/es\\\/products\\\/stirred-reactors\\\/design-features\\\/mounting-styles\\\/#primaryimage\"},\"thumbnailUrl\":\"https:\\\/\\\/i0.wp.com\\\/www.parrinst.com\\\/es\\\/wp-content\\\/uploads\\\/sites\\\/7\\\/2017\\\/12\\\/parr_banner_stirred3_secondary.jpg?fit=2200%2C399&ssl=1\",\"datePublished\":\"2011-09-15T01:16:17+00:00\",\"dateModified\":\"2018-10-12T21:25:49+00:00\",\"breadcrumb\":{\"@id\":\"https:\\\/\\\/www.parrinst.com\\\/es\\\/products\\\/stirred-reactors\\\/design-features\\\/mounting-styles\\\/#breadcrumb\"},\"inLanguage\":\"en-US\",\"potentialAction\":[{\"@type\":\"ReadAction\",\"target\":[\"https:\\\/\\\/www.parrinst.com\\\/es\\\/products\\\/stirred-reactors\\\/design-features\\\/mounting-styles\\\/\"]}]},{\"@type\":\"ImageObject\",\"inLanguage\":\"en-US\",\"@id\":\"https:\\\/\\\/www.parrinst.com\\\/es\\\/products\\\/stirred-reactors\\\/design-features\\\/mounting-styles\\\/#primaryimage\",\"url\":\"https:\\\/\\\/i0.wp.com\\\/www.parrinst.com\\\/es\\\/wp-content\\\/uploads\\\/sites\\\/7\\\/2017\\\/12\\\/parr_banner_stirred3_secondary.jpg?fit=2200%2C399&ssl=1\",\"contentUrl\":\"https:\\\/\\\/i0.wp.com\\\/www.parrinst.com\\\/es\\\/wp-content\\\/uploads\\\/sites\\\/7\\\/2017\\\/12\\\/parr_banner_stirred3_secondary.jpg?fit=2200%2C399&ssl=1\",\"width\":2200,\"height\":399},{\"@type\":\"BreadcrumbList\",\"@id\":\"https:\\\/\\\/www.parrinst.com\\\/es\\\/products\\\/stirred-reactors\\\/design-features\\\/mounting-styles\\\/#breadcrumb\",\"itemListElement\":[{\"@type\":\"ListItem\",\"position\":1,\"name\":\"Home\",\"item\":\"https:\\\/\\\/www.parrinst.com\\\/es\\\/\"},{\"@type\":\"ListItem\",\"position\":2,\"name\":\"Products\",\"item\":\"https:\\\/\\\/www.parrinst.com\\\/es\\\/products\\\/\"},{\"@type\":\"ListItem\",\"position\":3,\"name\":\"Reactores Agitados\",\"item\":\"https:\\\/\\\/www.parrinst.com\\\/es\\\/products\\\/stirred-reactors\\\/\"},{\"@type\":\"ListItem\",\"position\":4,\"name\":\"Caracter\u00edsticas\",\"item\":\"https:\\\/\\\/www.parrinst.com\\\/es\\\/products\\\/stirred-reactors\\\/design-features\\\/\"},{\"@type\":\"ListItem\",\"position\":5,\"name\":\"Estilos de Ensamble\"}]},{\"@type\":\"WebSite\",\"@id\":\"https:\\\/\\\/www.parrinst.com\\\/es\\\/#website\",\"url\":\"https:\\\/\\\/www.parrinst.com\\\/es\\\/\",\"name\":\"Parr Instrument (Espa\u00f1ol)\",\"description\":\"\",\"potentialAction\":[{\"@type\":\"SearchAction\",\"target\":{\"@type\":\"EntryPoint\",\"urlTemplate\":\"https:\\\/\\\/www.parrinst.com\\\/es\\\/?s={search_term_string}\"},\"query-input\":{\"@type\":\"PropertyValueSpecification\",\"valueRequired\":true,\"valueName\":\"search_term_string\"}}],\"inLanguage\":\"en-US\"}]}<\/script>\n<!-- \/ Yoast SEO plugin. -->","yoast_head_json":{"title":"Estilos de Ensamble - Parr Instrument (Espa\u00f1ol)","robots":{"index":"index","follow":"follow","max-snippet":"max-snippet:-1","max-image-preview":"max-image-preview:large","max-video-preview":"max-video-preview:-1"},"canonical":"https:\/\/www.parrinst.com\/es\/products\/stirred-reactors\/design-features\/mounting-styles\/","og_locale":"en_US","og_type":"article","og_title":"Estilos de Ensamble - Parr Instrument (Espa\u00f1ol)","og_description":"Reactores de Cabeza Fija Parr ofrece la mayor\u00eda de sus reactores de laboratorio con un dise\u00f1o de cabezal fijo. Esto incluye todos los reactores con vol\u00famenes de 25mL a 20L. Esto incluye todos los reactores con un volumen de 25 ml hasta 7.5 litros. En estos reactores la cabeza del recipiente puede permanecer fija en [&hellip;]","og_url":"https:\/\/www.parrinst.com\/es\/products\/stirred-reactors\/design-features\/mounting-styles\/","og_site_name":"Parr Instrument (Espa\u00f1ol)","article_modified_time":"2018-10-12T21:25:49+00:00","og_image":[{"width":2200,"height":399,"url":"https:\/\/www.parrinst.com\/es\/files\/2017\/12\/parr_banner_stirred3_secondary.jpg","type":"image\/jpeg"}],"twitter_card":"summary_large_image","twitter_misc":{"Est. reading time":"3 minutes"},"schema":{"@context":"https:\/\/schema.org","@graph":[{"@type":"WebPage","@id":"https:\/\/www.parrinst.com\/es\/products\/stirred-reactors\/design-features\/mounting-styles\/","url":"https:\/\/www.parrinst.com\/es\/products\/stirred-reactors\/design-features\/mounting-styles\/","name":"Estilos de Ensamble - Parr Instrument (Espa\u00f1ol)","isPartOf":{"@id":"https:\/\/www.parrinst.com\/es\/#website"},"primaryImageOfPage":{"@id":"https:\/\/www.parrinst.com\/es\/products\/stirred-reactors\/design-features\/mounting-styles\/#primaryimage"},"image":{"@id":"https:\/\/www.parrinst.com\/es\/products\/stirred-reactors\/design-features\/mounting-styles\/#primaryimage"},"thumbnailUrl":"https:\/\/i0.wp.com\/www.parrinst.com\/es\/wp-content\/uploads\/sites\/7\/2017\/12\/parr_banner_stirred3_secondary.jpg?fit=2200%2C399&ssl=1","datePublished":"2011-09-15T01:16:17+00:00","dateModified":"2018-10-12T21:25:49+00:00","breadcrumb":{"@id":"https:\/\/www.parrinst.com\/es\/products\/stirred-reactors\/design-features\/mounting-styles\/#breadcrumb"},"inLanguage":"en-US","potentialAction":[{"@type":"ReadAction","target":["https:\/\/www.parrinst.com\/es\/products\/stirred-reactors\/design-features\/mounting-styles\/"]}]},{"@type":"ImageObject","inLanguage":"en-US","@id":"https:\/\/www.parrinst.com\/es\/products\/stirred-reactors\/design-features\/mounting-styles\/#primaryimage","url":"https:\/\/i0.wp.com\/www.parrinst.com\/es\/wp-content\/uploads\/sites\/7\/2017\/12\/parr_banner_stirred3_secondary.jpg?fit=2200%2C399&ssl=1","contentUrl":"https:\/\/i0.wp.com\/www.parrinst.com\/es\/wp-content\/uploads\/sites\/7\/2017\/12\/parr_banner_stirred3_secondary.jpg?fit=2200%2C399&ssl=1","width":2200,"height":399},{"@type":"BreadcrumbList","@id":"https:\/\/www.parrinst.com\/es\/products\/stirred-reactors\/design-features\/mounting-styles\/#breadcrumb","itemListElement":[{"@type":"ListItem","position":1,"name":"Home","item":"https:\/\/www.parrinst.com\/es\/"},{"@type":"ListItem","position":2,"name":"Products","item":"https:\/\/www.parrinst.com\/es\/products\/"},{"@type":"ListItem","position":3,"name":"Reactores Agitados","item":"https:\/\/www.parrinst.com\/es\/products\/stirred-reactors\/"},{"@type":"ListItem","position":4,"name":"Caracter\u00edsticas","item":"https:\/\/www.parrinst.com\/es\/products\/stirred-reactors\/design-features\/"},{"@type":"ListItem","position":5,"name":"Estilos de Ensamble"}]},{"@type":"WebSite","@id":"https:\/\/www.parrinst.com\/es\/#website","url":"https:\/\/www.parrinst.com\/es\/","name":"Parr Instrument (Espa\u00f1ol)","description":"","potentialAction":[{"@type":"SearchAction","target":{"@type":"EntryPoint","urlTemplate":"https:\/\/www.parrinst.com\/es\/?s={search_term_string}"},"query-input":{"@type":"PropertyValueSpecification","valueRequired":true,"valueName":"search_term_string"}}],"inLanguage":"en-US"}]}},"jetpack_sharing_enabled":true,"_links":{"self":[{"href":"https:\/\/www.parrinst.com\/es\/wp-json\/wp\/v2\/pages\/7821","targetHints":{"allow":["GET"]}}],"collection":[{"href":"https:\/\/www.parrinst.com\/es\/wp-json\/wp\/v2\/pages"}],"about":[{"href":"https:\/\/www.parrinst.com\/es\/wp-json\/wp\/v2\/types\/page"}],"author":[{"embeddable":true,"href":"https:\/\/www.parrinst.com\/es\/wp-json\/wp\/v2\/users\/1"}],"replies":[{"embeddable":true,"href":"https:\/\/www.parrinst.com\/es\/wp-json\/wp\/v2\/comments?post=7821"}],"version-history":[{"count":6,"href":"https:\/\/www.parrinst.com\/es\/wp-json\/wp\/v2\/pages\/7821\/revisions"}],"predecessor-version":[{"id":38841,"href":"https:\/\/www.parrinst.com\/es\/wp-json\/wp\/v2\/pages\/7821\/revisions\/38841"}],"up":[{"embeddable":true,"href":"https:\/\/www.parrinst.com\/es\/wp-json\/wp\/v2\/pages\/126"}],"wp:featuredmedia":[{"embeddable":true,"href":"https:\/\/www.parrinst.com\/es\/wp-json\/wp\/v2\/media\/36874"}],"wp:attachment":[{"href":"https:\/\/www.parrinst.com\/es\/wp-json\/wp\/v2\/media?parent=7821"}],"curies":[{"name":"wp","href":"https:\/\/api.w.org\/{rel}","templated":true}]}}