{"id":7908,"date":"2011-09-20T12:15:29","date_gmt":"2011-09-20T17:15:29","guid":{"rendered":"https:\/\/www.parrinst.com\/?page_id=7908"},"modified":"2013-01-09T20:16:32","modified_gmt":"2013-01-10T02:16:32","slug":"ordering-guide","status":"publish","type":"page","link":"https:\/\/www.parrinst.com\/es\/products\/non-stirred-pressure-vessels\/4838-controller-non-stirred\/ordering-guide\/","title":{"rendered":"Gu\u00eda de Pedidos"},"content":{"rendered":"<h2>Gu\u00eda de Pedidos 4838<\/h2>\n<table class=\"OrderingGuide\">\n<tbody>\n<tr class=\"OrderingGuide-LightGreen\">\n<td class=\"OrderingGuide-DarkGreen\" colspan=\"3\"><strong>A<\/strong>Modelo B\u00e1sico<\/td>\n<\/tr>\n<tr>\n<td width=\"18%\"><strong>N\u00b0 Parte <\/strong><\/td>\n<td colspan=\"2\" width=\"82%\"><strong>Descripci\u00f3n<\/strong><\/td>\n<\/tr>\n<tr class=\"OrderingGuide-LightGreen\">\n<td>4838EB<\/td>\n<td colspan=\"2\">Controladores del Reactor, 115V<\/td>\n<\/tr>\n<tr>\n<td>4838EE<\/td>\n<td colspan=\"2\">Controladores del Reactor, 230V<\/td>\n<\/tr>\n<tr>\n<td colspan=\"3\">\u00a0<\/td>\n<\/tr>\n<tr>\n<td class=\"OrderingGuide-DarkGreen\" colspan=\"3\"><strong>B<\/strong>M\u00f3dulos de Expansi\u00f3n<\/td>\n<\/tr>\n<tr>\n<td>PDM<\/td>\n<td colspan=\"2\">M\u00f3dulo de Visualizaci\u00f3n de Presi\u00f3n<\/td>\n<\/tr>\n<tr class=\"OrderingGuide-LightGreen\">\n<td>HTM<\/td>\n<td colspan=\"2\">M\u00f3dulo de Corte por Alta Temperatura<\/td>\n<\/tr>\n<tr>\n<td>ETLM<\/td>\n<td colspan=\"2\">M\u00f3dulo de L\u00edmite de Temperatura Externa<\/td>\n<\/tr>\n<tr>\n<td colspan=\"3\">\u00a0<\/td>\n<\/tr>\n<tr>\n<td class=\"OrderingGuide-DarkGreen\" colspan=\"3\"><strong>C<\/strong>Comunicaci\u00f3n con PC<\/td>\n<\/tr>\n<tr>\n<td>A1925E4<\/td>\n<td colspan=\"2\">Convertidor RS-485 a USB con 30 pies de cable<\/td>\n<\/tr>\n<tr class=\"OrderingGuide-LightGreen\">\n<td>A1925E6<\/td>\n<td colspan=\"2\">Convertidor RS-485 a USB, aislado, 30-pies<\/td>\n<\/tr>\n<tr>\n<td>A3504HC<\/td>\n<td colspan=\"2\">Software SpecView<\/td>\n<\/tr>\n<\/tbody>\n<\/table>\n","protected":false},"excerpt":{"rendered":"<p>Gu\u00eda de Pedidos 4838 AModelo B\u00e1sico N\u00b0 Parte Descripci\u00f3n 4838EB Controladores del Reactor, 115V 4838EE Controladores del Reactor, 230V \u00a0 BM\u00f3dulos de Expansi\u00f3n PDM M\u00f3dulo de Visualizaci\u00f3n de Presi\u00f3n HTM M\u00f3dulo de Corte por Alta Temperatura ETLM M\u00f3dulo de L\u00edmite de Temperatura Externa \u00a0 CComunicaci\u00f3n con PC A1925E4 Convertidor RS-485 a USB con 30 pies [&hellip;]<\/p>\n","protected":false},"author":1,"featured_media":37721,"parent":5705,"menu_order":4,"comment_status":"closed","ping_status":"closed","template":"product-narrow.php","meta":{"_acf_changed":false,"footnotes":"","_links_to":"","_links_to_target":""},"class_list":["post-7908","page","type-page","status-publish","has-post-thumbnail","hentry"],"acf":[],"yoast_head":"<!-- This site is optimized with the Yoast SEO plugin v27.4 - https:\/\/yoast.com\/product\/yoast-seo-wordpress\/ -->\n<title>Gu\u00eda de Pedidos - Parr Instrument (Espa\u00f1ol)<\/title>\n<meta name=\"robots\" content=\"index, follow, max-snippet:-1, max-image-preview:large, max-video-preview:-1\" \/>\n<link rel=\"canonical\" href=\"https:\/\/www.parrinst.com\/es\/products\/non-stirred-pressure-vessels\/4838-controller-non-stirred\/ordering-guide\/\" \/>\n<meta property=\"og:locale\" content=\"en_US\" \/>\n<meta property=\"og:type\" content=\"article\" \/>\n<meta property=\"og:title\" content=\"Gu\u00eda de Pedidos - Parr Instrument (Espa\u00f1ol)\" \/>\n<meta property=\"og:description\" content=\"Gu\u00eda de Pedidos 4838 AModelo B\u00e1sico N\u00b0 Parte Descripci\u00f3n 4838EB Controladores del Reactor, 115V 4838EE Controladores del Reactor, 230V \u00a0 BM\u00f3dulos de Expansi\u00f3n PDM M\u00f3dulo de Visualizaci\u00f3n de Presi\u00f3n HTM M\u00f3dulo de Corte por Alta Temperatura ETLM M\u00f3dulo de L\u00edmite de Temperatura Externa \u00a0 CComunicaci\u00f3n con PC A1925E4 Convertidor RS-485 a USB con 30 pies [&hellip;]\" \/>\n<meta property=\"og:url\" content=\"https:\/\/www.parrinst.com\/es\/products\/non-stirred-pressure-vessels\/4838-controller-non-stirred\/ordering-guide\/\" \/>\n<meta property=\"og:site_name\" content=\"Parr Instrument (Espa\u00f1ol)\" \/>\n<meta property=\"article:modified_time\" content=\"2013-01-10T02:16:32+00:00\" \/>\n<meta property=\"og:image\" content=\"https:\/\/www.parrinst.com\/es\/files\/2018\/01\/parr_banner_non-stirred_secondary.jpg\" \/>\n\t<meta property=\"og:image:width\" content=\"2200\" \/>\n\t<meta property=\"og:image:height\" content=\"399\" \/>\n\t<meta property=\"og:image:type\" content=\"image\/jpeg\" \/>\n<meta name=\"twitter:card\" content=\"summary_large_image\" \/>\n<script type=\"application\/ld+json\" class=\"yoast-schema-graph\">{\"@context\":\"https:\\\/\\\/schema.org\",\"@graph\":[{\"@type\":\"WebPage\",\"@id\":\"https:\\\/\\\/www.parrinst.com\\\/es\\\/products\\\/non-stirred-pressure-vessels\\\/4838-controller-non-stirred\\\/ordering-guide\\\/\",\"url\":\"https:\\\/\\\/www.parrinst.com\\\/es\\\/products\\\/non-stirred-pressure-vessels\\\/4838-controller-non-stirred\\\/ordering-guide\\\/\",\"name\":\"Gu\u00eda de Pedidos - Parr Instrument (Espa\u00f1ol)\",\"isPartOf\":{\"@id\":\"https:\\\/\\\/www.parrinst.com\\\/es\\\/#website\"},\"primaryImageOfPage\":{\"@id\":\"https:\\\/\\\/www.parrinst.com\\\/es\\\/products\\\/non-stirred-pressure-vessels\\\/4838-controller-non-stirred\\\/ordering-guide\\\/#primaryimage\"},\"image\":{\"@id\":\"https:\\\/\\\/www.parrinst.com\\\/es\\\/products\\\/non-stirred-pressure-vessels\\\/4838-controller-non-stirred\\\/ordering-guide\\\/#primaryimage\"},\"thumbnailUrl\":\"https:\\\/\\\/i0.wp.com\\\/www.parrinst.com\\\/es\\\/wp-content\\\/uploads\\\/sites\\\/7\\\/2018\\\/01\\\/parr_banner_non-stirred_secondary.jpg?fit=2200%2C399&ssl=1\",\"datePublished\":\"2011-09-20T17:15:29+00:00\",\"dateModified\":\"2013-01-10T02:16:32+00:00\",\"breadcrumb\":{\"@id\":\"https:\\\/\\\/www.parrinst.com\\\/es\\\/products\\\/non-stirred-pressure-vessels\\\/4838-controller-non-stirred\\\/ordering-guide\\\/#breadcrumb\"},\"inLanguage\":\"en-US\",\"potentialAction\":[{\"@type\":\"ReadAction\",\"target\":[\"https:\\\/\\\/www.parrinst.com\\\/es\\\/products\\\/non-stirred-pressure-vessels\\\/4838-controller-non-stirred\\\/ordering-guide\\\/\"]}]},{\"@type\":\"ImageObject\",\"inLanguage\":\"en-US\",\"@id\":\"https:\\\/\\\/www.parrinst.com\\\/es\\\/products\\\/non-stirred-pressure-vessels\\\/4838-controller-non-stirred\\\/ordering-guide\\\/#primaryimage\",\"url\":\"https:\\\/\\\/i0.wp.com\\\/www.parrinst.com\\\/es\\\/wp-content\\\/uploads\\\/sites\\\/7\\\/2018\\\/01\\\/parr_banner_non-stirred_secondary.jpg?fit=2200%2C399&ssl=1\",\"contentUrl\":\"https:\\\/\\\/i0.wp.com\\\/www.parrinst.com\\\/es\\\/wp-content\\\/uploads\\\/sites\\\/7\\\/2018\\\/01\\\/parr_banner_non-stirred_secondary.jpg?fit=2200%2C399&ssl=1\",\"width\":2200,\"height\":399},{\"@type\":\"BreadcrumbList\",\"@id\":\"https:\\\/\\\/www.parrinst.com\\\/es\\\/products\\\/non-stirred-pressure-vessels\\\/4838-controller-non-stirred\\\/ordering-guide\\\/#breadcrumb\",\"itemListElement\":[{\"@type\":\"ListItem\",\"position\":1,\"name\":\"Home\",\"item\":\"https:\\\/\\\/www.parrinst.com\\\/es\\\/\"},{\"@type\":\"ListItem\",\"position\":2,\"name\":\"Products\",\"item\":\"https:\\\/\\\/www.parrinst.com\\\/es\\\/products\\\/\"},{\"@type\":\"ListItem\",\"position\":3,\"name\":\"Recipientes a Presi\u00f3n Sin Agitaci\u00f3n\",\"item\":\"https:\\\/\\\/www.parrinst.com\\\/es\\\/products\\\/non-stirred-pressure-vessels\\\/\"},{\"@type\":\"ListItem\",\"position\":4,\"name\":\"Controlador de Reactor 4838\",\"item\":\"https:\\\/\\\/www.parrinst.com\\\/es\\\/products\\\/non-stirred-pressure-vessels\\\/4838-controller-non-stirred\\\/\"},{\"@type\":\"ListItem\",\"position\":5,\"name\":\"Gu\u00eda de Pedidos\"}]},{\"@type\":\"WebSite\",\"@id\":\"https:\\\/\\\/www.parrinst.com\\\/es\\\/#website\",\"url\":\"https:\\\/\\\/www.parrinst.com\\\/es\\\/\",\"name\":\"Parr Instrument (Espa\u00f1ol)\",\"description\":\"\",\"potentialAction\":[{\"@type\":\"SearchAction\",\"target\":{\"@type\":\"EntryPoint\",\"urlTemplate\":\"https:\\\/\\\/www.parrinst.com\\\/es\\\/?s={search_term_string}\"},\"query-input\":{\"@type\":\"PropertyValueSpecification\",\"valueRequired\":true,\"valueName\":\"search_term_string\"}}],\"inLanguage\":\"en-US\"}]}<\/script>\n<!-- \/ Yoast SEO plugin. -->","yoast_head_json":{"title":"Gu\u00eda de Pedidos - Parr Instrument (Espa\u00f1ol)","robots":{"index":"index","follow":"follow","max-snippet":"max-snippet:-1","max-image-preview":"max-image-preview:large","max-video-preview":"max-video-preview:-1"},"canonical":"https:\/\/www.parrinst.com\/es\/products\/non-stirred-pressure-vessels\/4838-controller-non-stirred\/ordering-guide\/","og_locale":"en_US","og_type":"article","og_title":"Gu\u00eda de Pedidos - Parr Instrument (Espa\u00f1ol)","og_description":"Gu\u00eda de Pedidos 4838 AModelo B\u00e1sico N\u00b0 Parte Descripci\u00f3n 4838EB Controladores del Reactor, 115V 4838EE Controladores del Reactor, 230V \u00a0 BM\u00f3dulos de Expansi\u00f3n PDM M\u00f3dulo de Visualizaci\u00f3n de Presi\u00f3n HTM M\u00f3dulo de Corte por Alta Temperatura ETLM M\u00f3dulo de L\u00edmite de Temperatura Externa \u00a0 CComunicaci\u00f3n con PC A1925E4 Convertidor RS-485 a USB con 30 pies [&hellip;]","og_url":"https:\/\/www.parrinst.com\/es\/products\/non-stirred-pressure-vessels\/4838-controller-non-stirred\/ordering-guide\/","og_site_name":"Parr Instrument (Espa\u00f1ol)","article_modified_time":"2013-01-10T02:16:32+00:00","og_image":[{"width":2200,"height":399,"url":"https:\/\/www.parrinst.com\/es\/files\/2018\/01\/parr_banner_non-stirred_secondary.jpg","type":"image\/jpeg"}],"twitter_card":"summary_large_image","schema":{"@context":"https:\/\/schema.org","@graph":[{"@type":"WebPage","@id":"https:\/\/www.parrinst.com\/es\/products\/non-stirred-pressure-vessels\/4838-controller-non-stirred\/ordering-guide\/","url":"https:\/\/www.parrinst.com\/es\/products\/non-stirred-pressure-vessels\/4838-controller-non-stirred\/ordering-guide\/","name":"Gu\u00eda de Pedidos - Parr Instrument (Espa\u00f1ol)","isPartOf":{"@id":"https:\/\/www.parrinst.com\/es\/#website"},"primaryImageOfPage":{"@id":"https:\/\/www.parrinst.com\/es\/products\/non-stirred-pressure-vessels\/4838-controller-non-stirred\/ordering-guide\/#primaryimage"},"image":{"@id":"https:\/\/www.parrinst.com\/es\/products\/non-stirred-pressure-vessels\/4838-controller-non-stirred\/ordering-guide\/#primaryimage"},"thumbnailUrl":"https:\/\/i0.wp.com\/www.parrinst.com\/es\/wp-content\/uploads\/sites\/7\/2018\/01\/parr_banner_non-stirred_secondary.jpg?fit=2200%2C399&ssl=1","datePublished":"2011-09-20T17:15:29+00:00","dateModified":"2013-01-10T02:16:32+00:00","breadcrumb":{"@id":"https:\/\/www.parrinst.com\/es\/products\/non-stirred-pressure-vessels\/4838-controller-non-stirred\/ordering-guide\/#breadcrumb"},"inLanguage":"en-US","potentialAction":[{"@type":"ReadAction","target":["https:\/\/www.parrinst.com\/es\/products\/non-stirred-pressure-vessels\/4838-controller-non-stirred\/ordering-guide\/"]}]},{"@type":"ImageObject","inLanguage":"en-US","@id":"https:\/\/www.parrinst.com\/es\/products\/non-stirred-pressure-vessels\/4838-controller-non-stirred\/ordering-guide\/#primaryimage","url":"https:\/\/i0.wp.com\/www.parrinst.com\/es\/wp-content\/uploads\/sites\/7\/2018\/01\/parr_banner_non-stirred_secondary.jpg?fit=2200%2C399&ssl=1","contentUrl":"https:\/\/i0.wp.com\/www.parrinst.com\/es\/wp-content\/uploads\/sites\/7\/2018\/01\/parr_banner_non-stirred_secondary.jpg?fit=2200%2C399&ssl=1","width":2200,"height":399},{"@type":"BreadcrumbList","@id":"https:\/\/www.parrinst.com\/es\/products\/non-stirred-pressure-vessels\/4838-controller-non-stirred\/ordering-guide\/#breadcrumb","itemListElement":[{"@type":"ListItem","position":1,"name":"Home","item":"https:\/\/www.parrinst.com\/es\/"},{"@type":"ListItem","position":2,"name":"Products","item":"https:\/\/www.parrinst.com\/es\/products\/"},{"@type":"ListItem","position":3,"name":"Recipientes a Presi\u00f3n Sin Agitaci\u00f3n","item":"https:\/\/www.parrinst.com\/es\/products\/non-stirred-pressure-vessels\/"},{"@type":"ListItem","position":4,"name":"Controlador de Reactor 4838","item":"https:\/\/www.parrinst.com\/es\/products\/non-stirred-pressure-vessels\/4838-controller-non-stirred\/"},{"@type":"ListItem","position":5,"name":"Gu\u00eda de Pedidos"}]},{"@type":"WebSite","@id":"https:\/\/www.parrinst.com\/es\/#website","url":"https:\/\/www.parrinst.com\/es\/","name":"Parr Instrument (Espa\u00f1ol)","description":"","potentialAction":[{"@type":"SearchAction","target":{"@type":"EntryPoint","urlTemplate":"https:\/\/www.parrinst.com\/es\/?s={search_term_string}"},"query-input":{"@type":"PropertyValueSpecification","valueRequired":true,"valueName":"search_term_string"}}],"inLanguage":"en-US"}]}},"jetpack_sharing_enabled":true,"_links":{"self":[{"href":"https:\/\/www.parrinst.com\/es\/wp-json\/wp\/v2\/pages\/7908","targetHints":{"allow":["GET"]}}],"collection":[{"href":"https:\/\/www.parrinst.com\/es\/wp-json\/wp\/v2\/pages"}],"about":[{"href":"https:\/\/www.parrinst.com\/es\/wp-json\/wp\/v2\/types\/page"}],"author":[{"embeddable":true,"href":"https:\/\/www.parrinst.com\/es\/wp-json\/wp\/v2\/users\/1"}],"replies":[{"embeddable":true,"href":"https:\/\/www.parrinst.com\/es\/wp-json\/wp\/v2\/comments?post=7908"}],"version-history":[{"count":0,"href":"https:\/\/www.parrinst.com\/es\/wp-json\/wp\/v2\/pages\/7908\/revisions"}],"up":[{"embeddable":true,"href":"https:\/\/www.parrinst.com\/es\/wp-json\/wp\/v2\/pages\/5705"}],"wp:featuredmedia":[{"embeddable":true,"href":"https:\/\/www.parrinst.com\/es\/wp-json\/wp\/v2\/media\/37721"}],"wp:attachment":[{"href":"https:\/\/www.parrinst.com\/es\/wp-json\/wp\/v2\/media?parent=7908"}],"curies":[{"name":"wp","href":"https:\/\/api.w.org\/{rel}","templated":true}]}}