{"id":7910,"date":"2011-09-20T12:16:19","date_gmt":"2011-09-20T17:16:19","guid":{"rendered":"https:\/\/www.parrinst.com\/?page_id=7910"},"modified":"2024-06-05T13:36:16","modified_gmt":"2024-06-05T18:36:16","slug":"specview-for-4838-controller","status":"publish","type":"page","link":"https:\/\/www.parrinst.com\/es\/products\/non-stirred-pressure-vessels\/4838-controller-non-stirred\/specview-for-4838-controller\/","title":{"rendered":"SpecView"},"content":{"rendered":"<h2>SpecView<sup>\u00ae<\/sup> para Controladores 4838 y 4848 de Parr<\/h2>\n<figure id=\"attachment_40039\" aria-describedby=\"caption-attachment-40039\" style=\"width: 300px\" class=\"wp-caption alignright\"><a href=\"https:\/\/i0.wp.com\/www.parrinst.com\/es\/wp-content\/uploads\/sites\/7\/2020\/11\/SV3-with-4848_600.jpg?ssl=1\"><img data-recalc-dims=\"1\" loading=\"lazy\" decoding=\"async\" class=\"size-medium wp-image-40039\" src=\"https:\/\/i0.wp.com\/www.parrinst.com\/es\/wp-content\/uploads\/sites\/7\/2020\/11\/SV3-with-4848_600.jpg?resize=300%2C184&#038;ssl=1\" alt=\"Controlador de Procesos 4848 de Parr y imagen de muestra desde una PC con software SpecView.\" width=\"300\" height=\"184\" srcset=\"https:\/\/i0.wp.com\/www.parrinst.com\/es\/wp-content\/uploads\/sites\/7\/2020\/11\/SV3-with-4848_600.jpg?resize=300%2C184&amp;ssl=1 300w, https:\/\/i0.wp.com\/www.parrinst.com\/es\/wp-content\/uploads\/sites\/7\/2020\/11\/SV3-with-4848_600.jpg?resize=245%2C150&amp;ssl=1 245w, https:\/\/i0.wp.com\/www.parrinst.com\/es\/wp-content\/uploads\/sites\/7\/2020\/11\/SV3-with-4848_600.jpg?w=979&amp;ssl=1 979w\" sizes=\"auto, (max-width: 300px) 100vw, 300px\" \/><\/a><figcaption id=\"caption-attachment-40039\" class=\"wp-caption-text\">Controlador de Procesos 4848 de Parr y imagen de muestra desde una PC con software SpecView.<\/figcaption><\/figure>\n<p><strong>Por casi una d\u00e9cada, Parr Instrument Company ha usado el Software SpecView como el medio principal<\/strong> para proporcionar una interfaz flexible y personalizable por el usuario para los controladores de proceso Serie 4871.La arquitectura de Comunicaci\u00f3nes Modbus unificada de los sistemas de controladores 4848 y 4838 nos permite ofrecer ahora el poder y la conveniencia de SpecView para el controlador de la serie 4848 y 4838. Un acuerdo especial con los desarrolladores de SpecView permite a Parr ofrecer una versi\u00f3n \u00fanica de SpecView con soporte para los Instrumentos Serie 4848 y 4838 incorporando hasta ocho controladores de l\u00edmites o ciclos individuales. Esto proporciona soporte de hasta dos controladores completamente poblados 4848 o un controlador 4848B. Al comparar las caracter\u00edsticas y ventajas del software de ParrComm, esta nueva construcci\u00f3n de SpecView ofrece las siguientes mejoras:<\/p>\n<ul>\n<li>Mejora en Tiempo real de trazado, incluyendo m\u00faltliples gr\u00e1ficos, cada uno con un n\u00famero ilimitado de bol\u00edgrafos<\/li>\n<li>Mejora en el registro de Datos &#8211; incluyendo la capacidad de registro de cualquier par\u00e1metro de control, no s\u00f3lo la variable de proceso<\/li>\n<li>Alarma y registro de eventos<\/li>\n<li>Anuncio de Alarma Superior<\/li>\n<li>La capacidad de personalizar f\u00e1cilmente la interfaz de usuario para una determinada aplicaci\u00f3n<\/li>\n<li>La interfaz de usuario se puede localizar, por ejemplo, para soportar una variedad de idiomas.<\/li>\n<\/ul>\n<h3>Requisitos para Software SpecView<\/h3>\n<p>El software SpecView puede ejecutarse en los siguientes sistemas operativos de Windows:<\/p>\n<ul>\n<li>Windows 11, 10, 8, 8.1 y 7: 32 y 64 bits.<\/li>\n<\/ul>\n<p>Tenga en cuenta que SpecView no funciona en Windows 8 RT (como se muestra en la superficie de los equipos Microsoft).<\/p>\n<p>Parr recomiendo como m\u00ednimo:<\/p>\n<ul>\n<li>Intel Core i5, 2.6 GHZ.<\/li>\n<li>I GB de espacio en el disco duro<\/li>\n<li>Espacio adicional en el disco duro para el registro de datos (depender\u00e1 de cu\u00e1nto y con qu\u00e9 frecuencia registrar\u00e1 los datos).<\/li>\n<li>El equipo debe tener la adaptaci\u00f3n de la resoluci\u00f3n a 1024 x 768 p\u00edxeles y por lo menos el color a 16 bits (para el 4871 se  requieren 1920 x  1080).<\/li>\n<li>Display adapter capable of operating at 1024 x 768 pixels and at least 16-bit color (1920 x 1080 required for 4871)<\/li>\n<li>2 puertos USB.<\/li>\n<li>Un puerto Ethernet (solo para controlador 4871).<\/li>\n<\/ul>\n","protected":false},"excerpt":{"rendered":"<p>SpecView\u00ae para Controladores 4838 y 4848 de Parr Por casi una d\u00e9cada, Parr Instrument Company ha usado el Software SpecView como el medio principal para proporcionar una interfaz flexible y personalizable por el usuario para los controladores de proceso Serie 4871.La arquitectura de Comunicaci\u00f3nes Modbus unificada de los sistemas de controladores 4848 y 4838 nos [&hellip;]<\/p>\n","protected":false},"author":1,"featured_media":37721,"parent":5705,"menu_order":5,"comment_status":"closed","ping_status":"closed","template":"product-narrow.php","meta":{"_acf_changed":false,"footnotes":"","_links_to":"","_links_to_target":""},"class_list":["post-7910","page","type-page","status-publish","has-post-thumbnail","hentry"],"acf":[],"yoast_head":"<!-- This site is optimized with the Yoast SEO plugin v27.4 - https:\/\/yoast.com\/product\/yoast-seo-wordpress\/ -->\n<title>SpecView - Parr Instrument (Espa\u00f1ol)<\/title>\n<meta name=\"robots\" content=\"index, follow, max-snippet:-1, max-image-preview:large, max-video-preview:-1\" \/>\n<link rel=\"canonical\" href=\"https:\/\/www.parrinst.com\/es\/products\/non-stirred-pressure-vessels\/4838-controller-non-stirred\/specview-for-4838-controller\/\" \/>\n<meta property=\"og:locale\" content=\"en_US\" \/>\n<meta property=\"og:type\" content=\"article\" \/>\n<meta property=\"og:title\" content=\"SpecView - Parr Instrument (Espa\u00f1ol)\" \/>\n<meta property=\"og:description\" content=\"SpecView\u00ae para Controladores 4838 y 4848 de Parr Por casi una d\u00e9cada, Parr Instrument Company ha usado el Software SpecView como el medio principal para proporcionar una interfaz flexible y personalizable por el usuario para los controladores de proceso Serie 4871.La arquitectura de Comunicaci\u00f3nes Modbus unificada de los sistemas de controladores 4848 y 4838 nos [&hellip;]\" \/>\n<meta property=\"og:url\" content=\"https:\/\/www.parrinst.com\/es\/products\/non-stirred-pressure-vessels\/4838-controller-non-stirred\/specview-for-4838-controller\/\" \/>\n<meta property=\"og:site_name\" content=\"Parr Instrument (Espa\u00f1ol)\" \/>\n<meta property=\"article:modified_time\" content=\"2024-06-05T18:36:16+00:00\" \/>\n<meta property=\"og:image\" content=\"https:\/\/www.parrinst.com\/es\/files\/2018\/01\/parr_banner_non-stirred_secondary.jpg\" \/>\n\t<meta property=\"og:image:width\" content=\"2200\" \/>\n\t<meta property=\"og:image:height\" content=\"399\" \/>\n\t<meta property=\"og:image:type\" content=\"image\/jpeg\" \/>\n<meta name=\"twitter:card\" content=\"summary_large_image\" \/>\n<meta name=\"twitter:label1\" content=\"Est. reading time\" \/>\n\t<meta name=\"twitter:data1\" content=\"3 minutes\" \/>\n<script type=\"application\/ld+json\" class=\"yoast-schema-graph\">{\"@context\":\"https:\\\/\\\/schema.org\",\"@graph\":[{\"@type\":\"WebPage\",\"@id\":\"https:\\\/\\\/www.parrinst.com\\\/es\\\/products\\\/non-stirred-pressure-vessels\\\/4838-controller-non-stirred\\\/specview-for-4838-controller\\\/\",\"url\":\"https:\\\/\\\/www.parrinst.com\\\/es\\\/products\\\/non-stirred-pressure-vessels\\\/4838-controller-non-stirred\\\/specview-for-4838-controller\\\/\",\"name\":\"SpecView - Parr Instrument (Espa\u00f1ol)\",\"isPartOf\":{\"@id\":\"https:\\\/\\\/www.parrinst.com\\\/es\\\/#website\"},\"primaryImageOfPage\":{\"@id\":\"https:\\\/\\\/www.parrinst.com\\\/es\\\/products\\\/non-stirred-pressure-vessels\\\/4838-controller-non-stirred\\\/specview-for-4838-controller\\\/#primaryimage\"},\"image\":{\"@id\":\"https:\\\/\\\/www.parrinst.com\\\/es\\\/products\\\/non-stirred-pressure-vessels\\\/4838-controller-non-stirred\\\/specview-for-4838-controller\\\/#primaryimage\"},\"thumbnailUrl\":\"https:\\\/\\\/i0.wp.com\\\/www.parrinst.com\\\/es\\\/wp-content\\\/uploads\\\/sites\\\/7\\\/2018\\\/01\\\/parr_banner_non-stirred_secondary.jpg?fit=2200%2C399&ssl=1\",\"datePublished\":\"2011-09-20T17:16:19+00:00\",\"dateModified\":\"2024-06-05T18:36:16+00:00\",\"breadcrumb\":{\"@id\":\"https:\\\/\\\/www.parrinst.com\\\/es\\\/products\\\/non-stirred-pressure-vessels\\\/4838-controller-non-stirred\\\/specview-for-4838-controller\\\/#breadcrumb\"},\"inLanguage\":\"en-US\",\"potentialAction\":[{\"@type\":\"ReadAction\",\"target\":[\"https:\\\/\\\/www.parrinst.com\\\/es\\\/products\\\/non-stirred-pressure-vessels\\\/4838-controller-non-stirred\\\/specview-for-4838-controller\\\/\"]}]},{\"@type\":\"ImageObject\",\"inLanguage\":\"en-US\",\"@id\":\"https:\\\/\\\/www.parrinst.com\\\/es\\\/products\\\/non-stirred-pressure-vessels\\\/4838-controller-non-stirred\\\/specview-for-4838-controller\\\/#primaryimage\",\"url\":\"https:\\\/\\\/i0.wp.com\\\/www.parrinst.com\\\/es\\\/wp-content\\\/uploads\\\/sites\\\/7\\\/2018\\\/01\\\/parr_banner_non-stirred_secondary.jpg?fit=2200%2C399&ssl=1\",\"contentUrl\":\"https:\\\/\\\/i0.wp.com\\\/www.parrinst.com\\\/es\\\/wp-content\\\/uploads\\\/sites\\\/7\\\/2018\\\/01\\\/parr_banner_non-stirred_secondary.jpg?fit=2200%2C399&ssl=1\",\"width\":2200,\"height\":399},{\"@type\":\"BreadcrumbList\",\"@id\":\"https:\\\/\\\/www.parrinst.com\\\/es\\\/products\\\/non-stirred-pressure-vessels\\\/4838-controller-non-stirred\\\/specview-for-4838-controller\\\/#breadcrumb\",\"itemListElement\":[{\"@type\":\"ListItem\",\"position\":1,\"name\":\"Home\",\"item\":\"https:\\\/\\\/www.parrinst.com\\\/es\\\/\"},{\"@type\":\"ListItem\",\"position\":2,\"name\":\"Products\",\"item\":\"https:\\\/\\\/www.parrinst.com\\\/es\\\/products\\\/\"},{\"@type\":\"ListItem\",\"position\":3,\"name\":\"Recipientes a Presi\u00f3n Sin Agitaci\u00f3n\",\"item\":\"https:\\\/\\\/www.parrinst.com\\\/es\\\/products\\\/non-stirred-pressure-vessels\\\/\"},{\"@type\":\"ListItem\",\"position\":4,\"name\":\"Controlador de Reactor 4838\",\"item\":\"https:\\\/\\\/www.parrinst.com\\\/es\\\/products\\\/non-stirred-pressure-vessels\\\/4838-controller-non-stirred\\\/\"},{\"@type\":\"ListItem\",\"position\":5,\"name\":\"SpecView\"}]},{\"@type\":\"WebSite\",\"@id\":\"https:\\\/\\\/www.parrinst.com\\\/es\\\/#website\",\"url\":\"https:\\\/\\\/www.parrinst.com\\\/es\\\/\",\"name\":\"Parr Instrument (Espa\u00f1ol)\",\"description\":\"\",\"potentialAction\":[{\"@type\":\"SearchAction\",\"target\":{\"@type\":\"EntryPoint\",\"urlTemplate\":\"https:\\\/\\\/www.parrinst.com\\\/es\\\/?s={search_term_string}\"},\"query-input\":{\"@type\":\"PropertyValueSpecification\",\"valueRequired\":true,\"valueName\":\"search_term_string\"}}],\"inLanguage\":\"en-US\"}]}<\/script>\n<!-- \/ Yoast SEO plugin. -->","yoast_head_json":{"title":"SpecView - Parr Instrument (Espa\u00f1ol)","robots":{"index":"index","follow":"follow","max-snippet":"max-snippet:-1","max-image-preview":"max-image-preview:large","max-video-preview":"max-video-preview:-1"},"canonical":"https:\/\/www.parrinst.com\/es\/products\/non-stirred-pressure-vessels\/4838-controller-non-stirred\/specview-for-4838-controller\/","og_locale":"en_US","og_type":"article","og_title":"SpecView - Parr Instrument (Espa\u00f1ol)","og_description":"SpecView\u00ae para Controladores 4838 y 4848 de Parr Por casi una d\u00e9cada, Parr Instrument Company ha usado el Software SpecView como el medio principal para proporcionar una interfaz flexible y personalizable por el usuario para los controladores de proceso Serie 4871.La arquitectura de Comunicaci\u00f3nes Modbus unificada de los sistemas de controladores 4848 y 4838 nos [&hellip;]","og_url":"https:\/\/www.parrinst.com\/es\/products\/non-stirred-pressure-vessels\/4838-controller-non-stirred\/specview-for-4838-controller\/","og_site_name":"Parr Instrument (Espa\u00f1ol)","article_modified_time":"2024-06-05T18:36:16+00:00","og_image":[{"width":2200,"height":399,"url":"https:\/\/www.parrinst.com\/es\/files\/2018\/01\/parr_banner_non-stirred_secondary.jpg","type":"image\/jpeg"}],"twitter_card":"summary_large_image","twitter_misc":{"Est. reading time":"3 minutes"},"schema":{"@context":"https:\/\/schema.org","@graph":[{"@type":"WebPage","@id":"https:\/\/www.parrinst.com\/es\/products\/non-stirred-pressure-vessels\/4838-controller-non-stirred\/specview-for-4838-controller\/","url":"https:\/\/www.parrinst.com\/es\/products\/non-stirred-pressure-vessels\/4838-controller-non-stirred\/specview-for-4838-controller\/","name":"SpecView - Parr Instrument (Espa\u00f1ol)","isPartOf":{"@id":"https:\/\/www.parrinst.com\/es\/#website"},"primaryImageOfPage":{"@id":"https:\/\/www.parrinst.com\/es\/products\/non-stirred-pressure-vessels\/4838-controller-non-stirred\/specview-for-4838-controller\/#primaryimage"},"image":{"@id":"https:\/\/www.parrinst.com\/es\/products\/non-stirred-pressure-vessels\/4838-controller-non-stirred\/specview-for-4838-controller\/#primaryimage"},"thumbnailUrl":"https:\/\/i0.wp.com\/www.parrinst.com\/es\/wp-content\/uploads\/sites\/7\/2018\/01\/parr_banner_non-stirred_secondary.jpg?fit=2200%2C399&ssl=1","datePublished":"2011-09-20T17:16:19+00:00","dateModified":"2024-06-05T18:36:16+00:00","breadcrumb":{"@id":"https:\/\/www.parrinst.com\/es\/products\/non-stirred-pressure-vessels\/4838-controller-non-stirred\/specview-for-4838-controller\/#breadcrumb"},"inLanguage":"en-US","potentialAction":[{"@type":"ReadAction","target":["https:\/\/www.parrinst.com\/es\/products\/non-stirred-pressure-vessels\/4838-controller-non-stirred\/specview-for-4838-controller\/"]}]},{"@type":"ImageObject","inLanguage":"en-US","@id":"https:\/\/www.parrinst.com\/es\/products\/non-stirred-pressure-vessels\/4838-controller-non-stirred\/specview-for-4838-controller\/#primaryimage","url":"https:\/\/i0.wp.com\/www.parrinst.com\/es\/wp-content\/uploads\/sites\/7\/2018\/01\/parr_banner_non-stirred_secondary.jpg?fit=2200%2C399&ssl=1","contentUrl":"https:\/\/i0.wp.com\/www.parrinst.com\/es\/wp-content\/uploads\/sites\/7\/2018\/01\/parr_banner_non-stirred_secondary.jpg?fit=2200%2C399&ssl=1","width":2200,"height":399},{"@type":"BreadcrumbList","@id":"https:\/\/www.parrinst.com\/es\/products\/non-stirred-pressure-vessels\/4838-controller-non-stirred\/specview-for-4838-controller\/#breadcrumb","itemListElement":[{"@type":"ListItem","position":1,"name":"Home","item":"https:\/\/www.parrinst.com\/es\/"},{"@type":"ListItem","position":2,"name":"Products","item":"https:\/\/www.parrinst.com\/es\/products\/"},{"@type":"ListItem","position":3,"name":"Recipientes a Presi\u00f3n Sin Agitaci\u00f3n","item":"https:\/\/www.parrinst.com\/es\/products\/non-stirred-pressure-vessels\/"},{"@type":"ListItem","position":4,"name":"Controlador de Reactor 4838","item":"https:\/\/www.parrinst.com\/es\/products\/non-stirred-pressure-vessels\/4838-controller-non-stirred\/"},{"@type":"ListItem","position":5,"name":"SpecView"}]},{"@type":"WebSite","@id":"https:\/\/www.parrinst.com\/es\/#website","url":"https:\/\/www.parrinst.com\/es\/","name":"Parr Instrument (Espa\u00f1ol)","description":"","potentialAction":[{"@type":"SearchAction","target":{"@type":"EntryPoint","urlTemplate":"https:\/\/www.parrinst.com\/es\/?s={search_term_string}"},"query-input":{"@type":"PropertyValueSpecification","valueRequired":true,"valueName":"search_term_string"}}],"inLanguage":"en-US"}]}},"jetpack_sharing_enabled":true,"_links":{"self":[{"href":"https:\/\/www.parrinst.com\/es\/wp-json\/wp\/v2\/pages\/7910","targetHints":{"allow":["GET"]}}],"collection":[{"href":"https:\/\/www.parrinst.com\/es\/wp-json\/wp\/v2\/pages"}],"about":[{"href":"https:\/\/www.parrinst.com\/es\/wp-json\/wp\/v2\/types\/page"}],"author":[{"embeddable":true,"href":"https:\/\/www.parrinst.com\/es\/wp-json\/wp\/v2\/users\/1"}],"replies":[{"embeddable":true,"href":"https:\/\/www.parrinst.com\/es\/wp-json\/wp\/v2\/comments?post=7910"}],"version-history":[{"count":6,"href":"https:\/\/www.parrinst.com\/es\/wp-json\/wp\/v2\/pages\/7910\/revisions"}],"predecessor-version":[{"id":40912,"href":"https:\/\/www.parrinst.com\/es\/wp-json\/wp\/v2\/pages\/7910\/revisions\/40912"}],"up":[{"embeddable":true,"href":"https:\/\/www.parrinst.com\/es\/wp-json\/wp\/v2\/pages\/5705"}],"wp:featuredmedia":[{"embeddable":true,"href":"https:\/\/www.parrinst.com\/es\/wp-json\/wp\/v2\/media\/37721"}],"wp:attachment":[{"href":"https:\/\/www.parrinst.com\/es\/wp-json\/wp\/v2\/media?parent=7910"}],"curies":[{"name":"wp","href":"https:\/\/api.w.org\/{rel}","templated":true}]}}