{"id":8218,"date":"2011-10-20T15:52:04","date_gmt":"2011-10-20T20:52:04","guid":{"rendered":"https:\/\/www.parrinst.com\/?page_id=8218"},"modified":"2013-04-17T14:23:48","modified_gmt":"2013-04-17T19:23:48","slug":"the-users-responsibility","status":"publish","type":"page","link":"https:\/\/www.parrinst.com\/es\/support\/product-support\/the-users-responsibility\/","title":{"rendered":"La Responsabilidad del Usuario"},"content":{"rendered":"<p><strong>Todos los Reactores y Recipientes a Presi\u00f3n Parr<\/strong> est\u00e1n dise\u00f1ados y fabricados con gran cuidado para asegurar una operaci\u00f3n segura cuando se usan dentro de su temperatura establecida y l\u00edmites de presi\u00f3n. Pero &#8230; la responsabilidad b\u00e1sica de la seguridad al usar este equipo recae exclusivamente en el usuario, qui\u00e9n debe:<\/p>\n<ol>\n<li>Seleccionar un reactor o recipiente a presi\u00f3n que tenga la capacidad, clasificaci\u00f3n de presi\u00f3n, resistencia a la corrosi\u00f3n y caracter\u00edsticas de dise\u00f1o adecuados para el uso previsto. Los T\u00e9cnicos de Ventas de Parr con gusto hablar\u00e1n acerca de los equipos disponibles y opciones de materiales con los posibles usuarios, pero la responsabilidad final para seleccionar un reactor o recipiente a presi\u00f3n que funcionar\u00e1 a satisfacci\u00f3n del usuario en cualquier reacci\u00f3n o prueba particular, debe recaer en el usuario &#8211; no en Parr. Al ejercer la responsabilidad de la selecci\u00f3n de los equipos a presi\u00f3n, el futuro usuario suele enfrentarse a una elecci\u00f3n entre el sobre dise\u00f1o o dise\u00f1o deficiente del equipo. Los riesgos ocasionados por recipientes a presi\u00f3n deficientemente dise\u00f1ados son evidentes, pero las sanciones a pagar por un aparato sobre dise\u00f1ado a menudo se pasan por alto. Reconociendo estos criterios, los reactores y recipientes a presi\u00f3n Parr se ofrecen en diferentes estilos, dise\u00f1ados para facilitar su uso diario dentro de sus l\u00edmites temperatura y presi\u00f3n, utilizando juntas, cierres y otros elementos cuidadosamente seleccionados para una operaci\u00f3n segura dentro de los l\u00edmites especificados para ese dise\u00f1o. Pero para preservar la validez de estos dise\u00f1os, todos los l\u00edmites de temperatura y la presi\u00f3n deben observarse, y no se debe intentar aumentar estos l\u00edmites por medio de alteraciones o sustituyendo por componentes no recomendados por el fabricante.<\/li>\n<li>Instalar y operar el equipo dentro de una barricada adecuada, si es necesario, con los accesorios de seguridad apropiados y en cumplimiento de los c\u00f3digos de seguridad y normas locales. Todos los recipientes est\u00e1ndar de presi\u00f3n de Parr se proporcionan con un dispositivo de alivio o con la posibilidad de unir uno (generalmente una abertura cerrada). Cuando un recipiente a presi\u00f3n se suministra sin un dispositivo de ventilaci\u00f3n de presi\u00f3n, es responsabilidad del cliente proporcionar los medios necesarios de descarga de presi\u00f3n para proteger al operador y al equipo de presiones destructivas. Si necesita m\u00e1s informaci\u00f3n o si necesita ayuda para seleccionar un dispositivo de alivio adecuado, p\u00f3ngase en contacto con la compa\u00f1\u00eda Parr Instrument.<\/li>\n<li>Establecer procedimientos de capacitaci\u00f3n para asegurarse de que cualquier persona que maneje el equipo sepa usarlo correctamente.<\/li>\n<li>Mantener el equipo en buenas condiciones y establecer procedimientos para pruebas peri\u00f3dicas y as\u00ed comprobar que el recipiente contin\u00faa estructuralmente s\u00f3lido.<\/li>\n<\/ol>\n","protected":false},"excerpt":{"rendered":"<p>Todos los Reactores y Recipientes a Presi\u00f3n Parr est\u00e1n dise\u00f1ados y fabricados con gran cuidado para asegurar una operaci\u00f3n segura cuando se usan dentro de su temperatura establecida y l\u00edmites de presi\u00f3n. Pero &#8230; la responsabilidad b\u00e1sica de la seguridad al usar este equipo recae exclusivamente en el usuario, qui\u00e9n debe: Seleccionar un reactor o [&hellip;]<\/p>\n","protected":false},"author":1,"featured_media":0,"parent":6255,"menu_order":0,"comment_status":"closed","ping_status":"closed","template":"","meta":{"_acf_changed":false,"footnotes":"","_links_to":"","_links_to_target":""},"class_list":["post-8218","page","type-page","status-publish","hentry"],"acf":[],"yoast_head":"<!-- This site is optimized with the Yoast SEO plugin v27.5 - https:\/\/yoast.com\/product\/yoast-seo-wordpress\/ -->\n<title>La Responsabilidad del Usuario - Parr Instrument (Espa\u00f1ol)<\/title>\n<meta name=\"robots\" content=\"index, follow, max-snippet:-1, max-image-preview:large, max-video-preview:-1\" \/>\n<link rel=\"canonical\" href=\"https:\/\/www.parrinst.com\/es\/support\/product-support\/the-users-responsibility\/\" \/>\n<meta property=\"og:locale\" content=\"en_US\" \/>\n<meta property=\"og:type\" content=\"article\" \/>\n<meta property=\"og:title\" content=\"La Responsabilidad del Usuario - Parr Instrument (Espa\u00f1ol)\" \/>\n<meta property=\"og:description\" content=\"Todos los Reactores y Recipientes a Presi\u00f3n Parr est\u00e1n dise\u00f1ados y fabricados con gran cuidado para asegurar una operaci\u00f3n segura cuando se usan dentro de su temperatura establecida y l\u00edmites de presi\u00f3n. Pero &#8230; la responsabilidad b\u00e1sica de la seguridad al usar este equipo recae exclusivamente en el usuario, qui\u00e9n debe: Seleccionar un reactor o [&hellip;]\" \/>\n<meta property=\"og:url\" content=\"https:\/\/www.parrinst.com\/es\/support\/product-support\/the-users-responsibility\/\" \/>\n<meta property=\"og:site_name\" content=\"Parr Instrument (Espa\u00f1ol)\" \/>\n<meta property=\"article:modified_time\" content=\"2013-04-17T19:23:48+00:00\" \/>\n<meta name=\"twitter:card\" content=\"summary_large_image\" \/>\n<meta name=\"twitter:label1\" content=\"Est. reading time\" \/>\n\t<meta name=\"twitter:data1\" content=\"2 minutes\" \/>\n<script type=\"application\/ld+json\" class=\"yoast-schema-graph\">{\"@context\":\"https:\\\/\\\/schema.org\",\"@graph\":[{\"@type\":\"WebPage\",\"@id\":\"https:\\\/\\\/www.parrinst.com\\\/es\\\/support\\\/product-support\\\/the-users-responsibility\\\/\",\"url\":\"https:\\\/\\\/www.parrinst.com\\\/es\\\/support\\\/product-support\\\/the-users-responsibility\\\/\",\"name\":\"La Responsabilidad del Usuario - Parr Instrument (Espa\u00f1ol)\",\"isPartOf\":{\"@id\":\"https:\\\/\\\/www.parrinst.com\\\/es\\\/#website\"},\"datePublished\":\"2011-10-20T20:52:04+00:00\",\"dateModified\":\"2013-04-17T19:23:48+00:00\",\"breadcrumb\":{\"@id\":\"https:\\\/\\\/www.parrinst.com\\\/es\\\/support\\\/product-support\\\/the-users-responsibility\\\/#breadcrumb\"},\"inLanguage\":\"en-US\",\"potentialAction\":[{\"@type\":\"ReadAction\",\"target\":[\"https:\\\/\\\/www.parrinst.com\\\/es\\\/support\\\/product-support\\\/the-users-responsibility\\\/\"]}]},{\"@type\":\"BreadcrumbList\",\"@id\":\"https:\\\/\\\/www.parrinst.com\\\/es\\\/support\\\/product-support\\\/the-users-responsibility\\\/#breadcrumb\",\"itemListElement\":[{\"@type\":\"ListItem\",\"position\":1,\"name\":\"Home\",\"item\":\"https:\\\/\\\/www.parrinst.com\\\/es\\\/\"},{\"@type\":\"ListItem\",\"position\":2,\"name\":\"Support\",\"item\":\"https:\\\/\\\/www.parrinst.com\\\/support\\\/product-support\\\/\"},{\"@type\":\"ListItem\",\"position\":3,\"name\":\"Soporte de Productos\",\"item\":\"https:\\\/\\\/www.parrinst.com\\\/es\\\/support\\\/product-support\\\/\"},{\"@type\":\"ListItem\",\"position\":4,\"name\":\"La Responsabilidad del Usuario\"}]},{\"@type\":\"WebSite\",\"@id\":\"https:\\\/\\\/www.parrinst.com\\\/es\\\/#website\",\"url\":\"https:\\\/\\\/www.parrinst.com\\\/es\\\/\",\"name\":\"Parr Instrument (Espa\u00f1ol)\",\"description\":\"\",\"potentialAction\":[{\"@type\":\"SearchAction\",\"target\":{\"@type\":\"EntryPoint\",\"urlTemplate\":\"https:\\\/\\\/www.parrinst.com\\\/es\\\/?s={search_term_string}\"},\"query-input\":{\"@type\":\"PropertyValueSpecification\",\"valueRequired\":true,\"valueName\":\"search_term_string\"}}],\"inLanguage\":\"en-US\"}]}<\/script>\n<!-- \/ Yoast SEO plugin. -->","yoast_head_json":{"title":"La Responsabilidad del Usuario - Parr Instrument (Espa\u00f1ol)","robots":{"index":"index","follow":"follow","max-snippet":"max-snippet:-1","max-image-preview":"max-image-preview:large","max-video-preview":"max-video-preview:-1"},"canonical":"https:\/\/www.parrinst.com\/es\/support\/product-support\/the-users-responsibility\/","og_locale":"en_US","og_type":"article","og_title":"La Responsabilidad del Usuario - Parr Instrument (Espa\u00f1ol)","og_description":"Todos los Reactores y Recipientes a Presi\u00f3n Parr est\u00e1n dise\u00f1ados y fabricados con gran cuidado para asegurar una operaci\u00f3n segura cuando se usan dentro de su temperatura establecida y l\u00edmites de presi\u00f3n. Pero &#8230; la responsabilidad b\u00e1sica de la seguridad al usar este equipo recae exclusivamente en el usuario, qui\u00e9n debe: Seleccionar un reactor o [&hellip;]","og_url":"https:\/\/www.parrinst.com\/es\/support\/product-support\/the-users-responsibility\/","og_site_name":"Parr Instrument (Espa\u00f1ol)","article_modified_time":"2013-04-17T19:23:48+00:00","twitter_card":"summary_large_image","twitter_misc":{"Est. reading time":"2 minutes"},"schema":{"@context":"https:\/\/schema.org","@graph":[{"@type":"WebPage","@id":"https:\/\/www.parrinst.com\/es\/support\/product-support\/the-users-responsibility\/","url":"https:\/\/www.parrinst.com\/es\/support\/product-support\/the-users-responsibility\/","name":"La Responsabilidad del Usuario - Parr Instrument (Espa\u00f1ol)","isPartOf":{"@id":"https:\/\/www.parrinst.com\/es\/#website"},"datePublished":"2011-10-20T20:52:04+00:00","dateModified":"2013-04-17T19:23:48+00:00","breadcrumb":{"@id":"https:\/\/www.parrinst.com\/es\/support\/product-support\/the-users-responsibility\/#breadcrumb"},"inLanguage":"en-US","potentialAction":[{"@type":"ReadAction","target":["https:\/\/www.parrinst.com\/es\/support\/product-support\/the-users-responsibility\/"]}]},{"@type":"BreadcrumbList","@id":"https:\/\/www.parrinst.com\/es\/support\/product-support\/the-users-responsibility\/#breadcrumb","itemListElement":[{"@type":"ListItem","position":1,"name":"Home","item":"https:\/\/www.parrinst.com\/es\/"},{"@type":"ListItem","position":2,"name":"Support","item":"https:\/\/www.parrinst.com\/support\/product-support\/"},{"@type":"ListItem","position":3,"name":"Soporte de Productos","item":"https:\/\/www.parrinst.com\/es\/support\/product-support\/"},{"@type":"ListItem","position":4,"name":"La Responsabilidad del Usuario"}]},{"@type":"WebSite","@id":"https:\/\/www.parrinst.com\/es\/#website","url":"https:\/\/www.parrinst.com\/es\/","name":"Parr Instrument (Espa\u00f1ol)","description":"","potentialAction":[{"@type":"SearchAction","target":{"@type":"EntryPoint","urlTemplate":"https:\/\/www.parrinst.com\/es\/?s={search_term_string}"},"query-input":{"@type":"PropertyValueSpecification","valueRequired":true,"valueName":"search_term_string"}}],"inLanguage":"en-US"}]}},"jetpack_sharing_enabled":true,"_links":{"self":[{"href":"https:\/\/www.parrinst.com\/es\/wp-json\/wp\/v2\/pages\/8218","targetHints":{"allow":["GET"]}}],"collection":[{"href":"https:\/\/www.parrinst.com\/es\/wp-json\/wp\/v2\/pages"}],"about":[{"href":"https:\/\/www.parrinst.com\/es\/wp-json\/wp\/v2\/types\/page"}],"author":[{"embeddable":true,"href":"https:\/\/www.parrinst.com\/es\/wp-json\/wp\/v2\/users\/1"}],"replies":[{"embeddable":true,"href":"https:\/\/www.parrinst.com\/es\/wp-json\/wp\/v2\/comments?post=8218"}],"version-history":[{"count":0,"href":"https:\/\/www.parrinst.com\/es\/wp-json\/wp\/v2\/pages\/8218\/revisions"}],"up":[{"embeddable":true,"href":"https:\/\/www.parrinst.com\/es\/wp-json\/wp\/v2\/pages\/6255"}],"wp:attachment":[{"href":"https:\/\/www.parrinst.com\/es\/wp-json\/wp\/v2\/media?parent=8218"}],"curies":[{"name":"wp","href":"https:\/\/api.w.org\/{rel}","templated":true}]}}