{"id":85,"date":"2011-03-09T20:58:03","date_gmt":"2011-03-10T02:58:03","guid":{"rendered":"https:\/\/www.parrinst.com\/?page_id=85"},"modified":"2021-10-01T15:30:17","modified_gmt":"2021-10-01T20:30:17","slug":"sample-preparation","status":"publish","type":"page","link":"https:\/\/www.parrinst.com\/es\/products\/sample-preparation\/","title":{"rendered":"Preparaci\u00f3n de Muestras"},"content":{"rendered":"<table class=\"nostyle\">\n<tbody>\n<tr>\n<td valign=\"top\"><a href=\"https:\/\/i0.wp.com\/www.parrinst.com\/es\/wp-content\/uploads\/sites\/7\/2011\/06\/4749_Sample-Prep_GP.jpg?ssl=1\"><img data-recalc-dims=\"1\" loading=\"lazy\" decoding=\"async\" class=\"aligncenter wp-image-2903\" src=\"https:\/\/i0.wp.com\/www.parrinst.com\/es\/wp-content\/uploads\/sites\/7\/2011\/06\/4749_Sample-Prep_GP.jpg?resize=150%2C210&#038;ssl=1\" alt=\"4749 General Purpose Acid Digestion Vessel\" width=\"150\" height=\"210\" srcset=\"https:\/\/i0.wp.com\/www.parrinst.com\/es\/wp-content\/uploads\/sites\/7\/2011\/06\/4749_Sample-Prep_GP.jpg?resize=214%2C300&amp;ssl=1 214w, https:\/\/i0.wp.com\/www.parrinst.com\/es\/wp-content\/uploads\/sites\/7\/2011\/06\/4749_Sample-Prep_GP.jpg?resize=107%2C150&amp;ssl=1 107w, https:\/\/i0.wp.com\/www.parrinst.com\/es\/wp-content\/uploads\/sites\/7\/2011\/06\/4749_Sample-Prep_GP.jpg?w=600&amp;ssl=1 600w\" sizes=\"auto, (max-width: 150px) 100vw, 150px\" \/><\/a><\/td>\n<td valign=\"top\">\n<h3><a title=\"Digesti\u00f3n \u00c1cida\" href=\"https:\/\/www.parrinst.com\/es\/products\/sample-preparation\/acid-digestion\/\">Recipientes de Digesti\u00f3n<\/a><\/h3>\n<p>Para disolver o digerir muestras inorg\u00e1nicas u org\u00e1nicas en \u00e1cidos o \u00e1lcalis fuertes en recipientes qu\u00edmicamente resistentes a temperaturas y presiones elevadas, con contenci\u00f3n y recuperaci\u00f3n completa.<\/td>\n<\/tr>\n<tr>\n<td colspan=\"2\" valign=\"top\">\n<hr \/>\n<\/td>\n<\/tr>\n<tr>\n<td width=\"25%\"><a href=\"https:\/\/i0.wp.com\/www.parrinst.com\/es\/wp-content\/uploads\/sites\/7\/2011\/06\/4781-4782_Microwave-digestion-bombs.jpg?ssl=1\"><img data-recalc-dims=\"1\" loading=\"lazy\" decoding=\"async\" class=\"aligncenter wp-image-2906\" src=\"https:\/\/i0.wp.com\/www.parrinst.com\/es\/wp-content\/uploads\/sites\/7\/2011\/06\/4781-4782_Microwave-digestion-bombs.jpg?resize=150%2C210&#038;ssl=1\" alt=\"4781\/4782 Microwave Acid Digestion Vessels\" width=\"150\" height=\"210\" srcset=\"https:\/\/i0.wp.com\/www.parrinst.com\/es\/wp-content\/uploads\/sites\/7\/2011\/06\/4781-4782_Microwave-digestion-bombs.jpg?resize=214%2C300&amp;ssl=1 214w, https:\/\/i0.wp.com\/www.parrinst.com\/es\/wp-content\/uploads\/sites\/7\/2011\/06\/4781-4782_Microwave-digestion-bombs.jpg?resize=107%2C150&amp;ssl=1 107w, https:\/\/i0.wp.com\/www.parrinst.com\/es\/wp-content\/uploads\/sites\/7\/2011\/06\/4781-4782_Microwave-digestion-bombs.jpg?w=600&amp;ssl=1 600w\" sizes=\"auto, (max-width: 150px) 100vw, 150px\" \/><\/a><\/td>\n<td valign=\"top\">\n<h3><a title=\"Models 4781 &amp; 4782 Microwave Acid Digestion Vessels, 23 &amp; 45 mL\" href=\"https:\/\/www.parrinst.com\/es\/products\/sample-preparation\/acid-digestion\/microwave-acid-digestion-vessels-models-4781-4782-23-45-ml\/\">Recipientes de Digesti\u00f3n en Microondas<\/a><\/h3>\n<p>Para el tratamiento de muestras, org\u00e1nicas o inorg\u00e1nicas con \u00e1cidos o \u00e1lcalis fuertes bajo calor y presi\u00f3n en recipientes libres de metal que utilizan la energ\u00eda de microondas para una disoluci\u00f3n o digesti\u00f3n r\u00e1pida, con contenci\u00f3n y recuperaci\u00f3n completa.<\/p>\n<p>* Patente N\u00b0 4882128 EUA<\/td>\n<\/tr>\n<tr>\n<td colspan=\"2\">\n<hr \/>\n<\/td>\n<\/tr>\n<tr>\n<td><a href=\"https:\/\/i0.wp.com\/www.parrinst.com\/es\/wp-content\/uploads\/sites\/7\/2011\/06\/1108_Combustion-Bomb_342mL.jpg?ssl=1\"><img data-recalc-dims=\"1\" loading=\"lazy\" decoding=\"async\" class=\"aligncenter wp-image-2891\" src=\"https:\/\/i0.wp.com\/www.parrinst.com\/es\/wp-content\/uploads\/sites\/7\/2011\/06\/1108_Combustion-Bomb_342mL.jpg?resize=150%2C210&#038;ssl=1\" alt=\"1108 Oxygen Combustion Bomb\" width=\"150\" height=\"210\" srcset=\"https:\/\/i0.wp.com\/www.parrinst.com\/es\/wp-content\/uploads\/sites\/7\/2011\/06\/1108_Combustion-Bomb_342mL.jpg?resize=214%2C300&amp;ssl=1 214w, https:\/\/i0.wp.com\/www.parrinst.com\/es\/wp-content\/uploads\/sites\/7\/2011\/06\/1108_Combustion-Bomb_342mL.jpg?resize=107%2C150&amp;ssl=1 107w, https:\/\/i0.wp.com\/www.parrinst.com\/es\/wp-content\/uploads\/sites\/7\/2011\/06\/1108_Combustion-Bomb_342mL.jpg?w=600&amp;ssl=1 600w\" sizes=\"auto, (max-width: 150px) 100vw, 150px\" \/><\/a><\/td>\n<td valign=\"top\">\n<h3><a title=\"Oxygen Combustion Bombs\" href=\"https:\/\/www.parrinst.com\/es\/products\/sample-preparation\/oxygen-combustion-bombs\/\">Recipientes\u00a0de Combusti\u00f3n de Ox\u00edgeno<\/a><\/h3>\n<p>Para convertir muestras combustibles s\u00f3lidas y l\u00edquidas, por combusti\u00f3n con ox\u00edgeno, en formas solubles en agua, r\u00e1pida y completamente.<\/td>\n<\/tr>\n<tr>\n<td colspan=\"2\">\n<hr \/>\n<\/td>\n<\/tr>\n<tr>\n<td><\/td>\n<td valign=\"top\">\n<h3><a title=\"Cell Disruption\" href=\"https:\/\/www.parrinst.com\/es\/products\/sample-preparation\/cell-disruption\/\">Recipientes de Ruptura Celular<\/a><\/h3>\n<p>Para disolver grandes cantidades de nitr\u00f3geno en las c\u00e9lulas bajo alta presi\u00f3n y repentinamente liberar la presi\u00f3n para romper y liberar el contenido de la c\u00e9lula.<\/td>\n<\/tr>\n<\/tbody>\n<\/table>\n","protected":false},"excerpt":{"rendered":"<p>Recipientes de Digesti\u00f3n Para disolver o digerir muestras inorg\u00e1nicas u org\u00e1nicas en \u00e1cidos o \u00e1lcalis fuertes en recipientes qu\u00edmicamente resistentes a temperaturas y presiones elevadas, con contenci\u00f3n y recuperaci\u00f3n completa. Recipientes de Digesti\u00f3n en Microondas Para el tratamiento de muestras, org\u00e1nicas o inorg\u00e1nicas con \u00e1cidos o \u00e1lcalis fuertes bajo calor y presi\u00f3n en recipientes libres [&hellip;]<\/p>\n","protected":false},"author":1,"featured_media":37722,"parent":22,"menu_order":4,"comment_status":"closed","ping_status":"closed","template":"","meta":{"_acf_changed":false,"footnotes":"","_links_to":"","_links_to_target":""},"class_list":["post-85","page","type-page","status-publish","has-post-thumbnail","hentry"],"acf":[],"yoast_head":"<!-- This site is optimized with the Yoast SEO plugin v27.4 - https:\/\/yoast.com\/product\/yoast-seo-wordpress\/ -->\n<title>Preparaci\u00f3n de Muestras - Parr Instrument (Espa\u00f1ol)<\/title>\n<meta name=\"robots\" content=\"index, follow, max-snippet:-1, max-image-preview:large, max-video-preview:-1\" \/>\n<link rel=\"canonical\" href=\"https:\/\/www.parrinst.com\/es\/products\/sample-preparation\/\" \/>\n<meta property=\"og:locale\" content=\"en_US\" \/>\n<meta property=\"og:type\" content=\"article\" \/>\n<meta property=\"og:title\" content=\"Preparaci\u00f3n de Muestras - Parr Instrument (Espa\u00f1ol)\" \/>\n<meta property=\"og:description\" content=\"Recipientes de Digesti\u00f3n Para disolver o digerir muestras inorg\u00e1nicas u org\u00e1nicas en \u00e1cidos o \u00e1lcalis fuertes en recipientes qu\u00edmicamente resistentes a temperaturas y presiones elevadas, con contenci\u00f3n y recuperaci\u00f3n completa. Recipientes de Digesti\u00f3n en Microondas Para el tratamiento de muestras, org\u00e1nicas o inorg\u00e1nicas con \u00e1cidos o \u00e1lcalis fuertes bajo calor y presi\u00f3n en recipientes libres [&hellip;]\" \/>\n<meta property=\"og:url\" content=\"https:\/\/www.parrinst.com\/es\/products\/sample-preparation\/\" \/>\n<meta property=\"og:site_name\" content=\"Parr Instrument (Espa\u00f1ol)\" \/>\n<meta property=\"article:modified_time\" content=\"2021-10-01T20:30:17+00:00\" \/>\n<meta property=\"og:image\" content=\"https:\/\/www.parrinst.com\/es\/files\/2018\/01\/parr_banner_sample-prep_secondary-1.jpg\" \/>\n\t<meta property=\"og:image:width\" content=\"2200\" \/>\n\t<meta property=\"og:image:height\" content=\"399\" \/>\n\t<meta property=\"og:image:type\" content=\"image\/jpeg\" \/>\n<meta name=\"twitter:card\" content=\"summary_large_image\" \/>\n<meta name=\"twitter:label1\" content=\"Est. reading time\" \/>\n\t<meta name=\"twitter:data1\" content=\"1 minute\" \/>\n<script type=\"application\/ld+json\" class=\"yoast-schema-graph\">{\"@context\":\"https:\\\/\\\/schema.org\",\"@graph\":[{\"@type\":\"WebPage\",\"@id\":\"https:\\\/\\\/www.parrinst.com\\\/es\\\/products\\\/sample-preparation\\\/\",\"url\":\"https:\\\/\\\/www.parrinst.com\\\/es\\\/products\\\/sample-preparation\\\/\",\"name\":\"Preparaci\u00f3n de Muestras - Parr Instrument (Espa\u00f1ol)\",\"isPartOf\":{\"@id\":\"https:\\\/\\\/www.parrinst.com\\\/es\\\/#website\"},\"primaryImageOfPage\":{\"@id\":\"https:\\\/\\\/www.parrinst.com\\\/es\\\/products\\\/sample-preparation\\\/#primaryimage\"},\"image\":{\"@id\":\"https:\\\/\\\/www.parrinst.com\\\/es\\\/products\\\/sample-preparation\\\/#primaryimage\"},\"thumbnailUrl\":\"https:\\\/\\\/i0.wp.com\\\/www.parrinst.com\\\/es\\\/wp-content\\\/uploads\\\/sites\\\/7\\\/2018\\\/01\\\/parr_banner_sample-prep_secondary-1.jpg?fit=2200%2C399&ssl=1\",\"datePublished\":\"2011-03-10T02:58:03+00:00\",\"dateModified\":\"2021-10-01T20:30:17+00:00\",\"breadcrumb\":{\"@id\":\"https:\\\/\\\/www.parrinst.com\\\/es\\\/products\\\/sample-preparation\\\/#breadcrumb\"},\"inLanguage\":\"en-US\",\"potentialAction\":[{\"@type\":\"ReadAction\",\"target\":[\"https:\\\/\\\/www.parrinst.com\\\/es\\\/products\\\/sample-preparation\\\/\"]}]},{\"@type\":\"ImageObject\",\"inLanguage\":\"en-US\",\"@id\":\"https:\\\/\\\/www.parrinst.com\\\/es\\\/products\\\/sample-preparation\\\/#primaryimage\",\"url\":\"https:\\\/\\\/i0.wp.com\\\/www.parrinst.com\\\/es\\\/wp-content\\\/uploads\\\/sites\\\/7\\\/2018\\\/01\\\/parr_banner_sample-prep_secondary-1.jpg?fit=2200%2C399&ssl=1\",\"contentUrl\":\"https:\\\/\\\/i0.wp.com\\\/www.parrinst.com\\\/es\\\/wp-content\\\/uploads\\\/sites\\\/7\\\/2018\\\/01\\\/parr_banner_sample-prep_secondary-1.jpg?fit=2200%2C399&ssl=1\",\"width\":2200,\"height\":399},{\"@type\":\"BreadcrumbList\",\"@id\":\"https:\\\/\\\/www.parrinst.com\\\/es\\\/products\\\/sample-preparation\\\/#breadcrumb\",\"itemListElement\":[{\"@type\":\"ListItem\",\"position\":1,\"name\":\"Home\",\"item\":\"https:\\\/\\\/www.parrinst.com\\\/es\\\/\"},{\"@type\":\"ListItem\",\"position\":2,\"name\":\"Products\",\"item\":\"https:\\\/\\\/www.parrinst.com\\\/es\\\/products\\\/\"},{\"@type\":\"ListItem\",\"position\":3,\"name\":\"Preparaci\u00f3n de Muestras\"}]},{\"@type\":\"WebSite\",\"@id\":\"https:\\\/\\\/www.parrinst.com\\\/es\\\/#website\",\"url\":\"https:\\\/\\\/www.parrinst.com\\\/es\\\/\",\"name\":\"Parr Instrument (Espa\u00f1ol)\",\"description\":\"\",\"potentialAction\":[{\"@type\":\"SearchAction\",\"target\":{\"@type\":\"EntryPoint\",\"urlTemplate\":\"https:\\\/\\\/www.parrinst.com\\\/es\\\/?s={search_term_string}\"},\"query-input\":{\"@type\":\"PropertyValueSpecification\",\"valueRequired\":true,\"valueName\":\"search_term_string\"}}],\"inLanguage\":\"en-US\"}]}<\/script>\n<!-- \/ Yoast SEO plugin. -->","yoast_head_json":{"title":"Preparaci\u00f3n de Muestras - Parr Instrument (Espa\u00f1ol)","robots":{"index":"index","follow":"follow","max-snippet":"max-snippet:-1","max-image-preview":"max-image-preview:large","max-video-preview":"max-video-preview:-1"},"canonical":"https:\/\/www.parrinst.com\/es\/products\/sample-preparation\/","og_locale":"en_US","og_type":"article","og_title":"Preparaci\u00f3n de Muestras - Parr Instrument (Espa\u00f1ol)","og_description":"Recipientes de Digesti\u00f3n Para disolver o digerir muestras inorg\u00e1nicas u org\u00e1nicas en \u00e1cidos o \u00e1lcalis fuertes en recipientes qu\u00edmicamente resistentes a temperaturas y presiones elevadas, con contenci\u00f3n y recuperaci\u00f3n completa. Recipientes de Digesti\u00f3n en Microondas Para el tratamiento de muestras, org\u00e1nicas o inorg\u00e1nicas con \u00e1cidos o \u00e1lcalis fuertes bajo calor y presi\u00f3n en recipientes libres [&hellip;]","og_url":"https:\/\/www.parrinst.com\/es\/products\/sample-preparation\/","og_site_name":"Parr Instrument (Espa\u00f1ol)","article_modified_time":"2021-10-01T20:30:17+00:00","og_image":[{"width":2200,"height":399,"url":"https:\/\/www.parrinst.com\/es\/files\/2018\/01\/parr_banner_sample-prep_secondary-1.jpg","type":"image\/jpeg"}],"twitter_card":"summary_large_image","twitter_misc":{"Est. reading time":"1 minute"},"schema":{"@context":"https:\/\/schema.org","@graph":[{"@type":"WebPage","@id":"https:\/\/www.parrinst.com\/es\/products\/sample-preparation\/","url":"https:\/\/www.parrinst.com\/es\/products\/sample-preparation\/","name":"Preparaci\u00f3n de Muestras - Parr Instrument (Espa\u00f1ol)","isPartOf":{"@id":"https:\/\/www.parrinst.com\/es\/#website"},"primaryImageOfPage":{"@id":"https:\/\/www.parrinst.com\/es\/products\/sample-preparation\/#primaryimage"},"image":{"@id":"https:\/\/www.parrinst.com\/es\/products\/sample-preparation\/#primaryimage"},"thumbnailUrl":"https:\/\/i0.wp.com\/www.parrinst.com\/es\/wp-content\/uploads\/sites\/7\/2018\/01\/parr_banner_sample-prep_secondary-1.jpg?fit=2200%2C399&ssl=1","datePublished":"2011-03-10T02:58:03+00:00","dateModified":"2021-10-01T20:30:17+00:00","breadcrumb":{"@id":"https:\/\/www.parrinst.com\/es\/products\/sample-preparation\/#breadcrumb"},"inLanguage":"en-US","potentialAction":[{"@type":"ReadAction","target":["https:\/\/www.parrinst.com\/es\/products\/sample-preparation\/"]}]},{"@type":"ImageObject","inLanguage":"en-US","@id":"https:\/\/www.parrinst.com\/es\/products\/sample-preparation\/#primaryimage","url":"https:\/\/i0.wp.com\/www.parrinst.com\/es\/wp-content\/uploads\/sites\/7\/2018\/01\/parr_banner_sample-prep_secondary-1.jpg?fit=2200%2C399&ssl=1","contentUrl":"https:\/\/i0.wp.com\/www.parrinst.com\/es\/wp-content\/uploads\/sites\/7\/2018\/01\/parr_banner_sample-prep_secondary-1.jpg?fit=2200%2C399&ssl=1","width":2200,"height":399},{"@type":"BreadcrumbList","@id":"https:\/\/www.parrinst.com\/es\/products\/sample-preparation\/#breadcrumb","itemListElement":[{"@type":"ListItem","position":1,"name":"Home","item":"https:\/\/www.parrinst.com\/es\/"},{"@type":"ListItem","position":2,"name":"Products","item":"https:\/\/www.parrinst.com\/es\/products\/"},{"@type":"ListItem","position":3,"name":"Preparaci\u00f3n de Muestras"}]},{"@type":"WebSite","@id":"https:\/\/www.parrinst.com\/es\/#website","url":"https:\/\/www.parrinst.com\/es\/","name":"Parr Instrument (Espa\u00f1ol)","description":"","potentialAction":[{"@type":"SearchAction","target":{"@type":"EntryPoint","urlTemplate":"https:\/\/www.parrinst.com\/es\/?s={search_term_string}"},"query-input":{"@type":"PropertyValueSpecification","valueRequired":true,"valueName":"search_term_string"}}],"inLanguage":"en-US"}]}},"jetpack_sharing_enabled":true,"_links":{"self":[{"href":"https:\/\/www.parrinst.com\/es\/wp-json\/wp\/v2\/pages\/85","targetHints":{"allow":["GET"]}}],"collection":[{"href":"https:\/\/www.parrinst.com\/es\/wp-json\/wp\/v2\/pages"}],"about":[{"href":"https:\/\/www.parrinst.com\/es\/wp-json\/wp\/v2\/types\/page"}],"author":[{"embeddable":true,"href":"https:\/\/www.parrinst.com\/es\/wp-json\/wp\/v2\/users\/1"}],"replies":[{"embeddable":true,"href":"https:\/\/www.parrinst.com\/es\/wp-json\/wp\/v2\/comments?post=85"}],"version-history":[{"count":6,"href":"https:\/\/www.parrinst.com\/es\/wp-json\/wp\/v2\/pages\/85\/revisions"}],"predecessor-version":[{"id":40250,"href":"https:\/\/www.parrinst.com\/es\/wp-json\/wp\/v2\/pages\/85\/revisions\/40250"}],"up":[{"embeddable":true,"href":"https:\/\/www.parrinst.com\/es\/wp-json\/wp\/v2\/pages\/22"}],"wp:featuredmedia":[{"embeddable":true,"href":"https:\/\/www.parrinst.com\/es\/wp-json\/wp\/v2\/media\/37722"}],"wp:attachment":[{"href":"https:\/\/www.parrinst.com\/es\/wp-json\/wp\/v2\/media?parent=85"}],"curies":[{"name":"wp","href":"https:\/\/api.w.org\/{rel}","templated":true}]}}