{"id":879,"date":"2011-05-04T20:22:12","date_gmt":"2011-05-05T01:22:12","guid":{"rendered":"https:\/\/www.parrinst.com\/?page_id=879"},"modified":"2019-05-20T10:18:13","modified_gmt":"2019-05-20T15:18:13","slug":"specifications","status":"publish","type":"page","link":"https:\/\/www.parrinst.com\/es\/products\/stirred-reactors\/series-4520-1-2l-bench-top-reactors\/specifications\/","title":{"rendered":"Especificaciones"},"content":{"rendered":"<table class=\"Specification\">\n<tbody>\n<tr>\n<td class=\"Table-Header-Green\" colspan=\"5\">Especificaciones del Sistema de Reactor a Presi\u00f3n Serie 4520<\/td>\n<\/tr>\n<tr>\n<td class=\"Table-Subheading-WhiteBoldTop-Centered\" colspan=\"5\">La barra sombreada indica las especificaciones que cambian entre las series.<\/td>\n<\/tr>\n<tr>\n<td class=\"Table-Subheading-LightGreen-left\" width=\"44%\">N\u00b0 Modelo<\/td>\n<td class=\"Table-Subheading-LightGreen\" style=\"text-align: center;\" width=\"14%\">4523<\/td>\n<td class=\"Table-Subheading-LightGreen\" style=\"text-align: center;\" width=\"14%\">4524<\/td>\n<td class=\"Table-Subheading-DarkGreen\" style=\"text-align: center;\" width=\"14%\">4525<\/td>\n<td class=\"Table-Subheading-DarkGreen\" style=\"text-align: center;\" width=\"14%\">4526<\/td>\n<\/tr>\n<tr>\n<td class=\"Table-Subheading-Yellow\">Tama\u00f1os\u00a0<span id=\"result_box\" class=\"short_text\" lang=\"es\"><span class=\"hps\">aproximado<\/span><\/span>, ml<\/td>\n<td class=\"Table-Subheading-LightGray-Centered_boldtop\">1000<\/td>\n<td class=\"Table-Subheading-LightGray-Centered_boldtop\">2000<\/td>\n<td class=\"Table-Subheading-DarkGray-Centered_boldtop\">1000<\/td>\n<td class=\"Table-Subheading-DarkGray-Centered_boldtop\">2000<\/td>\n<\/tr>\n<tr>\n<td class=\"Table-Subheading-Yellow\">Tama\u00f1os de Modelos<br \/>\n<span id=\"result_box\" class=\"short_text\" lang=\"es\"><span class=\"hps\">aproximado<\/span><\/span>\u00a0HP, ml<\/td>\n<td class=\"Table-Subheading-LightGray-Centered_boldtop\">970<\/td>\n<td class=\"Table-Subheading-LightGray-Centered_boldtop\">1900<\/td>\n<td class=\"Table-Subheading-DarkGray-Centered_boldtop\">970<\/td>\n<td class=\"Table-Subheading-DarkGray-Centered_boldtop\">1900<\/td>\n<\/tr>\n<tr>\n<td class=\"Table-Subheading-Yellow\">Presi\u00f3n M\u00e1xima (MAWP)<\/td>\n<td class=\"Table-Subheading-WhiteBoldTop-Centered\" colspan=\"4\">1900 psi (131 bar)<\/td>\n<\/tr>\n<tr>\n<td class=\"Table-Subheading-Yellow\">Presi\u00f3n M\u00e1xima HP (MAWP)<\/td>\n<td class=\"Table-Subheading-WhiteBoldTop-Centered\" colspan=\"4\">2900 psi (200 bar)<\/td>\n<\/tr>\n<tr>\n<td class=\"Table-Subheading-Yellow\" colspan=\"5\">Temperatura M\u00e1xima<\/td>\n<\/tr>\n<tr>\n<td>\u00a0 con junta t\u00f3rica FKM<\/td>\n<td class=\"Table-Center\" colspan=\"4\">225 \u00b0C<\/td>\n<\/tr>\n<tr>\n<td>\u00a0 \u00a0con junta t\u00f3rica FFKM<\/td>\n<td class=\"Table-Center\" colspan=\"4\">300 \u00b0C<\/td>\n<\/tr>\n<tr>\n<td>\u00a0 \u00a0con Junta Plana PTFE<\/td>\n<td class=\"Table-Center\" colspan=\"4\">350 \u00b0C<\/td>\n<\/tr>\n<tr>\n<td class=\"Table-Subheading-Yellow\">Estilo de Recipiente<\/td>\n<td class=\"Table-Subheading-LightGray-Centered_boldtop\" colspan=\"2\">Cabeza Fija<\/td>\n<td class=\"Table-Subheading-DarkGray-Centered_boldtop\" colspan=\"2\">M\u00f3vil<\/td>\n<\/tr>\n<tr>\n<td>Ensamble de Reactor<\/td>\n<td class=\"Table-Center\" colspan=\"4\">Banco<\/td>\n<\/tr>\n<tr>\n<td>Cierre<\/td>\n<td class=\"Table-Center\" colspan=\"4\">Anillo Partido (6 Compression Bolts for Flat Gasket, no Compression Bolts for O-ring)<\/td>\n<\/tr>\n<tr>\n<td>\u00a0 Cierre de Alta Presi\u00f3n<\/td>\n<td class=\"Table-Center\" colspan=\"4\">Anillo Partido (12 Compression Bolts for Flat Gasket, no Compression Bolts for O-ring)<\/td>\n<\/tr>\n<tr>\n<td>Conexiones de V\u00e1lvula<\/td>\n<td class=\"Table-Center\" colspan=\"4\">1\/8\u201d Macho NPT<\/td>\n<\/tr>\n<tr>\n<td>Agitador Magn\u00e9tico, Modelo N\u00b0<\/td>\n<td class=\"Table-Center\" colspan=\"4\">A1120HC6 Uso General o A2140HC Sin pie de flecha<\/td>\n<\/tr>\n<tr>\n<td>\u00a0 \u00a0Torque M\u00e1ximo<\/td>\n<td class=\"Table-Center\" colspan=\"4\">16 pulgadas-libras<\/td>\n<\/tr>\n<tr>\n<td>\u00a0 \u00a0Impulsor(es), 6 palas<\/td>\n<td class=\"Table-Center\" colspan=\"4\">2 (2.28&#8243; dia. \/ HP: 2.00&#8243; dia.)<\/td>\n<\/tr>\n<tr>\n<td>Motor de Agitador<\/td>\n<td class=\"Table-Center\" colspan=\"4\">1\/8 hp velocidad variable<\/td>\n<\/tr>\n<tr>\n<td>Man\u00f3metro, Tama\u00f1o<\/td>\n<td class=\"Table-Center\" colspan=\"4\">4.5 pulgadas<\/td>\n<\/tr>\n<tr>\n<td>\u00a0 Rango<\/td>\n<td class=\"Table-Center\" colspan=\"4\">0-2000 psi (138 bar) \/ HP: 0-3000 psi (207 bar)<\/td>\n<\/tr>\n<tr>\n<td>Medici\u00f3n de Temperatura<\/td>\n<td class=\"Table-Center\" colspan=\"4\">Termopozo<\/td>\n<\/tr>\n<tr>\n<td>Serpent\u00edn de Enfriamiento (opcional)<\/td>\n<td class=\"Table-Center\" colspan=\"4\">Serpentina<\/td>\n<\/tr>\n<tr>\n<td class=\"Table-Subheading-Yellow\" colspan=\"5\">V\u00e1lvula de Drenaje Inferior\u00a0(BDV) (opcional)<\/td>\n<\/tr>\n<tr>\n<td>\u00a0 Presi\u00f3n Est\u00e1ndar\u00a0(1900 psi)<\/td>\n<td class=\"Table-Subheading-LightGray-Centered_boldtop\">3\/8&#8243; NPT<\/td>\n<td class=\"Table-Subheading-LightGray-Centered_boldtop\" rowspan=\"2\">N\/A<\/td>\n<td class=\"Table-Subheading-DarkGray-Centered\">3\/8&#8243; NPT<\/td>\n<td class=\"Table-Subheading-DarkGray-Centered\" rowspan=\"2\">N\/A<\/td>\n<\/tr>\n<tr>\n<td>\u00a0 Alta Presi\u00f3n (2900 psi)<\/td>\n<td class=\"Table-Subheading-LightGray-Centered_boldtop\">1\/4&#8243; NPT<\/td>\n<td class=\"Table-Subheading-DarkGray-Centered\">1\/4&#8243; NPT<\/td>\n<\/tr>\n<tr>\n<td>Mecanismo de Levantamiento<br \/>\n(opcional)<\/td>\n<td class=\"Table-Subheading-LightGray-Centered_boldtop\">N\/A<\/td>\n<td class=\"Table-Subheading-LightGray-Centered_boldtop\">Levantamiento Neum\u00e1tico<\/td>\n<td class=\"Table-Subheading-DarkGray-Centered\">N\/A<\/td>\n<td class=\"Table-Subheading-DarkGray-Centered\">Levantamiento Neum\u00e1tico<\/td>\n<\/tr>\n<tr>\n<td class=\"Table-Subheading-Yellow\">Estilo de Calefactor<\/td>\n<td class=\"Table-Center\" colspan=\"4\">Calrod<\/td>\n<\/tr>\n<tr>\n<td>\u00a0 \u00a0Potencia del Calefactor, Watts<\/td>\n<td class=\"Table-Subheading-LightGray-Centered_boldtop\">1000\/1500<\/td>\n<td class=\"Table-Subheading-LightGray-Centered_boldtop\">1500\/2000<\/td>\n<td class=\"Table-Subheading-DarkGray-Centered\">1000\/1500<\/td>\n<td class=\"Table-Subheading-DarkGray-Centered\">1500\/2000<\/td>\n<\/tr>\n<tr>\n<td class=\"Table-Subheading-Yellow\" colspan=\"5\">Suministro El\u00e9ctrico<\/td>\n<\/tr>\n<tr>\n<td>Voltios, AC<\/td>\n<td class=\"Table-Center\" colspan=\"4\">115 \/ 230<\/td>\n<\/tr>\n<tr>\n<td>M\u00e1xima Carga, amps, 115 \/ 230<\/td>\n<td class=\"Table-Center\" colspan=\"4\">12 \/ 9<\/td>\n<\/tr>\n<tr>\n<td class=\"Table-Subheading-Yellow\" colspan=\"5\">Dimensiones del Recipiente<\/td>\n<\/tr>\n<tr>\n<td>Dia. Interno, pulg. x Alta Presi\u00f3n Dia. Interno, pulg.<\/td>\n<td class=\"Table-Subheading-LightGray-Centered_boldtop\">4.0 x 5.4<\/td>\n<td class=\"Table-Subheading-LightGray-Centered_boldtop\">4.0 x 10.5<\/td>\n<td class=\"Table-Subheading-DarkGray-Centered\">4.0 x 5.4<\/td>\n<td class=\"Table-Subheading-DarkGray-Centered\">4.0 x 10.5<\/td>\n<\/tr>\n<tr>\n<td>Dia. Interno, pulg. x Alta Presi\u00f3n Dia. Interno, pulg. HP<\/td>\n<td class=\"Table-Subheading-LightGray-Centered_boldtop\">3.75 x 5.4<\/td>\n<td class=\"Table-Subheading-LightGray-Centered_boldtop\">3.75 x 10.5<\/td>\n<td class=\"Table-Subheading-DarkGray-Centered\">3.75 x 5.4<\/td>\n<td class=\"Table-Subheading-DarkGray-Centered\">3.75 x 10.5<\/td>\n<\/tr>\n<tr>\n<td>Vessel Assembly Weight, pounds<\/td>\n<td class=\"Table-Subheading-LightGray-Centered_boldtop\">33<\/td>\n<td class=\"Table-Subheading-LightGray-Centered_boldtop\">38<\/td>\n<td class=\"Table-Subheading-DarkGray-Centered\">30<\/td>\n<td class=\"Table-Subheading-DarkGray-Centered\">36<\/td>\n<\/tr>\n<tr>\n<td>Vessel Assembly Weight, pounds for HP<\/td>\n<td class=\"Table-Subheading-LightGray-Centered_boldtop\">36<\/td>\n<td class=\"Table-Subheading-LightGray-Centered_boldtop\">44<\/td>\n<td class=\"Table-Subheading-DarkGray-Centered\">35<\/td>\n<td class=\"Table-Subheading-DarkGray-Centered\">43<\/td>\n<\/tr>\n<tr>\n<td>Cylinder Weight, pounds<\/td>\n<td class=\"Table-Subheading-LightGray-Centered_boldtop\">8.9<\/td>\n<td class=\"Table-Subheading-LightGray-Centered_boldtop\">13.7<\/td>\n<td class=\"Table-Subheading-DarkGray-Centered\">8.9<\/td>\n<td class=\"Table-Subheading-DarkGray-Centered\">13.7<\/td>\n<\/tr>\n<tr>\n<td>Cylinder Weight, pounds for HP<\/td>\n<td class=\"Table-Subheading-LightGray-Centered_boldtop\">11.3<\/td>\n<td class=\"Table-Subheading-LightGray-Centered_boldtop\">18.4<\/td>\n<td class=\"Table-Subheading-DarkGray-Centered\">11.3<\/td>\n<td class=\"Table-Subheading-DarkGray-Centered\">18.4<\/td>\n<\/tr>\n<tr>\n<td class=\"Table-Subheading-Yellow\" colspan=\"5\">Reactor\/Stand Dimensions<\/td>\n<\/tr>\n<tr>\n<td>Ancho x Profundidad,\u00a0pulgadas sin Controlador<\/td>\n<td class=\"Table-Center\" colspan=\"4\">17 x 24<\/td>\n<\/tr>\n<tr>\n<td>Altura, pulgadas<\/td>\n<td class=\"Table-Subheading-LightGray-Centered_boldtop\">38<br \/>\n(48 with BDV)<\/td>\n<td class=\"Table-Subheading-LightGray-Centered_boldtop\">38<\/td>\n<td class=\"Table-Subheading-DarkGray-Centered\">38<br \/>\n(48 with BDV)<\/td>\n<td class=\"Table-Subheading-DarkGray-Centered\">48<\/td>\n<\/tr>\n<tr>\n<td>Peso, libras<\/td>\n<td class=\"Table-Subheading-LightGray-Centered_boldtop\">105<\/td>\n<td class=\"Table-Subheading-LightGray-Centered_boldtop\">120<\/td>\n<td class=\"Table-Subheading-DarkGray-Centered\">100<\/td>\n<td class=\"Table-Subheading-DarkGray-Centered\">115<\/td>\n<\/tr>\n<tr>\n<td class=\"Table-Subheading-Yellow\">Kit de Piezas de Repuesto<\/td>\n<td class=\"Table-Subheading-WhiteBoldTop-Centered\" colspan=\"4\">4529M<\/td>\n<\/tr>\n<tr>\n<td style=\"text-align: center;\" colspan=\"5\"><em>*Weights and dimensions are estimated from the base model.<\/em><br \/>\n<em>Final weights and dimensions will vary based on options selected.<\/em><\/td>\n<\/tr>\n<tr>\n<td style=\"text-align: center;\" colspan=\"5\"><strong>Otras opciones disponibles. Ver la\u00a0<a href=\"https:\/\/www.parrinst.com\/es\/products\/stirred-reactors\/series-4520-1-2l-bench-top-reactors\/rfq\/\"><span class=\"link-underline\">Gu\u00eda de Pedidos<\/span><\/a>\u00a0o llamar para m\u00e1s informaci\u00f3n.<\/strong><\/td>\n<\/tr>\n<\/tbody>\n<\/table>\n<p style=\"text-align: center;\">\n","protected":false},"excerpt":{"rendered":"<p>Especificaciones del Sistema de Reactor a Presi\u00f3n Serie 4520 La barra sombreada indica las especificaciones que cambian entre las series. N\u00b0 Modelo 4523 4524 4525 4526 Tama\u00f1os\u00a0aproximado, ml 1000 2000 1000 2000 Tama\u00f1os de Modelos aproximado\u00a0HP, ml 970 1900 970 1900 Presi\u00f3n M\u00e1xima (MAWP) 1900 psi (131 bar) Presi\u00f3n M\u00e1xima HP (MAWP) 2900 psi (200 [&hellip;]<\/p>\n","protected":false},"author":1,"featured_media":36874,"parent":105,"menu_order":2,"comment_status":"closed","ping_status":"closed","template":"product-narrow.php","meta":{"_acf_changed":false,"footnotes":"","_links_to":"","_links_to_target":""},"class_list":["post-879","page","type-page","status-publish","has-post-thumbnail","hentry"],"acf":[],"yoast_head":"<!-- This site is optimized with the Yoast SEO plugin v27.5 - https:\/\/yoast.com\/product\/yoast-seo-wordpress\/ -->\n<title>Especificaciones - Parr Instrument (Espa\u00f1ol)<\/title>\n<meta name=\"robots\" content=\"index, follow, max-snippet:-1, max-image-preview:large, max-video-preview:-1\" \/>\n<link rel=\"canonical\" href=\"https:\/\/www.parrinst.com\/es\/products\/stirred-reactors\/series-4520-1-2l-bench-top-reactors\/specifications\/\" \/>\n<meta property=\"og:locale\" content=\"en_US\" \/>\n<meta property=\"og:type\" content=\"article\" \/>\n<meta property=\"og:title\" content=\"Especificaciones - Parr Instrument (Espa\u00f1ol)\" \/>\n<meta property=\"og:description\" content=\"Especificaciones del Sistema de Reactor a Presi\u00f3n Serie 4520 La barra sombreada indica las especificaciones que cambian entre las series. N\u00b0 Modelo 4523 4524 4525 4526 Tama\u00f1os\u00a0aproximado, ml 1000 2000 1000 2000 Tama\u00f1os de Modelos aproximado\u00a0HP, ml 970 1900 970 1900 Presi\u00f3n M\u00e1xima (MAWP) 1900 psi (131 bar) Presi\u00f3n M\u00e1xima HP (MAWP) 2900 psi (200 [&hellip;]\" \/>\n<meta property=\"og:url\" content=\"https:\/\/www.parrinst.com\/es\/products\/stirred-reactors\/series-4520-1-2l-bench-top-reactors\/specifications\/\" \/>\n<meta property=\"og:site_name\" content=\"Parr Instrument (Espa\u00f1ol)\" \/>\n<meta property=\"article:modified_time\" content=\"2019-05-20T15:18:13+00:00\" \/>\n<meta property=\"og:image\" content=\"https:\/\/www.parrinst.com\/es\/files\/2017\/12\/parr_banner_stirred3_secondary.jpg\" \/>\n\t<meta property=\"og:image:width\" content=\"2200\" \/>\n\t<meta property=\"og:image:height\" content=\"399\" \/>\n\t<meta property=\"og:image:type\" content=\"image\/jpeg\" \/>\n<meta name=\"twitter:card\" content=\"summary_large_image\" \/>\n<meta name=\"twitter:label1\" content=\"Est. reading time\" \/>\n\t<meta name=\"twitter:data1\" content=\"2 minutes\" \/>\n<script type=\"application\/ld+json\" class=\"yoast-schema-graph\">{\"@context\":\"https:\\\/\\\/schema.org\",\"@graph\":[{\"@type\":\"WebPage\",\"@id\":\"https:\\\/\\\/www.parrinst.com\\\/es\\\/products\\\/stirred-reactors\\\/series-4520-1-2l-bench-top-reactors\\\/specifications\\\/\",\"url\":\"https:\\\/\\\/www.parrinst.com\\\/es\\\/products\\\/stirred-reactors\\\/series-4520-1-2l-bench-top-reactors\\\/specifications\\\/\",\"name\":\"Especificaciones - Parr Instrument (Espa\u00f1ol)\",\"isPartOf\":{\"@id\":\"https:\\\/\\\/www.parrinst.com\\\/es\\\/#website\"},\"primaryImageOfPage\":{\"@id\":\"https:\\\/\\\/www.parrinst.com\\\/es\\\/products\\\/stirred-reactors\\\/series-4520-1-2l-bench-top-reactors\\\/specifications\\\/#primaryimage\"},\"image\":{\"@id\":\"https:\\\/\\\/www.parrinst.com\\\/es\\\/products\\\/stirred-reactors\\\/series-4520-1-2l-bench-top-reactors\\\/specifications\\\/#primaryimage\"},\"thumbnailUrl\":\"https:\\\/\\\/i0.wp.com\\\/www.parrinst.com\\\/es\\\/wp-content\\\/uploads\\\/sites\\\/7\\\/2017\\\/12\\\/parr_banner_stirred3_secondary.jpg?fit=2200%2C399&ssl=1\",\"datePublished\":\"2011-05-05T01:22:12+00:00\",\"dateModified\":\"2019-05-20T15:18:13+00:00\",\"breadcrumb\":{\"@id\":\"https:\\\/\\\/www.parrinst.com\\\/es\\\/products\\\/stirred-reactors\\\/series-4520-1-2l-bench-top-reactors\\\/specifications\\\/#breadcrumb\"},\"inLanguage\":\"en-US\",\"potentialAction\":[{\"@type\":\"ReadAction\",\"target\":[\"https:\\\/\\\/www.parrinst.com\\\/es\\\/products\\\/stirred-reactors\\\/series-4520-1-2l-bench-top-reactors\\\/specifications\\\/\"]}]},{\"@type\":\"ImageObject\",\"inLanguage\":\"en-US\",\"@id\":\"https:\\\/\\\/www.parrinst.com\\\/es\\\/products\\\/stirred-reactors\\\/series-4520-1-2l-bench-top-reactors\\\/specifications\\\/#primaryimage\",\"url\":\"https:\\\/\\\/i0.wp.com\\\/www.parrinst.com\\\/es\\\/wp-content\\\/uploads\\\/sites\\\/7\\\/2017\\\/12\\\/parr_banner_stirred3_secondary.jpg?fit=2200%2C399&ssl=1\",\"contentUrl\":\"https:\\\/\\\/i0.wp.com\\\/www.parrinst.com\\\/es\\\/wp-content\\\/uploads\\\/sites\\\/7\\\/2017\\\/12\\\/parr_banner_stirred3_secondary.jpg?fit=2200%2C399&ssl=1\",\"width\":2200,\"height\":399},{\"@type\":\"BreadcrumbList\",\"@id\":\"https:\\\/\\\/www.parrinst.com\\\/es\\\/products\\\/stirred-reactors\\\/series-4520-1-2l-bench-top-reactors\\\/specifications\\\/#breadcrumb\",\"itemListElement\":[{\"@type\":\"ListItem\",\"position\":1,\"name\":\"Home\",\"item\":\"https:\\\/\\\/www.parrinst.com\\\/es\\\/\"},{\"@type\":\"ListItem\",\"position\":2,\"name\":\"Products\",\"item\":\"https:\\\/\\\/www.parrinst.com\\\/es\\\/products\\\/\"},{\"@type\":\"ListItem\",\"position\":3,\"name\":\"Reactores Agitados\",\"item\":\"https:\\\/\\\/www.parrinst.com\\\/es\\\/products\\\/stirred-reactors\\\/\"},{\"@type\":\"ListItem\",\"position\":4,\"name\":\"Reactores de Mesa Serie 4520, 1-2 L\",\"item\":\"https:\\\/\\\/www.parrinst.com\\\/es\\\/products\\\/stirred-reactors\\\/series-4520-1-2l-bench-top-reactors\\\/\"},{\"@type\":\"ListItem\",\"position\":5,\"name\":\"Especificaciones\"}]},{\"@type\":\"WebSite\",\"@id\":\"https:\\\/\\\/www.parrinst.com\\\/es\\\/#website\",\"url\":\"https:\\\/\\\/www.parrinst.com\\\/es\\\/\",\"name\":\"Parr Instrument (Espa\u00f1ol)\",\"description\":\"\",\"potentialAction\":[{\"@type\":\"SearchAction\",\"target\":{\"@type\":\"EntryPoint\",\"urlTemplate\":\"https:\\\/\\\/www.parrinst.com\\\/es\\\/?s={search_term_string}\"},\"query-input\":{\"@type\":\"PropertyValueSpecification\",\"valueRequired\":true,\"valueName\":\"search_term_string\"}}],\"inLanguage\":\"en-US\"}]}<\/script>\n<!-- \/ Yoast SEO plugin. -->","yoast_head_json":{"title":"Especificaciones - Parr Instrument (Espa\u00f1ol)","robots":{"index":"index","follow":"follow","max-snippet":"max-snippet:-1","max-image-preview":"max-image-preview:large","max-video-preview":"max-video-preview:-1"},"canonical":"https:\/\/www.parrinst.com\/es\/products\/stirred-reactors\/series-4520-1-2l-bench-top-reactors\/specifications\/","og_locale":"en_US","og_type":"article","og_title":"Especificaciones - Parr Instrument (Espa\u00f1ol)","og_description":"Especificaciones del Sistema de Reactor a Presi\u00f3n Serie 4520 La barra sombreada indica las especificaciones que cambian entre las series. N\u00b0 Modelo 4523 4524 4525 4526 Tama\u00f1os\u00a0aproximado, ml 1000 2000 1000 2000 Tama\u00f1os de Modelos aproximado\u00a0HP, ml 970 1900 970 1900 Presi\u00f3n M\u00e1xima (MAWP) 1900 psi (131 bar) Presi\u00f3n M\u00e1xima HP (MAWP) 2900 psi (200 [&hellip;]","og_url":"https:\/\/www.parrinst.com\/es\/products\/stirred-reactors\/series-4520-1-2l-bench-top-reactors\/specifications\/","og_site_name":"Parr Instrument (Espa\u00f1ol)","article_modified_time":"2019-05-20T15:18:13+00:00","og_image":[{"width":2200,"height":399,"url":"https:\/\/www.parrinst.com\/es\/files\/2017\/12\/parr_banner_stirred3_secondary.jpg","type":"image\/jpeg"}],"twitter_card":"summary_large_image","twitter_misc":{"Est. reading time":"2 minutes"},"schema":{"@context":"https:\/\/schema.org","@graph":[{"@type":"WebPage","@id":"https:\/\/www.parrinst.com\/es\/products\/stirred-reactors\/series-4520-1-2l-bench-top-reactors\/specifications\/","url":"https:\/\/www.parrinst.com\/es\/products\/stirred-reactors\/series-4520-1-2l-bench-top-reactors\/specifications\/","name":"Especificaciones - Parr Instrument (Espa\u00f1ol)","isPartOf":{"@id":"https:\/\/www.parrinst.com\/es\/#website"},"primaryImageOfPage":{"@id":"https:\/\/www.parrinst.com\/es\/products\/stirred-reactors\/series-4520-1-2l-bench-top-reactors\/specifications\/#primaryimage"},"image":{"@id":"https:\/\/www.parrinst.com\/es\/products\/stirred-reactors\/series-4520-1-2l-bench-top-reactors\/specifications\/#primaryimage"},"thumbnailUrl":"https:\/\/i0.wp.com\/www.parrinst.com\/es\/wp-content\/uploads\/sites\/7\/2017\/12\/parr_banner_stirred3_secondary.jpg?fit=2200%2C399&ssl=1","datePublished":"2011-05-05T01:22:12+00:00","dateModified":"2019-05-20T15:18:13+00:00","breadcrumb":{"@id":"https:\/\/www.parrinst.com\/es\/products\/stirred-reactors\/series-4520-1-2l-bench-top-reactors\/specifications\/#breadcrumb"},"inLanguage":"en-US","potentialAction":[{"@type":"ReadAction","target":["https:\/\/www.parrinst.com\/es\/products\/stirred-reactors\/series-4520-1-2l-bench-top-reactors\/specifications\/"]}]},{"@type":"ImageObject","inLanguage":"en-US","@id":"https:\/\/www.parrinst.com\/es\/products\/stirred-reactors\/series-4520-1-2l-bench-top-reactors\/specifications\/#primaryimage","url":"https:\/\/i0.wp.com\/www.parrinst.com\/es\/wp-content\/uploads\/sites\/7\/2017\/12\/parr_banner_stirred3_secondary.jpg?fit=2200%2C399&ssl=1","contentUrl":"https:\/\/i0.wp.com\/www.parrinst.com\/es\/wp-content\/uploads\/sites\/7\/2017\/12\/parr_banner_stirred3_secondary.jpg?fit=2200%2C399&ssl=1","width":2200,"height":399},{"@type":"BreadcrumbList","@id":"https:\/\/www.parrinst.com\/es\/products\/stirred-reactors\/series-4520-1-2l-bench-top-reactors\/specifications\/#breadcrumb","itemListElement":[{"@type":"ListItem","position":1,"name":"Home","item":"https:\/\/www.parrinst.com\/es\/"},{"@type":"ListItem","position":2,"name":"Products","item":"https:\/\/www.parrinst.com\/es\/products\/"},{"@type":"ListItem","position":3,"name":"Reactores Agitados","item":"https:\/\/www.parrinst.com\/es\/products\/stirred-reactors\/"},{"@type":"ListItem","position":4,"name":"Reactores de Mesa Serie 4520, 1-2 L","item":"https:\/\/www.parrinst.com\/es\/products\/stirred-reactors\/series-4520-1-2l-bench-top-reactors\/"},{"@type":"ListItem","position":5,"name":"Especificaciones"}]},{"@type":"WebSite","@id":"https:\/\/www.parrinst.com\/es\/#website","url":"https:\/\/www.parrinst.com\/es\/","name":"Parr Instrument (Espa\u00f1ol)","description":"","potentialAction":[{"@type":"SearchAction","target":{"@type":"EntryPoint","urlTemplate":"https:\/\/www.parrinst.com\/es\/?s={search_term_string}"},"query-input":{"@type":"PropertyValueSpecification","valueRequired":true,"valueName":"search_term_string"}}],"inLanguage":"en-US"}]}},"jetpack_sharing_enabled":true,"_links":{"self":[{"href":"https:\/\/www.parrinst.com\/es\/wp-json\/wp\/v2\/pages\/879","targetHints":{"allow":["GET"]}}],"collection":[{"href":"https:\/\/www.parrinst.com\/es\/wp-json\/wp\/v2\/pages"}],"about":[{"href":"https:\/\/www.parrinst.com\/es\/wp-json\/wp\/v2\/types\/page"}],"author":[{"embeddable":true,"href":"https:\/\/www.parrinst.com\/es\/wp-json\/wp\/v2\/users\/1"}],"replies":[{"embeddable":true,"href":"https:\/\/www.parrinst.com\/es\/wp-json\/wp\/v2\/comments?post=879"}],"version-history":[{"count":11,"href":"https:\/\/www.parrinst.com\/es\/wp-json\/wp\/v2\/pages\/879\/revisions"}],"predecessor-version":[{"id":39351,"href":"https:\/\/www.parrinst.com\/es\/wp-json\/wp\/v2\/pages\/879\/revisions\/39351"}],"up":[{"embeddable":true,"href":"https:\/\/www.parrinst.com\/es\/wp-json\/wp\/v2\/pages\/105"}],"wp:featuredmedia":[{"embeddable":true,"href":"https:\/\/www.parrinst.com\/es\/wp-json\/wp\/v2\/media\/36874"}],"wp:attachment":[{"href":"https:\/\/www.parrinst.com\/es\/wp-json\/wp\/v2\/media?parent=879"}],"curies":[{"name":"wp","href":"https:\/\/api.w.org\/{rel}","templated":true}]}}