{"id":881,"date":"2011-05-04T20:22:14","date_gmt":"2011-05-05T01:22:14","guid":{"rendered":"https:\/\/www.parrinst.com\/?page_id=881"},"modified":"2021-03-25T11:01:02","modified_gmt":"2021-03-25T16:01:02","slug":"specifications","status":"publish","type":"page","link":"https:\/\/www.parrinst.com\/es\/products\/stirred-reactors\/series-4550-floor-stand-reactors\/specifications\/","title":{"rendered":"Especificaciones"},"content":{"rendered":"<table class=\"Specification\">\n<tbody>\n<tr>\n<td class=\"Table-Header-Green\" colspan=\"5\">Especificaciones del Sistema de Reactor a Presi\u00f3n Serie 4550<\/td>\n<\/tr>\n<tr>\n<td class=\"Table-Subheading-WhiteBoldTop-Centered\" colspan=\"5\">La barra sombreada indica las especificaciones que cambian entre las series.<\/td>\n<\/tr>\n<tr>\n<td class=\"Table-Subheading-LightGreen-left\" width=\"44%\">Modelo N\u00b0<\/td>\n<td class=\"Table-Subheading-LightGreen\" style=\"text-align: center;\" width=\"14%\">4551<\/td>\n<td class=\"Table-Subheading-LightGreen\" style=\"text-align: center;\" width=\"14%\">4552<\/td>\n<td class=\"Table-Subheading-DarkGreen\" style=\"text-align: center;\" width=\"14%\">4553<\/td>\n<td class=\"Table-Subheading-DarkGreen\" style=\"text-align: center;\" width=\"14%\">4554<\/td>\n<\/tr>\n<tr>\n<td class=\"Table-Subheading-Yellow\">Tama\u00f1os\u00a0<span id=\"result_box\" class=\"short_text\" lang=\"es\"><span class=\"hps\">aproximado<\/span><\/span>, Galones (Litros)<\/td>\n<td class=\"Table-Subheading-LightGray-Centered_boldtop\">1 (3.75)<\/td>\n<td class=\"Table-Subheading-LightGray-Centered_boldtop\">2 (7.99)<\/td>\n<td class=\"Table-Subheading-DarkGray-Centered_boldtop\">1 (3.75)<\/td>\n<td class=\"Table-Subheading-DarkGray-Centered_boldtop\">2 (7.99)<\/td>\n<\/tr>\n<tr>\n<td class=\"Table-Subheading-Yellow\">Presi\u00f3n M\u00e1xima (MAWP)<\/td>\n<td class=\"Table-Subheading-WhiteBoldTop-Centered\" colspan=\"4\">1900 psi (131 bar)<\/td>\n<\/tr>\n<tr>\n<td class=\"Table-Subheading-Yellow\" colspan=\"5\">Temperatura M\u00e1xima<\/td>\n<\/tr>\n<tr>\n<td>\u00a0 \u00a0con junta t\u00f3rica FKM<\/td>\n<td class=\"Table-Center\" colspan=\"4\">225 \u00b0C<\/td>\n<\/tr>\n<tr>\n<td>\u00a0\u00a0 con junta t\u00f3rica FFKM<\/td>\n<td class=\"Table-Center\" colspan=\"4\">300 \u00b0C<\/td>\n<\/tr>\n<tr>\n<td>\u00a0 \u00a0con Junta Plana PTFE<\/td>\n<td class=\"Table-Center\" colspan=\"4\">350 \u00b0C<\/td>\n<\/tr>\n<tr>\n<td class=\"Table-Subheading-Yellow\">Estilo de Recipiente<\/td>\n<td class=\"Table-Subheading-LightGray-Centered_boldtop\" colspan=\"2\">M\u00f3vil<\/td>\n<td class=\"Table-Subheading-DarkGray-Centered_boldtop\" colspan=\"2\">Cabeza Fija<\/td>\n<\/tr>\n<tr>\n<td>Ensamble de Reactor<\/td>\n<td class=\"Table-Subheading-LightGray-Centered_boldtop\" colspan=\"2\">Carro<\/td>\n<td class=\"Table-Subheading-DarkGray-Centered_boldtop\" colspan=\"2\">Soporte de Piso<\/td>\n<\/tr>\n<tr>\n<td>Cierre<\/td>\n<td class=\"Table-Center\" colspan=\"4\">Anillo Partido (10 Compression Bolts for Flat Gasket,<br \/>\nno Compression Bolts for O-ring)<\/td>\n<\/tr>\n<tr>\n<td>Conexiones de V\u00e1lvula<\/td>\n<td class=\"Table-Center\" colspan=\"4\">1\/4\u2033 NPT Macho<\/td>\n<\/tr>\n<tr>\n<td>Agitador Magn\u00e9tico, Modelo N\u00b0<\/td>\n<td class=\"Table-Center\" colspan=\"4\">A1180HC Uso General o A2160HC Sin pie de flecha<\/td>\n<\/tr>\n<tr>\n<td>\u00a0 \u00a0Torque M\u00e1ximo<\/td>\n<td class=\"Table-Center\" colspan=\"4\">60\u00a0pulgadas-libras<\/td>\n<\/tr>\n<tr>\n<td>\u00a0 \u00a0Impulsor(es), 6 palas<\/td>\n<td class=\"Table-Center\" colspan=\"4\">2 (3.85&#8243; dia.)<\/td>\n<\/tr>\n<tr>\n<td>Motor de Agitador<\/td>\n<td class=\"Table-Center\" colspan=\"4\">1\/2 hp velocidad variable<\/td>\n<\/tr>\n<tr>\n<td>Man\u00f3metro, Tama\u00f1o<\/td>\n<td class=\"Table-Center\" colspan=\"4\">4.5 pulgadas<\/td>\n<\/tr>\n<tr>\n<td>\u00a0 Rango<\/td>\n<td class=\"Table-Center\" colspan=\"4\">0 &#8211; 2000 psi (138 bar)<\/td>\n<\/tr>\n<tr>\n<td>Medici\u00f3n de Temperatura<\/td>\n<td class=\"Table-Center\" colspan=\"4\">Termopozo<\/td>\n<\/tr>\n<tr>\n<td>Serpent\u00edn de Enfriamiento (opcional)<\/td>\n<td class=\"Table-Center\" colspan=\"4\">Serpent\u00edna<\/td>\n<\/tr>\n<tr>\n<td class=\"Table-Subheading-Yellow\">V\u00e1lvula de Drenaje Inferior (BDV) (opcional)<\/td>\n<td class=\"Table-Center\" colspan=\"4\">3\/8\u2033 NPT<\/td>\n<\/tr>\n<tr>\n<td>Mecanismo de Levantamiento<br \/>\n(opcional)<\/td>\n<td class=\"Table-Subheading-LightGray-Centered_boldtop\" colspan=\"2\">N\/A<\/td>\n<td class=\"Table-Subheading-DarkGray-Centered\" colspan=\"2\">Levantamiento Neum\u00e1tico<\/td>\n<\/tr>\n<tr>\n<td class=\"Table-Subheading-Yellow\">Estilo de Calefactor<\/td>\n<td class=\"Table-Center\" colspan=\"4\">Calrod<\/td>\n<\/tr>\n<tr>\n<td>\u00a0 Potencia del Calefactor, Watts<\/td>\n<td class=\"Table-Subheading-LightGray-Centered_boldtop\">2250<\/td>\n<td class=\"Table-Subheading-LightGray-Centered_boldtop\">2700<\/td>\n<td class=\"Table-Subheading-DarkGray-Centered\">2250<\/td>\n<td class=\"Table-Subheading-DarkGray-Centered\">2700<\/td>\n<\/tr>\n<tr>\n<td class=\"Table-Subheading-Yellow\" colspan=\"5\">Suministro El\u00e9ctrico<\/td>\n<\/tr>\n<tr>\n<td>Voltios, AC<\/td>\n<td class=\"Table-Center\" colspan=\"4\">230<\/td>\n<\/tr>\n<tr>\n<td>M\u00e1xima Carga, amps, 230<\/td>\n<td class=\"Table-Center\">13<\/td>\n<td class=\"Table-Center\">15<\/td>\n<td class=\"Table-Center\">13<\/td>\n<td class=\"Table-Center\">15<\/td>\n<\/tr>\n<tr>\n<td class=\"Table-Subheading-Yellow\" colspan=\"5\">Dimensiones del Recipiente<\/td>\n<\/tr>\n<tr>\n<td>Dia. Interno, pulg. x Alta Presi\u00f3n Dia. Interno, pulg.<\/td>\n<td class=\"Table-Subheading-LightGray-Centered_boldtop\">6.0 x 8.6<\/td>\n<td class=\"Table-Subheading-LightGray-Centered_boldtop\">6.0 x 17.2<\/td>\n<td class=\"Table-Subheading-DarkGray-Centered\">6.0 x 8.6<\/td>\n<td class=\"Table-Subheading-DarkGray-Centered\">6.0 x 17.2<\/td>\n<\/tr>\n<tr>\n<td>Vessel Assembly Weight, pounds<\/td>\n<td class=\"Table-Subheading-LightGray-Centered_boldtop\">96<\/td>\n<td class=\"Table-Subheading-LightGray-Centered_boldtop\">116<\/td>\n<td class=\"Table-Subheading-DarkGray-Centered\">111<\/td>\n<td class=\"Table-Subheading-DarkGray-Centered\">131<\/td>\n<\/tr>\n<tr>\n<td>Cylinder Weight, pounds<\/td>\n<td class=\"Table-Subheading-LightGray-Centered_boldtop\">33<\/td>\n<td class=\"Table-Subheading-LightGray-Centered_boldtop\">52<\/td>\n<td class=\"Table-Subheading-DarkGray-Centered\">33<\/td>\n<td class=\"Table-Subheading-DarkGray-Centered\">52<\/td>\n<\/tr>\n<tr>\n<td class=\"Table-Subheading-Yellow\" colspan=\"5\">Reactor\/Stand Dimensions<\/td>\n<\/tr>\n<tr>\n<td>Ancho x Profundidad,\u00a0pulgadas sin Controlador<\/td>\n<td class=\"Table-Center\" colspan=\"2\">35 x 18<\/td>\n<td class=\"Table-Center\" colspan=\"2\">20 x 31<\/td>\n<\/tr>\n<tr>\n<td>Altura, pulgadas<\/td>\n<td class=\"Table-Subheading-LightGray-Centered_boldtop\" colspan=\"2\">50<\/td>\n<td class=\"Table-Subheading-DarkGray-Centered\" colspan=\"2\">75<\/td>\n<\/tr>\n<tr>\n<td>Peso, libras<\/td>\n<td class=\"Table-Subheading-LightGray-Centered_boldtop\">265<\/td>\n<td class=\"Table-Subheading-LightGray-Centered_boldtop\">295<\/td>\n<td class=\"Table-Subheading-DarkGray-Centered\">315<\/td>\n<td class=\"Table-Subheading-DarkGray-Centered\">343<\/td>\n<\/tr>\n<tr>\n<td class=\"Table-Subheading-Yellow\">Kit de Piezas de Repuesto<\/td>\n<td class=\"Table-Subheading-WhiteBoldTop-Centered\" colspan=\"4\">4559M<\/td>\n<\/tr>\n<tr>\n<td colspan=\"5\">Otras opciones disponibles. Ver la\u00a0<a href=\"https:\/\/www.parrinst.com\/es\/products\/stirred-reactors\/series-4550-floor-stand-reactors\/rfq\/\">Gu\u00eda de Pedidos<\/a>\u00a0o llamar para m\u00e1s informaci\u00f3n.<\/td>\n<\/tr>\n<\/tbody>\n<\/table>\n","protected":false},"excerpt":{"rendered":"<p>Especificaciones del Sistema de Reactor a Presi\u00f3n Serie 4550 La barra sombreada indica las especificaciones que cambian entre las series. Modelo N\u00b0 4551 4552 4553 4554 Tama\u00f1os\u00a0aproximado, Galones (Litros) 1 (3.75) 2 (7.99) 1 (3.75) 2 (7.99) Presi\u00f3n M\u00e1xima (MAWP) 1900 psi (131 bar) Temperatura M\u00e1xima \u00a0 \u00a0con junta t\u00f3rica FKM 225 \u00b0C \u00a0\u00a0 con [&hellip;]<\/p>\n","protected":false},"author":2,"featured_media":36874,"parent":110,"menu_order":2,"comment_status":"closed","ping_status":"closed","template":"product-narrow.php","meta":{"_acf_changed":false,"footnotes":"","_links_to":"","_links_to_target":""},"class_list":["post-881","page","type-page","status-publish","has-post-thumbnail","hentry"],"acf":[],"yoast_head":"<!-- This site is optimized with the Yoast SEO plugin v27.5 - https:\/\/yoast.com\/product\/yoast-seo-wordpress\/ -->\n<title>Especificaciones - Parr Instrument (Espa\u00f1ol)<\/title>\n<meta name=\"robots\" content=\"index, follow, max-snippet:-1, max-image-preview:large, max-video-preview:-1\" \/>\n<link rel=\"canonical\" href=\"https:\/\/www.parrinst.com\/es\/products\/stirred-reactors\/series-4550-floor-stand-reactors\/specifications\/\" \/>\n<meta property=\"og:locale\" content=\"en_US\" \/>\n<meta property=\"og:type\" content=\"article\" \/>\n<meta property=\"og:title\" content=\"Especificaciones - Parr Instrument (Espa\u00f1ol)\" \/>\n<meta property=\"og:description\" content=\"Especificaciones del Sistema de Reactor a Presi\u00f3n Serie 4550 La barra sombreada indica las especificaciones que cambian entre las series. Modelo N\u00b0 4551 4552 4553 4554 Tama\u00f1os\u00a0aproximado, Galones (Litros) 1 (3.75) 2 (7.99) 1 (3.75) 2 (7.99) Presi\u00f3n M\u00e1xima (MAWP) 1900 psi (131 bar) Temperatura M\u00e1xima \u00a0 \u00a0con junta t\u00f3rica FKM 225 \u00b0C \u00a0\u00a0 con [&hellip;]\" \/>\n<meta property=\"og:url\" content=\"https:\/\/www.parrinst.com\/es\/products\/stirred-reactors\/series-4550-floor-stand-reactors\/specifications\/\" \/>\n<meta property=\"og:site_name\" content=\"Parr Instrument (Espa\u00f1ol)\" \/>\n<meta property=\"article:modified_time\" content=\"2021-03-25T16:01:02+00:00\" \/>\n<meta property=\"og:image\" content=\"https:\/\/www.parrinst.com\/es\/files\/2017\/12\/parr_banner_stirred3_secondary.jpg\" \/>\n\t<meta property=\"og:image:width\" content=\"2200\" \/>\n\t<meta property=\"og:image:height\" content=\"399\" \/>\n\t<meta property=\"og:image:type\" content=\"image\/jpeg\" \/>\n<meta name=\"twitter:card\" content=\"summary_large_image\" \/>\n<meta name=\"twitter:label1\" content=\"Est. reading time\" \/>\n\t<meta name=\"twitter:data1\" content=\"1 minute\" \/>\n<script type=\"application\/ld+json\" class=\"yoast-schema-graph\">{\"@context\":\"https:\\\/\\\/schema.org\",\"@graph\":[{\"@type\":\"WebPage\",\"@id\":\"https:\\\/\\\/www.parrinst.com\\\/es\\\/products\\\/stirred-reactors\\\/series-4550-floor-stand-reactors\\\/specifications\\\/\",\"url\":\"https:\\\/\\\/www.parrinst.com\\\/es\\\/products\\\/stirred-reactors\\\/series-4550-floor-stand-reactors\\\/specifications\\\/\",\"name\":\"Especificaciones - Parr Instrument (Espa\u00f1ol)\",\"isPartOf\":{\"@id\":\"https:\\\/\\\/www.parrinst.com\\\/es\\\/#website\"},\"primaryImageOfPage\":{\"@id\":\"https:\\\/\\\/www.parrinst.com\\\/es\\\/products\\\/stirred-reactors\\\/series-4550-floor-stand-reactors\\\/specifications\\\/#primaryimage\"},\"image\":{\"@id\":\"https:\\\/\\\/www.parrinst.com\\\/es\\\/products\\\/stirred-reactors\\\/series-4550-floor-stand-reactors\\\/specifications\\\/#primaryimage\"},\"thumbnailUrl\":\"https:\\\/\\\/i0.wp.com\\\/www.parrinst.com\\\/es\\\/wp-content\\\/uploads\\\/sites\\\/7\\\/2017\\\/12\\\/parr_banner_stirred3_secondary.jpg?fit=2200%2C399&ssl=1\",\"datePublished\":\"2011-05-05T01:22:14+00:00\",\"dateModified\":\"2021-03-25T16:01:02+00:00\",\"breadcrumb\":{\"@id\":\"https:\\\/\\\/www.parrinst.com\\\/es\\\/products\\\/stirred-reactors\\\/series-4550-floor-stand-reactors\\\/specifications\\\/#breadcrumb\"},\"inLanguage\":\"en-US\",\"potentialAction\":[{\"@type\":\"ReadAction\",\"target\":[\"https:\\\/\\\/www.parrinst.com\\\/es\\\/products\\\/stirred-reactors\\\/series-4550-floor-stand-reactors\\\/specifications\\\/\"]}]},{\"@type\":\"ImageObject\",\"inLanguage\":\"en-US\",\"@id\":\"https:\\\/\\\/www.parrinst.com\\\/es\\\/products\\\/stirred-reactors\\\/series-4550-floor-stand-reactors\\\/specifications\\\/#primaryimage\",\"url\":\"https:\\\/\\\/i0.wp.com\\\/www.parrinst.com\\\/es\\\/wp-content\\\/uploads\\\/sites\\\/7\\\/2017\\\/12\\\/parr_banner_stirred3_secondary.jpg?fit=2200%2C399&ssl=1\",\"contentUrl\":\"https:\\\/\\\/i0.wp.com\\\/www.parrinst.com\\\/es\\\/wp-content\\\/uploads\\\/sites\\\/7\\\/2017\\\/12\\\/parr_banner_stirred3_secondary.jpg?fit=2200%2C399&ssl=1\",\"width\":2200,\"height\":399},{\"@type\":\"BreadcrumbList\",\"@id\":\"https:\\\/\\\/www.parrinst.com\\\/es\\\/products\\\/stirred-reactors\\\/series-4550-floor-stand-reactors\\\/specifications\\\/#breadcrumb\",\"itemListElement\":[{\"@type\":\"ListItem\",\"position\":1,\"name\":\"Home\",\"item\":\"https:\\\/\\\/www.parrinst.com\\\/es\\\/\"},{\"@type\":\"ListItem\",\"position\":2,\"name\":\"Products\",\"item\":\"https:\\\/\\\/www.parrinst.com\\\/es\\\/products\\\/\"},{\"@type\":\"ListItem\",\"position\":3,\"name\":\"Reactores Agitados\",\"item\":\"https:\\\/\\\/www.parrinst.com\\\/es\\\/products\\\/stirred-reactors\\\/\"},{\"@type\":\"ListItem\",\"position\":4,\"name\":\"Reactores de Soporte de Piso Serie 4550 de 1 y 2 Galones\",\"item\":\"https:\\\/\\\/www.parrinst.com\\\/es\\\/products\\\/stirred-reactors\\\/series-4550-floor-stand-reactors\\\/\"},{\"@type\":\"ListItem\",\"position\":5,\"name\":\"Especificaciones\"}]},{\"@type\":\"WebSite\",\"@id\":\"https:\\\/\\\/www.parrinst.com\\\/es\\\/#website\",\"url\":\"https:\\\/\\\/www.parrinst.com\\\/es\\\/\",\"name\":\"Parr Instrument (Espa\u00f1ol)\",\"description\":\"\",\"potentialAction\":[{\"@type\":\"SearchAction\",\"target\":{\"@type\":\"EntryPoint\",\"urlTemplate\":\"https:\\\/\\\/www.parrinst.com\\\/es\\\/?s={search_term_string}\"},\"query-input\":{\"@type\":\"PropertyValueSpecification\",\"valueRequired\":true,\"valueName\":\"search_term_string\"}}],\"inLanguage\":\"en-US\"}]}<\/script>\n<!-- \/ Yoast SEO plugin. -->","yoast_head_json":{"title":"Especificaciones - Parr Instrument (Espa\u00f1ol)","robots":{"index":"index","follow":"follow","max-snippet":"max-snippet:-1","max-image-preview":"max-image-preview:large","max-video-preview":"max-video-preview:-1"},"canonical":"https:\/\/www.parrinst.com\/es\/products\/stirred-reactors\/series-4550-floor-stand-reactors\/specifications\/","og_locale":"en_US","og_type":"article","og_title":"Especificaciones - Parr Instrument (Espa\u00f1ol)","og_description":"Especificaciones del Sistema de Reactor a Presi\u00f3n Serie 4550 La barra sombreada indica las especificaciones que cambian entre las series. Modelo N\u00b0 4551 4552 4553 4554 Tama\u00f1os\u00a0aproximado, Galones (Litros) 1 (3.75) 2 (7.99) 1 (3.75) 2 (7.99) Presi\u00f3n M\u00e1xima (MAWP) 1900 psi (131 bar) Temperatura M\u00e1xima \u00a0 \u00a0con junta t\u00f3rica FKM 225 \u00b0C \u00a0\u00a0 con [&hellip;]","og_url":"https:\/\/www.parrinst.com\/es\/products\/stirred-reactors\/series-4550-floor-stand-reactors\/specifications\/","og_site_name":"Parr Instrument (Espa\u00f1ol)","article_modified_time":"2021-03-25T16:01:02+00:00","og_image":[{"width":2200,"height":399,"url":"https:\/\/www.parrinst.com\/es\/files\/2017\/12\/parr_banner_stirred3_secondary.jpg","type":"image\/jpeg"}],"twitter_card":"summary_large_image","twitter_misc":{"Est. reading time":"1 minute"},"schema":{"@context":"https:\/\/schema.org","@graph":[{"@type":"WebPage","@id":"https:\/\/www.parrinst.com\/es\/products\/stirred-reactors\/series-4550-floor-stand-reactors\/specifications\/","url":"https:\/\/www.parrinst.com\/es\/products\/stirred-reactors\/series-4550-floor-stand-reactors\/specifications\/","name":"Especificaciones - Parr Instrument (Espa\u00f1ol)","isPartOf":{"@id":"https:\/\/www.parrinst.com\/es\/#website"},"primaryImageOfPage":{"@id":"https:\/\/www.parrinst.com\/es\/products\/stirred-reactors\/series-4550-floor-stand-reactors\/specifications\/#primaryimage"},"image":{"@id":"https:\/\/www.parrinst.com\/es\/products\/stirred-reactors\/series-4550-floor-stand-reactors\/specifications\/#primaryimage"},"thumbnailUrl":"https:\/\/i0.wp.com\/www.parrinst.com\/es\/wp-content\/uploads\/sites\/7\/2017\/12\/parr_banner_stirred3_secondary.jpg?fit=2200%2C399&ssl=1","datePublished":"2011-05-05T01:22:14+00:00","dateModified":"2021-03-25T16:01:02+00:00","breadcrumb":{"@id":"https:\/\/www.parrinst.com\/es\/products\/stirred-reactors\/series-4550-floor-stand-reactors\/specifications\/#breadcrumb"},"inLanguage":"en-US","potentialAction":[{"@type":"ReadAction","target":["https:\/\/www.parrinst.com\/es\/products\/stirred-reactors\/series-4550-floor-stand-reactors\/specifications\/"]}]},{"@type":"ImageObject","inLanguage":"en-US","@id":"https:\/\/www.parrinst.com\/es\/products\/stirred-reactors\/series-4550-floor-stand-reactors\/specifications\/#primaryimage","url":"https:\/\/i0.wp.com\/www.parrinst.com\/es\/wp-content\/uploads\/sites\/7\/2017\/12\/parr_banner_stirred3_secondary.jpg?fit=2200%2C399&ssl=1","contentUrl":"https:\/\/i0.wp.com\/www.parrinst.com\/es\/wp-content\/uploads\/sites\/7\/2017\/12\/parr_banner_stirred3_secondary.jpg?fit=2200%2C399&ssl=1","width":2200,"height":399},{"@type":"BreadcrumbList","@id":"https:\/\/www.parrinst.com\/es\/products\/stirred-reactors\/series-4550-floor-stand-reactors\/specifications\/#breadcrumb","itemListElement":[{"@type":"ListItem","position":1,"name":"Home","item":"https:\/\/www.parrinst.com\/es\/"},{"@type":"ListItem","position":2,"name":"Products","item":"https:\/\/www.parrinst.com\/es\/products\/"},{"@type":"ListItem","position":3,"name":"Reactores Agitados","item":"https:\/\/www.parrinst.com\/es\/products\/stirred-reactors\/"},{"@type":"ListItem","position":4,"name":"Reactores de Soporte de Piso Serie 4550 de 1 y 2 Galones","item":"https:\/\/www.parrinst.com\/es\/products\/stirred-reactors\/series-4550-floor-stand-reactors\/"},{"@type":"ListItem","position":5,"name":"Especificaciones"}]},{"@type":"WebSite","@id":"https:\/\/www.parrinst.com\/es\/#website","url":"https:\/\/www.parrinst.com\/es\/","name":"Parr Instrument (Espa\u00f1ol)","description":"","potentialAction":[{"@type":"SearchAction","target":{"@type":"EntryPoint","urlTemplate":"https:\/\/www.parrinst.com\/es\/?s={search_term_string}"},"query-input":{"@type":"PropertyValueSpecification","valueRequired":true,"valueName":"search_term_string"}}],"inLanguage":"en-US"}]}},"jetpack_sharing_enabled":true,"_links":{"self":[{"href":"https:\/\/www.parrinst.com\/es\/wp-json\/wp\/v2\/pages\/881","targetHints":{"allow":["GET"]}}],"collection":[{"href":"https:\/\/www.parrinst.com\/es\/wp-json\/wp\/v2\/pages"}],"about":[{"href":"https:\/\/www.parrinst.com\/es\/wp-json\/wp\/v2\/types\/page"}],"author":[{"embeddable":true,"href":"https:\/\/www.parrinst.com\/es\/wp-json\/wp\/v2\/users\/2"}],"replies":[{"embeddable":true,"href":"https:\/\/www.parrinst.com\/es\/wp-json\/wp\/v2\/comments?post=881"}],"version-history":[{"count":10,"href":"https:\/\/www.parrinst.com\/es\/wp-json\/wp\/v2\/pages\/881\/revisions"}],"predecessor-version":[{"id":40135,"href":"https:\/\/www.parrinst.com\/es\/wp-json\/wp\/v2\/pages\/881\/revisions\/40135"}],"up":[{"embeddable":true,"href":"https:\/\/www.parrinst.com\/es\/wp-json\/wp\/v2\/pages\/110"}],"wp:featuredmedia":[{"embeddable":true,"href":"https:\/\/www.parrinst.com\/es\/wp-json\/wp\/v2\/media\/36874"}],"wp:attachment":[{"href":"https:\/\/www.parrinst.com\/es\/wp-json\/wp\/v2\/media?parent=881"}],"curies":[{"name":"wp","href":"https:\/\/api.w.org\/{rel}","templated":true}]}}