{"id":882,"date":"2011-05-04T20:22:15","date_gmt":"2011-05-05T01:22:15","guid":{"rendered":"https:\/\/www.parrinst.com\/?page_id=882"},"modified":"2025-07-10T14:25:56","modified_gmt":"2025-07-10T19:25:56","slug":"specifications","status":"publish","type":"page","link":"https:\/\/www.parrinst.com\/es\/products\/stirred-reactors\/series-4555-10-20-l-floor-stand-reactors\/specifications\/","title":{"rendered":"Especificaciones"},"content":{"rendered":"<table class=\"Specification\">\n<tbody>\n<tr>\n<td class=\"Table-Header-Green\" colspan=\"7\">Especificaciones del Sistema de Reactor a Presi\u00f3n Serie 4555<\/td>\n<\/tr>\n<tr>\n<td class=\"Table-Subheading-WhiteBoldTop-Centered\" colspan=\"7\">La barra sombreada indica las especificaciones que cambian entre las series.<\/td>\n<\/tr>\n<tr>\n<td class=\"Table-Subheading-LightGreen-left\">N\u00b0 Modelo<\/td>\n<td class=\"Table-Subheading-LightGreen\" style=\"text-align: center;\">4555<\/td>\n<td class=\"Table-Subheading-LightGreen\" style=\"text-align: center;\">4556<\/td>\n<td class=\"Table-Subheading-DarkGreen\" style=\"text-align: center;\">4557<\/td>\n<td class=\"Table-Subheading-DarkGreen\" style=\"text-align: center;\">4558<\/td>\n<td class=\"Table-Subheading-DarkGreen\" style=\"text-align: center;\">4559-30L<\/td>\n<td class=\"Table-Subheading-DarkGreen\" style=\"text-align: center;\">4559-40L<\/td>\n<\/tr>\n<tr>\n<td class=\"Table-Subheading-Yellow\">Tama\u00f1os, Litro(Gal\u00f3n )<\/td>\n<td class=\"Table-Subheading-LightGray-Centered_boldtop\">18.75 (5)<\/td>\n<td class=\"Table-Subheading-LightGray-Centered_boldtop\">10 (2.6)<\/td>\n<td class=\"Table-Subheading-DarkGray-Centered_boldtop\">18.75 (5)<\/td>\n<td class=\"Table-Subheading-DarkGray-Centered_boldtop\">10 (2.6)<\/td>\n<td class=\"Table-Subheading-DarkGray-Centered_boldtop\">30 (7.9)<\/td>\n<td class=\"Table-Subheading-DarkGray-Centered_boldtop\">40 (10.5)<\/td>\n<\/tr>\n<tr>\n<td class=\"Table-Subheading-Yellow\">Presi\u00f3n M\u00e1xima (MAWP)<\/td>\n<td class=\"Table-Subheading-WhiteBoldTop-Centered\" colspan=\"6\">1900 psi (131 bar)<\/td>\n<\/tr>\n<tr>\n<td class=\"Table-Subheading-Yellow\">Baja presi\u00f3n Opci\u00f3n (MAWP)<\/td>\n<td class=\"Table-Subheading-LightGray-Centered_boldtop\" colspan=\"4\">N\/A<\/td>\n<td class=\"Table-Subheading-DarkGray-Centered_boldtop\" colspan=\"2\">500 psi (34 bar)<\/td>\n<\/tr>\n<tr>\n<td class=\"Table-Subheading-Yellow\" colspan=\"7\">Temperatura M\u00e1xima<\/td>\n<\/tr>\n<tr>\n<td>con junta t\u00f3rica FKM<\/td>\n<td class=\"Table-Subheading-LightGray-Centered_boldtop\" colspan=\"4\">225 \u00b0C<\/td>\n<td class=\"Table-Subheading-DarkGray-Centered_boldtop\" colspan=\"2\">N\/A<\/td>\n<\/tr>\n<tr>\n<td>con junta t\u00f3rica FFKM<\/td>\n<td class=\"Table-Subheading-LightGray-Centered_boldtop\" colspan=\"4\">300 \u00b0C<\/td>\n<td class=\"Table-Subheading-DarkGray-Centered_boldtop\" colspan=\"2\">N\/A<\/td>\n<\/tr>\n<tr>\n<td>con Junta Plana PTFE<\/td>\n<td class=\"Table-Center\" colspan=\"6\">350 \u00b0C<\/td>\n<\/tr>\n<tr>\n<td class=\"Table-Subheading-Yellow\" colspan=\"7\">Detalles del reactor<\/td>\n<\/tr>\n<tr>\n<td>Estilo de Recipiente<\/td>\n<td class=\"Table-Subheading-LightGray-Centered_boldtop\" colspan=\"2\">Cabeza M\u00f3vil<\/td>\n<td class=\"Table-Subheading-DarkGray-Centered_boldtop\" colspan=\"4\">Cabeza Fija<\/td>\n<\/tr>\n<tr>\n<td>Ensamble de Reactor<\/td>\n<td class=\"Table-Subheading-LightGray-Centered_boldtop\" colspan=\"2\">Carro<\/td>\n<td class=\"Table-Subheading-DarkGray-Centered_boldtop\" colspan=\"4\">Soporte de Piso<\/td>\n<\/tr>\n<tr>\n<td>Cierre<\/td>\n<td class=\"Table-Subheading-LightGray-Centered_boldtop\">Anillo Partido (12 Compression Bolts for Flat Gasket, no Compression Bolts for O-ring)<\/td>\n<td class=\"Table-Subheading-LightGray-Centered_boldtop\">Anillo Partido (10 Compression Bolts for Flat Gasket, no Compression Bolts for O-ring)<\/td>\n<td class=\"Table-Subheading-DarkGray-Centered_boldtop\">Anillo Partido (12 Compression Bolts for Flat Gasket, no Compression Bolts for O-ring)<\/td>\n<td class=\"Table-Subheading-DarkGray-Centered_boldtop\">Anillo Partido (10 Compression Bolts for Flat Gasket, no Compression Bolts for O-ring)<\/td>\n<td class=\"Table-Subheading-DarkGray-Centered_boldtop\" colspan=\"2\">Anillo Partido (14 Compression Bolts for Flat Gasket)<\/td>\n<\/tr>\n<tr>\n<td>Conexiones de V\u00e1lvula<\/td>\n<td class=\"Table-Center\" colspan=\"6\">3\/8\u2033 NPT Macho<\/td>\n<\/tr>\n<tr>\n<td>Agitador Magn\u00e9tico, Modelo N\u00b0<\/td>\n<td class=\"Table-Subheading-LightGray-Centered_boldtop\" colspan=\"4\">A1750HC Trabajo Pesado o A2160HC Sin pie de flecha<\/td>\n<td class=\"Table-Subheading-DarkGray-Centered\" colspan=\"2\">A2170HC Sin pie de flecha<\/td>\n<\/tr>\n<tr>\n<td>Torque M\u00e1ximo<\/td>\n<td class=\"Table-Subheading-LightGray-Centered_boldtop\" colspan=\"4\">60 Pulg-Libras<\/td>\n<td class=\"Table-Subheading-DarkGray-Centered_boldtop\" colspan=\"2\">120 Pulg-Libras<\/td>\n<\/tr>\n<tr>\n<td>Impulsor(es), 6-Paletas<\/td>\n<td class=\"Table-Subheading-LightGray-Centered_boldtop\">2 (5.25&#8243; dia.)<\/td>\n<td class=\"Table-Subheading-LightGray-Centered_boldtop\">2 (3.85&#8243; dia.)<\/td>\n<td class=\"Table-Subheading-DarkGray-Centered_boldtop\">2 (5.25&#8243; dia.)<\/td>\n<td class=\"Table-Subheading-DarkGray-Centered_boldtop\">2 (3.85&#8243; dia.)<\/td>\n<td class=\"Table-Subheading-DarkGray-Centered_boldtop\" colspan=\"2\">2 (5.25&#8243; dia.)<\/td>\n<\/tr>\n<tr>\n<td>Motor de Agitador<\/td>\n<td class=\"Table-Center\" colspan=\"6\">3\/4 hp Velocidad Variable<\/td>\n<\/tr>\n<tr>\n<td>Man\u00f3metro, Tama\u00f1o<\/td>\n<td class=\"Table-Center\" colspan=\"6\">4.5 pulgadas<\/td>\n<\/tr>\n<tr>\n<td>Rango<\/td>\n<td class=\"Table-Center\" colspan=\"6\">0-2000 psi (138 bar)<\/td>\n<\/tr>\n<tr>\n<td>Medici\u00f3n de Temperatura<\/td>\n<td class=\"Table-Center\" colspan=\"6\">Termopozo<\/td>\n<\/tr>\n<tr>\n<td>Serpent\u00edn de Enfriamiento (opcional)<\/td>\n<td class=\"Table-Center\" colspan=\"6\">Serpentina<\/td>\n<\/tr>\n<tr>\n<td>V\u00e1lvula de Drenaje Inferior (BDV) (opcional)<\/td>\n<td class=\"Table-Center\" colspan=\"6\">1.0\u2033 NPT<\/td>\n<\/tr>\n<tr>\n<td>Mecanismo de Levantamiento (opcional)<\/td>\n<td class=\"Table-Subheading-LightGray-Centered_boldtop\" colspan=\"2\">Elevaci\u00f3n Manual<\/td>\n<td class=\"Table-Subheading-DarkGray-Centered\" colspan=\"4\">Levantamiento Neum\u00e1tico<\/td>\n<\/tr>\n<tr>\n<td class=\"Table-Subheading-Yellow\">Estilo de Calefactor<\/td>\n<td class=\"Table-Subheading-LightGray-Centered_boldtop\">Cer\u00e1mica, 3-Zonas<\/td>\n<td class=\"Table-Subheading-LightGray-Centered_boldtop\">Calefactor de Banda, 3-Zonas<\/td>\n<td class=\"Table-Subheading-DarkGray-Centered_boldtop\" colspan=\"4\">Calefactor de Banda, 3-Zonas<\/td>\n<\/tr>\n<tr>\n<td>Potencia del Calefactor, Watts<\/td>\n<td class=\"Table-Subheading-LightGray-Centered_boldtop\">4500<\/td>\n<td class=\"Table-Subheading-LightGray-Centered_boldtop\">4250<\/td>\n<td class=\"Table-Subheading-DarkGray-Centered\">5500<\/td>\n<td class=\"Table-Subheading-DarkGray-Centered\">3300<\/td>\n<td class=\"Table-Subheading-DarkGray-Centered\" colspan=\"2\">7500<\/td>\n<\/tr>\n<tr>\n<td class=\"Table-Subheading-Yellow\" colspan=\"7\">Suministro El\u00e9ctrico<\/td>\n<\/tr>\n<tr>\n<td>Voltios, AC<\/td>\n<td class=\"Table-Center\" colspan=\"6\">230V 1-Fase \u00f3 400-415V 3-Fases \u201cY\u201d<\/td>\n<\/tr>\n<tr>\n<td>Carga M\u00e1xima, amps, 115 \/ 230<\/td>\n<td class=\"Table-Center\" colspan=\"6\">1-Fase-40 amps or 3-Fase-15 amps\/leg<\/td>\n<\/tr>\n<tr>\n<td class=\"Table-Subheading-Yellow\" colspan=\"7\">Dimensiones del Recipiente<\/td>\n<\/tr>\n<tr>\n<td>Dia. Interno, pulg. x Alta Presi\u00f3n Dia. Interno, pulg.<\/td>\n<td class=\"Table-Subheading-LightGray-Centered_boldtop\">9.5 x 16.3<\/td>\n<td class=\"Table-Subheading-LightGray-Centered_boldtop\">7.75 x 12.2<\/td>\n<td class=\"Table-Subheading-DarkGray-Centered\">9.5 x 16.3<\/td>\n<td class=\"Table-Subheading-DarkGray-Centered\">7.75 x 12.2<\/td>\n<td class=\"Table-Subheading-DarkGray-Centered\">10.25 x 22.6<\/td>\n<td class=\"Table-Subheading-DarkGray-Centered\">11.25 x 24.5<\/td>\n<\/tr>\n<tr>\n<td>Vessel Assembly Weight, pounds<\/td>\n<td class=\"Table-Subheading-LightGray-Centered_boldtop\">354<\/td>\n<td class=\"Table-Subheading-LightGray-Centered_boldtop\">206<\/td>\n<td class=\"Table-Subheading-DarkGray-Centered\">355<\/td>\n<td class=\"Table-Subheading-DarkGray-Centered\">209<\/td>\n<td class=\"Table-Subheading-DarkGray-Centered\">460<br \/>\n(310 for Low Pressure)<\/td>\n<td class=\"Table-Subheading-DarkGray-Centered\">610<br \/>\n(360 for Low Pressure)<\/td>\n<\/tr>\n<tr>\n<td>Cylinder Weight, pounds<\/td>\n<td class=\"Table-Subheading-LightGray-Centered_boldtop\">157<\/td>\n<td class=\"Table-Subheading-LightGray-Centered_boldtop\">97<\/td>\n<td class=\"Table-Subheading-DarkGray-Centered\">157<\/td>\n<td class=\"Table-Subheading-DarkGray-Centered\">97<\/td>\n<td class=\"Table-Subheading-DarkGray-Centered\">&gt;97<\/td>\n<td class=\"Table-Subheading-DarkGray-Centered\">&gt;97<\/td>\n<\/tr>\n<tr>\n<td class=\"Table-Subheading-Yellow\" colspan=\"7\">Reactor\/Stand Dimensions<\/td>\n<\/tr>\n<tr>\n<td>Ancho x Profundidad, pulgadas sin Controlador<\/td>\n<td class=\"Table-Subheading-LightGray-Centered_boldtop\" colspan=\"2\">63 x 25<\/td>\n<td class=\"Table-Subheading-DarkGray-Centered\" colspan=\"2\">31 x 43<\/td>\n<td class=\"Table-Subheading-DarkGray-Centered\">32 x 43<\/td>\n<td class=\"Table-Subheading-DarkGray-Centered\">32 x 43<\/td>\n<\/tr>\n<tr>\n<td>Altura, pulgadas<\/td>\n<td class=\"Table-Subheading-LightGray-Centered_boldtop\" colspan=\"2\">91<\/td>\n<td class=\"Table-Subheading-DarkGray-Centered\">95<\/td>\n<td class=\"Table-Subheading-DarkGray-Centered\">87<\/td>\n<td class=\"Table-Subheading-DarkGray-Centered\">103<\/td>\n<td class=\"Table-Subheading-DarkGray-Centered\">105<\/td>\n<\/tr>\n<tr>\n<td>Peso, libras<\/td>\n<td class=\"Table-Subheading-LightGray-Centered_boldtop\">1000<\/td>\n<td class=\"Table-Subheading-LightGray-Centered_boldtop\">900<\/td>\n<td class=\"Table-Subheading-DarkGray-Centered\">1000<\/td>\n<td class=\"Table-Subheading-DarkGray-Centered\">900<\/td>\n<td class=\"Table-Subheading-DarkGray-Centered\">1250<\/td>\n<td class=\"Table-Subheading-DarkGray-Centered\">&gt;1250<\/td>\n<\/tr>\n<tr>\n<td class=\"Table-Subheading-Yellow\">Kit de Piezas de Repuesto<\/td>\n<td class=\"Table-Subheading-WhiteBoldTop-Centered\" colspan=\"6\">4555SPK<\/td>\n<\/tr>\n<tr>\n<td colspan=\"7\">\n<p class=\"Table-Center\">Otras opciones disponibles. Ver la <a href=\"https:\/\/www.parrinst.com\/es\/products\/stirred-reactors\/series-4555-10-20-l-floor-stand-reactors\/rfq\/\">Gu\u00eda de Pedidos<\/a> o llamar para m\u00e1s informaci\u00f3n.<\/p>\n<p class=\"Table-Center\">\n<\/td>\n<\/tr>\n<\/tbody>\n<\/table>\n","protected":false},"excerpt":{"rendered":"<p>Especificaciones del Sistema de Reactor a Presi\u00f3n Serie 4555 La barra sombreada indica las especificaciones que cambian entre las series. N\u00b0 Modelo 4555 4556 4557 4558 4559-30L 4559-40L Tama\u00f1os, Litro(Gal\u00f3n ) 18.75 (5) 10 (2.6) 18.75 (5) 10 (2.6) 30 (7.9) 40 (10.5) Presi\u00f3n M\u00e1xima (MAWP) 1900 psi (131 bar) Baja presi\u00f3n Opci\u00f3n (MAWP) N\/A [&hellip;]<\/p>\n","protected":false},"author":1,"featured_media":36874,"parent":112,"menu_order":2,"comment_status":"closed","ping_status":"closed","template":"product-narrow.php","meta":{"_acf_changed":false,"footnotes":"","_links_to":"","_links_to_target":""},"class_list":["post-882","page","type-page","status-publish","has-post-thumbnail","hentry"],"acf":[],"yoast_head":"<!-- This site is optimized with the Yoast SEO plugin v27.4 - https:\/\/yoast.com\/product\/yoast-seo-wordpress\/ -->\n<title>Especificaciones - Parr Instrument (Espa\u00f1ol)<\/title>\n<meta name=\"robots\" content=\"index, follow, max-snippet:-1, max-image-preview:large, max-video-preview:-1\" \/>\n<link rel=\"canonical\" href=\"https:\/\/www.parrinst.com\/es\/products\/stirred-reactors\/series-4555-10-20-l-floor-stand-reactors\/specifications\/\" \/>\n<meta property=\"og:locale\" content=\"en_US\" \/>\n<meta property=\"og:type\" content=\"article\" \/>\n<meta property=\"og:title\" content=\"Especificaciones - Parr Instrument (Espa\u00f1ol)\" \/>\n<meta property=\"og:description\" content=\"Especificaciones del Sistema de Reactor a Presi\u00f3n Serie 4555 La barra sombreada indica las especificaciones que cambian entre las series. N\u00b0 Modelo 4555 4556 4557 4558 4559-30L 4559-40L Tama\u00f1os, Litro(Gal\u00f3n ) 18.75 (5) 10 (2.6) 18.75 (5) 10 (2.6) 30 (7.9) 40 (10.5) Presi\u00f3n M\u00e1xima (MAWP) 1900 psi (131 bar) Baja presi\u00f3n Opci\u00f3n (MAWP) N\/A [&hellip;]\" \/>\n<meta property=\"og:url\" content=\"https:\/\/www.parrinst.com\/es\/products\/stirred-reactors\/series-4555-10-20-l-floor-stand-reactors\/specifications\/\" \/>\n<meta property=\"og:site_name\" content=\"Parr Instrument (Espa\u00f1ol)\" \/>\n<meta property=\"article:modified_time\" content=\"2025-07-10T19:25:56+00:00\" \/>\n<meta property=\"og:image\" content=\"https:\/\/www.parrinst.com\/es\/wp-content\/uploads\/sites\/7\/2017\/12\/parr_banner_stirred3_secondary.jpg\" \/>\n\t<meta property=\"og:image:width\" content=\"2200\" \/>\n\t<meta property=\"og:image:height\" content=\"399\" \/>\n\t<meta property=\"og:image:type\" content=\"image\/jpeg\" \/>\n<meta name=\"twitter:card\" content=\"summary_large_image\" \/>\n<meta name=\"twitter:label1\" content=\"Est. reading time\" \/>\n\t<meta name=\"twitter:data1\" content=\"2 minutes\" \/>\n<script type=\"application\/ld+json\" class=\"yoast-schema-graph\">{\"@context\":\"https:\\\/\\\/schema.org\",\"@graph\":[{\"@type\":\"WebPage\",\"@id\":\"https:\\\/\\\/www.parrinst.com\\\/es\\\/products\\\/stirred-reactors\\\/series-4555-10-20-l-floor-stand-reactors\\\/specifications\\\/\",\"url\":\"https:\\\/\\\/www.parrinst.com\\\/es\\\/products\\\/stirred-reactors\\\/series-4555-10-20-l-floor-stand-reactors\\\/specifications\\\/\",\"name\":\"Especificaciones - Parr Instrument (Espa\u00f1ol)\",\"isPartOf\":{\"@id\":\"https:\\\/\\\/www.parrinst.com\\\/es\\\/#website\"},\"primaryImageOfPage\":{\"@id\":\"https:\\\/\\\/www.parrinst.com\\\/es\\\/products\\\/stirred-reactors\\\/series-4555-10-20-l-floor-stand-reactors\\\/specifications\\\/#primaryimage\"},\"image\":{\"@id\":\"https:\\\/\\\/www.parrinst.com\\\/es\\\/products\\\/stirred-reactors\\\/series-4555-10-20-l-floor-stand-reactors\\\/specifications\\\/#primaryimage\"},\"thumbnailUrl\":\"https:\\\/\\\/i0.wp.com\\\/www.parrinst.com\\\/es\\\/wp-content\\\/uploads\\\/sites\\\/7\\\/2017\\\/12\\\/parr_banner_stirred3_secondary.jpg?fit=2200%2C399&ssl=1\",\"datePublished\":\"2011-05-05T01:22:15+00:00\",\"dateModified\":\"2025-07-10T19:25:56+00:00\",\"breadcrumb\":{\"@id\":\"https:\\\/\\\/www.parrinst.com\\\/es\\\/products\\\/stirred-reactors\\\/series-4555-10-20-l-floor-stand-reactors\\\/specifications\\\/#breadcrumb\"},\"inLanguage\":\"en-US\",\"potentialAction\":[{\"@type\":\"ReadAction\",\"target\":[\"https:\\\/\\\/www.parrinst.com\\\/es\\\/products\\\/stirred-reactors\\\/series-4555-10-20-l-floor-stand-reactors\\\/specifications\\\/\"]}]},{\"@type\":\"ImageObject\",\"inLanguage\":\"en-US\",\"@id\":\"https:\\\/\\\/www.parrinst.com\\\/es\\\/products\\\/stirred-reactors\\\/series-4555-10-20-l-floor-stand-reactors\\\/specifications\\\/#primaryimage\",\"url\":\"https:\\\/\\\/i0.wp.com\\\/www.parrinst.com\\\/es\\\/wp-content\\\/uploads\\\/sites\\\/7\\\/2017\\\/12\\\/parr_banner_stirred3_secondary.jpg?fit=2200%2C399&ssl=1\",\"contentUrl\":\"https:\\\/\\\/i0.wp.com\\\/www.parrinst.com\\\/es\\\/wp-content\\\/uploads\\\/sites\\\/7\\\/2017\\\/12\\\/parr_banner_stirred3_secondary.jpg?fit=2200%2C399&ssl=1\",\"width\":2200,\"height\":399},{\"@type\":\"BreadcrumbList\",\"@id\":\"https:\\\/\\\/www.parrinst.com\\\/es\\\/products\\\/stirred-reactors\\\/series-4555-10-20-l-floor-stand-reactors\\\/specifications\\\/#breadcrumb\",\"itemListElement\":[{\"@type\":\"ListItem\",\"position\":1,\"name\":\"Home\",\"item\":\"https:\\\/\\\/www.parrinst.com\\\/es\\\/\"},{\"@type\":\"ListItem\",\"position\":2,\"name\":\"Products\",\"item\":\"https:\\\/\\\/www.parrinst.com\\\/es\\\/products\\\/\"},{\"@type\":\"ListItem\",\"position\":3,\"name\":\"Reactores Agitados\",\"item\":\"https:\\\/\\\/www.parrinst.com\\\/es\\\/products\\\/stirred-reactors\\\/\"},{\"@type\":\"ListItem\",\"position\":4,\"name\":\"Reactores de Soporte de Piso Serie 4555 de 10 a 40 L\",\"item\":\"https:\\\/\\\/www.parrinst.com\\\/es\\\/products\\\/stirred-reactors\\\/series-4555-10-20-l-floor-stand-reactors\\\/\"},{\"@type\":\"ListItem\",\"position\":5,\"name\":\"Especificaciones\"}]},{\"@type\":\"WebSite\",\"@id\":\"https:\\\/\\\/www.parrinst.com\\\/es\\\/#website\",\"url\":\"https:\\\/\\\/www.parrinst.com\\\/es\\\/\",\"name\":\"Parr Instrument (Espa\u00f1ol)\",\"description\":\"\",\"potentialAction\":[{\"@type\":\"SearchAction\",\"target\":{\"@type\":\"EntryPoint\",\"urlTemplate\":\"https:\\\/\\\/www.parrinst.com\\\/es\\\/?s={search_term_string}\"},\"query-input\":{\"@type\":\"PropertyValueSpecification\",\"valueRequired\":true,\"valueName\":\"search_term_string\"}}],\"inLanguage\":\"en-US\"}]}<\/script>\n<!-- \/ Yoast SEO plugin. -->","yoast_head_json":{"title":"Especificaciones - Parr Instrument (Espa\u00f1ol)","robots":{"index":"index","follow":"follow","max-snippet":"max-snippet:-1","max-image-preview":"max-image-preview:large","max-video-preview":"max-video-preview:-1"},"canonical":"https:\/\/www.parrinst.com\/es\/products\/stirred-reactors\/series-4555-10-20-l-floor-stand-reactors\/specifications\/","og_locale":"en_US","og_type":"article","og_title":"Especificaciones - Parr Instrument (Espa\u00f1ol)","og_description":"Especificaciones del Sistema de Reactor a Presi\u00f3n Serie 4555 La barra sombreada indica las especificaciones que cambian entre las series. N\u00b0 Modelo 4555 4556 4557 4558 4559-30L 4559-40L Tama\u00f1os, Litro(Gal\u00f3n ) 18.75 (5) 10 (2.6) 18.75 (5) 10 (2.6) 30 (7.9) 40 (10.5) Presi\u00f3n M\u00e1xima (MAWP) 1900 psi (131 bar) Baja presi\u00f3n Opci\u00f3n (MAWP) N\/A [&hellip;]","og_url":"https:\/\/www.parrinst.com\/es\/products\/stirred-reactors\/series-4555-10-20-l-floor-stand-reactors\/specifications\/","og_site_name":"Parr Instrument (Espa\u00f1ol)","article_modified_time":"2025-07-10T19:25:56+00:00","og_image":[{"width":2200,"height":399,"url":"https:\/\/www.parrinst.com\/es\/wp-content\/uploads\/sites\/7\/2017\/12\/parr_banner_stirred3_secondary.jpg","type":"image\/jpeg"}],"twitter_card":"summary_large_image","twitter_misc":{"Est. reading time":"2 minutes"},"schema":{"@context":"https:\/\/schema.org","@graph":[{"@type":"WebPage","@id":"https:\/\/www.parrinst.com\/es\/products\/stirred-reactors\/series-4555-10-20-l-floor-stand-reactors\/specifications\/","url":"https:\/\/www.parrinst.com\/es\/products\/stirred-reactors\/series-4555-10-20-l-floor-stand-reactors\/specifications\/","name":"Especificaciones - Parr Instrument (Espa\u00f1ol)","isPartOf":{"@id":"https:\/\/www.parrinst.com\/es\/#website"},"primaryImageOfPage":{"@id":"https:\/\/www.parrinst.com\/es\/products\/stirred-reactors\/series-4555-10-20-l-floor-stand-reactors\/specifications\/#primaryimage"},"image":{"@id":"https:\/\/www.parrinst.com\/es\/products\/stirred-reactors\/series-4555-10-20-l-floor-stand-reactors\/specifications\/#primaryimage"},"thumbnailUrl":"https:\/\/i0.wp.com\/www.parrinst.com\/es\/wp-content\/uploads\/sites\/7\/2017\/12\/parr_banner_stirred3_secondary.jpg?fit=2200%2C399&ssl=1","datePublished":"2011-05-05T01:22:15+00:00","dateModified":"2025-07-10T19:25:56+00:00","breadcrumb":{"@id":"https:\/\/www.parrinst.com\/es\/products\/stirred-reactors\/series-4555-10-20-l-floor-stand-reactors\/specifications\/#breadcrumb"},"inLanguage":"en-US","potentialAction":[{"@type":"ReadAction","target":["https:\/\/www.parrinst.com\/es\/products\/stirred-reactors\/series-4555-10-20-l-floor-stand-reactors\/specifications\/"]}]},{"@type":"ImageObject","inLanguage":"en-US","@id":"https:\/\/www.parrinst.com\/es\/products\/stirred-reactors\/series-4555-10-20-l-floor-stand-reactors\/specifications\/#primaryimage","url":"https:\/\/i0.wp.com\/www.parrinst.com\/es\/wp-content\/uploads\/sites\/7\/2017\/12\/parr_banner_stirred3_secondary.jpg?fit=2200%2C399&ssl=1","contentUrl":"https:\/\/i0.wp.com\/www.parrinst.com\/es\/wp-content\/uploads\/sites\/7\/2017\/12\/parr_banner_stirred3_secondary.jpg?fit=2200%2C399&ssl=1","width":2200,"height":399},{"@type":"BreadcrumbList","@id":"https:\/\/www.parrinst.com\/es\/products\/stirred-reactors\/series-4555-10-20-l-floor-stand-reactors\/specifications\/#breadcrumb","itemListElement":[{"@type":"ListItem","position":1,"name":"Home","item":"https:\/\/www.parrinst.com\/es\/"},{"@type":"ListItem","position":2,"name":"Products","item":"https:\/\/www.parrinst.com\/es\/products\/"},{"@type":"ListItem","position":3,"name":"Reactores Agitados","item":"https:\/\/www.parrinst.com\/es\/products\/stirred-reactors\/"},{"@type":"ListItem","position":4,"name":"Reactores de Soporte de Piso Serie 4555 de 10 a 40 L","item":"https:\/\/www.parrinst.com\/es\/products\/stirred-reactors\/series-4555-10-20-l-floor-stand-reactors\/"},{"@type":"ListItem","position":5,"name":"Especificaciones"}]},{"@type":"WebSite","@id":"https:\/\/www.parrinst.com\/es\/#website","url":"https:\/\/www.parrinst.com\/es\/","name":"Parr Instrument (Espa\u00f1ol)","description":"","potentialAction":[{"@type":"SearchAction","target":{"@type":"EntryPoint","urlTemplate":"https:\/\/www.parrinst.com\/es\/?s={search_term_string}"},"query-input":{"@type":"PropertyValueSpecification","valueRequired":true,"valueName":"search_term_string"}}],"inLanguage":"en-US"}]}},"jetpack_sharing_enabled":true,"_links":{"self":[{"href":"https:\/\/www.parrinst.com\/es\/wp-json\/wp\/v2\/pages\/882","targetHints":{"allow":["GET"]}}],"collection":[{"href":"https:\/\/www.parrinst.com\/es\/wp-json\/wp\/v2\/pages"}],"about":[{"href":"https:\/\/www.parrinst.com\/es\/wp-json\/wp\/v2\/types\/page"}],"author":[{"embeddable":true,"href":"https:\/\/www.parrinst.com\/es\/wp-json\/wp\/v2\/users\/1"}],"replies":[{"embeddable":true,"href":"https:\/\/www.parrinst.com\/es\/wp-json\/wp\/v2\/comments?post=882"}],"version-history":[{"count":21,"href":"https:\/\/www.parrinst.com\/es\/wp-json\/wp\/v2\/pages\/882\/revisions"}],"predecessor-version":[{"id":41142,"href":"https:\/\/www.parrinst.com\/es\/wp-json\/wp\/v2\/pages\/882\/revisions\/41142"}],"up":[{"embeddable":true,"href":"https:\/\/www.parrinst.com\/es\/wp-json\/wp\/v2\/pages\/112"}],"wp:featuredmedia":[{"embeddable":true,"href":"https:\/\/www.parrinst.com\/es\/wp-json\/wp\/v2\/media\/36874"}],"wp:attachment":[{"href":"https:\/\/www.parrinst.com\/es\/wp-json\/wp\/v2\/media?parent=882"}],"curies":[{"name":"wp","href":"https:\/\/api.w.org\/{rel}","templated":true}]}}