{"id":884,"date":"2011-05-04T20:22:17","date_gmt":"2011-05-05T01:22:17","guid":{"rendered":"https:\/\/www.parrinst.com\/?page_id=884"},"modified":"2019-05-20T10:23:27","modified_gmt":"2019-05-20T15:23:27","slug":"specifications","status":"publish","type":"page","link":"https:\/\/www.parrinst.com\/es\/products\/stirred-reactors\/hp-ht-reactors-series-4570\/specifications\/","title":{"rendered":"Especificaciones"},"content":{"rendered":"<table class=\"Specification\">\n<tbody>\n<tr>\n<td class=\"Table-Header-Green\" colspan=\"5\">Especificaciones de Sistema de Reactor a Presi\u00f3n Serie 4570<\/td>\n<\/tr>\n<tr>\n<td class=\"Table-Subheading-WhiteBoldTop-Centered\" colspan=\"5\">La barra sombreada indica las especificaciones que cambian entre las series.<\/td>\n<\/tr>\n<tr>\n<td class=\"Table-Subheading-LightGreen-left\" width=\"40%\">Modelo N\u00b0 \u2013 Recipiente M\u00f3vil<\/td>\n<td class=\"Table-Subheading-LightGreen\" style=\"text-align: center;\" width=\"15%\">4571<\/td>\n<td class=\"Table-Subheading-LightGreen\" style=\"text-align: center;\" width=\"15%\">4572<\/td>\n<td class=\"Table-Subheading-DarkGreen\" style=\"text-align: center;\" width=\"15%\">4575B<\/td>\n<td class=\"Table-Subheading-DarkGreen\" style=\"text-align: center;\" width=\"15%\">4576B<\/td>\n<\/tr>\n<tr>\n<td class=\"Table-Subheading-LightGreen-left\" width=\"40%\">Modelo N\u00b0 \u2013 Cabeza Fija<\/td>\n<td class=\"Table-Subheading-LightGreen\" style=\"text-align: center;\">4577<\/td>\n<td class=\"Table-Subheading-LightGreen\" style=\"text-align: center;\">4578<\/td>\n<td class=\"Table-Subheading-DarkGreen\" style=\"text-align: center;\">4575A<\/td>\n<td class=\"Table-Subheading-DarkGreen\" style=\"text-align: center;\">4576A<\/td>\n<\/tr>\n<tr>\n<td class=\"Table-Subheading-Yellow\">Tama\u00f1os\u00a0<span id=\"result_box\" class=\"short_text\" lang=\"es\"><span class=\"hps\">aproximado<\/span><\/span>, ml<\/td>\n<td class=\"Table-Subheading-LightGray-Centered_boldtop\">1000<\/td>\n<td class=\"Table-Subheading-LightGray-Centered_boldtop\">1800<\/td>\n<td class=\"Table-Subheading-DarkGray-Centered_boldtop\">500<\/td>\n<td class=\"Table-Subheading-DarkGray-Centered_boldtop\">250<\/td>\n<\/tr>\n<tr>\n<td class=\"Table-Subheading-Yellow\">Presi\u00f3n M\u00e1xima (MAWP)<\/td>\n<td class=\"Table-Subheading-WhiteBoldTop-Centered\" colspan=\"4\">5000 psi (345 bar)<\/td>\n<\/tr>\n<tr>\n<td class=\"Table-Subheading-Yellow\" colspan=\"5\">Temperatura M\u00e1xima<\/td>\n<\/tr>\n<tr>\n<td>\u00a0 \u00a0con Junta Plana FG<\/td>\n<td class=\"Table-Center\" colspan=\"4\">500 \u00b0C<\/td>\n<\/tr>\n<tr>\n<td>Ensamble de Reactor<\/td>\n<td class=\"Table-Subheading-LightGray-Centered_boldtop\" colspan=\"2\">Soporte de Carro \/ Piso<\/td>\n<td class=\"Table-Subheading-DarkGray-Centered_boldtop\" colspan=\"2\">Banco<\/td>\n<\/tr>\n<tr>\n<td>Cierre<\/td>\n<td class=\"Table-Subheading-LightGray-Centered_boldtop\" colspan=\"2\">Anillo Partido (12 Compression Bolts for Flat Gasket)<\/td>\n<td class=\"Table-Subheading-DarkGray-Centered_boldtop\" colspan=\"2\">Anillo Partido (8 Compression Bolts for Flat Gasket)<\/td>\n<\/tr>\n<tr>\n<td>Conexiones de V\u00e1lvula<\/td>\n<td class=\"Table-Center\" colspan=\"4\">1\/4\u2033 NPT Hembra<\/td>\n<\/tr>\n<tr>\n<td>Agitador Magn\u00e9tico, Modelo N\u00b0<\/td>\n<td class=\"Table-Center\" colspan=\"4\">A1120HC<\/td>\n<\/tr>\n<tr>\n<td>Torque M\u00e1ximo<\/td>\n<td class=\"Table-Center\" colspan=\"4\">16 pulgadas-libras<\/td>\n<\/tr>\n<tr>\n<td>Impulsor(es), 6-Paletas (4-pala)<\/td>\n<td class=\"Table-Subheading-LightGray-Centered_boldtop\" colspan=\"2\">2 (2&#8243; dia.)<\/td>\n<td class=\"Table-Subheading-DarkGray-Centered_boldtop\" colspan=\"2\">2 (.81\/1.38&#8243; dia.)<\/td>\n<\/tr>\n<tr>\n<td>Motor de Agitador<\/td>\n<td class=\"Table-Subheading-LightGray-Centered_boldtop\" colspan=\"2\">1\/4 hp velocidad variable<\/td>\n<td class=\"Table-Subheading-DarkGray-Centered_boldtop\" colspan=\"2\">1\/8 hp velocidad variable<\/td>\n<\/tr>\n<tr>\n<td>Man\u00f3metro, Tama\u00f1o<\/td>\n<td class=\"Table-Center\" colspan=\"4\">4.5 pulgadas<\/td>\n<\/tr>\n<tr>\n<td>Rango<\/td>\n<td class=\"Table-Center\" colspan=\"4\">0-5000 psi (345 bar)<\/td>\n<\/tr>\n<tr>\n<td>Medici\u00f3n de Temperatura<\/td>\n<td class=\"Table-Center\" colspan=\"4\">Termopozo<\/td>\n<\/tr>\n<tr>\n<td>Serpent\u00edn de Enfriamiento (incluido)<\/td>\n<td class=\"Table-Subheading-LightGray-Centered_boldtop\" colspan=\"2\">Serpent\u00edn<\/td>\n<td class=\"Table-Subheading-DarkGray-Centered_boldtop\" colspan=\"2\">Una Espira<\/td>\n<\/tr>\n<tr>\n<td class=\"Table-Subheading-Yellow\">V\u00e1lvula de Drenaje Inferior\u00a0(BDV)<\/td>\n<td class=\"Table-Center\" colspan=\"4\">1&#8243; NPS (Floor stand supports only)<\/td>\n<\/tr>\n<tr>\n<td class=\"Table-Subheading-Yellow\">Estilo de Calefactor<\/td>\n<td class=\"Table-Center\" colspan=\"4\">Calrod: Cabeza Fija, Cer\u00e1mica: Recipiente M\u00f3vil<\/td>\n<\/tr>\n<tr>\n<td>Potencia del Calefactor, Watts<\/td>\n<td class=\"Table-Subheading-LightGray-Centered_boldtop\" colspan=\"2\">2800<\/td>\n<td class=\"Table-Subheading-DarkGray-Centered_boldtop\">1800<\/td>\n<td class=\"Table-Subheading-DarkGray-Centered_boldtop\">1400<\/td>\n<\/tr>\n<tr>\n<td class=\"Table-Subheading-Yellow\" colspan=\"5\">Suministro El\u00e9ctrico<\/td>\n<\/tr>\n<tr>\n<td>Voltios, AC<\/td>\n<td class=\"Table-Subheading-LightGray-Centered_boldtop\" colspan=\"2\">230<\/td>\n<td class=\"Table-Subheading-DarkGray-Centered_boldtop\" colspan=\"2\">230 \/ 115<\/td>\n<\/tr>\n<tr>\n<td>M\u00e1xima Carga, amps, 115 \/ 230<\/td>\n<td class=\"Table-Subheading-LightGray-Centered_boldtop\" colspan=\"2\">15<\/td>\n<td class=\"Table-Subheading-DarkGray-Centered_boldtop\" colspan=\"2\">9 \/ 15<\/td>\n<\/tr>\n<tr>\n<td class=\"Table-Subheading-Yellow\" colspan=\"5\">Dimensiones del Recipiente*<\/td>\n<\/tr>\n<tr>\n<td>Dia. Interno, pulg. x Alta Presi\u00f3n Dia. Interno, pulg.<\/td>\n<td class=\"Table-Subheading-LightGray-Centered_boldtop\">3.75 x 6.2<\/td>\n<td class=\"Table-Subheading-LightGray-Centered_boldtop\">3.75 x 10.5<\/td>\n<td class=\"Table-Subheading-DarkGray-Centered_boldtop\">2.5 x 6.6<\/td>\n<td class=\"Table-Subheading-DarkGray-Centered_boldtop\">2.5 x 3.2<\/td>\n<\/tr>\n<tr>\n<td>Peso del Recipiente M\u00f3vil, libras<\/td>\n<td class=\"Table-Subheading-LightGray-Centered_boldtop\">83<\/td>\n<td class=\"Table-Subheading-LightGray-Centered_boldtop\">100<\/td>\n<td class=\"Table-Subheading-DarkGray-Centered_boldtop\">44<\/td>\n<td class=\"Table-Subheading-DarkGray-Centered_boldtop\">38<\/td>\n<\/tr>\n<tr>\n<td>Peso del Recipiente Fijo, libras<\/td>\n<td class=\"Table-Subheading-LightGray-Centered_boldtop\">92<\/td>\n<td class=\"Table-Subheading-LightGray-Centered_boldtop\">109<\/td>\n<td class=\"Table-Subheading-DarkGray-Centered_boldtop\">44<\/td>\n<td class=\"Table-Subheading-DarkGray-Centered_boldtop\">38<\/td>\n<\/tr>\n<tr>\n<td>Cylinder Weight, pounds<\/td>\n<td class=\"Table-Subheading-LightGray-Centered_boldtop\">36<\/td>\n<td class=\"Table-Subheading-LightGray-Centered_boldtop\">52<\/td>\n<td class=\"Table-Subheading-DarkGray-Centered_boldtop\">15<\/td>\n<td class=\"Table-Subheading-DarkGray-Centered_boldtop\">9<\/td>\n<\/tr>\n<tr>\n<td class=\"Table-Subheading-Yellow\" colspan=\"5\">Reactor\/Stand Dimensions*<\/td>\n<\/tr>\n<tr>\n<td>M\u00f3vil Ancho x Profundidad,\u00a0pulgadas sin Controlador<\/td>\n<td class=\"Table-Subheading-LightGray-Centered_boldtop\" colspan=\"2\">Carro: 35 x 18 x 50<\/td>\n<td class=\"Table-Subheading-DarkGray-Centered_boldtop\" colspan=\"2\" rowspan=\"2\">Sobre Mesa: 17 x 24 x 42<\/td>\n<\/tr>\n<tr>\n<td>Fijo Ancho x Profundidad,\u00a0pulgadas sin Controlador<\/td>\n<td class=\"Table-Subheading-LightGray-Centered_boldtop\" colspan=\"2\">Soporte de Piso: 20 x 31 x 75<\/td>\n<\/tr>\n<tr>\n<td>M\u00f3vil Peso, libras<\/td>\n<td class=\"Table-Subheading-LightGray-Centered_boldtop\">\u00a0245<\/td>\n<td class=\"Table-Subheading-LightGray-Centered_boldtop\">265<\/td>\n<td class=\"Table-Subheading-DarkGray-Centered_boldtop\">\u00a0125<\/td>\n<td class=\"Table-Subheading-DarkGray-Centered_boldtop\">120<\/td>\n<\/tr>\n<tr>\n<td>Fijo Peso, libras<\/td>\n<td class=\"Table-Subheading-LightGray-Centered_boldtop\">265<\/td>\n<td class=\"Table-Subheading-LightGray-Centered_boldtop\">285<\/td>\n<td class=\"Table-Subheading-DarkGray-Centered_boldtop\">127<\/td>\n<td class=\"Table-Subheading-DarkGray-Centered_boldtop\">122<\/td>\n<\/tr>\n<tr>\n<td class=\"Table-Subheading-Yellow\">Kit de Piezas de Repuesto<\/td>\n<td class=\"Table-Subheading-WhiteBoldTop-Centered\" colspan=\"4\">4579M<\/td>\n<\/tr>\n<tr>\n<td colspan=\"5\">\n<p class=\"Table-Center\"><em>*Weights and dimensions are estimated from the base model.<\/em><br \/>\n<em>Final weights and dimensions will vary based on options selected.<\/em><\/p>\n<\/td>\n<\/tr>\n<tr>\n<td colspan=\"5\">\n<p class=\"Table-Center\"><strong>Otras opciones disponibles. Ver la\u00a0<a href=\"https:\/\/www.parrinst.com\/es\/products\/stirred-reactors\/hp-ht-reactors-series-4570\/rfq\/\"><span class=\"link-underline\">Gu\u00eda de Pedidos<\/span><\/a>\u00a0o llamar para m\u00e1s informaci\u00f3n.<\/strong><\/p>\n<\/td>\n<\/tr>\n<\/tbody>\n<\/table>\n<p>&nbsp;<\/p>\n","protected":false},"excerpt":{"rendered":"<p>Especificaciones de Sistema de Reactor a Presi\u00f3n Serie 4570 La barra sombreada indica las especificaciones que cambian entre las series. Modelo N\u00b0 \u2013 Recipiente M\u00f3vil 4571 4572 4575B 4576B Modelo N\u00b0 \u2013 Cabeza Fija 4577 4578 4575A 4576A Tama\u00f1os\u00a0aproximado, ml 1000 1800 500 250 Presi\u00f3n M\u00e1xima (MAWP) 5000 psi (345 bar) Temperatura M\u00e1xima \u00a0 \u00a0con [&hellip;]<\/p>\n","protected":false},"author":1,"featured_media":36874,"parent":116,"menu_order":2,"comment_status":"closed","ping_status":"closed","template":"product-narrow.php","meta":{"_acf_changed":false,"footnotes":"","_links_to":"","_links_to_target":""},"class_list":["post-884","page","type-page","status-publish","has-post-thumbnail","hentry"],"acf":[],"yoast_head":"<!-- This site is optimized with the Yoast SEO plugin v27.5 - https:\/\/yoast.com\/product\/yoast-seo-wordpress\/ -->\n<title>Especificaciones - Parr Instrument (Espa\u00f1ol)<\/title>\n<meta name=\"robots\" content=\"index, follow, max-snippet:-1, max-image-preview:large, max-video-preview:-1\" \/>\n<link rel=\"canonical\" href=\"https:\/\/www.parrinst.com\/es\/products\/stirred-reactors\/hp-ht-reactors-series-4570\/specifications\/\" \/>\n<meta property=\"og:locale\" content=\"en_US\" \/>\n<meta property=\"og:type\" content=\"article\" \/>\n<meta property=\"og:title\" content=\"Especificaciones - Parr Instrument (Espa\u00f1ol)\" \/>\n<meta property=\"og:description\" content=\"Especificaciones de Sistema de Reactor a Presi\u00f3n Serie 4570 La barra sombreada indica las especificaciones que cambian entre las series. Modelo N\u00b0 \u2013 Recipiente M\u00f3vil 4571 4572 4575B 4576B Modelo N\u00b0 \u2013 Cabeza Fija 4577 4578 4575A 4576A Tama\u00f1os\u00a0aproximado, ml 1000 1800 500 250 Presi\u00f3n M\u00e1xima (MAWP) 5000 psi (345 bar) Temperatura M\u00e1xima \u00a0 \u00a0con [&hellip;]\" \/>\n<meta property=\"og:url\" content=\"https:\/\/www.parrinst.com\/es\/products\/stirred-reactors\/hp-ht-reactors-series-4570\/specifications\/\" \/>\n<meta property=\"og:site_name\" content=\"Parr Instrument (Espa\u00f1ol)\" \/>\n<meta property=\"article:modified_time\" content=\"2019-05-20T15:23:27+00:00\" \/>\n<meta property=\"og:image\" content=\"https:\/\/www.parrinst.com\/es\/files\/2017\/12\/parr_banner_stirred3_secondary.jpg\" \/>\n\t<meta property=\"og:image:width\" content=\"2200\" \/>\n\t<meta property=\"og:image:height\" content=\"399\" \/>\n\t<meta property=\"og:image:type\" content=\"image\/jpeg\" \/>\n<meta name=\"twitter:card\" content=\"summary_large_image\" \/>\n<meta name=\"twitter:label1\" content=\"Est. reading time\" \/>\n\t<meta name=\"twitter:data1\" content=\"1 minute\" \/>\n<script type=\"application\/ld+json\" class=\"yoast-schema-graph\">{\"@context\":\"https:\\\/\\\/schema.org\",\"@graph\":[{\"@type\":\"WebPage\",\"@id\":\"https:\\\/\\\/www.parrinst.com\\\/es\\\/products\\\/stirred-reactors\\\/hp-ht-reactors-series-4570\\\/specifications\\\/\",\"url\":\"https:\\\/\\\/www.parrinst.com\\\/es\\\/products\\\/stirred-reactors\\\/hp-ht-reactors-series-4570\\\/specifications\\\/\",\"name\":\"Especificaciones - Parr Instrument (Espa\u00f1ol)\",\"isPartOf\":{\"@id\":\"https:\\\/\\\/www.parrinst.com\\\/es\\\/#website\"},\"primaryImageOfPage\":{\"@id\":\"https:\\\/\\\/www.parrinst.com\\\/es\\\/products\\\/stirred-reactors\\\/hp-ht-reactors-series-4570\\\/specifications\\\/#primaryimage\"},\"image\":{\"@id\":\"https:\\\/\\\/www.parrinst.com\\\/es\\\/products\\\/stirred-reactors\\\/hp-ht-reactors-series-4570\\\/specifications\\\/#primaryimage\"},\"thumbnailUrl\":\"https:\\\/\\\/i0.wp.com\\\/www.parrinst.com\\\/es\\\/wp-content\\\/uploads\\\/sites\\\/7\\\/2017\\\/12\\\/parr_banner_stirred3_secondary.jpg?fit=2200%2C399&ssl=1\",\"datePublished\":\"2011-05-05T01:22:17+00:00\",\"dateModified\":\"2019-05-20T15:23:27+00:00\",\"breadcrumb\":{\"@id\":\"https:\\\/\\\/www.parrinst.com\\\/es\\\/products\\\/stirred-reactors\\\/hp-ht-reactors-series-4570\\\/specifications\\\/#breadcrumb\"},\"inLanguage\":\"en-US\",\"potentialAction\":[{\"@type\":\"ReadAction\",\"target\":[\"https:\\\/\\\/www.parrinst.com\\\/es\\\/products\\\/stirred-reactors\\\/hp-ht-reactors-series-4570\\\/specifications\\\/\"]}]},{\"@type\":\"ImageObject\",\"inLanguage\":\"en-US\",\"@id\":\"https:\\\/\\\/www.parrinst.com\\\/es\\\/products\\\/stirred-reactors\\\/hp-ht-reactors-series-4570\\\/specifications\\\/#primaryimage\",\"url\":\"https:\\\/\\\/i0.wp.com\\\/www.parrinst.com\\\/es\\\/wp-content\\\/uploads\\\/sites\\\/7\\\/2017\\\/12\\\/parr_banner_stirred3_secondary.jpg?fit=2200%2C399&ssl=1\",\"contentUrl\":\"https:\\\/\\\/i0.wp.com\\\/www.parrinst.com\\\/es\\\/wp-content\\\/uploads\\\/sites\\\/7\\\/2017\\\/12\\\/parr_banner_stirred3_secondary.jpg?fit=2200%2C399&ssl=1\",\"width\":2200,\"height\":399},{\"@type\":\"BreadcrumbList\",\"@id\":\"https:\\\/\\\/www.parrinst.com\\\/es\\\/products\\\/stirred-reactors\\\/hp-ht-reactors-series-4570\\\/specifications\\\/#breadcrumb\",\"itemListElement\":[{\"@type\":\"ListItem\",\"position\":1,\"name\":\"Home\",\"item\":\"https:\\\/\\\/www.parrinst.com\\\/es\\\/\"},{\"@type\":\"ListItem\",\"position\":2,\"name\":\"Products\",\"item\":\"https:\\\/\\\/www.parrinst.com\\\/es\\\/products\\\/\"},{\"@type\":\"ListItem\",\"position\":3,\"name\":\"Reactores Agitados\",\"item\":\"https:\\\/\\\/www.parrinst.com\\\/es\\\/products\\\/stirred-reactors\\\/\"},{\"@type\":\"ListItem\",\"position\":4,\"name\":\"Reactores HP\\\/HT Serie 4570 de 250-1800 ml\",\"item\":\"https:\\\/\\\/www.parrinst.com\\\/es\\\/products\\\/stirred-reactors\\\/hp-ht-reactors-series-4570\\\/\"},{\"@type\":\"ListItem\",\"position\":5,\"name\":\"Especificaciones\"}]},{\"@type\":\"WebSite\",\"@id\":\"https:\\\/\\\/www.parrinst.com\\\/es\\\/#website\",\"url\":\"https:\\\/\\\/www.parrinst.com\\\/es\\\/\",\"name\":\"Parr Instrument (Espa\u00f1ol)\",\"description\":\"\",\"potentialAction\":[{\"@type\":\"SearchAction\",\"target\":{\"@type\":\"EntryPoint\",\"urlTemplate\":\"https:\\\/\\\/www.parrinst.com\\\/es\\\/?s={search_term_string}\"},\"query-input\":{\"@type\":\"PropertyValueSpecification\",\"valueRequired\":true,\"valueName\":\"search_term_string\"}}],\"inLanguage\":\"en-US\"}]}<\/script>\n<!-- \/ Yoast SEO plugin. -->","yoast_head_json":{"title":"Especificaciones - Parr Instrument (Espa\u00f1ol)","robots":{"index":"index","follow":"follow","max-snippet":"max-snippet:-1","max-image-preview":"max-image-preview:large","max-video-preview":"max-video-preview:-1"},"canonical":"https:\/\/www.parrinst.com\/es\/products\/stirred-reactors\/hp-ht-reactors-series-4570\/specifications\/","og_locale":"en_US","og_type":"article","og_title":"Especificaciones - Parr Instrument (Espa\u00f1ol)","og_description":"Especificaciones de Sistema de Reactor a Presi\u00f3n Serie 4570 La barra sombreada indica las especificaciones que cambian entre las series. Modelo N\u00b0 \u2013 Recipiente M\u00f3vil 4571 4572 4575B 4576B Modelo N\u00b0 \u2013 Cabeza Fija 4577 4578 4575A 4576A Tama\u00f1os\u00a0aproximado, ml 1000 1800 500 250 Presi\u00f3n M\u00e1xima (MAWP) 5000 psi (345 bar) Temperatura M\u00e1xima \u00a0 \u00a0con [&hellip;]","og_url":"https:\/\/www.parrinst.com\/es\/products\/stirred-reactors\/hp-ht-reactors-series-4570\/specifications\/","og_site_name":"Parr Instrument (Espa\u00f1ol)","article_modified_time":"2019-05-20T15:23:27+00:00","og_image":[{"width":2200,"height":399,"url":"https:\/\/www.parrinst.com\/es\/files\/2017\/12\/parr_banner_stirred3_secondary.jpg","type":"image\/jpeg"}],"twitter_card":"summary_large_image","twitter_misc":{"Est. reading time":"1 minute"},"schema":{"@context":"https:\/\/schema.org","@graph":[{"@type":"WebPage","@id":"https:\/\/www.parrinst.com\/es\/products\/stirred-reactors\/hp-ht-reactors-series-4570\/specifications\/","url":"https:\/\/www.parrinst.com\/es\/products\/stirred-reactors\/hp-ht-reactors-series-4570\/specifications\/","name":"Especificaciones - Parr Instrument (Espa\u00f1ol)","isPartOf":{"@id":"https:\/\/www.parrinst.com\/es\/#website"},"primaryImageOfPage":{"@id":"https:\/\/www.parrinst.com\/es\/products\/stirred-reactors\/hp-ht-reactors-series-4570\/specifications\/#primaryimage"},"image":{"@id":"https:\/\/www.parrinst.com\/es\/products\/stirred-reactors\/hp-ht-reactors-series-4570\/specifications\/#primaryimage"},"thumbnailUrl":"https:\/\/i0.wp.com\/www.parrinst.com\/es\/wp-content\/uploads\/sites\/7\/2017\/12\/parr_banner_stirred3_secondary.jpg?fit=2200%2C399&ssl=1","datePublished":"2011-05-05T01:22:17+00:00","dateModified":"2019-05-20T15:23:27+00:00","breadcrumb":{"@id":"https:\/\/www.parrinst.com\/es\/products\/stirred-reactors\/hp-ht-reactors-series-4570\/specifications\/#breadcrumb"},"inLanguage":"en-US","potentialAction":[{"@type":"ReadAction","target":["https:\/\/www.parrinst.com\/es\/products\/stirred-reactors\/hp-ht-reactors-series-4570\/specifications\/"]}]},{"@type":"ImageObject","inLanguage":"en-US","@id":"https:\/\/www.parrinst.com\/es\/products\/stirred-reactors\/hp-ht-reactors-series-4570\/specifications\/#primaryimage","url":"https:\/\/i0.wp.com\/www.parrinst.com\/es\/wp-content\/uploads\/sites\/7\/2017\/12\/parr_banner_stirred3_secondary.jpg?fit=2200%2C399&ssl=1","contentUrl":"https:\/\/i0.wp.com\/www.parrinst.com\/es\/wp-content\/uploads\/sites\/7\/2017\/12\/parr_banner_stirred3_secondary.jpg?fit=2200%2C399&ssl=1","width":2200,"height":399},{"@type":"BreadcrumbList","@id":"https:\/\/www.parrinst.com\/es\/products\/stirred-reactors\/hp-ht-reactors-series-4570\/specifications\/#breadcrumb","itemListElement":[{"@type":"ListItem","position":1,"name":"Home","item":"https:\/\/www.parrinst.com\/es\/"},{"@type":"ListItem","position":2,"name":"Products","item":"https:\/\/www.parrinst.com\/es\/products\/"},{"@type":"ListItem","position":3,"name":"Reactores Agitados","item":"https:\/\/www.parrinst.com\/es\/products\/stirred-reactors\/"},{"@type":"ListItem","position":4,"name":"Reactores HP\/HT Serie 4570 de 250-1800 ml","item":"https:\/\/www.parrinst.com\/es\/products\/stirred-reactors\/hp-ht-reactors-series-4570\/"},{"@type":"ListItem","position":5,"name":"Especificaciones"}]},{"@type":"WebSite","@id":"https:\/\/www.parrinst.com\/es\/#website","url":"https:\/\/www.parrinst.com\/es\/","name":"Parr Instrument (Espa\u00f1ol)","description":"","potentialAction":[{"@type":"SearchAction","target":{"@type":"EntryPoint","urlTemplate":"https:\/\/www.parrinst.com\/es\/?s={search_term_string}"},"query-input":{"@type":"PropertyValueSpecification","valueRequired":true,"valueName":"search_term_string"}}],"inLanguage":"en-US"}]}},"jetpack_sharing_enabled":true,"_links":{"self":[{"href":"https:\/\/www.parrinst.com\/es\/wp-json\/wp\/v2\/pages\/884","targetHints":{"allow":["GET"]}}],"collection":[{"href":"https:\/\/www.parrinst.com\/es\/wp-json\/wp\/v2\/pages"}],"about":[{"href":"https:\/\/www.parrinst.com\/es\/wp-json\/wp\/v2\/types\/page"}],"author":[{"embeddable":true,"href":"https:\/\/www.parrinst.com\/es\/wp-json\/wp\/v2\/users\/1"}],"replies":[{"embeddable":true,"href":"https:\/\/www.parrinst.com\/es\/wp-json\/wp\/v2\/comments?post=884"}],"version-history":[{"count":8,"href":"https:\/\/www.parrinst.com\/es\/wp-json\/wp\/v2\/pages\/884\/revisions"}],"predecessor-version":[{"id":39357,"href":"https:\/\/www.parrinst.com\/es\/wp-json\/wp\/v2\/pages\/884\/revisions\/39357"}],"up":[{"embeddable":true,"href":"https:\/\/www.parrinst.com\/es\/wp-json\/wp\/v2\/pages\/116"}],"wp:featuredmedia":[{"embeddable":true,"href":"https:\/\/www.parrinst.com\/es\/wp-json\/wp\/v2\/media\/36874"}],"wp:attachment":[{"href":"https:\/\/www.parrinst.com\/es\/wp-json\/wp\/v2\/media?parent=884"}],"curies":[{"name":"wp","href":"https:\/\/api.w.org\/{rel}","templated":true}]}}