{"id":89,"date":"2011-03-09T20:58:30","date_gmt":"2011-03-10T02:58:30","guid":{"rendered":"https:\/\/www.parrinst.com\/?page_id=89"},"modified":"2018-02-02T16:02:10","modified_gmt":"2018-02-02T22:02:10","slug":"cell-disruption","status":"publish","type":"page","link":"https:\/\/www.parrinst.com\/es\/products\/sample-preparation\/cell-disruption\/","title":{"rendered":"Ruptura Celular"},"content":{"rendered":"<h2>Ruptura Celular por Descompresi\u00f3n de Nitr\u00f3geno<\/h2>\n<figure id=\"attachment_417\" aria-describedby=\"caption-attachment-417\" style=\"width: 256px\" class=\"wp-caption alignright\"><a href=\"https:\/\/i0.wp.com\/www.parrinst.com\/es\/wp-content\/uploads\/sites\/7\/2010\/12\/4636-4639_Cell-w-spout.jpg?ssl=1\"><img data-recalc-dims=\"1\" loading=\"lazy\" decoding=\"async\" class=\"wp-image-417 size-medium\" src=\"https:\/\/i0.wp.com\/www.parrinst.com\/es\/wp-content\/uploads\/sites\/7\/2010\/12\/4636-4639_Cell-w-spout.jpg?resize=256%2C300&#038;ssl=1\" alt=\"4635 &amp; 4639 Cell Disruption Vessels\" width=\"256\" height=\"300\" srcset=\"https:\/\/i0.wp.com\/www.parrinst.com\/es\/wp-content\/uploads\/sites\/7\/2010\/12\/4636-4639_Cell-w-spout.jpg?resize=256%2C300&amp;ssl=1 256w, https:\/\/i0.wp.com\/www.parrinst.com\/es\/wp-content\/uploads\/sites\/7\/2010\/12\/4636-4639_Cell-w-spout.jpg?resize=128%2C150&amp;ssl=1 128w, https:\/\/i0.wp.com\/www.parrinst.com\/es\/wp-content\/uploads\/sites\/7\/2010\/12\/4636-4639_Cell-w-spout.jpg?w=600&amp;ssl=1 600w\" sizes=\"auto, (max-width: 256px) 100vw, 256px\" \/><\/a><figcaption id=\"caption-attachment-417\" class=\"wp-caption-text\">4635 &amp; 4639 Cell Disruption Vessels<\/figcaption><\/figure>\n<p>Una manera r\u00e1pida y eficaz para:<\/p>\n<ul>\n<li>Homogeneizar las c\u00e9lulas y tejidos<\/li>\n<li>Soltar los organelos intactos<\/li>\n<li>Preparar las membranas celulares<\/li>\n<li>Liberaci\u00f3n de bioqu\u00edmicos l\u00e1biles<\/li>\n<li>Producir homogeneizados uniformes y repetibles sin someter la muestra a agentes qu\u00edmicos extremos o estr\u00e9s f\u00edsico.<\/li>\n<\/ul>\n<h3>C\u00f3mo funciona<\/h3>\n<p>El principio del m\u00e9todo es bastante simple. Grandes cantidades de nitr\u00f3geno se disuelven primero en la c\u00e9lula a alta presi\u00f3n dentro de un recipiente de presi\u00f3n adecuado. Entonces, cuando la presi\u00f3n del gas se libera de repente, el nitr\u00f3geno sale de la soluci\u00f3n como burbujas en expansi\u00f3n que extienden las membranas de cada c\u00e9lula hasta que se rompen y liberan el contenido de la c\u00e9lula.<\/p>\n<h3>Recipientes de Ruptura Celular Parr<\/h3>\n<p>Los recipientes de acero inoxidable Parr para procesamiento de c\u00e9lulas en suspensi\u00f3n por el m\u00e9todo de descompresi\u00f3n de nitr\u00f3geno se fabrican en varios tama\u00f1os con cabezas de apertura completa y cierres de auto sellado que se pueden manejar f\u00e1cilmente en cualquier mesa de laboratorio sin necesidad de herramientas o accesorios especiales. Cada recipiente tiene dos v\u00e1lvulas y un man\u00f3metro: una v\u00e1lvula para cargar nitr\u00f3geno y otra para retirar el homogeneizado y descargarlo por un tubo de entrega adjunto. Todos los accesorios, y el recipiente son de acero inoxidable con superficies pulidas para buena resistencia a la corrosi\u00f3n y ausencia de contaminaci\u00f3n. Las partes individuales se limpian f\u00e1cilmente y se pueden esterilizar completamente.<\/p>\n","protected":false},"excerpt":{"rendered":"<p>Ruptura Celular por Descompresi\u00f3n de Nitr\u00f3geno Una manera r\u00e1pida y eficaz para: Homogeneizar las c\u00e9lulas y tejidos Soltar los organelos intactos Preparar las membranas celulares Liberaci\u00f3n de bioqu\u00edmicos l\u00e1biles Producir homogeneizados uniformes y repetibles sin someter la muestra a agentes qu\u00edmicos extremos o estr\u00e9s f\u00edsico. C\u00f3mo funciona El principio del m\u00e9todo es bastante simple. Grandes [&hellip;]<\/p>\n","protected":false},"author":1,"featured_media":37722,"parent":85,"menu_order":1,"comment_status":"closed","ping_status":"closed","template":"general-tabs.php","meta":{"_acf_changed":false,"footnotes":"","_links_to":"","_links_to_target":""},"class_list":["post-89","page","type-page","status-publish","has-post-thumbnail","hentry"],"acf":[],"yoast_head":"<!-- This site is optimized with the Yoast SEO plugin v27.5 - https:\/\/yoast.com\/product\/yoast-seo-wordpress\/ -->\n<title>Ruptura Celular - Parr Instrument (Espa\u00f1ol)<\/title>\n<meta name=\"robots\" content=\"index, follow, max-snippet:-1, max-image-preview:large, max-video-preview:-1\" \/>\n<link rel=\"canonical\" href=\"https:\/\/www.parrinst.com\/es\/products\/sample-preparation\/cell-disruption\/\" \/>\n<meta property=\"og:locale\" content=\"en_US\" \/>\n<meta property=\"og:type\" content=\"article\" \/>\n<meta property=\"og:title\" content=\"Ruptura Celular - Parr Instrument (Espa\u00f1ol)\" \/>\n<meta property=\"og:description\" content=\"Ruptura Celular por Descompresi\u00f3n de Nitr\u00f3geno Una manera r\u00e1pida y eficaz para: Homogeneizar las c\u00e9lulas y tejidos Soltar los organelos intactos Preparar las membranas celulares Liberaci\u00f3n de bioqu\u00edmicos l\u00e1biles Producir homogeneizados uniformes y repetibles sin someter la muestra a agentes qu\u00edmicos extremos o estr\u00e9s f\u00edsico. C\u00f3mo funciona El principio del m\u00e9todo es bastante simple. Grandes [&hellip;]\" \/>\n<meta property=\"og:url\" content=\"https:\/\/www.parrinst.com\/es\/products\/sample-preparation\/cell-disruption\/\" \/>\n<meta property=\"og:site_name\" content=\"Parr Instrument (Espa\u00f1ol)\" \/>\n<meta property=\"article:modified_time\" content=\"2018-02-02T22:02:10+00:00\" \/>\n<meta property=\"og:image\" content=\"https:\/\/www.parrinst.com\/es\/files\/2018\/01\/parr_banner_sample-prep_secondary-1.jpg\" \/>\n\t<meta property=\"og:image:width\" content=\"2200\" \/>\n\t<meta property=\"og:image:height\" content=\"399\" \/>\n\t<meta property=\"og:image:type\" content=\"image\/jpeg\" \/>\n<meta name=\"twitter:card\" content=\"summary_large_image\" \/>\n<meta name=\"twitter:label1\" content=\"Est. reading time\" \/>\n\t<meta name=\"twitter:data1\" content=\"1 minute\" \/>\n<script type=\"application\/ld+json\" class=\"yoast-schema-graph\">{\"@context\":\"https:\\\/\\\/schema.org\",\"@graph\":[{\"@type\":\"WebPage\",\"@id\":\"https:\\\/\\\/www.parrinst.com\\\/es\\\/products\\\/sample-preparation\\\/cell-disruption\\\/\",\"url\":\"https:\\\/\\\/www.parrinst.com\\\/es\\\/products\\\/sample-preparation\\\/cell-disruption\\\/\",\"name\":\"Ruptura Celular - Parr Instrument (Espa\u00f1ol)\",\"isPartOf\":{\"@id\":\"https:\\\/\\\/www.parrinst.com\\\/es\\\/#website\"},\"primaryImageOfPage\":{\"@id\":\"https:\\\/\\\/www.parrinst.com\\\/es\\\/products\\\/sample-preparation\\\/cell-disruption\\\/#primaryimage\"},\"image\":{\"@id\":\"https:\\\/\\\/www.parrinst.com\\\/es\\\/products\\\/sample-preparation\\\/cell-disruption\\\/#primaryimage\"},\"thumbnailUrl\":\"https:\\\/\\\/i0.wp.com\\\/www.parrinst.com\\\/es\\\/wp-content\\\/uploads\\\/sites\\\/7\\\/2018\\\/01\\\/parr_banner_sample-prep_secondary-1.jpg?fit=2200%2C399&ssl=1\",\"datePublished\":\"2011-03-10T02:58:30+00:00\",\"dateModified\":\"2018-02-02T22:02:10+00:00\",\"breadcrumb\":{\"@id\":\"https:\\\/\\\/www.parrinst.com\\\/es\\\/products\\\/sample-preparation\\\/cell-disruption\\\/#breadcrumb\"},\"inLanguage\":\"en-US\",\"potentialAction\":[{\"@type\":\"ReadAction\",\"target\":[\"https:\\\/\\\/www.parrinst.com\\\/es\\\/products\\\/sample-preparation\\\/cell-disruption\\\/\"]}]},{\"@type\":\"ImageObject\",\"inLanguage\":\"en-US\",\"@id\":\"https:\\\/\\\/www.parrinst.com\\\/es\\\/products\\\/sample-preparation\\\/cell-disruption\\\/#primaryimage\",\"url\":\"https:\\\/\\\/i0.wp.com\\\/www.parrinst.com\\\/es\\\/wp-content\\\/uploads\\\/sites\\\/7\\\/2018\\\/01\\\/parr_banner_sample-prep_secondary-1.jpg?fit=2200%2C399&ssl=1\",\"contentUrl\":\"https:\\\/\\\/i0.wp.com\\\/www.parrinst.com\\\/es\\\/wp-content\\\/uploads\\\/sites\\\/7\\\/2018\\\/01\\\/parr_banner_sample-prep_secondary-1.jpg?fit=2200%2C399&ssl=1\",\"width\":2200,\"height\":399},{\"@type\":\"BreadcrumbList\",\"@id\":\"https:\\\/\\\/www.parrinst.com\\\/es\\\/products\\\/sample-preparation\\\/cell-disruption\\\/#breadcrumb\",\"itemListElement\":[{\"@type\":\"ListItem\",\"position\":1,\"name\":\"Home\",\"item\":\"https:\\\/\\\/www.parrinst.com\\\/es\\\/\"},{\"@type\":\"ListItem\",\"position\":2,\"name\":\"Products\",\"item\":\"https:\\\/\\\/www.parrinst.com\\\/es\\\/products\\\/\"},{\"@type\":\"ListItem\",\"position\":3,\"name\":\"Preparaci\u00f3n de Muestras\",\"item\":\"https:\\\/\\\/www.parrinst.com\\\/es\\\/products\\\/sample-preparation\\\/\"},{\"@type\":\"ListItem\",\"position\":4,\"name\":\"Ruptura Celular\"}]},{\"@type\":\"WebSite\",\"@id\":\"https:\\\/\\\/www.parrinst.com\\\/es\\\/#website\",\"url\":\"https:\\\/\\\/www.parrinst.com\\\/es\\\/\",\"name\":\"Parr Instrument (Espa\u00f1ol)\",\"description\":\"\",\"potentialAction\":[{\"@type\":\"SearchAction\",\"target\":{\"@type\":\"EntryPoint\",\"urlTemplate\":\"https:\\\/\\\/www.parrinst.com\\\/es\\\/?s={search_term_string}\"},\"query-input\":{\"@type\":\"PropertyValueSpecification\",\"valueRequired\":true,\"valueName\":\"search_term_string\"}}],\"inLanguage\":\"en-US\"}]}<\/script>\n<!-- \/ Yoast SEO plugin. -->","yoast_head_json":{"title":"Ruptura Celular - Parr Instrument (Espa\u00f1ol)","robots":{"index":"index","follow":"follow","max-snippet":"max-snippet:-1","max-image-preview":"max-image-preview:large","max-video-preview":"max-video-preview:-1"},"canonical":"https:\/\/www.parrinst.com\/es\/products\/sample-preparation\/cell-disruption\/","og_locale":"en_US","og_type":"article","og_title":"Ruptura Celular - Parr Instrument (Espa\u00f1ol)","og_description":"Ruptura Celular por Descompresi\u00f3n de Nitr\u00f3geno Una manera r\u00e1pida y eficaz para: Homogeneizar las c\u00e9lulas y tejidos Soltar los organelos intactos Preparar las membranas celulares Liberaci\u00f3n de bioqu\u00edmicos l\u00e1biles Producir homogeneizados uniformes y repetibles sin someter la muestra a agentes qu\u00edmicos extremos o estr\u00e9s f\u00edsico. C\u00f3mo funciona El principio del m\u00e9todo es bastante simple. Grandes [&hellip;]","og_url":"https:\/\/www.parrinst.com\/es\/products\/sample-preparation\/cell-disruption\/","og_site_name":"Parr Instrument (Espa\u00f1ol)","article_modified_time":"2018-02-02T22:02:10+00:00","og_image":[{"width":2200,"height":399,"url":"https:\/\/www.parrinst.com\/es\/files\/2018\/01\/parr_banner_sample-prep_secondary-1.jpg","type":"image\/jpeg"}],"twitter_card":"summary_large_image","twitter_misc":{"Est. reading time":"1 minute"},"schema":{"@context":"https:\/\/schema.org","@graph":[{"@type":"WebPage","@id":"https:\/\/www.parrinst.com\/es\/products\/sample-preparation\/cell-disruption\/","url":"https:\/\/www.parrinst.com\/es\/products\/sample-preparation\/cell-disruption\/","name":"Ruptura Celular - Parr Instrument (Espa\u00f1ol)","isPartOf":{"@id":"https:\/\/www.parrinst.com\/es\/#website"},"primaryImageOfPage":{"@id":"https:\/\/www.parrinst.com\/es\/products\/sample-preparation\/cell-disruption\/#primaryimage"},"image":{"@id":"https:\/\/www.parrinst.com\/es\/products\/sample-preparation\/cell-disruption\/#primaryimage"},"thumbnailUrl":"https:\/\/i0.wp.com\/www.parrinst.com\/es\/wp-content\/uploads\/sites\/7\/2018\/01\/parr_banner_sample-prep_secondary-1.jpg?fit=2200%2C399&ssl=1","datePublished":"2011-03-10T02:58:30+00:00","dateModified":"2018-02-02T22:02:10+00:00","breadcrumb":{"@id":"https:\/\/www.parrinst.com\/es\/products\/sample-preparation\/cell-disruption\/#breadcrumb"},"inLanguage":"en-US","potentialAction":[{"@type":"ReadAction","target":["https:\/\/www.parrinst.com\/es\/products\/sample-preparation\/cell-disruption\/"]}]},{"@type":"ImageObject","inLanguage":"en-US","@id":"https:\/\/www.parrinst.com\/es\/products\/sample-preparation\/cell-disruption\/#primaryimage","url":"https:\/\/i0.wp.com\/www.parrinst.com\/es\/wp-content\/uploads\/sites\/7\/2018\/01\/parr_banner_sample-prep_secondary-1.jpg?fit=2200%2C399&ssl=1","contentUrl":"https:\/\/i0.wp.com\/www.parrinst.com\/es\/wp-content\/uploads\/sites\/7\/2018\/01\/parr_banner_sample-prep_secondary-1.jpg?fit=2200%2C399&ssl=1","width":2200,"height":399},{"@type":"BreadcrumbList","@id":"https:\/\/www.parrinst.com\/es\/products\/sample-preparation\/cell-disruption\/#breadcrumb","itemListElement":[{"@type":"ListItem","position":1,"name":"Home","item":"https:\/\/www.parrinst.com\/es\/"},{"@type":"ListItem","position":2,"name":"Products","item":"https:\/\/www.parrinst.com\/es\/products\/"},{"@type":"ListItem","position":3,"name":"Preparaci\u00f3n de Muestras","item":"https:\/\/www.parrinst.com\/es\/products\/sample-preparation\/"},{"@type":"ListItem","position":4,"name":"Ruptura Celular"}]},{"@type":"WebSite","@id":"https:\/\/www.parrinst.com\/es\/#website","url":"https:\/\/www.parrinst.com\/es\/","name":"Parr Instrument (Espa\u00f1ol)","description":"","potentialAction":[{"@type":"SearchAction","target":{"@type":"EntryPoint","urlTemplate":"https:\/\/www.parrinst.com\/es\/?s={search_term_string}"},"query-input":{"@type":"PropertyValueSpecification","valueRequired":true,"valueName":"search_term_string"}}],"inLanguage":"en-US"}]}},"jetpack_sharing_enabled":true,"_links":{"self":[{"href":"https:\/\/www.parrinst.com\/es\/wp-json\/wp\/v2\/pages\/89","targetHints":{"allow":["GET"]}}],"collection":[{"href":"https:\/\/www.parrinst.com\/es\/wp-json\/wp\/v2\/pages"}],"about":[{"href":"https:\/\/www.parrinst.com\/es\/wp-json\/wp\/v2\/types\/page"}],"author":[{"embeddable":true,"href":"https:\/\/www.parrinst.com\/es\/wp-json\/wp\/v2\/users\/1"}],"replies":[{"embeddable":true,"href":"https:\/\/www.parrinst.com\/es\/wp-json\/wp\/v2\/comments?post=89"}],"version-history":[{"count":1,"href":"https:\/\/www.parrinst.com\/es\/wp-json\/wp\/v2\/pages\/89\/revisions"}],"predecessor-version":[{"id":37910,"href":"https:\/\/www.parrinst.com\/es\/wp-json\/wp\/v2\/pages\/89\/revisions\/37910"}],"up":[{"embeddable":true,"href":"https:\/\/www.parrinst.com\/es\/wp-json\/wp\/v2\/pages\/85"}],"wp:featuredmedia":[{"embeddable":true,"href":"https:\/\/www.parrinst.com\/es\/wp-json\/wp\/v2\/media\/37722"}],"wp:attachment":[{"href":"https:\/\/www.parrinst.com\/es\/wp-json\/wp\/v2\/media?parent=89"}],"curies":[{"name":"wp","href":"https:\/\/api.w.org\/{rel}","templated":true}]}}